{"id":4673,"date":"2026-02-23T13:36:52","date_gmt":"2026-02-23T13:36:52","guid":{"rendered":"https:\/\/settlers.hu\/adatkezelesi-tajekoztato-hirlevel-feliratkozashoz\/"},"modified":"2026-02-23T14:26:04","modified_gmt":"2026-02-23T14:26:04","slug":"adatkezelesi-tajekoztato-hirlevel-feliratkozashoz","status":"publish","type":"page","link":"https:\/\/settlers.hu\/hu\/adatkezelesi-tajekoztato-hirlevel-feliratkozashoz\/","title":{"rendered":"Adatkezel\u00e9si t\u00e1j\u00e9koztat\u00f3 h\u00edrlev\u00e9l feliratkoz\u00e1shoz"},"content":{"rendered":"\t\t<div data-elementor-type=\"wp-page\" data-elementor-id=\"4673\" class=\"elementor elementor-4673 elementor-4668\" data-elementor-post-type=\"page\">\n\t\t\t\t<div class=\"elementor-element elementor-element-cfb23c4 e-flex e-con-boxed e-con e-parent\" data-id=\"cfb23c4\" data-element_type=\"container\" data-e-type=\"container\">\n\t\t\t\t\t<div class=\"e-con-inner\">\n\t\t\t\t<div class=\"elementor-element elementor-element-2aaa92b elementor-widget elementor-widget-text-editor\" data-id=\"2aaa92b\" data-element_type=\"widget\" data-e-type=\"widget\" data-widget_type=\"text-editor.default\">\n\t\t\t\t<div class=\"elementor-widget-container\">\n\t\t\t\t\t\t\t\t\t<div class=\"Y3BBE\" data-sfc-cp=\"\" data-hveid=\"CAEIBBAA\" data-complete=\"true\" data-processed=\"true\"><strong class=\"Yjhzub\" data-complete=\"true\" data-processed=\"true\">1. Az adatkezel\u0151 adatai<\/strong><\/div><ul class=\"KsbFXc U6u95\" data-complete=\"true\" data-processed=\"true\"><li data-hveid=\"CAEIBRAA\" data-complete=\"true\" data-sae=\"\"><span class=\"T286Pc\" data-sfc-cp=\"\" data-complete=\"true\"><strong class=\"Yjhzub\" data-complete=\"true\">Adatkezel\u0151:<\/strong> Settlers Relocation Kft.<\/span><\/li><li data-hveid=\"CAEIBRAB\" data-complete=\"true\" data-sae=\"\"><span class=\"T286Pc\" data-sfc-cp=\"\" data-complete=\"true\"><strong class=\"Yjhzub\" data-complete=\"true\">Sz\u00e9khely:<\/strong> 1027 Budapest, Sz\u00e1sz K\u00e1roly utca 2-4. FSZT <\/span><\/li><li data-hveid=\"CAEIBRAC\" data-complete=\"true\" data-sae=\"\"><span class=\"T286Pc\" data-sfc-cp=\"\" data-complete=\"true\"><strong class=\"Yjhzub\" data-complete=\"true\">C\u00e9gjegyz\u00e9ksz\u00e1m:<\/strong> 01-09-568218<\/span><\/li><li data-hveid=\"CAEIBRAD\" data-complete=\"true\" data-sae=\"\"><span class=\"T286Pc\" data-sfc-cp=\"\" data-complete=\"true\"><strong class=\"Yjhzub\" data-complete=\"true\">E-mail:<\/strong> info@settlers.hu<\/span><\/li><li data-hveid=\"CAEIBRAE\" data-complete=\"true\" data-sae=\"\"><span class=\"T286Pc\" data-sfc-cp=\"\" data-complete=\"true\"><strong class=\"Yjhzub\" data-complete=\"true\">Honlap:<\/strong> settlers.hu<\/span><\/li><\/ul>\t\t\t\t\t\t\t\t<\/div>\n\t\t\t\t<\/div>\n\t\t\t\t\t<\/div>\n\t\t\t\t<\/div>\n\t\t<div class=\"elementor-element elementor-element-25486ec e-flex e-con-boxed e-con e-parent\" data-id=\"25486ec\" data-element_type=\"container\" data-e-type=\"container\">\n\t\t\t\t\t<div class=\"e-con-inner\">\n\t\t\t\t<div class=\"elementor-element elementor-element-2f59392 elementor-widget elementor-widget-text-editor\" data-id=\"2f59392\" data-element_type=\"widget\" data-e-type=\"widget\" data-widget_type=\"text-editor.default\">\n\t\t\t\t<div class=\"elementor-widget-container\">\n\t\t\t\t\t\t\t\t\t<p><strong class=\"Yjhzub\" data-complete=\"true\" data-processed=\"true\">2. Az adatkezel\u00e9s c\u00e9lja<\/strong><br>Szakmai t\u00e1j\u00e9koztat\u00f3 anyagok \u00e9s h\u00edrlevelek k\u00fcld\u00e9se a k\u00fclf\u00f6ldiek magyarorsz\u00e1gi tart\u00f3zkod\u00e1s\u00e1val \u00e9s munkav\u00e1llal\u00e1s\u00e1val kapcsolatos t\u00e9m\u00e1kban.<br><\/p>\t\t\t\t\t\t\t\t<\/div>\n\t\t\t\t<\/div>\n\t\t\t\t\t<\/div>\n\t\t\t\t<\/div>\n\t\t<div class=\"elementor-element elementor-element-5a88183 e-flex e-con-boxed e-con e-parent\" data-id=\"5a88183\" data-element_type=\"container\" data-e-type=\"container\">\n\t\t\t\t\t<div class=\"e-con-inner\">\n\t\t\t\t<div class=\"elementor-element elementor-element-09b4d0c elementor-widget elementor-widget-text-editor\" data-id=\"09b4d0c\" data-element_type=\"widget\" data-e-type=\"widget\" data-widget_type=\"text-editor.default\">\n\t\t\t\t<div class=\"elementor-widget-container\">\n\t\t\t\t\t\t\t\t\t<p><strong class=\"Yjhzub\" data-complete=\"true\" data-processed=\"true\">3. A kezelt adatok k\u00f6re<\/strong><br>E-mail c\u00edm.<\/p>\t\t\t\t\t\t\t\t<\/div>\n\t\t\t\t<\/div>\n\t\t\t\t\t<\/div>\n\t\t\t\t<\/div>\n\t\t<div class=\"elementor-element elementor-element-2a076bc e-flex e-con-boxed e-con e-parent\" data-id=\"2a076bc\" data-element_type=\"container\" data-e-type=\"container\">\n\t\t\t\t\t<div class=\"e-con-inner\">\n\t\t\t\t<div class=\"elementor-element elementor-element-28effa3 elementor-widget elementor-widget-text-editor\" data-id=\"28effa3\" data-element_type=\"widget\" data-e-type=\"widget\" data-widget_type=\"text-editor.default\">\n\t\t\t\t<div class=\"elementor-widget-container\">\n\t\t\t\t\t\t\t\t\t<p><strong class=\"Yjhzub\" data-complete=\"true\" data-processed=\"true\">4. Az adatkezel\u00e9s jogalapja<\/strong><br>Az \u00e9rintett \u00f6nk\u00e9ntes hozz\u00e1j\u00e1rul\u00e1sa a <span class=\"T286Pc\" data-sfc-cp=\"\" data-complete=\"true\" data-processed=\"true\">GDPR 6. cikk (1)<\/span> bekezd\u00e9s a) pontja, valamint a Grtt. 6. \u00a7 (1) bekezd\u00e9se alapj\u00e1n.<\/p>\t\t\t\t\t\t\t\t<\/div>\n\t\t\t\t<\/div>\n\t\t\t\t\t<\/div>\n\t\t\t\t<\/div>\n\t\t<div class=\"elementor-element elementor-element-39c41ab e-flex e-con-boxed e-con e-parent\" data-id=\"39c41ab\" data-element_type=\"container\" data-e-type=\"container\">\n\t\t\t\t\t<div class=\"e-con-inner\">\n\t\t\t\t<div class=\"elementor-element elementor-element-c6c9af1 elementor-widget elementor-widget-text-editor\" data-id=\"c6c9af1\" data-element_type=\"widget\" data-e-type=\"widget\" data-widget_type=\"text-editor.default\">\n\t\t\t\t<div class=\"elementor-widget-container\">\n\t\t\t\t\t\t\t\t\t<p><strong class=\"Yjhzub\" data-complete=\"true\" data-processed=\"true\">5. Az adatkezel\u00e9s id\u0151tartama<\/strong><br>Az e-mail-c\u00edmet a hozz\u00e1j\u00e1rul\u00e1s visszavon\u00e1s\u00e1ig (leiratkoz\u00e1sig) kezelj\u00fck. A hozz\u00e1j\u00e1rul\u00e1s b\u00e1rmikor, ingyenesen \u00e9s indokol\u00e1s n\u00e9lk\u00fcl visszavonhat\u00f3. <\/p>\t\t\t\t\t\t\t\t<\/div>\n\t\t\t\t<\/div>\n\t\t\t\t<div class=\"elementor-element elementor-element-6e3fb24 elementor-widget elementor-widget-text-editor\" data-id=\"6e3fb24\" data-element_type=\"widget\" data-e-type=\"widget\" data-widget_type=\"text-editor.default\">\n\t\t\t\t<div class=\"elementor-widget-container\">\n\t\t\t\t\t\t\t\t\t<div class=\"Y3BBE\" data-sfc-cp=\"\" data-hveid=\"CAEIChAA\" data-complete=\"true\" data-processed=\"true\"><strong class=\"Yjhzub\" data-complete=\"true\" data-processed=\"true\">6. Adatfeldolgoz\u00f3 adatai<\/strong><br>A technikai lebonyol\u00edt\u00e1shoz a <span data-sfc-cp=\"\" data-wiz-uids=\"TBHbge_23\" data-complete=\"true\" data-processed=\"true\"><a class=\"H23r4e\" href=\"https:\/\/www.listamester.hu\/adatkezelesi-tajekoztato\" target=\"_blank\" rel=\"noopener\" data-hveid=\"CAEIChAB\" data-sb=\"\/url?sa=i&amp;source=web&amp;rct=j&amp;url=https:\/\/www.listamester.hu\/adatkezelesi-tajekoztato&amp;ved=2ahUKEwiE4ryq1O-SAxV6gv0HHRVmE4YQy_kOegYIAQgKEAE&amp;opi=89978449&amp;cd&amp;psig=AOvVaw1B_n384mX2oqNpzXwXa0su&amp;ust=1771937666138000\" data-processed=\"true\">ListaMester<\/a><\/span> szolg\u00e1ltat\u00e1st vessz\u00fck ig\u00e9nybe.<\/div><ul class=\"KsbFXc U6u95\" data-complete=\"true\" data-processed=\"true\"><li data-hveid=\"CAEICxAA\" data-complete=\"true\" data-sae=\"\"><span class=\"T286Pc\" data-sfc-cp=\"\" data-complete=\"true\"><strong class=\"Yjhzub\" data-complete=\"true\">N\u00e9v:<\/strong> Bithusz\u00e1rok Sz\u00e1m\u00edt\u00e1stechnikai Szolg\u00e1ltat\u00f3 Kft.<\/span><\/li><li data-hveid=\"CAEICxAB\" data-complete=\"true\" data-sae=\"\"><span class=\"T286Pc\" data-sfc-cp=\"\" data-complete=\"true\"><strong class=\"Yjhzub\" data-complete=\"true\">Sz\u00e9khely:<\/strong> 2051 Biatorb\u00e1gy, Felh\u0151 u. 10. <\/span><\/li><li data-hveid=\"CAEICxAC\" data-complete=\"true\" data-sae=\"\"><span class=\"T286Pc\" data-sfc-cp=\"\" data-complete=\"true\"><strong class=\"Yjhzub\" data-complete=\"true\">Feladata:<\/strong> Providing newsletter software and data storage.<\/span><\/li><\/ul>\t\t\t\t\t\t\t\t<\/div>\n\t\t\t\t<\/div>\n\t\t\t\t<div class=\"elementor-element elementor-element-a65594f elementor-widget elementor-widget-text-editor\" data-id=\"a65594f\" data-element_type=\"widget\" data-e-type=\"widget\" data-widget_type=\"text-editor.default\">\n\t\t\t\t<div class=\"elementor-widget-container\">\n\t\t\t\t\t\t\t\t\t<p><strong class=\"Yjhzub\" data-complete=\"true\" data-processed=\"true\">7. Az \u00e9rintett jogai<\/strong><br>Jogosult t\u00e1j\u00e9koztat\u00e1st, hozz\u00e1f\u00e9r\u00e9st, helyesb\u00edt\u00e9st vagy t\u00f6rl\u00e9st k\u00e9rni, valamint tiltakozhat az adatkezel\u00e9s ellen vagy k\u00e9rheti annak korl\u00e1toz\u00e1s\u00e1t. <\/p>\t\t\t\t\t\t\t\t<\/div>\n\t\t\t\t<\/div>\n\t\t\t\t<div class=\"elementor-element elementor-element-785ba77 elementor-widget elementor-widget-text-editor\" data-id=\"785ba77\" data-element_type=\"widget\" data-e-type=\"widget\" data-widget_type=\"text-editor.default\">\n\t\t\t\t<div class=\"elementor-widget-container\">\n\t\t\t\t\t\t\t\t\t<div class=\"Y3BBE\" data-sfc-cp=\"\" data-hveid=\"CAEIDRAA\" data-complete=\"true\" data-processed=\"true\"><strong class=\"Yjhzub\" data-complete=\"true\" data-processed=\"true\">8. Jogorvoslat<\/strong><\/div><ul class=\"KsbFXc U6u95\" data-processed=\"true\" data-complete=\"true\"><li data-hveid=\"CAEIDhAA\" data-complete=\"true\" data-sae=\"\"><span class=\"T286Pc\" data-sfc-cp=\"\" data-complete=\"true\"><strong class=\"Yjhzub\" data-complete=\"true\">Panasz:<\/strong> Nemzeti Adatv\u00e9delmi \u00e9s Inform\u00e1ci\u00f3szabads\u00e1g Hat\u00f3s\u00e1g (NAIH) \u2013 1055 Budapest, Falk Miksa utca 9-11.<\/span><\/li><li data-hveid=\"CAEIDhAB\" data-sae=\"\" data-complete=\"true\"><span class=\"T286Pc\" data-sfc-cp=\"\" data-complete=\"true\"><strong class=\"Yjhzub\" data-complete=\"true\">B\u00edr\u00f3s\u00e1g:<\/strong> Jogainak megs\u00e9rt\u00e9se eset\u00e9n az \u00e9rintett a lak\u00f3helye vagy tart\u00f3zkod\u00e1si helye szerint illet\u00e9kes t\u00f6rv\u00e9nysz\u00e9khez fordulhat.<\/span><\/li><\/ul>\t\t\t\t\t\t\t\t<\/div>\n\t\t\t\t<\/div>\n\t\t\t\t<div class=\"elementor-element elementor-element-f0aadc6 elementor-widget elementor-widget-text-editor\" data-id=\"f0aadc6\" data-element_type=\"widget\" data-e-type=\"widget\" data-widget_type=\"text-editor.default\">\n\t\t\t\t<div class=\"elementor-widget-container\">\n\t\t\t\t\t\t\t\t\t<p><strong class=\"Yjhzub\" data-complete=\"true\" data-processed=\"true\">9. Leiratkoz\u00e1s m\u00f3dja<\/strong><br>A h\u00edrlevelek alj\u00e1n tal\u00e1lhat\u00f3 leiratkoz\u00f3 linkre kattintva, vagy e-mailben: leiratkozas@settlers.hu.<\/p>\t\t\t\t\t\t\t\t<\/div>\n\t\t\t\t<\/div>\n\t\t\t\t\t<\/div>\n\t\t\t\t<\/div>\n\t\t\t\t<\/div>\n\t\t","protected":false},"excerpt":{"rendered":"<p>1. Az adatkezel\u0151 adatai Adatkezel\u0151: Settlers Relocation Kft. Sz\u00e9khely: 1027 Budapest, Sz\u00e1sz K\u00e1roly utca 2-4. FSZT C\u00e9gjegyz\u00e9ksz\u00e1m: 01-09-568218 E-mail: info@settlers.hu Honlap: settlers.hu 2. Az adatkezel\u00e9s c\u00e9ljaSzakmai t\u00e1j\u00e9koztat\u00f3 anyagok \u00e9s h\u00edrlevelek k\u00fcld\u00e9se a k\u00fclf\u00f6ldiek magyarorsz\u00e1gi tart\u00f3zkod\u00e1s\u00e1val \u00e9s munkav\u00e1llal\u00e1s\u00e1val kapcsolatos t\u00e9m\u00e1kban. 3. A kezelt adatok k\u00f6reE-mail c\u00edm. 4. Az adatkezel\u00e9s jogalapjaAz \u00e9rintett \u00f6nk\u00e9ntes hozz\u00e1j\u00e1rul\u00e1sa a GDPR 6. [&hellip;]<\/p>\n","protected":false},"author":4,"featured_media":0,"parent":0,"menu_order":0,"comment_status":"closed","ping_status":"closed","template":"","meta":{"footnotes":""},"class_list":["post-4673","page","type-page","status-publish","hentry"],"_links":{"self":[{"href":"https:\/\/settlers.hu\/hu\/wp-json\/wp\/v2\/pages\/4673","targetHints":{"allow":["GET"]}}],"collection":[{"href":"https:\/\/settlers.hu\/hu\/wp-json\/wp\/v2\/pages"}],"about":[{"href":"https:\/\/settlers.hu\/hu\/wp-json\/wp\/v2\/types\/page"}],"author":[{"embeddable":true,"href":"https:\/\/settlers.hu\/hu\/wp-json\/wp\/v2\/users\/4"}],"replies":[{"embeddable":true,"href":"https:\/\/settlers.hu\/hu\/wp-json\/wp\/v2\/comments?post=4673"}],"version-history":[{"count":3,"href":"https:\/\/settlers.hu\/hu\/wp-json\/wp\/v2\/pages\/4673\/revisions"}],"predecessor-version":[{"id":4676,"href":"https:\/\/settlers.hu\/hu\/wp-json\/wp\/v2\/pages\/4673\/revisions\/4676"}],"wp:attachment":[{"href":"https:\/\/settlers.hu\/hu\/wp-json\/wp\/v2\/media?parent=4673"}],"curies":[{"name":"wp","href":"https:\/\/api.w.org\/{rel}","templated":true}]}}