{"id":4525,"date":"2026-01-05T13:02:55","date_gmt":"2026-01-05T13:02:55","guid":{"rendered":"https:\/\/settlers.hu\/allando-tartozkodasi-kartya\/"},"modified":"2026-01-05T13:35:21","modified_gmt":"2026-01-05T13:35:21","slug":"allando-tartozkodasi-kartya","status":"publish","type":"page","link":"https:\/\/settlers.hu\/hu\/allando-tartozkodasi-kartya\/","title":{"rendered":"\u00c1lland\u00f3 tart\u00f3zkod\u00e1si k\u00e1rtya"},"content":{"rendered":"\t\t<div data-elementor-type=\"wp-page\" data-elementor-id=\"4525\" class=\"elementor elementor-4525 elementor-4516\" data-elementor-post-type=\"page\">\n\t\t\t\t<div class=\"elementor-element elementor-element-69f3ec34 e-flex e-con-boxed e-con e-parent\" data-id=\"69f3ec34\" data-element_type=\"container\" data-e-type=\"container\">\n\t\t\t\t\t<div class=\"e-con-inner\">\n\t\t<div class=\"elementor-element elementor-element-41d4d777 e-con-full e-flex e-con e-child\" data-id=\"41d4d777\" data-element_type=\"container\" data-e-type=\"container\">\n\t\t\t\t<div class=\"elementor-element elementor-element-57009b08 elementor-widget elementor-widget-menu-anchor\" data-id=\"57009b08\" data-element_type=\"widget\" data-e-type=\"widget\" data-widget_type=\"menu-anchor.default\">\n\t\t\t\t<div class=\"elementor-widget-container\">\n\t\t\t\t\t\t\t<div class=\"elementor-menu-anchor\" id=\"top\"><\/div>\n\t\t\t\t\t\t<\/div>\n\t\t\t\t<\/div>\n\t\t\t\t<div class=\"elementor-element elementor-element-7f119336 elementor-widget elementor-widget-text-editor\" data-id=\"7f119336\" data-element_type=\"widget\" data-e-type=\"widget\" data-widget_type=\"text-editor.default\">\n\t\t\t\t<div class=\"elementor-widget-container\">\n\t\t\t\t\t\t\t\t\t<p><a href=\"https:\/\/settlers.hu\/hu\/tudasbazis\/\">Tud\u00e1sb\u00e1zis<\/a> \u00bb \u00c1lland\u00f3 tart\u00f3zkod\u00e1si k\u00e1rtya<\/p>\t\t\t\t\t\t\t\t<\/div>\n\t\t\t\t<\/div>\n\t\t\t\t<div class=\"elementor-element elementor-element-6644ff26 elementor-toc--minimized-on-tablet elementor-widget elementor-widget-table-of-contents\" data-id=\"6644ff26\" data-element_type=\"widget\" data-e-type=\"widget\" data-settings=\"{&quot;headings_by_tags&quot;:[&quot;h3&quot;],&quot;marker_view&quot;:&quot;bullets&quot;,&quot;min_height&quot;:{&quot;unit&quot;:&quot;px&quot;,&quot;size&quot;:0,&quot;sizes&quot;:[]},&quot;no_headings_message&quot;:&quot;No headings were found on this page.&quot;,&quot;icon&quot;:{&quot;value&quot;:&quot;fas fa-circle&quot;,&quot;library&quot;:&quot;fa-solid&quot;},&quot;minimize_box&quot;:&quot;yes&quot;,&quot;minimized_on&quot;:&quot;tablet&quot;,&quot;hierarchical_view&quot;:&quot;yes&quot;,&quot;min_height_widescreen&quot;:{&quot;unit&quot;:&quot;px&quot;,&quot;size&quot;:&quot;&quot;,&quot;sizes&quot;:[]},&quot;min_height_laptop&quot;:{&quot;unit&quot;:&quot;px&quot;,&quot;size&quot;:&quot;&quot;,&quot;sizes&quot;:[]},&quot;min_height_tablet_extra&quot;:{&quot;unit&quot;:&quot;px&quot;,&quot;size&quot;:&quot;&quot;,&quot;sizes&quot;:[]},&quot;min_height_tablet&quot;:{&quot;unit&quot;:&quot;px&quot;,&quot;size&quot;:&quot;&quot;,&quot;sizes&quot;:[]},&quot;min_height_mobile_extra&quot;:{&quot;unit&quot;:&quot;px&quot;,&quot;size&quot;:&quot;&quot;,&quot;sizes&quot;:[]},&quot;min_height_mobile&quot;:{&quot;unit&quot;:&quot;px&quot;,&quot;size&quot;:&quot;&quot;,&quot;sizes&quot;:[]}}\" data-widget_type=\"table-of-contents.default\">\n\t\t\t\t<div class=\"elementor-widget-container\">\n\t\t\t\t\t\t\t\t\t<div class=\"elementor-toc__header\">\n\t\t\t\t\t\t<h3 class=\"elementor-toc__header-title\">\n\t\t\t\tTartalom\t\t\t<\/h3>\n\t\t\t\t\t\t\t\t\t\t<div class=\"elementor-toc__toggle-button elementor-toc__toggle-button--expand\" role=\"button\" tabindex=\"0\" aria-controls=\"elementor-toc__6644ff26\" aria-expanded=\"true\" aria-label=\"Open table of contents\"><i aria-hidden=\"true\" class=\"fas fa-chevron-down\"><\/i><\/div>\n\t\t\t\t<div class=\"elementor-toc__toggle-button elementor-toc__toggle-button--collapse\" role=\"button\" tabindex=\"0\" aria-controls=\"elementor-toc__6644ff26\" aria-expanded=\"true\" aria-label=\"Close table of contents\"><i aria-hidden=\"true\" class=\"fas fa-chevron-up\"><\/i><\/div>\n\t\t\t\t\t<\/div>\n\t\t\t\t<div id=\"elementor-toc__6644ff26\" class=\"elementor-toc__body\">\n\t\t\t<div class=\"elementor-toc__spinner-container\">\n\t\t\t\t<i class=\"elementor-toc__spinner eicon-animation-spin eicon-loading\" aria-hidden=\"true\"><\/i>\t\t\t<\/div>\n\t\t<\/div>\n\t\t\t\t\t\t<\/div>\n\t\t\t\t<\/div>\n\t\t\t\t<div class=\"elementor-element elementor-element-4d47da24 elementor-widget elementor-widget-heading\" data-id=\"4d47da24\" data-element_type=\"widget\" data-e-type=\"widget\" data-widget_type=\"heading.default\">\n\t\t\t\t<div class=\"elementor-widget-container\">\n\t\t\t\t\t<h3 class=\"elementor-heading-title elementor-size-default\">Mi az \u00e1lland\u00f3 tart\u00f3zkod\u00e1si k\u00e1rtya?<\/h3>\t\t\t\t<\/div>\n\t\t\t\t<\/div>\n\t\t\t\t<div class=\"elementor-element elementor-element-13a79f2e elementor-widget elementor-widget-text-editor\" data-id=\"13a79f2e\" data-element_type=\"widget\" data-e-type=\"widget\" data-widget_type=\"text-editor.default\">\n\t\t\t\t<div class=\"elementor-widget-container\">\n\t\t\t\t\t\t\t\t\t<p>Az \u00e1lland\u00f3 tart\u00f3zkod\u00e1si k\u00e1rtya az Eur\u00f3pai Gazdas\u00e1gi T\u00e9rs\u00e9g (EGT) tag\u00e1llamai, valamint Sv\u00e1jc \u00e1llampolg\u00e1rai r\u00e9sz\u00e9re, az \u00e1lland\u00f3 tart\u00f3zkod\u00e1si jog igazol\u00e1s\u00e1ra ki\u00e1ll\u00edtott, f\u00e9nyk\u00e9pes tart\u00f3zkod\u00e1si okm\u00e1ny.<\/p>\t\t\t\t\t\t\t\t<\/div>\n\t\t\t\t<\/div>\n\t\t\t\t<div class=\"elementor-element elementor-element-4326e4a9 elementor-widget elementor-widget-heading\" data-id=\"4326e4a9\" data-element_type=\"widget\" data-e-type=\"widget\" data-widget_type=\"heading.default\">\n\t\t\t\t<div class=\"elementor-widget-container\">\n\t\t\t\t\t<h3 class=\"elementor-heading-title elementor-size-default\">Kik k\u00e9relmezhetik az \u00e1lland\u00f3 tart\u00f3zkod\u00e1si k\u00e1rty\u00e1t?<\/h3>\t\t\t\t<\/div>\n\t\t\t\t<\/div>\n\t\t\t\t<div class=\"elementor-element elementor-element-14bd88c0 elementor-widget elementor-widget-text-editor\" data-id=\"14bd88c0\" data-element_type=\"widget\" data-e-type=\"widget\" data-widget_type=\"text-editor.default\">\n\t\t\t\t<div class=\"elementor-widget-container\">\n\t\t\t\t\t\t\t\t\t<p>Az \u00e1lland\u00f3 tart\u00f3zkod\u00e1si k\u00e1rty\u00e1t EGT tag\u00e1llamok, illetve Sv\u00e1jc azon \u00e1llampolg\u00e1rai k\u00e9relmezhetik, akik legal\u00e1bb 5 \u00e9ve, megszak\u00edt\u00e1s n\u00e9lk\u00fcl Magyarorsz\u00e1gon tart\u00f3zkodnak regisztr\u00e1ci\u00f3s igazol\u00e1s birtok\u00e1ban.<\/p><p>Bizonyos, keres\u0151tev\u00e9kenys\u00e9ghez kapcsol\u00f3d\u00f3 speci\u00e1lis esetekben \u00f6t \u00e9vn\u00e9l r\u00f6videbb id\u0151 alapj\u00e1n is k\u00e9relmezhet\u0151.<\/p>\t\t\t\t\t\t\t\t<\/div>\n\t\t\t\t<\/div>\n\t\t\t\t<div class=\"elementor-element elementor-element-44d3f81b elementor-widget elementor-widget-heading\" data-id=\"44d3f81b\" data-element_type=\"widget\" data-e-type=\"widget\" data-widget_type=\"heading.default\">\n\t\t\t\t<div class=\"elementor-widget-container\">\n\t\t\t\t\t<h3 class=\"elementor-heading-title elementor-size-default\">Mire jogos\u00edt a huzamos tart\u00f3zkod\u00e1si k\u00e1rtya?<\/h3>\t\t\t\t<\/div>\n\t\t\t\t<\/div>\n\t\t\t\t<div class=\"elementor-element elementor-element-60212b6d elementor-widget elementor-widget-text-editor\" data-id=\"60212b6d\" data-element_type=\"widget\" data-e-type=\"widget\" data-widget_type=\"text-editor.default\">\n\t\t\t\t<div class=\"elementor-widget-container\">\n\t\t\t\t\t\t\t\t\t<p>Az \u00e1lland\u00f3 tart\u00f3zkod\u00e1si k\u00e1rtya alapvet\u0151en ugyanolyan jogosults\u00e1gokat biztos\u00edt, mint a regisztr\u00e1ci\u00f3s igazol\u00e1s, azonban fontos el\u0151nye, hogy hossz\u00fa t\u00e1v\u00fa \u00e9s stabilabb jogi st\u00e1tuszt igazol a magyarorsz\u00e1gi tart\u00f3zkod\u00e1s tekintet\u00e9ben.<\/p><p>Az EGT tag\u00e1llamok \u00e9s Sv\u00e1jc \u00e1llampolg\u00e1ra az \u00e1lland\u00f3 tart\u00f3zkod\u00e1si k\u00e1rtya ki\u00e1ll\u00edt\u00e1s\u00e1t k\u00f6vet\u0151en tov\u00e1bbra is belf\u00f6ldi jog\u00e1ll\u00e1s\u00fa szem\u00e9lynek min\u0151s\u00fcl, \u00e9s megilletik az \u00e1lland\u00f3 lak\u00f3hellyel rendelkez\u0151 szem\u00e9lyek jogai, p\u00e9ld\u00e1ul:<\/p><ul><li>T\u00e1rsadalombiztos\u00edt\u00e1si ell\u00e1t\u00e1sokhoz val\u00f3 hozz\u00e1f\u00e9r\u00e9s (teljes k\u00f6r\u0171 eg\u00e9szs\u00e9g\u00fcgyi ell\u00e1t\u00e1s*, szoci\u00e1lis \u00e9s csal\u00e1dt\u00e1mogat\u00e1si juttat\u00e1sok)<\/li><li>\u00c1ll\u00e1skeres\u00e9si j\u00e1rad\u00e9kra (munkan\u00e9lk\u00fcli seg\u00e9lyre) val\u00f3 jogosults\u00e1g<\/li><li>R\u00e9szv\u00e9teli jog a helyi \u00f6nkorm\u00e1nyzati \u00e9s az EP-v\u00e1laszt\u00e1sokon<\/li><li>Lak\u00f3ingatlan tulajdonjog\u00e1nak enged\u00e9ly n\u00e9lk\u00fcli megszerz\u00e9se<\/li><li>Banki hitelfelv\u00e9tel lehet\u0151s\u00e9ge<\/li><li>Fels\u0151oktat\u00e1sban is el\u00e9rhet\u0151 t\u00e9r\u00edt\u00e9smentes k\u00e9pz\u00e9s<\/li><\/ul>\t\t\t\t\t\t\t\t<\/div>\n\t\t\t\t<\/div>\n\t\t\t\t<div class=\"elementor-element elementor-element-17ecf1e9 elementor-widget elementor-widget-text-editor\" data-id=\"17ecf1e9\" data-element_type=\"widget\" data-e-type=\"widget\" data-widget_type=\"text-editor.default\">\n\t\t\t\t<div class=\"elementor-widget-container\">\n\t\t\t\t\t\t\t\t\t<p><em>* Az a szem\u00e9ly, aki legal\u00e1bb egy \u00e9ve \u00e1lland\u00f3 lak\u00f3hellyel rendelkezik Magyarorsz\u00e1gon, nemcsak jogosult az eg\u00e9szs\u00e9g\u00fcgyi szolg\u00e1ltat\u00e1sokra, hanem k\u00f6teles is megfizetni az eg\u00e9szs\u00e9gbiztos\u00edt\u00e1si j\u00e1rul\u00e9kot, amennyiben nem biztos\u00edtott m\u00e1s jogc\u00edmen (pl. munkaviszony, tanulm\u00e1nyi jogviszony, sz\u00fcl\u00e9si szabads\u00e1g, vagy m\u00e1s EGT-\u00e1llamban fenn\u00e1ll\u00f3 biztos\u00edt\u00e1s alapj\u00e1n).<\/em><\/p>\t\t\t\t\t\t\t\t<\/div>\n\t\t\t\t<\/div>\n\t\t\t\t<div class=\"elementor-element elementor-element-b451f89 elementor-widget elementor-widget-heading\" data-id=\"b451f89\" data-element_type=\"widget\" data-e-type=\"widget\" data-widget_type=\"heading.default\">\n\t\t\t\t<div class=\"elementor-widget-container\">\n\t\t\t\t\t<h3 class=\"elementor-heading-title elementor-size-default\">Mennyi ideig \u00e9rv\u00e9nyes az \u00e1lland\u00f3 tart\u00f3zkod\u00e1si k\u00e1rtya?<\/h3>\t\t\t\t<\/div>\n\t\t\t\t<\/div>\n\t\t\t\t<div class=\"elementor-element elementor-element-0c706ef elementor-widget elementor-widget-text-editor\" data-id=\"0c706ef\" data-element_type=\"widget\" data-e-type=\"widget\" data-widget_type=\"text-editor.default\">\n\t\t\t\t<div class=\"elementor-widget-container\">\n\t\t\t\t\t\t\t\t\t<p>Az \u00e1lland\u00f3 tart\u00f3zkod\u00e1si k\u00e1rtya hat\u00e1rozatlan ideig \u00e9rv\u00e9nyes, \u00e9rv\u00e9nyess\u00e9ge csak visszavon\u00e1ssal sz\u0171nik meg.<\/p><p>Az \u00e1lland\u00f3 tart\u00f3zkod\u00e1si k\u00e1rty\u00e1t a hat\u00f3s\u00e1g visszavonhatja, ha az \u00e1lland\u00f3 tart\u00f3zkod\u00e1si k\u00e1rtya birtokosa Magyarorsz\u00e1got k\u00e9t \u00e9vn\u00e9l hosszabb id\u0151re elhagyja.<\/p>\t\t\t\t\t\t\t\t<\/div>\n\t\t\t\t<\/div>\n\t\t\t\t<div class=\"elementor-element elementor-element-f56ce5c elementor-widget elementor-widget-heading\" data-id=\"f56ce5c\" data-element_type=\"widget\" data-e-type=\"widget\" data-widget_type=\"heading.default\">\n\t\t\t\t<div class=\"elementor-widget-container\">\n\t\t\t\t\t<h3 class=\"elementor-heading-title elementor-size-default\">A k\u00e9relmez\u00e9s folyamata<\/h3>\t\t\t\t<\/div>\n\t\t\t\t<\/div>\n\t\t\t\t<div class=\"elementor-element elementor-element-c3cb525 elementor-widget elementor-widget-text-editor\" data-id=\"c3cb525\" data-element_type=\"widget\" data-e-type=\"widget\" data-widget_type=\"text-editor.default\">\n\t\t\t\t<div class=\"elementor-widget-container\">\n\t\t\t\t\t\t\t\t\t<p>A huzamos tart\u00f3zkod\u00e1si k\u00e1rtya ir\u00e1nti k\u00e9relem online, a bev\u00e1ndorl\u00e1si hivatal EnterHungary nev\u0171 honlapj\u00e1n kereszt\u00fcl ig\u00e9nyelhet\u0151.<\/p><p>A huzamos tart\u00f3zkod\u00e1si k\u00e1rtya ir\u00e1nti k\u00e9relmet a hivatal 70 napon bel\u00fcl b\u00edr\u00e1lja el.<\/p>\t\t\t\t\t\t\t\t<\/div>\n\t\t\t\t<\/div>\n\t\t\t\t<div class=\"elementor-element elementor-element-cbe5c20 elementor-widget elementor-widget-heading\" data-id=\"cbe5c20\" data-element_type=\"widget\" data-e-type=\"widget\" data-widget_type=\"heading.default\">\n\t\t\t\t<div class=\"elementor-widget-container\">\n\t\t\t\t\t<h3 class=\"elementor-heading-title elementor-size-default\">Az EGT \u00e1llampolg\u00e1rok \u00e9s Sv\u00e1jc \u00e1llampolg\u00e1rai munkav\u00e1llal\u00e1sa<\/h3>\t\t\t\t<\/div>\n\t\t\t\t<\/div>\n\t\t\t\t<div class=\"elementor-element elementor-element-07b5e19 elementor-widget elementor-widget-text-editor\" data-id=\"07b5e19\" data-element_type=\"widget\" data-e-type=\"widget\" data-widget_type=\"text-editor.default\">\n\t\t\t\t<div class=\"elementor-widget-container\">\n\t\t\t\t\t\t\t\t\t<p>Az EGT tag\u00e1llamok \u00e9s Sv\u00e1jc \u00e1llampolg\u00e1rai szabadon, enged\u00e9lyez\u00e9si k\u00f6telezetts\u00e9g n\u00e9lk\u00fcl v\u00e1llalhatnak munk\u00e1t Magyarorsz\u00e1gon.<\/p><p>Az \u0151ket foglalkoztat\u00f3 munk\u00e1ltat\u00f3nak az \u00e1ltal\u00e1nos bejelent\u00e9si k\u00f6telezetts\u00e9geken fel\u00fcl k\u00fcl\u00f6n bejelent\u00e9st is kell tennie az illet\u00e9kes munka\u00fcgyi hat\u00f3s\u00e1g fel\u00e9 az enged\u00e9lymentes foglalkoztat\u00e1sr\u00f3l.<\/p>\t\t\t\t\t\t\t\t<\/div>\n\t\t\t\t<\/div>\n\t\t\t\t<div class=\"elementor-element elementor-element-3910c05d elementor-widget elementor-widget-spacer\" data-id=\"3910c05d\" data-element_type=\"widget\" data-e-type=\"widget\" data-widget_type=\"spacer.default\">\n\t\t\t\t<div class=\"elementor-widget-container\">\n\t\t\t\t\t\t\t<div class=\"elementor-spacer\">\n\t\t\t<div class=\"elementor-spacer-inner\"><\/div>\n\t\t<\/div>\n\t\t\t\t\t\t<\/div>\n\t\t\t\t<\/div>\n\t\t\t\t<div class=\"elementor-element elementor-element-5e5e88af elementor-widget elementor-widget-image\" data-id=\"5e5e88af\" data-element_type=\"widget\" data-e-type=\"widget\" data-widget_type=\"image.default\">\n\t\t\t\t<div class=\"elementor-widget-container\">\n\t\t\t\t\t\t\t\t\t\t\t\t\t\t\t<img decoding=\"async\" width=\"300\" height=\"11\" src=\"https:\/\/settlers.hu\/wp-content\/uploads\/2024\/03\/pottyok-egysor-300x11.png\" class=\"attachment-medium size-medium wp-image-2243\" alt=\"\" srcset=\"https:\/\/settlers.hu\/wp-content\/uploads\/2024\/03\/pottyok-egysor-300x11.png 300w, https:\/\/settlers.hu\/wp-content\/uploads\/2024\/03\/pottyok-egysor.png 683w\" sizes=\"(max-width: 300px) 100vw, 300px\" \/>\t\t\t\t\t\t\t\t\t\t\t\t\t\t\t<\/div>\n\t\t\t\t<\/div>\n\t\t\t\t<div class=\"elementor-element elementor-element-6f4fc7f4 elementor-widget elementor-widget-text-editor\" data-id=\"6f4fc7f4\" data-element_type=\"widget\" data-e-type=\"widget\" data-widget_type=\"text-editor.default\">\n\t\t\t\t<div class=\"elementor-widget-container\">\n\t\t\t\t\t\t\t\t\t<p><strong>Amennyiben seg\u00edts\u00e9gre van sz\u00fcks\u00e9ge<\/strong> az igy\u00e9nyl\u00e9sben, keresse irod\u00e1nkat a honlapon tal\u00e1lhat\u00f3 el\u00e9rhet\u0151s\u00e9geken.<\/p>\t\t\t\t\t\t\t\t<\/div>\n\t\t\t\t<\/div>\n\t\t\t\t<div class=\"elementor-element elementor-element-29e56204 elementor-widget elementor-widget-text-editor\" data-id=\"29e56204\" data-element_type=\"widget\" data-e-type=\"widget\" data-widget_type=\"text-editor.default\">\n\t\t\t\t<div class=\"elementor-widget-container\">\n\t\t\t\t\t\t\t\t\t<p>A k\u00e9relmez\u00e9si folyamatr\u00f3l hivatalos t\u00e1j\u00e9koztat\u00e1s, illetve a sz\u00fcks\u00e9ges formanyomtatv\u00e1nyok megtal\u00e1lhat\u00f3ak az Orsz\u00e1gos Idegenrend\u00e9szeti F\u0151igazgat\u00f3s\u00e1g honlapj\u00e1n: <a href=\"https:\/\/oif.gov.hu\/tajekoztatok\/allando-tartozkodasi-kartya\" target=\"_blank\" rel=\"noopener\"><strong>\u00c1lland\u00f3 tart\u00f3zkod\u00e1si k\u00e1rtya<\/strong><\/a><\/p><p>Az enged\u00e9ly k\u00e9relmek elj\u00e1r\u00e1si d\u00edjair\u00f3l a t\u00e1j\u00e9koztat\u00f3 <a href=\"https:\/\/oif.gov.hu\/tajekoztatok\/eljarasi-dijak\" target=\"_blank\" rel=\"noopener\"><strong>itt<\/strong><\/a> tal\u00e1lhat\u00f3.<\/p>\t\t\t\t\t\t\t\t<\/div>\n\t\t\t\t<\/div>\n\t\t\t\t<div class=\"elementor-element elementor-element-3d14e3fc elementor-widget elementor-widget-text-editor\" data-id=\"3d14e3fc\" data-element_type=\"widget\" data-e-type=\"widget\" data-widget_type=\"text-editor.default\">\n\t\t\t\t<div class=\"elementor-widget-container\">\n\t\t\t\t\t\t\t\t\t<p><span style=\"text-decoration: underline;\"><a href=\"#top\"><em>Vissza a tetej\u00e9re<\/em><\/a><\/span><\/p>\t\t\t\t\t\t\t\t<\/div>\n\t\t\t\t<\/div>\n\t\t\t\t<\/div>\n\t\t<div class=\"elementor-element elementor-element-2f8cb469 e-con-full e-flex e-con e-child\" data-id=\"2f8cb469\" data-element_type=\"container\" data-e-type=\"container\" data-settings=\"{&quot;background_background&quot;:&quot;classic&quot;}\">\n\t\t\t\t<div class=\"elementor-element elementor-element-712765c7 elementor-widget elementor-widget-heading\" data-id=\"712765c7\" data-element_type=\"widget\" data-e-type=\"widget\" data-widget_type=\"heading.default\">\n\t\t\t\t<div class=\"elementor-widget-container\">\n\t\t\t\t\t<h1 class=\"elementor-heading-title elementor-size-default\">Legfrissebb cikkeink<\/h1>\t\t\t\t<\/div>\n\t\t\t\t<\/div>\n\t\t\t\t<\/div>\n\t\t\t\t\t<\/div>\n\t\t\t\t<\/div>\n\t\t\t\t<\/div>\n\t\t","protected":false},"excerpt":{"rendered":"<p>Az \u00e1lland\u00f3 tart\u00f3zkod\u00e1si k\u00e1rtya az Eur\u00f3pai Gazdas\u00e1gi T\u00e9rs\u00e9g (EGT) tag\u00e1llamai, valamint Sv\u00e1jc \u00e1llampolg\u00e1rai r\u00e9sz\u00e9re, az \u00e1lland\u00f3 tart\u00f3zkod\u00e1si jog igazol\u00e1s\u00e1ra ki\u00e1ll\u00edtott, f\u00e9nyk\u00e9pes tart\u00f3zkod\u00e1si okm\u00e1ny.<\/p>\n","protected":false},"author":4,"featured_media":0,"parent":0,"menu_order":0,"comment_status":"closed","ping_status":"closed","template":"","meta":{"footnotes":""},"class_list":["post-4525","page","type-page","status-publish","hentry"],"_links":{"self":[{"href":"https:\/\/settlers.hu\/hu\/wp-json\/wp\/v2\/pages\/4525","targetHints":{"allow":["GET"]}}],"collection":[{"href":"https:\/\/settlers.hu\/hu\/wp-json\/wp\/v2\/pages"}],"about":[{"href":"https:\/\/settlers.hu\/hu\/wp-json\/wp\/v2\/types\/page"}],"author":[{"embeddable":true,"href":"https:\/\/settlers.hu\/hu\/wp-json\/wp\/v2\/users\/4"}],"replies":[{"embeddable":true,"href":"https:\/\/settlers.hu\/hu\/wp-json\/wp\/v2\/comments?post=4525"}],"version-history":[{"count":3,"href":"https:\/\/settlers.hu\/hu\/wp-json\/wp\/v2\/pages\/4525\/revisions"}],"predecessor-version":[{"id":4531,"href":"https:\/\/settlers.hu\/hu\/wp-json\/wp\/v2\/pages\/4525\/revisions\/4531"}],"wp:attachment":[{"href":"https:\/\/settlers.hu\/hu\/wp-json\/wp\/v2\/media?parent=4525"}],"curies":[{"name":"wp","href":"https:\/\/api.w.org\/{rel}","templated":true}]}}