{"id":4452,"date":"2025-11-19T12:12:07","date_gmt":"2025-11-19T12:12:07","guid":{"rendered":"https:\/\/settlers.hu\/huzamos-tartozkodasi-kartya-egt-allampolgar-harmadik-orszagbeli-csaladtagja-reszere\/"},"modified":"2026-01-05T13:46:50","modified_gmt":"2026-01-05T13:46:50","slug":"huzamos-tartozkodasi-kartya-egt-allampolgar-harmadik-orszagbeli-csaladtagja-reszere","status":"publish","type":"page","link":"https:\/\/settlers.hu\/hu\/huzamos-tartozkodasi-kartya-egt-allampolgar-harmadik-orszagbeli-csaladtagja-reszere\/","title":{"rendered":"Huzamos tart\u00f3zkod\u00e1si k\u00e1rtya EGT-\u00e1llampolg\u00e1r harmadik orsz\u00e1gbeli csal\u00e1dtagja r\u00e9sz\u00e9re"},"content":{"rendered":"\t\t<div data-elementor-type=\"wp-page\" data-elementor-id=\"4452\" class=\"elementor elementor-4452 elementor-4446\" data-elementor-post-type=\"page\">\n\t\t\t\t<div class=\"elementor-element elementor-element-2db6d907 e-flex e-con-boxed e-con e-parent\" data-id=\"2db6d907\" data-element_type=\"container\" data-e-type=\"container\">\n\t\t\t\t\t<div class=\"e-con-inner\">\n\t\t<div class=\"elementor-element elementor-element-2d499e98 e-con-full e-flex e-con e-child\" data-id=\"2d499e98\" data-element_type=\"container\" data-e-type=\"container\">\n\t\t\t\t<div class=\"elementor-element elementor-element-5a74cf43 elementor-widget elementor-widget-menu-anchor\" data-id=\"5a74cf43\" data-element_type=\"widget\" data-e-type=\"widget\" data-widget_type=\"menu-anchor.default\">\n\t\t\t\t<div class=\"elementor-widget-container\">\n\t\t\t\t\t\t\t<div class=\"elementor-menu-anchor\" id=\"top\"><\/div>\n\t\t\t\t\t\t<\/div>\n\t\t\t\t<\/div>\n\t\t\t\t<div class=\"elementor-element elementor-element-43732a61 elementor-widget elementor-widget-text-editor\" data-id=\"43732a61\" data-element_type=\"widget\" data-e-type=\"widget\" data-widget_type=\"text-editor.default\">\n\t\t\t\t<div class=\"elementor-widget-container\">\n\t\t\t\t\t\t\t\t\t<p><a href=\"https:\/\/settlers.hu\/hu\/tudasbazis\/\">Tud\u00e1sb\u00e1zis<\/a> \u00bb Huzamos tart\u00f3zkod\u00e1si k\u00e1rtya EGT-\u00e1llampolg\u00e1r harmadik orsz\u00e1gbeli csal\u00e1dtagja r\u00e9sz\u00e9re<\/p>\t\t\t\t\t\t\t\t<\/div>\n\t\t\t\t<\/div>\n\t\t\t\t<div class=\"elementor-element elementor-element-1bc1ad0b elementor-toc--minimized-on-tablet elementor-widget elementor-widget-table-of-contents\" data-id=\"1bc1ad0b\" data-element_type=\"widget\" data-e-type=\"widget\" data-settings=\"{&quot;headings_by_tags&quot;:[&quot;h3&quot;],&quot;marker_view&quot;:&quot;bullets&quot;,&quot;min_height&quot;:{&quot;unit&quot;:&quot;px&quot;,&quot;size&quot;:0,&quot;sizes&quot;:[]},&quot;no_headings_message&quot;:&quot;No headings were found on this page.&quot;,&quot;icon&quot;:{&quot;value&quot;:&quot;fas fa-circle&quot;,&quot;library&quot;:&quot;fa-solid&quot;},&quot;minimize_box&quot;:&quot;yes&quot;,&quot;minimized_on&quot;:&quot;tablet&quot;,&quot;hierarchical_view&quot;:&quot;yes&quot;,&quot;min_height_widescreen&quot;:{&quot;unit&quot;:&quot;px&quot;,&quot;size&quot;:&quot;&quot;,&quot;sizes&quot;:[]},&quot;min_height_laptop&quot;:{&quot;unit&quot;:&quot;px&quot;,&quot;size&quot;:&quot;&quot;,&quot;sizes&quot;:[]},&quot;min_height_tablet_extra&quot;:{&quot;unit&quot;:&quot;px&quot;,&quot;size&quot;:&quot;&quot;,&quot;sizes&quot;:[]},&quot;min_height_tablet&quot;:{&quot;unit&quot;:&quot;px&quot;,&quot;size&quot;:&quot;&quot;,&quot;sizes&quot;:[]},&quot;min_height_mobile_extra&quot;:{&quot;unit&quot;:&quot;px&quot;,&quot;size&quot;:&quot;&quot;,&quot;sizes&quot;:[]},&quot;min_height_mobile&quot;:{&quot;unit&quot;:&quot;px&quot;,&quot;size&quot;:&quot;&quot;,&quot;sizes&quot;:[]}}\" data-widget_type=\"table-of-contents.default\">\n\t\t\t\t<div class=\"elementor-widget-container\">\n\t\t\t\t\t\t\t\t\t<div class=\"elementor-toc__header\">\n\t\t\t\t\t\t<h3 class=\"elementor-toc__header-title\">\n\t\t\t\tTartalom\t\t\t<\/h3>\n\t\t\t\t\t\t\t\t\t\t<div class=\"elementor-toc__toggle-button elementor-toc__toggle-button--expand\" role=\"button\" tabindex=\"0\" aria-controls=\"elementor-toc__1bc1ad0b\" aria-expanded=\"true\" aria-label=\"Open table of contents\"><i aria-hidden=\"true\" class=\"fas fa-chevron-down\"><\/i><\/div>\n\t\t\t\t<div class=\"elementor-toc__toggle-button elementor-toc__toggle-button--collapse\" role=\"button\" tabindex=\"0\" aria-controls=\"elementor-toc__1bc1ad0b\" aria-expanded=\"true\" aria-label=\"Close table of contents\"><i aria-hidden=\"true\" class=\"fas fa-chevron-up\"><\/i><\/div>\n\t\t\t\t\t<\/div>\n\t\t\t\t<div id=\"elementor-toc__1bc1ad0b\" class=\"elementor-toc__body\">\n\t\t\t<div class=\"elementor-toc__spinner-container\">\n\t\t\t\t<i class=\"elementor-toc__spinner eicon-animation-spin eicon-loading\" aria-hidden=\"true\"><\/i>\t\t\t<\/div>\n\t\t<\/div>\n\t\t\t\t\t\t<\/div>\n\t\t\t\t<\/div>\n\t\t\t\t<div class=\"elementor-element elementor-element-548dc198 elementor-widget elementor-widget-heading\" data-id=\"548dc198\" data-element_type=\"widget\" data-e-type=\"widget\" data-widget_type=\"heading.default\">\n\t\t\t\t<div class=\"elementor-widget-container\">\n\t\t\t\t\t<h3 class=\"elementor-heading-title elementor-size-default\">Mi az a Huzamos tart\u00f3zkod\u00e1si k\u00e1rtya EGT-\u00e1llampolg\u00e1r harmadik orsz\u00e1gbeli csal\u00e1dtagja r\u00e9sz\u00e9re?<\/h3>\t\t\t\t<\/div>\n\t\t\t\t<\/div>\n\t\t\t\t<div class=\"elementor-element elementor-element-7088320c elementor-widget elementor-widget-text-editor\" data-id=\"7088320c\" data-element_type=\"widget\" data-e-type=\"widget\" data-widget_type=\"text-editor.default\">\n\t\t\t\t<div class=\"elementor-widget-container\">\n\t\t\t\t\t\t\t\t\t<p>A huzamos tart\u00f3zkod\u00e1si k\u00e1rtya EGT \u00e1llampolg\u00e1r harmadik orsz\u00e1gbeli csal\u00e1dtagja r\u00e9sz\u00e9re (a tov\u00e1bbiakban: huzamos tart\u00f3zkod\u00e1si k\u00e1rtya) az Eur\u00f3pai Gazdas\u00e1gi T\u00e9rs\u00e9g (EGT) tag\u00e1llamai, valamint Sv\u00e1jc \u00e1llampolg\u00e1raihoz csatlakoz\u00f3, nem EGT \u00e1llampolg\u00e1rs\u00e1g\u00fa csal\u00e1dtagok r\u00e9sz\u00e9re, az \u00e1lland\u00f3 tart\u00f3zkod\u00e1si jog igazol\u00e1s\u00e1ra ki\u00e1ll\u00edtott tart\u00f3zkod\u00e1si okm\u00e1ny. <\/p>\t\t\t\t\t\t\t\t<\/div>\n\t\t\t\t<\/div>\n\t\t\t\t<div class=\"elementor-element elementor-element-2f7a184e elementor-widget elementor-widget-heading\" data-id=\"2f7a184e\" data-element_type=\"widget\" data-e-type=\"widget\" data-widget_type=\"heading.default\">\n\t\t\t\t<div class=\"elementor-widget-container\">\n\t\t\t\t\t<h3 class=\"elementor-heading-title elementor-size-default\">Kik k\u00e9relmezhetik a huzamos tart\u00f3zkod\u00e1si k\u00e1rty\u00e1t?<\/h3>\t\t\t\t<\/div>\n\t\t\t\t<\/div>\n\t\t\t\t<div class=\"elementor-element elementor-element-65858277 elementor-widget elementor-widget-text-editor\" data-id=\"65858277\" data-element_type=\"widget\" data-e-type=\"widget\" data-widget_type=\"text-editor.default\">\n\t\t\t\t<div class=\"elementor-widget-container\">\n\t\t\t\t\t\t\t\t\t<p>Azon nem EGT \u00e1llampolg\u00e1rok k\u00e9relmezhetik a huzamos tart\u00f3zkod\u00e1si k\u00e1rty\u00e1t, akik EGT vagy sv\u00e1jci \u00e1llampolg\u00e1r csal\u00e1dtagjuk r\u00e9v\u00e9n 5 \u00e9ven \u00e1t, megszak\u00edt\u00e1s n\u00e9lk\u00fcl Magyarorsz\u00e1gon tart\u00f3zkodnak tart\u00f3zkod\u00e1si k\u00e1rtya birtok\u00e1ban.<\/p>\t\t\t\t\t\t\t\t<\/div>\n\t\t\t\t<\/div>\n\t\t\t\t<div class=\"elementor-element elementor-element-7bddbaf7 elementor-widget elementor-widget-heading\" data-id=\"7bddbaf7\" data-element_type=\"widget\" data-e-type=\"widget\" data-widget_type=\"heading.default\">\n\t\t\t\t<div class=\"elementor-widget-container\">\n\t\t\t\t\t<h3 class=\"elementor-heading-title elementor-size-default\">Mire jogos\u00edt a huzamos tart\u00f3zkod\u00e1si k\u00e1rtya?<\/h3>\t\t\t\t<\/div>\n\t\t\t\t<\/div>\n\t\t\t\t<div class=\"elementor-element elementor-element-68a49c75 elementor-widget elementor-widget-text-editor\" data-id=\"68a49c75\" data-element_type=\"widget\" data-e-type=\"widget\" data-widget_type=\"text-editor.default\">\n\t\t\t\t<div class=\"elementor-widget-container\">\n\t\t\t\t\t\t\t\t\t<p>A huzamos tart\u00f3zkod\u00e1si k\u00e1rtya alapvet\u0151en ugyanolyan jogosults\u00e1gokat biztos\u00edt, mint a tart\u00f3zkod\u00e1si k\u00e1rtya, azonban fontos el\u0151nye, hogy hossz\u00fa t\u00e1v\u00fa \u00e9s stabilabb jogi st\u00e1tuszt igazol a magyarorsz\u00e1gi tart\u00f3zkod\u00e1s tekintet\u00e9ben.<\/p><p>A huzamos tart\u00f3zkod\u00e1si k\u00e1rtya \u00e9rv\u00e9nyess\u00e9gi ideje alatti magyarorsz\u00e1gi tart\u00f3zkod\u00e1sra, valamint munkav\u00e1llal\u00e1sra is jogos\u00edt (r\u00e9szletek lentebb).<\/p><p>Az EGT-\u00e1llampolg\u00e1r harmadik orsz\u00e1gbeli csal\u00e1dtagja a huzamos tart\u00f3zkod\u00e1si k\u00e1rtya ki\u00e1ll\u00edt\u00e1s\u00e1t k\u00f6vet\u0151en tov\u00e1bbra is belf\u00f6ldi jog\u00e1ll\u00e1s\u00fa szem\u00e9lynek min\u0151s\u00fcl, \u00e9s megilletik az \u00e1lland\u00f3 lak\u00f3hellyel rendelkez\u0151 szem\u00e9lyek jogai, p\u00e9ld\u00e1ul:<\/p><ul><li>T\u00e1rsadalombiztos\u00edt\u00e1si ell\u00e1t\u00e1sokhoz val\u00f3 hozz\u00e1f\u00e9r\u00e9s (teljes k\u00f6r\u0171 eg\u00e9szs\u00e9g\u00fcgyi ell\u00e1t\u00e1s*, szoci\u00e1lis \u00e9s csal\u00e1dt\u00e1mogat\u00e1si juttat\u00e1sok)<\/li><li>\u00c1ll\u00e1skeres\u00e9si j\u00e1rad\u00e9kra (munkan\u00e9lk\u00fcli seg\u00e9lyre) val\u00f3 jogosults\u00e1g<\/li><li>R\u00e9szv\u00e9teli jog a helyi \u00f6nkorm\u00e1nyzati \u00e9s az EP-v\u00e1laszt\u00e1sokon<\/li><li>Lak\u00f3ingatlan tulajdonjog\u00e1nak enged\u00e9ly n\u00e9lk\u00fcli megszerz\u00e9se<\/li><li>Banki hitelfelv\u00e9tel lehet\u0151s\u00e9ge<\/li><li>Fels\u0151oktat\u00e1sban is el\u00e9rhet\u0151 t\u00e9r\u00edt\u00e9smentes k\u00e9pz\u00e9s<\/li><\/ul>\t\t\t\t\t\t\t\t<\/div>\n\t\t\t\t<\/div>\n\t\t\t\t<div class=\"elementor-element elementor-element-be97ed9 elementor-widget elementor-widget-text-editor\" data-id=\"be97ed9\" data-element_type=\"widget\" data-e-type=\"widget\" data-widget_type=\"text-editor.default\">\n\t\t\t\t<div class=\"elementor-widget-container\">\n\t\t\t\t\t\t\t\t\t<p><em>* Az a szem\u00e9ly, aki legal\u00e1bb egy \u00e9ve \u00e1lland\u00f3 lak\u00f3hellyel rendelkezik Magyarorsz\u00e1gon, nemcsak jogosult az eg\u00e9szs\u00e9g\u00fcgyi szolg\u00e1ltat\u00e1sokra, hanem k\u00f6teles is megfizetni az eg\u00e9szs\u00e9gbiztos\u00edt\u00e1si j\u00e1rul\u00e9kot, amennyiben nem biztos\u00edtott m\u00e1s jogc\u00edmen (pl. munkaviszony, tanulm\u00e1nyi jogviszony, sz\u00fcl\u00e9si szabads\u00e1g, vagy m\u00e1s EGT-\u00e1llamban fenn\u00e1ll\u00f3 biztos\u00edt\u00e1s alapj\u00e1n).<\/em><\/p>\t\t\t\t\t\t\t\t<\/div>\n\t\t\t\t<\/div>\n\t\t\t\t<div class=\"elementor-element elementor-element-7222460d elementor-widget elementor-widget-heading\" data-id=\"7222460d\" data-element_type=\"widget\" data-e-type=\"widget\" data-widget_type=\"heading.default\">\n\t\t\t\t<div class=\"elementor-widget-container\">\n\t\t\t\t\t<h3 class=\"elementor-heading-title elementor-size-default\">Mennyi ideig \u00e9rv\u00e9nyes a huzamos tart\u00f3zkod\u00e1si k\u00e1rtya?<\/h3>\t\t\t\t<\/div>\n\t\t\t\t<\/div>\n\t\t\t\t<div class=\"elementor-element elementor-element-5a168f98 elementor-widget elementor-widget-text-editor\" data-id=\"5a168f98\" data-element_type=\"widget\" data-e-type=\"widget\" data-widget_type=\"text-editor.default\">\n\t\t\t\t<div class=\"elementor-widget-container\">\n\t\t\t\t\t\t\t\t\t<p>A huzamos tart\u00f3zkod\u00e1si k\u00e1rtya t\u00edz \u00e9vig \u00e9rv\u00e9nyes. A bev\u00e1ndorl\u00e1si hivatal a felt\u00e9telek vizsg\u00e1lata n\u00e9lk\u00fcl 10 \u00e9vente meg\u00faj\u00edtja. <\/p><p>A huzamos tart\u00f3zkod\u00e1si k\u00e1rtya \u00e9rv\u00e9nyess\u00e9ge meghaladhatja a k\u00e9relmez\u0151 \u00fatlevel\u00e9nek lej\u00e1rati idej\u00e9t.<\/p>\t\t\t\t\t\t\t\t<\/div>\n\t\t\t\t<\/div>\n\t\t\t\t<div class=\"elementor-element elementor-element-6e54e98 elementor-widget elementor-widget-heading\" data-id=\"6e54e98\" data-element_type=\"widget\" data-e-type=\"widget\" data-widget_type=\"heading.default\">\n\t\t\t\t<div class=\"elementor-widget-container\">\n\t\t\t\t\t<h3 class=\"elementor-heading-title elementor-size-default\">A k\u00e9relmez\u00e9s folyamata<\/h3>\t\t\t\t<\/div>\n\t\t\t\t<\/div>\n\t\t\t\t<div class=\"elementor-element elementor-element-371b5d9 elementor-widget elementor-widget-text-editor\" data-id=\"371b5d9\" data-element_type=\"widget\" data-e-type=\"widget\" data-widget_type=\"text-editor.default\">\n\t\t\t\t<div class=\"elementor-widget-container\">\n\t\t\t\t\t\t\t\t\t<p>A huzamos tart\u00f3zkod\u00e1si k\u00e1rtya ir\u00e1nti k\u00e9relem online, a bev\u00e1ndorl\u00e1si hivatal EnterHungary nev\u0171 honlapj\u00e1n kereszt\u00fcl ig\u00e9nyelhet\u0151.<\/p><p>A huzamos tart\u00f3zkod\u00e1si k\u00e1rtya ir\u00e1nti k\u00e9relmet a hivatal 70 napon bel\u00fcl b\u00edr\u00e1lja el.<\/p>\t\t\t\t\t\t\t\t<\/div>\n\t\t\t\t<\/div>\n\t\t\t\t<div class=\"elementor-element elementor-element-6d44f4b elementor-widget elementor-widget-heading\" data-id=\"6d44f4b\" data-element_type=\"widget\" data-e-type=\"widget\" data-widget_type=\"heading.default\">\n\t\t\t\t<div class=\"elementor-widget-container\">\n\t\t\t\t\t<h3 class=\"elementor-heading-title elementor-size-default\">Munkav\u00e1llal\u00e1s a huzamos tart\u00f3zkod\u00e1si k\u00e1rtya birtok\u00e1ban<\/h3>\t\t\t\t<\/div>\n\t\t\t\t<\/div>\n\t\t\t\t<div class=\"elementor-element elementor-element-ee0f5b0 elementor-widget elementor-widget-text-editor\" data-id=\"ee0f5b0\" data-element_type=\"widget\" data-e-type=\"widget\" data-widget_type=\"text-editor.default\">\n\t\t\t\t<div class=\"elementor-widget-container\">\n\t\t\t\t\t\t\t\t\t<p>A huzamos tart\u00f3zkod\u00e1si k\u00e1rty\u00e1val rendelkez\u0151 nem EGT \u00e1llampolg\u00e1rok k\u00fcl\u00f6n enged\u00e9ly n\u00e9lk\u00fcl v\u00e1llalhatnak munk\u00e1t Magyarorsz\u00e1gon \u2013 az EGT \u00e1llampolg\u00e1rokkal megegyez\u0151 m\u00f3don.<\/p><p>Fontos azonban, hogy a munk\u00e1ltat\u00f3nak \u2013 az \u00e1ltal\u00e1nos bejelent\u00e9si k\u00f6telezetts\u00e9geken t\u00fal \u2013 k\u00fcl\u00f6n bejelent\u00e9st is kell tennie az illet\u00e9kes munka\u00fcgyi hat\u00f3s\u00e1g fel\u00e9 az enged\u00e9lymentes foglalkoztat\u00e1sr\u00f3l, amennyiben ilyen st\u00e1tusz\u00fa munkav\u00e1llal\u00f3t alkalmaz.<\/p>\t\t\t\t\t\t\t\t<\/div>\n\t\t\t\t<\/div>\n\t\t\t\t<div class=\"elementor-element elementor-element-55ab6495 elementor-widget elementor-widget-spacer\" data-id=\"55ab6495\" data-element_type=\"widget\" data-e-type=\"widget\" data-widget_type=\"spacer.default\">\n\t\t\t\t<div class=\"elementor-widget-container\">\n\t\t\t\t\t\t\t<div class=\"elementor-spacer\">\n\t\t\t<div class=\"elementor-spacer-inner\"><\/div>\n\t\t<\/div>\n\t\t\t\t\t\t<\/div>\n\t\t\t\t<\/div>\n\t\t\t\t<div class=\"elementor-element elementor-element-586f1a5a elementor-widget elementor-widget-image\" data-id=\"586f1a5a\" data-element_type=\"widget\" data-e-type=\"widget\" data-widget_type=\"image.default\">\n\t\t\t\t<div class=\"elementor-widget-container\">\n\t\t\t\t\t\t\t\t\t\t\t\t\t\t\t<img decoding=\"async\" width=\"300\" height=\"11\" src=\"https:\/\/settlers.hu\/wp-content\/uploads\/2024\/03\/pottyok-egysor-300x11.png\" class=\"attachment-medium size-medium wp-image-2243\" alt=\"\" srcset=\"https:\/\/settlers.hu\/wp-content\/uploads\/2024\/03\/pottyok-egysor-300x11.png 300w, https:\/\/settlers.hu\/wp-content\/uploads\/2024\/03\/pottyok-egysor.png 683w\" sizes=\"(max-width: 300px) 100vw, 300px\" \/>\t\t\t\t\t\t\t\t\t\t\t\t\t\t\t<\/div>\n\t\t\t\t<\/div>\n\t\t\t\t<div class=\"elementor-element elementor-element-7c831238 elementor-widget elementor-widget-text-editor\" data-id=\"7c831238\" data-element_type=\"widget\" data-e-type=\"widget\" data-widget_type=\"text-editor.default\">\n\t\t\t\t<div class=\"elementor-widget-container\">\n\t\t\t\t\t\t\t\t\t<p><strong>Amennyiben seg\u00edts\u00e9gre van sz\u00fcks\u00e9ge<\/strong> az igy\u00e9nyl\u00e9sben, keresse irod\u00e1nkat a honlapon tal\u00e1lhat\u00f3 el\u00e9rhet\u0151s\u00e9geken.<\/p>\t\t\t\t\t\t\t\t<\/div>\n\t\t\t\t<\/div>\n\t\t\t\t<div class=\"elementor-element elementor-element-64d602fe elementor-widget elementor-widget-text-editor\" data-id=\"64d602fe\" data-element_type=\"widget\" data-e-type=\"widget\" data-widget_type=\"text-editor.default\">\n\t\t\t\t<div class=\"elementor-widget-container\">\n\t\t\t\t\t\t\t\t\t<p>A k\u00e9relmez\u00e9si folyamatr\u00f3l hivatalos t\u00e1j\u00e9koztat\u00e1s, illetve a sz\u00fcks\u00e9ges formanyomtatv\u00e1nyok megtal\u00e1lhat\u00f3ak az Orsz\u00e1gos Idegenrend\u00e9szeti F\u0151igazgat\u00f3s\u00e1g honlapj\u00e1n: <a href=\"https:\/\/oif.gov.hu\/egt-allampolgar-csaladtagja-tartozkodasi-kartya\" target=\"_blank\" rel=\"noopener\">https:\/\/oif.gov.hu\/egt-allampolgar-csaladtagja-tartozkodasi-kartya <\/a><\/p><p>Az enged\u00e9ly k\u00e9relmek elj\u00e1r\u00e1si d\u00edjair\u00f3l a t\u00e1j\u00e9koztat\u00f3 itt tal\u00e1lhat\u00f3: <a href=\"https:\/\/oif.gov.hu\/tajekoztatok\/eljarasi-dijak\" target=\"_blank\" rel=\"noopener\">https:\/\/oif.gov.hu\/tajekoztatok\/eljarasi-dijak<\/a><\/p>\t\t\t\t\t\t\t\t<\/div>\n\t\t\t\t<\/div>\n\t\t\t\t<div class=\"elementor-element elementor-element-1496b27d elementor-widget elementor-widget-text-editor\" data-id=\"1496b27d\" data-element_type=\"widget\" data-e-type=\"widget\" data-widget_type=\"text-editor.default\">\n\t\t\t\t<div class=\"elementor-widget-container\">\n\t\t\t\t\t\t\t\t\t<p><span style=\"text-decoration: underline;\"><a href=\"#top\"><em>Vissza a tetej\u00e9re<\/em><\/a><\/span><\/p>\t\t\t\t\t\t\t\t<\/div>\n\t\t\t\t<\/div>\n\t\t\t\t<\/div>\n\t\t<div class=\"elementor-element elementor-element-320ed573 e-con-full e-flex e-con e-child\" data-id=\"320ed573\" data-element_type=\"container\" data-e-type=\"container\" data-settings=\"{&quot;background_background&quot;:&quot;classic&quot;}\">\n\t\t\t\t<div class=\"elementor-element elementor-element-33568517 elementor-widget elementor-widget-heading\" data-id=\"33568517\" data-element_type=\"widget\" data-e-type=\"widget\" data-widget_type=\"heading.default\">\n\t\t\t\t<div class=\"elementor-widget-container\">\n\t\t\t\t\t<h1 class=\"elementor-heading-title elementor-size-default\">Legfrissebb cikkeink<\/h1>\t\t\t\t<\/div>\n\t\t\t\t<\/div>\n\t\t\t\t<\/div>\n\t\t\t\t\t<\/div>\n\t\t\t\t<\/div>\n\t\t\t\t<\/div>\n\t\t","protected":false},"excerpt":{"rendered":"<p>Ez a k\u00e1rtya az Eur\u00f3pai Gazdas\u00e1gi T\u00e9rs\u00e9g (EGT) tag\u00e1llamai, valamint Sv\u00e1jc \u00e1llampolg\u00e1raihoz csatlakoz\u00f3, nem EGT \u00e1llampolg\u00e1rs\u00e1g\u00fa csal\u00e1dtagok r\u00e9sz\u00e9re ki\u00e1ll\u00edtott tart\u00f3zkod\u00e1si okm\u00e1ny.<\/p>\n","protected":false},"author":4,"featured_media":0,"parent":0,"menu_order":0,"comment_status":"closed","ping_status":"closed","template":"","meta":{"footnotes":""},"class_list":["post-4452","page","type-page","status-publish","hentry"],"_links":{"self":[{"href":"https:\/\/settlers.hu\/hu\/wp-json\/wp\/v2\/pages\/4452","targetHints":{"allow":["GET"]}}],"collection":[{"href":"https:\/\/settlers.hu\/hu\/wp-json\/wp\/v2\/pages"}],"about":[{"href":"https:\/\/settlers.hu\/hu\/wp-json\/wp\/v2\/types\/page"}],"author":[{"embeddable":true,"href":"https:\/\/settlers.hu\/hu\/wp-json\/wp\/v2\/users\/4"}],"replies":[{"embeddable":true,"href":"https:\/\/settlers.hu\/hu\/wp-json\/wp\/v2\/comments?post=4452"}],"version-history":[{"count":4,"href":"https:\/\/settlers.hu\/hu\/wp-json\/wp\/v2\/pages\/4452\/revisions"}],"predecessor-version":[{"id":4538,"href":"https:\/\/settlers.hu\/hu\/wp-json\/wp\/v2\/pages\/4452\/revisions\/4538"}],"wp:attachment":[{"href":"https:\/\/settlers.hu\/hu\/wp-json\/wp\/v2\/media?parent=4452"}],"curies":[{"name":"wp","href":"https:\/\/api.w.org\/{rel}","templated":true}]}}