{"id":4390,"date":"2025-10-22T11:19:51","date_gmt":"2025-10-22T11:19:51","guid":{"rendered":"https:\/\/settlers.hu\/ideiglenes-tartozkodasi-kartya\/"},"modified":"2025-10-22T11:39:09","modified_gmt":"2025-10-22T11:39:09","slug":"ideiglenes-tartozkodasi-kartya","status":"publish","type":"page","link":"https:\/\/settlers.hu\/hu\/ideiglenes-tartozkodasi-kartya\/","title":{"rendered":"Ideiglenes tart\u00f3zkod\u00e1si k\u00e1rtya"},"content":{"rendered":"\t\t<div data-elementor-type=\"wp-page\" data-elementor-id=\"4390\" class=\"elementor elementor-4390 elementor-4378\" data-elementor-post-type=\"page\">\n\t\t\t\t<div class=\"elementor-element elementor-element-3d3301c3 e-flex e-con-boxed e-con e-parent\" data-id=\"3d3301c3\" data-element_type=\"container\" data-e-type=\"container\">\n\t\t\t\t\t<div class=\"e-con-inner\">\n\t\t<div class=\"elementor-element elementor-element-7dfc1808 e-con-full e-flex e-con e-child\" data-id=\"7dfc1808\" data-element_type=\"container\" data-e-type=\"container\">\n\t\t\t\t<div class=\"elementor-element elementor-element-1a671ea8 elementor-widget elementor-widget-menu-anchor\" data-id=\"1a671ea8\" data-element_type=\"widget\" data-e-type=\"widget\" data-widget_type=\"menu-anchor.default\">\n\t\t\t\t<div class=\"elementor-widget-container\">\n\t\t\t\t\t\t\t<div class=\"elementor-menu-anchor\" id=\"top\"><\/div>\n\t\t\t\t\t\t<\/div>\n\t\t\t\t<\/div>\n\t\t\t\t<div class=\"elementor-element elementor-element-617f7111 elementor-widget elementor-widget-text-editor\" data-id=\"617f7111\" data-element_type=\"widget\" data-e-type=\"widget\" data-widget_type=\"text-editor.default\">\n\t\t\t\t<div class=\"elementor-widget-container\">\n\t\t\t\t\t\t\t\t\t<p><a href=\"https:\/\/settlers.hu\/hu\/tudasbazis\/\">Tud\u00e1sb\u00e1zis<\/a> \u00bb Regisztr\u00e1ci\u00f3s igazol\u00e1s<\/p>\t\t\t\t\t\t\t\t<\/div>\n\t\t\t\t<\/div>\n\t\t\t\t<div class=\"elementor-element elementor-element-3e5dd1c5 elementor-toc--minimized-on-tablet elementor-widget elementor-widget-table-of-contents\" data-id=\"3e5dd1c5\" data-element_type=\"widget\" data-e-type=\"widget\" data-settings=\"{&quot;headings_by_tags&quot;:[&quot;h3&quot;],&quot;marker_view&quot;:&quot;bullets&quot;,&quot;min_height&quot;:{&quot;unit&quot;:&quot;px&quot;,&quot;size&quot;:0,&quot;sizes&quot;:[]},&quot;no_headings_message&quot;:&quot;No headings were found on this page.&quot;,&quot;icon&quot;:{&quot;value&quot;:&quot;fas fa-circle&quot;,&quot;library&quot;:&quot;fa-solid&quot;},&quot;minimize_box&quot;:&quot;yes&quot;,&quot;minimized_on&quot;:&quot;tablet&quot;,&quot;hierarchical_view&quot;:&quot;yes&quot;,&quot;min_height_widescreen&quot;:{&quot;unit&quot;:&quot;px&quot;,&quot;size&quot;:&quot;&quot;,&quot;sizes&quot;:[]},&quot;min_height_laptop&quot;:{&quot;unit&quot;:&quot;px&quot;,&quot;size&quot;:&quot;&quot;,&quot;sizes&quot;:[]},&quot;min_height_tablet_extra&quot;:{&quot;unit&quot;:&quot;px&quot;,&quot;size&quot;:&quot;&quot;,&quot;sizes&quot;:[]},&quot;min_height_tablet&quot;:{&quot;unit&quot;:&quot;px&quot;,&quot;size&quot;:&quot;&quot;,&quot;sizes&quot;:[]},&quot;min_height_mobile_extra&quot;:{&quot;unit&quot;:&quot;px&quot;,&quot;size&quot;:&quot;&quot;,&quot;sizes&quot;:[]},&quot;min_height_mobile&quot;:{&quot;unit&quot;:&quot;px&quot;,&quot;size&quot;:&quot;&quot;,&quot;sizes&quot;:[]}}\" data-widget_type=\"table-of-contents.default\">\n\t\t\t\t<div class=\"elementor-widget-container\">\n\t\t\t\t\t\t\t\t\t<div class=\"elementor-toc__header\">\n\t\t\t\t\t\t<h3 class=\"elementor-toc__header-title\">\n\t\t\t\tTartalom\t\t\t<\/h3>\n\t\t\t\t\t\t\t\t\t\t<div class=\"elementor-toc__toggle-button elementor-toc__toggle-button--expand\" role=\"button\" tabindex=\"0\" aria-controls=\"elementor-toc__3e5dd1c5\" aria-expanded=\"true\" aria-label=\"Open table of contents\"><i aria-hidden=\"true\" class=\"fas fa-chevron-down\"><\/i><\/div>\n\t\t\t\t<div class=\"elementor-toc__toggle-button elementor-toc__toggle-button--collapse\" role=\"button\" tabindex=\"0\" aria-controls=\"elementor-toc__3e5dd1c5\" aria-expanded=\"true\" aria-label=\"Close table of contents\"><i aria-hidden=\"true\" class=\"fas fa-chevron-up\"><\/i><\/div>\n\t\t\t\t\t<\/div>\n\t\t\t\t<div id=\"elementor-toc__3e5dd1c5\" class=\"elementor-toc__body\">\n\t\t\t<div class=\"elementor-toc__spinner-container\">\n\t\t\t\t<i class=\"elementor-toc__spinner eicon-animation-spin eicon-loading\" aria-hidden=\"true\"><\/i>\t\t\t<\/div>\n\t\t<\/div>\n\t\t\t\t\t\t<\/div>\n\t\t\t\t<\/div>\n\t\t\t\t<div class=\"elementor-element elementor-element-77d267d elementor-widget elementor-widget-heading\" data-id=\"77d267d\" data-element_type=\"widget\" data-e-type=\"widget\" data-widget_type=\"heading.default\">\n\t\t\t\t<div class=\"elementor-widget-container\">\n\t\t\t\t\t<h3 class=\"elementor-heading-title elementor-size-default\">Mi az ideiglenes tart\u00f3zkod\u00e1si k\u00e1rtya?<\/h3>\t\t\t\t<\/div>\n\t\t\t\t<\/div>\n\t\t\t\t<div class=\"elementor-element elementor-element-776fff0b elementor-widget elementor-widget-text-editor\" data-id=\"776fff0b\" data-element_type=\"widget\" data-e-type=\"widget\" data-widget_type=\"text-editor.default\">\n\t\t\t\t<div class=\"elementor-widget-container\">\n\t\t\t\t\t\t\t\t\t<p>Az ideiglenes tart\u00f3zkod\u00e1si k\u00e1rtya a huzamos tart\u00f3zkod\u00e1sra jogos\u00edt\u00f3 enged\u00e9lyek egyik t\u00edpusa, mely a kor\u00e1bbi ideiglenes leteleped\u00e9si enged\u00e9lynek felel meg. Az ideiglenes tart\u00f3zkod\u00e1si k\u00e1rtya olyan okm\u00e1ny, amely egy m\u00e1sik EU-tag\u00e1llam \u00e1ltal kiadott, huzamos tart\u00f3zkod\u00e1si jog\u00e1ll\u00e1st igazol\u00f3 EU tart\u00f3zkod\u00e1si enged\u00e9ly alapj\u00e1n biztos\u00edtja a huzamos tart\u00f3zkod\u00e1st \u00e9s a kapcsol\u00f3d\u00f3 jogokat Magyarorsz\u00e1gon. <\/p>\t\t\t\t\t\t\t\t<\/div>\n\t\t\t\t<\/div>\n\t\t\t\t<div class=\"elementor-element elementor-element-439c3c70 elementor-widget elementor-widget-heading\" data-id=\"439c3c70\" data-element_type=\"widget\" data-e-type=\"widget\" data-widget_type=\"heading.default\">\n\t\t\t\t<div class=\"elementor-widget-container\">\n\t\t\t\t\t<h3 class=\"elementor-heading-title elementor-size-default\">Kik k\u00e9relmezhetnek ideiglenes tart\u00f3zkod\u00e1si k\u00e1rty\u00e1t?<\/h3>\t\t\t\t<\/div>\n\t\t\t\t<\/div>\n\t\t\t\t<div class=\"elementor-element elementor-element-3c18d735 elementor-widget elementor-widget-text-editor\" data-id=\"3c18d735\" data-element_type=\"widget\" data-e-type=\"widget\" data-widget_type=\"text-editor.default\">\n\t\t\t\t<div class=\"elementor-widget-container\">\n\t\t\t\t\t\t\t\t\t<p>Ideiglenes tart\u00f3zkod\u00e1si k\u00e1rty\u00e1t olyan nem EGT \u00e1llampolg\u00e1rok k\u00e9relmezhetnek, akik:<\/p><ul><li>rendelkeznek az EU valamely m\u00e1s tag\u00e1llama \u00e1ltal ki\u00e1ll\u00edtott, huzamos tart\u00f3zkod\u00e1si jog\u00e1ll\u00e1st biztos\u00edt\u00f3 EU tart\u00f3zkod\u00e1si enged\u00e9llyel \u00e9s<\/li><li>igazolj\u00e1k magyarorsz\u00e1gi tart\u00f3zkod\u00e1si c\u00e9ljukat (pl. munkav\u00e9gz\u00e9s, v\u00e1llalkoz\u00e1s, tanulm\u00e1nyok folytat\u00e1sa, egy\u00e9b igazolt c\u00e9l).<\/li><\/ul>\t\t\t\t\t\t\t\t<\/div>\n\t\t\t\t<\/div>\n\t\t\t\t<div class=\"elementor-element elementor-element-6e0b8f8 elementor-widget elementor-widget-heading\" data-id=\"6e0b8f8\" data-element_type=\"widget\" data-e-type=\"widget\" data-widget_type=\"heading.default\">\n\t\t\t\t<div class=\"elementor-widget-container\">\n\t\t\t\t\t<h3 class=\"elementor-heading-title elementor-size-default\">Mire jogos\u00edt az ideiglenes tart\u00f3zkod\u00e1si k\u00e1rtya?<\/h3>\t\t\t\t<\/div>\n\t\t\t\t<\/div>\n\t\t\t\t<div class=\"elementor-element elementor-element-e25874c elementor-widget elementor-widget-text-editor\" data-id=\"e25874c\" data-element_type=\"widget\" data-e-type=\"widget\" data-widget_type=\"text-editor.default\">\n\t\t\t\t<div class=\"elementor-widget-container\">\n\t\t\t\t\t\t\t\t\t<p>Az ideiglenes tart\u00f3zkod\u00e1si k\u00e1rtya \u00e9rv\u00e9nyess\u00e9gi ideje alatti magyarorsz\u00e1gi tart\u00f3zkod\u00e1sra, valamint munkav\u00e1llal\u00e1sra is jogos\u00edt (r\u00e9szletek lentebb).<\/p><p>Az ideiglenes tart\u00f3zkod\u00e1si k\u00e1rtya birtokosa az enged\u00e9ly ki\u00e1ll\u00edt\u00e1s\u00e1val \u00e1lland\u00f3 lak\u00f3helyet l\u00e9tes\u00edt Magyarorsz\u00e1gon (plasztik lakc\u00edmk\u00e1rty\u00e1t kap), \u00e9s belf\u00f6ldi jog\u00e1ll\u00e1s\u00fa szem\u00e9lly\u00e9 v\u00e1lik.<\/p><p>Az \u00e1lland\u00f3 lak\u00f3hellyel rendelkez\u0151 szem\u00e9lyek Magyarorsz\u00e1gon sz\u00e1mos jogosults\u00e1got \u00e9lvezhetnek, mint p\u00e9ld\u00e1ul:<\/p><ul><li>T\u00e1rsadalombiztos\u00edt\u00e1si ell\u00e1t\u00e1sokhoz val\u00f3 hozz\u00e1f\u00e9r\u00e9s (teljes k\u00f6r\u0171 eg\u00e9szs\u00e9g\u00fcgyi ell\u00e1t\u00e1s*, szoci\u00e1lis \u00e9s csal\u00e1dt\u00e1mogat\u00e1si juttat\u00e1sok)<\/li><li>\u00c1ll\u00e1skeres\u00e9si j\u00e1rad\u00e9kra (munkan\u00e9lk\u00fcli seg\u00e9lyre) val\u00f3 jogosults\u00e1g<\/li><li>R\u00e9szv\u00e9teli jog a helyi \u00f6nkorm\u00e1nyzati \u00e9s az EP-v\u00e1laszt\u00e1sokon<\/li><li>Lak\u00f3ingatlan tulajdonjog\u00e1nak enged\u00e9ly n\u00e9lk\u00fcli megszerz\u00e9se<\/li><li>Banki hitelfelv\u00e9tel lehet\u0151s\u00e9ge<\/li><li>Fels\u0151oktat\u00e1sban is el\u00e9rhet\u0151 t\u00e9r\u00edt\u00e9smentes k\u00e9pz\u00e9s<\/li><\/ul>\t\t\t\t\t\t\t\t<\/div>\n\t\t\t\t<\/div>\n\t\t\t\t<div class=\"elementor-element elementor-element-e7ad3d9 elementor-widget elementor-widget-text-editor\" data-id=\"e7ad3d9\" data-element_type=\"widget\" data-e-type=\"widget\" data-widget_type=\"text-editor.default\">\n\t\t\t\t<div class=\"elementor-widget-container\">\n\t\t\t\t\t\t\t\t\t<p><em>* Az a szem\u00e9ly, aki legal\u00e1bb egy \u00e9ve \u00e1lland\u00f3 lak\u00f3hellyel rendelkezik Magyarorsz\u00e1gon, nemcsak jogosult az eg\u00e9szs\u00e9g\u00fcgyi szolg\u00e1ltat\u00e1sokra, hanem k\u00f6teles is megfizetni az eg\u00e9szs\u00e9gbiztos\u00edt\u00e1si j\u00e1rul\u00e9kot, amennyiben nem biztos\u00edtott m\u00e1s jogc\u00edmen (pl. munkaviszony, tanulm\u00e1nyi jogviszony, sz\u00fcl\u00e9si szabads\u00e1g, vagy m\u00e1s EGT-\u00e1llamban fenn\u00e1ll\u00f3 biztos\u00edt\u00e1s alapj\u00e1n).<\/em><\/p>\t\t\t\t\t\t\t\t<\/div>\n\t\t\t\t<\/div>\n\t\t\t\t<div class=\"elementor-element elementor-element-ee9c600 elementor-widget elementor-widget-heading\" data-id=\"ee9c600\" data-element_type=\"widget\" data-e-type=\"widget\" data-widget_type=\"heading.default\">\n\t\t\t\t<div class=\"elementor-widget-container\">\n\t\t\t\t\t<h3 class=\"elementor-heading-title elementor-size-default\">Mennyi ideig \u00e9rv\u00e9nyes az ideiglenes tart\u00f3zkod\u00e1si k\u00e1rtya?<\/h3>\t\t\t\t<\/div>\n\t\t\t\t<\/div>\n\t\t\t\t<div class=\"elementor-element elementor-element-15d83c5b elementor-widget elementor-widget-text-editor\" data-id=\"15d83c5b\" data-element_type=\"widget\" data-e-type=\"widget\" data-widget_type=\"text-editor.default\">\n\t\t\t\t<div class=\"elementor-widget-container\">\n\t\t\t\t\t\t\t\t\t<p>Az ideiglenes tart\u00f3zkod\u00e1si k\u00e1rtya hat\u00e1rozott id\u0151re biztos\u00edtja a magyarorsz\u00e1gi tart\u00f3zkod\u00e1si jogot. \u00c9rv\u00e9nyess\u00e9ge legfeljebb 5 \u00e9v, ami alkalmank\u00e9nt tov\u00e1bbi legfeljebb \u00f6t \u00e9vre hosszabb\u00edthat\u00f3. <\/p><p>Az \u00e9rv\u00e9nyess\u00e9gi id\u0151t az hat\u00e1rozza meg, mennyi id\u0151re igazolhat\u00f3 a tart\u00f3zkod\u00e1si c\u00e9l.<\/p><p>A k\u00e9relmez\u0151 \u00fatlevel\u00e9nek \u00e9rv\u00e9nyess\u00e9ge nem befoly\u00e1solja az ideiglenes tart\u00f3zkod\u00e1si k\u00e1rtya \u00e9rv\u00e9nyess\u00e9gi idej\u00e9t.<\/p>\t\t\t\t\t\t\t\t<\/div>\n\t\t\t\t<\/div>\n\t\t\t\t<div class=\"elementor-element elementor-element-b0f604a elementor-widget elementor-widget-heading\" data-id=\"b0f604a\" data-element_type=\"widget\" data-e-type=\"widget\" data-widget_type=\"heading.default\">\n\t\t\t\t<div class=\"elementor-widget-container\">\n\t\t\t\t\t<h3 class=\"elementor-heading-title elementor-size-default\">Csal\u00e1dtagok helyzete<\/h3>\t\t\t\t<\/div>\n\t\t\t\t<\/div>\n\t\t\t\t<div class=\"elementor-element elementor-element-bbaa7c7 elementor-widget elementor-widget-text-editor\" data-id=\"bbaa7c7\" data-element_type=\"widget\" data-e-type=\"widget\" data-widget_type=\"text-editor.default\">\n\t\t\t\t<div class=\"elementor-widget-container\">\n\t\t\t\t\t\t\t\t\t<p>Csal\u00e1dtag is ig\u00e9nyelhet ideiglenes tart\u00f3zkod\u00e1si k\u00e1rty\u00e1t Magyarorsz\u00e1gon, amennyiben az al\u00e1bbi felt\u00e9telek k\u00f6z\u00fcl valamelyik teljes\u00fcl:<\/p><ul><li>a csal\u00e1dtag szint\u00e9n rendelkezik huzamos tart\u00f3zkod\u00e1si jog\u00e1ll\u00e1st biztos\u00edt\u00f3 tart\u00f3zkod\u00e1si enged\u00e9llyel, mely enged\u00e9lyt ugyanaz az EU tagorsz\u00e1g \u00e1ll\u00edtotta ki, mint az eltart\u00f3\u00e9t, illetve ha<\/li><li>hitelt \u00e9rdeml\u0151en igazolhat\u00f3, hogy a csal\u00e1di kapcsolat m\u00e1r fenn\u00e1llt abban az EU tag\u00e1llamban, amely az eltart\u00f3 r\u00e9sz\u00e9re a huzamos tart\u00f3zkod\u00e1si jog\u00e1ll\u00e1st biztos\u00edt\u00f3 tart\u00f3zkod\u00e1si enged\u00e9lyt kiadta.<\/li><\/ul>\t\t\t\t\t\t\t\t<\/div>\n\t\t\t\t<\/div>\n\t\t\t\t<div class=\"elementor-element elementor-element-bf5879b elementor-widget elementor-widget-text-editor\" data-id=\"bf5879b\" data-element_type=\"widget\" data-e-type=\"widget\" data-widget_type=\"text-editor.default\">\n\t\t\t\t<div class=\"elementor-widget-container\">\n\t\t\t\t\t\t\t\t\t<p>A csal\u00e1dtag tart\u00f3zkod\u00e1si okm\u00e1nya azonos \u00e9rv\u00e9nyess\u00e9g\u0171, mint az eltart\u00f3 szem\u00e9ly\u00e9.<\/p><p>Amennyiben az ideiglenes tart\u00f3zkod\u00e1si k\u00e1rtya birtokos\u00e1nak Magyarorsz\u00e1gon gyermeke sz\u00fcletik, a sz\u00fclet\u00e9s bejelent\u00e9s\u00e9t k\u00f6vet\u0151en a gyermek r\u00e9sz\u00e9re ideiglenes tart\u00f3zkod\u00e1si k\u00e1rtya ker\u00fcl ki\u00e1ll\u00edt\u00e1sra.<\/p>\t\t\t\t\t\t\t\t<\/div>\n\t\t\t\t<\/div>\n\t\t\t\t<div class=\"elementor-element elementor-element-7d3dc1b elementor-widget elementor-widget-heading\" data-id=\"7d3dc1b\" data-element_type=\"widget\" data-e-type=\"widget\" data-widget_type=\"heading.default\">\n\t\t\t\t<div class=\"elementor-widget-container\">\n\t\t\t\t\t<h3 class=\"elementor-heading-title elementor-size-default\">A k\u00e9relmez\u00e9s folyamata<\/h3>\t\t\t\t<\/div>\n\t\t\t\t<\/div>\n\t\t\t\t<div class=\"elementor-element elementor-element-3206326 elementor-widget elementor-widget-text-editor\" data-id=\"3206326\" data-element_type=\"widget\" data-e-type=\"widget\" data-widget_type=\"text-editor.default\">\n\t\t\t\t<div class=\"elementor-widget-container\">\n\t\t\t\t\t\t\t\t\t<p>Az ideiglenes tart\u00f3zkod\u00e1si k\u00e1rtya ir\u00e1nti k\u00e9relem kiz\u00e1r\u00f3lag Magyarorsz\u00e1gon ny\u00fajthat\u00f3 be, a bev\u00e1ndorl\u00e1si hivatal EnterHungary nev\u0171 honlapj\u00e1n kereszt\u00fcl.<\/p><p>A k\u00e9relmet a m\u00e1s \u00e1llam \u00e1ltal kiadott EU tart\u00f3zkod\u00e1si enged\u00e9llyel t\u00f6rt\u00e9n\u0151 beutaz\u00e1st k\u00f6vet\u0151en, legk\u00e9s\u0151bb a r\u00f6vid id\u0151tartam\u00fa, jogszer\u0171 tart\u00f3zkod\u00e1s utols\u00f3 napj\u00e1n lehet beny\u00fajtani.<\/p><p>Amennyiben a k\u00e9relmez\u0151 m\u00e1r rendelkezik Magyarorsz\u00e1gon tart\u00f3zkod\u00e1si enged\u00e9llyel, annak \u00e9rv\u00e9nyess\u00e9gi ideje alatt \u00e1tv\u00e1lthat ideiglenes tart\u00f3zkod\u00e1si k\u00e1rty\u00e1ra.<\/p><p>Az ideigenes tart\u00f3zkod\u00e1si k\u00e1rtya ir\u00e1nti k\u00e9relem elb\u00edr\u00e1l\u00e1si ideje 21 nap.<\/p>\t\t\t\t\t\t\t\t<\/div>\n\t\t\t\t<\/div>\n\t\t\t\t<div class=\"elementor-element elementor-element-fe3f9e7 elementor-widget elementor-widget-heading\" data-id=\"fe3f9e7\" data-element_type=\"widget\" data-e-type=\"widget\" data-widget_type=\"heading.default\">\n\t\t\t\t<div class=\"elementor-widget-container\">\n\t\t\t\t\t<h3 class=\"elementor-heading-title elementor-size-default\">Munkav\u00e1llal\u00e1s ideiglenes tart\u00f3zkod\u00e1si k\u00e1rty\u00e1val<\/h3>\t\t\t\t<\/div>\n\t\t\t\t<\/div>\n\t\t\t\t<div class=\"elementor-element elementor-element-30015e9 elementor-widget elementor-widget-text-editor\" data-id=\"30015e9\" data-element_type=\"widget\" data-e-type=\"widget\" data-widget_type=\"text-editor.default\">\n\t\t\t\t<div class=\"elementor-widget-container\">\n\t\t\t\t\t\t\t\t\t<p>A tart\u00f3zkod\u00e1si k\u00e1rty\u00e1val rendelkez\u0151 nem EGT \u00e1llampolg\u00e1rok k\u00fcl\u00f6n enged\u00e9ly n\u00e9lk\u00fcl v\u00e1llalhatnak munk\u00e1t Magyarorsz\u00e1gon \u2013 az EGT \u00e1llampolg\u00e1rokkal megegyez\u0151 m\u00f3don.<\/p><p>Fontos azonban, hogy a munk\u00e1ltat\u00f3nak \u2013 az \u00e1ltal\u00e1nos bejelent\u00e9si k\u00f6telezetts\u00e9geken t\u00fal \u2013 k\u00fcl\u00f6n bejelent\u00e9st is kell tennie az illet\u00e9kes munka\u00fcgyi hat\u00f3s\u00e1g fel\u00e9 az enged\u00e9lymentes foglalkoztat\u00e1sr\u00f3l, amennyiben ilyen st\u00e1tusz\u00fa munkav\u00e1llal\u00f3t alkalmaz.<\/p>\t\t\t\t\t\t\t\t<\/div>\n\t\t\t\t<\/div>\n\t\t\t\t<div class=\"elementor-element elementor-element-2db53428 elementor-widget elementor-widget-spacer\" data-id=\"2db53428\" data-element_type=\"widget\" data-e-type=\"widget\" data-widget_type=\"spacer.default\">\n\t\t\t\t<div class=\"elementor-widget-container\">\n\t\t\t\t\t\t\t<div class=\"elementor-spacer\">\n\t\t\t<div class=\"elementor-spacer-inner\"><\/div>\n\t\t<\/div>\n\t\t\t\t\t\t<\/div>\n\t\t\t\t<\/div>\n\t\t\t\t<div class=\"elementor-element elementor-element-37b89c95 elementor-widget elementor-widget-image\" data-id=\"37b89c95\" data-element_type=\"widget\" data-e-type=\"widget\" data-widget_type=\"image.default\">\n\t\t\t\t<div class=\"elementor-widget-container\">\n\t\t\t\t\t\t\t\t\t\t\t\t\t\t\t<img decoding=\"async\" width=\"300\" height=\"11\" src=\"https:\/\/settlers.hu\/wp-content\/uploads\/2024\/03\/pottyok-egysor-300x11.png\" class=\"attachment-medium size-medium wp-image-2243\" alt=\"\" srcset=\"https:\/\/settlers.hu\/wp-content\/uploads\/2024\/03\/pottyok-egysor-300x11.png 300w, https:\/\/settlers.hu\/wp-content\/uploads\/2024\/03\/pottyok-egysor.png 683w\" sizes=\"(max-width: 300px) 100vw, 300px\" \/>\t\t\t\t\t\t\t\t\t\t\t\t\t\t\t<\/div>\n\t\t\t\t<\/div>\n\t\t\t\t<div class=\"elementor-element elementor-element-5911390f elementor-widget elementor-widget-text-editor\" data-id=\"5911390f\" data-element_type=\"widget\" data-e-type=\"widget\" data-widget_type=\"text-editor.default\">\n\t\t\t\t<div class=\"elementor-widget-container\">\n\t\t\t\t\t\t\t\t\t<p><strong>Amennyiben seg\u00edts\u00e9gre van sz\u00fcks\u00e9ge<\/strong> az igy\u00e9nyl\u00e9sben, keresse irod\u00e1nkat a honlapon tal\u00e1lhat\u00f3 el\u00e9rhet\u0151s\u00e9geken.<\/p>\t\t\t\t\t\t\t\t<\/div>\n\t\t\t\t<\/div>\n\t\t\t\t<div class=\"elementor-element elementor-element-10b1f569 elementor-widget elementor-widget-text-editor\" data-id=\"10b1f569\" data-element_type=\"widget\" data-e-type=\"widget\" data-widget_type=\"text-editor.default\">\n\t\t\t\t<div class=\"elementor-widget-container\">\n\t\t\t\t\t\t\t\t\t<p>A k\u00e9relmez\u00e9si folyamatr\u00f3l hivatalos t\u00e1j\u00e9koztat\u00e1s, illetve a sz\u00fcks\u00e9ges formanyomtatv\u00e1nyok megtal\u00e1lhat\u00f3ak az Orsz\u00e1gos Idegenrend\u00e9szeti F\u0151igazgat\u00f3s\u00e1g honlapj\u00e1n, itt: <a href=\"https:\/\/oif.gov.hu\/factsheets\/interim-residence-card\" target=\"_blank\" rel=\"noopener\"><strong>https:\/\/oif.gov.hu\/tajekoztatok\/ideiglenes-tartozkodasi-kartya <\/strong><\/a><\/p><p>Az enged\u00e9ly k\u00e9relmek elj\u00e1r\u00e1si d\u00edjair\u00f3l a t\u00e1j\u00e9koztat\u00f3 <a href=\"https:\/\/oif.gov.hu\/tajekoztatok\/eljarasi-dijak\" target=\"_blank\" rel=\"noopener\"><strong>itt<\/strong><\/a> tal\u00e1lhat\u00f3.<\/p>\t\t\t\t\t\t\t\t<\/div>\n\t\t\t\t<\/div>\n\t\t\t\t<div class=\"elementor-element elementor-element-7f33391 elementor-widget elementor-widget-text-editor\" data-id=\"7f33391\" data-element_type=\"widget\" data-e-type=\"widget\" data-widget_type=\"text-editor.default\">\n\t\t\t\t<div class=\"elementor-widget-container\">\n\t\t\t\t\t\t\t\t\t<p><span style=\"text-decoration: underline;\"><a href=\"#top\"><em>Vissza a tetej\u00e9re<\/em><\/a><\/span><\/p>\t\t\t\t\t\t\t\t<\/div>\n\t\t\t\t<\/div>\n\t\t\t\t<\/div>\n\t\t<div class=\"elementor-element elementor-element-7ccae4ec e-con-full e-flex e-con e-child\" data-id=\"7ccae4ec\" data-element_type=\"container\" data-e-type=\"container\" data-settings=\"{&quot;background_background&quot;:&quot;classic&quot;}\">\n\t\t\t\t<div class=\"elementor-element elementor-element-7c45578d elementor-widget elementor-widget-heading\" data-id=\"7c45578d\" data-element_type=\"widget\" data-e-type=\"widget\" data-widget_type=\"heading.default\">\n\t\t\t\t<div class=\"elementor-widget-container\">\n\t\t\t\t\t<h1 class=\"elementor-heading-title elementor-size-default\">Legfrissebb cikkeink<\/h1>\t\t\t\t<\/div>\n\t\t\t\t<\/div>\n\t\t\t\t<\/div>\n\t\t\t\t\t<\/div>\n\t\t\t\t<\/div>\n\t\t\t\t<\/div>\n\t\t","protected":false},"excerpt":{"rendered":"<p>Az ideiglenes tart\u00f3zkod\u00e1si k\u00e1rtya egy m\u00e1sik EU-tag\u00e1llam \u00e1ltal kiadott, huzamos tart\u00f3zkod\u00e1si jog\u00e1ll\u00e1st igazol\u00f3 EU tart\u00f3zkod\u00e1si enged\u00e9ly alapj\u00e1n biztos\u00edtja a huzamos tart\u00f3zkod\u00e1st \u00e9s a kapcsol\u00f3d\u00f3 jogokat Magyarorsz\u00e1gon.<\/p>\n","protected":false},"author":4,"featured_media":0,"parent":0,"menu_order":0,"comment_status":"closed","ping_status":"closed","template":"","meta":{"footnotes":""},"class_list":["post-4390","page","type-page","status-publish","hentry"],"_links":{"self":[{"href":"https:\/\/settlers.hu\/hu\/wp-json\/wp\/v2\/pages\/4390","targetHints":{"allow":["GET"]}}],"collection":[{"href":"https:\/\/settlers.hu\/hu\/wp-json\/wp\/v2\/pages"}],"about":[{"href":"https:\/\/settlers.hu\/hu\/wp-json\/wp\/v2\/types\/page"}],"author":[{"embeddable":true,"href":"https:\/\/settlers.hu\/hu\/wp-json\/wp\/v2\/users\/4"}],"replies":[{"embeddable":true,"href":"https:\/\/settlers.hu\/hu\/wp-json\/wp\/v2\/comments?post=4390"}],"version-history":[{"count":1,"href":"https:\/\/settlers.hu\/hu\/wp-json\/wp\/v2\/pages\/4390\/revisions"}],"predecessor-version":[{"id":4391,"href":"https:\/\/settlers.hu\/hu\/wp-json\/wp\/v2\/pages\/4390\/revisions\/4391"}],"wp:attachment":[{"href":"https:\/\/settlers.hu\/hu\/wp-json\/wp\/v2\/media?parent=4390"}],"curies":[{"name":"wp","href":"https:\/\/api.w.org\/{rel}","templated":true}]}}