{"id":4177,"date":"2025-07-02T12:13:08","date_gmt":"2025-07-02T12:13:08","guid":{"rendered":"https:\/\/settlers.hu\/tanulmanyi-celu-tartozkodasi-engedely\/"},"modified":"2025-07-02T13:28:58","modified_gmt":"2025-07-02T13:28:58","slug":"tanulmanyi-celu-tartozkodasi-engedely","status":"publish","type":"page","link":"https:\/\/settlers.hu\/hu\/tanulmanyi-celu-tartozkodasi-engedely\/","title":{"rendered":"Tanulm\u00e1nyi c\u00e9l\u00fa tart\u00f3zkod\u00e1si enged\u00e9ly"},"content":{"rendered":"\t\t<div data-elementor-type=\"wp-page\" data-elementor-id=\"4177\" class=\"elementor elementor-4177 elementor-4153\" data-elementor-post-type=\"page\">\n\t\t\t\t<div class=\"elementor-element elementor-element-6a709afa e-flex e-con-boxed e-con e-parent\" data-id=\"6a709afa\" data-element_type=\"container\" data-e-type=\"container\">\n\t\t\t\t\t<div class=\"e-con-inner\">\n\t\t<div class=\"elementor-element elementor-element-c0d88e3 e-con-full e-flex e-con e-child\" data-id=\"c0d88e3\" data-element_type=\"container\" data-e-type=\"container\">\n\t\t\t\t<div class=\"elementor-element elementor-element-1ce808d6 elementor-widget elementor-widget-menu-anchor\" data-id=\"1ce808d6\" data-element_type=\"widget\" data-e-type=\"widget\" data-widget_type=\"menu-anchor.default\">\n\t\t\t\t<div class=\"elementor-widget-container\">\n\t\t\t\t\t\t\t<div class=\"elementor-menu-anchor\" id=\"top\"><\/div>\n\t\t\t\t\t\t<\/div>\n\t\t\t\t<\/div>\n\t\t\t\t<div class=\"elementor-element elementor-element-2be711db elementor-widget elementor-widget-text-editor\" data-id=\"2be711db\" data-element_type=\"widget\" data-e-type=\"widget\" data-widget_type=\"text-editor.default\">\n\t\t\t\t<div class=\"elementor-widget-container\">\n\t\t\t\t\t\t\t\t\t<p><a href=\"https:\/\/settlers.hu\/hu\/tudasbazis\/\">Tud\u00e1sb\u00e1zis<\/a> \u00bb Tanulm\u00e1nyi c\u00e9l\u00fa tart\u00f3zkod\u00e1si enged\u00e9ly<\/p>\t\t\t\t\t\t\t\t<\/div>\n\t\t\t\t<\/div>\n\t\t\t\t<div class=\"elementor-element elementor-element-56742de9 elementor-toc--minimized-on-tablet elementor-widget elementor-widget-table-of-contents\" data-id=\"56742de9\" data-element_type=\"widget\" data-e-type=\"widget\" data-settings=\"{&quot;headings_by_tags&quot;:[&quot;h3&quot;],&quot;marker_view&quot;:&quot;bullets&quot;,&quot;min_height&quot;:{&quot;unit&quot;:&quot;px&quot;,&quot;size&quot;:0,&quot;sizes&quot;:[]},&quot;no_headings_message&quot;:&quot;No headings were found on this page.&quot;,&quot;icon&quot;:{&quot;value&quot;:&quot;fas fa-circle&quot;,&quot;library&quot;:&quot;fa-solid&quot;},&quot;minimize_box&quot;:&quot;yes&quot;,&quot;minimized_on&quot;:&quot;tablet&quot;,&quot;hierarchical_view&quot;:&quot;yes&quot;,&quot;min_height_widescreen&quot;:{&quot;unit&quot;:&quot;px&quot;,&quot;size&quot;:&quot;&quot;,&quot;sizes&quot;:[]},&quot;min_height_laptop&quot;:{&quot;unit&quot;:&quot;px&quot;,&quot;size&quot;:&quot;&quot;,&quot;sizes&quot;:[]},&quot;min_height_tablet_extra&quot;:{&quot;unit&quot;:&quot;px&quot;,&quot;size&quot;:&quot;&quot;,&quot;sizes&quot;:[]},&quot;min_height_tablet&quot;:{&quot;unit&quot;:&quot;px&quot;,&quot;size&quot;:&quot;&quot;,&quot;sizes&quot;:[]},&quot;min_height_mobile_extra&quot;:{&quot;unit&quot;:&quot;px&quot;,&quot;size&quot;:&quot;&quot;,&quot;sizes&quot;:[]},&quot;min_height_mobile&quot;:{&quot;unit&quot;:&quot;px&quot;,&quot;size&quot;:&quot;&quot;,&quot;sizes&quot;:[]}}\" data-widget_type=\"table-of-contents.default\">\n\t\t\t\t<div class=\"elementor-widget-container\">\n\t\t\t\t\t\t\t\t\t<div class=\"elementor-toc__header\">\n\t\t\t\t\t\t<h3 class=\"elementor-toc__header-title\">\n\t\t\t\tTartalom\t\t\t<\/h3>\n\t\t\t\t\t\t\t\t\t\t<div class=\"elementor-toc__toggle-button elementor-toc__toggle-button--expand\" role=\"button\" tabindex=\"0\" aria-controls=\"elementor-toc__56742de9\" aria-expanded=\"true\" aria-label=\"Open table of contents\"><i aria-hidden=\"true\" class=\"fas fa-chevron-down\"><\/i><\/div>\n\t\t\t\t<div class=\"elementor-toc__toggle-button elementor-toc__toggle-button--collapse\" role=\"button\" tabindex=\"0\" aria-controls=\"elementor-toc__56742de9\" aria-expanded=\"true\" aria-label=\"Close table of contents\"><i aria-hidden=\"true\" class=\"fas fa-chevron-up\"><\/i><\/div>\n\t\t\t\t\t<\/div>\n\t\t\t\t<div id=\"elementor-toc__56742de9\" class=\"elementor-toc__body\">\n\t\t\t<div class=\"elementor-toc__spinner-container\">\n\t\t\t\t<i class=\"elementor-toc__spinner eicon-animation-spin eicon-loading\" aria-hidden=\"true\"><\/i>\t\t\t<\/div>\n\t\t<\/div>\n\t\t\t\t\t\t<\/div>\n\t\t\t\t<\/div>\n\t\t\t\t<div class=\"elementor-element elementor-element-281fc2d1 elementor-widget elementor-widget-heading\" data-id=\"281fc2d1\" data-element_type=\"widget\" data-e-type=\"widget\" data-widget_type=\"heading.default\">\n\t\t\t\t<div class=\"elementor-widget-container\">\n\t\t\t\t\t<h3 class=\"elementor-heading-title elementor-size-default\">Mi a tanulm\u00e1nyi c\u00e9l\u00fa tart\u00f3zkod\u00e1si enged\u00e9ly?<\/h3>\t\t\t\t<\/div>\n\t\t\t\t<\/div>\n\t\t\t\t<div class=\"elementor-element elementor-element-5965a227 elementor-widget elementor-widget-text-editor\" data-id=\"5965a227\" data-element_type=\"widget\" data-e-type=\"widget\" data-widget_type=\"text-editor.default\">\n\t\t\t\t<div class=\"elementor-widget-container\">\n\t\t\t\t\t\t\t\t\t<p>A <strong>tanulm\u00e1nyok folytat\u00e1sa<\/strong> miatt hossz\u00fa t\u00e1v\u00fa (90 napn\u00e1l hosszabb) tart\u00f3zkod\u00e1s c\u00e9lj\u00e1b\u00f3l Magyarorsz\u00e1gra \u00e9rkez\u0151 nem EGT \u00e1llampolg\u00e1roknak rendelkezni\u00fck kell tart\u00f3zkod\u00e1si enged\u00e9llyel. A sz\u00e1mukra megfelel\u0151 enged\u00e9ly t\u00edpus a tanulm\u00e1nyi c\u00e9l\u00fa tart\u00f3zkod\u00e1si enged\u00e9ly. <\/p><p><em>A tanulm\u00e1nyok folytat\u00e1sa \u00f6nmag\u00e1ban nem enged\u00e9lyk\u00f6teles tev\u00e9kenys\u00e9g, m\u00e1s enged\u00e9ly t\u00edpussal is lehets\u00e9ges. <\/em><\/p>\t\t\t\t\t\t\t\t<\/div>\n\t\t\t\t<\/div>\n\t\t\t\t<div class=\"elementor-element elementor-element-1c09b30 elementor-widget elementor-widget-heading\" data-id=\"1c09b30\" data-element_type=\"widget\" data-e-type=\"widget\" data-widget_type=\"heading.default\">\n\t\t\t\t<div class=\"elementor-widget-container\">\n\t\t\t\t\t<h3 class=\"elementor-heading-title elementor-size-default\">Kik k\u00e9relmezhetik a tanulm\u00e1nyi c\u00e9l\u00fa tart\u00f3zkod\u00e1si enged\u00e9lyt?<\/h3>\t\t\t\t<\/div>\n\t\t\t\t<\/div>\n\t\t\t\t<div class=\"elementor-element elementor-element-edad7d5 elementor-widget elementor-widget-text-editor\" data-id=\"edad7d5\" data-element_type=\"widget\" data-e-type=\"widget\" data-widget_type=\"text-editor.default\">\n\t\t\t\t<div class=\"elementor-widget-container\">\n\t\t\t\t\t\t\t\t\t<p>Azon nem EGT \u00e1llampolg\u00e1rok k\u00e9relmezhetik a tanulm\u00e1nyi c\u00e9l\u00fa tart\u00f3zkod\u00e1si enged\u00e9lyt, akik <strong>akt\u00edv, nappali (teljes id\u0151s) oktat\u00e1sban vesznek r\u00e9szt Magyarorsz\u00e1gon <\/strong><\/p><ul><li>\u00e1ltal\u00e1nos, k\u00f6z\u00e9p- vagy fels\u0151oktat\u00e1sban,<\/li><li>\u00e1llamilag elismert, vagy enged\u00e9llyel m\u0171k\u00f6d\u0151 k\u00fclf\u00f6ldi fels\u0151oktat\u00e1si int\u00e9zm\u00e9nyben,<\/li><li>fels\u0151oktat\u00e1si int\u00e9zm\u00e9ny \u00e1ltal szervezett, a tanulm\u00e1nyi el\u0151k\u00e9sz\u00edt\u0151 k\u00e9pz\u00e9sben.<\/li><\/ul>\t\t\t\t\t\t\t\t<\/div>\n\t\t\t\t<\/div>\n\t\t\t\t<div class=\"elementor-element elementor-element-ba27955 elementor-widget elementor-widget-heading\" data-id=\"ba27955\" data-element_type=\"widget\" data-e-type=\"widget\" data-widget_type=\"heading.default\">\n\t\t\t\t<div class=\"elementor-widget-container\">\n\t\t\t\t\t<h3 class=\"elementor-heading-title elementor-size-default\">Mire jogos\u00edt a tanulm\u00e1nyi c\u00e9l\u00fa enged\u00e9ly?<\/h3>\t\t\t\t<\/div>\n\t\t\t\t<\/div>\n\t\t\t\t<div class=\"elementor-element elementor-element-3f51567 elementor-widget elementor-widget-text-editor\" data-id=\"3f51567\" data-element_type=\"widget\" data-e-type=\"widget\" data-widget_type=\"text-editor.default\">\n\t\t\t\t<div class=\"elementor-widget-container\">\n\t\t\t\t\t\t\t\t\t<p>Az enged\u00e9ly \u00e9rv\u00e9nyess\u00e9gi ideje alatti <strong>magyarorsz\u00e1gi tart\u00f3zkod\u00e1sra, valamint tanulm\u00e1nyok folytat\u00e1s\u00e1ra jogos\u00edt. <\/strong><\/p><p>Munkav\u00e1llal\u00e1sra is van lehet\u0151s\u00e9g akt\u00edv hallgat\u00f3i jogviszonyon alapul\u00f3 \u00e9rv\u00e9nyes tanulm\u00e1nyi c\u00e9l\u00fa tart\u00f3zkod\u00e1si enged\u00e9ly birtok\u00e1ban, de csak korl\u00e1tozottan.<\/p><p>A tanulm\u00e1nyi c\u00e9l\u00fa enged\u00e9ly birtokosa jogosult belf\u00f6ld\u00f6n m\u00e1s enged\u00e9ly t\u00edpusra v\u00e1ltani.<\/p>\t\t\t\t\t\t\t\t<\/div>\n\t\t\t\t<\/div>\n\t\t\t\t<div class=\"elementor-element elementor-element-02e8a87 elementor-widget elementor-widget-heading\" data-id=\"02e8a87\" data-element_type=\"widget\" data-e-type=\"widget\" data-widget_type=\"heading.default\">\n\t\t\t\t<div class=\"elementor-widget-container\">\n\t\t\t\t\t<h3 class=\"elementor-heading-title elementor-size-default\">Mennyi ideig \u00e9rv\u00e9nyes a tanulm\u00e1nyi c\u00e9l\u00fa enged\u00e9ly?<\/h3>\t\t\t\t<\/div>\n\t\t\t\t<\/div>\n\t\t\t\t<div class=\"elementor-element elementor-element-0aac71a elementor-widget elementor-widget-text-editor\" data-id=\"0aac71a\" data-element_type=\"widget\" data-e-type=\"widget\" data-widget_type=\"text-editor.default\">\n\t\t\t\t<div class=\"elementor-widget-container\">\n\t\t\t\t\t\t\t\t\t<p>A tanulm\u00e1nyi c\u00e9l\u00fa tart\u00f3zkod\u00e1si enged\u00e9lyt a hivatal <strong>legal\u00e1bb egy \u00e9vre, legfeljebb pedig 3 \u00e9vre<\/strong> \u00e1ll\u00edtja ki, figyelembe v\u00e9ve a k\u00e9relemhez csatolt hallgat\u00f3i jogviszony igazol\u00e1s \u00e9rv\u00e9nyess\u00e9g\u00e9t.<\/p><p>Az enged\u00e9ly \u00e9rv\u00e9nyess\u00e9g\u00e9t a fentieken t\u00fal befoly\u00e1solja a k\u00e9relmez\u0151 \u00fatlevel\u00e9nek \u00e9rv\u00e9nyess\u00e9ge is. A tanulm\u00e1nyi c\u00e9l\u00fa enged\u00e9ly legfeljebb az \u00fatlev\u00e9l lej\u00e1rat\u00e1nak napj\u00e1ig lehet \u00e9rv\u00e9nyes.<\/p><p>Az enged\u00e9ly k\u00e9relem elb\u00edr\u00e1l\u00e1sa sor\u00e1n a hivatal jogosult az enged\u00e9lyt a k\u00e9relmezett id\u0151n\u00e9l r\u00f6videbb id\u0151re korl\u00e1tozni, ha valamilyen k\u00f6r\u00fclm\u00e9ny alapj\u00e1n ezt indokoltnak l\u00e1tja (eg\u00e9szs\u00e9gbiztos\u00edt\u00e1s, lakhat\u00e1s, megtakar\u00edt\u00e1s).<\/p>\t\t\t\t\t\t\t\t<\/div>\n\t\t\t\t<\/div>\n\t\t\t\t<div class=\"elementor-element elementor-element-9770cee elementor-widget elementor-widget-heading\" data-id=\"9770cee\" data-element_type=\"widget\" data-e-type=\"widget\" data-widget_type=\"heading.default\">\n\t\t\t\t<div class=\"elementor-widget-container\">\n\t\t\t\t\t<h3 class=\"elementor-heading-title elementor-size-default\">Csal\u00e1dtagok helyzete<\/h3>\t\t\t\t<\/div>\n\t\t\t\t<\/div>\n\t\t\t\t<div class=\"elementor-element elementor-element-301a953 elementor-widget elementor-widget-text-editor\" data-id=\"301a953\" data-element_type=\"widget\" data-e-type=\"widget\" data-widget_type=\"text-editor.default\">\n\t\t\t\t<div class=\"elementor-widget-container\">\n\t\t\t\t\t\t\t\t\t<p>A tanulm\u00e1nyi c\u00e9l\u00fa tartoz\u00f3 enged\u00e9lyek birtokosaihoz <strong>nem csatlakozhatnak csal\u00e1dtagok Magyarorsz\u00e1gon. <\/strong><\/p><p>Kiv\u00e9tel ez al\u00f3l, ha a tanulm\u00e1nyi c\u00e9l\u00fa tart\u00f3zkod\u00e1si enged\u00e9ly birtokos\u00e1nak Magyarorsz\u00e1gon sz\u00fcletik gyermeke, r\u00e9sz\u00fckre csal\u00e1degyes\u00edt\u00e9si c\u00e9l\u00fa tart\u00f3zkod\u00e1si enged\u00e9lyt \u00e1ll\u00edt ki a hivatal a sz\u00fcl\u0151 (eltart\u00f3) tanulm\u00e1nyi c\u00e9l\u00fa enged\u00e9lye alapj\u00e1n. <\/p><p>Ha a csal\u00e1dtagnak van \u00f6n\u00e1ll\u00f3 tart\u00f3zkod\u00e1si jogalapja (pl. munkav\u00e1llal\u00e1s, tanulm\u00e1nyok folytat\u00e1sa) akkor k\u00e9relmezheti a megfelel\u0151 tart\u00f3zkod\u00e1si enged\u00e9lyt.<\/p>\t\t\t\t\t\t\t\t<\/div>\n\t\t\t\t<\/div>\n\t\t\t\t<div class=\"elementor-element elementor-element-0f253ce elementor-widget elementor-widget-heading\" data-id=\"0f253ce\" data-element_type=\"widget\" data-e-type=\"widget\" data-widget_type=\"heading.default\">\n\t\t\t\t<div class=\"elementor-widget-container\">\n\t\t\t\t\t<h3 class=\"elementor-heading-title elementor-size-default\">A k\u00e9relmez\u00e9s folyamata<\/h3>\t\t\t\t<\/div>\n\t\t\t\t<\/div>\n\t\t\t\t<div class=\"elementor-element elementor-element-d7e9fa7 elementor-widget elementor-widget-text-editor\" data-id=\"d7e9fa7\" data-element_type=\"widget\" data-e-type=\"widget\" data-widget_type=\"text-editor.default\">\n\t\t\t\t<div class=\"elementor-widget-container\">\n\t\t\t\t\t\t\t\t\t<p>Amennyiben a k\u00e9relmez\u0151 nem tart\u00f3zkodik Magyarorsz\u00e1gon, az els\u0151 k\u00e9relem beny\u00fajt\u00e1sa szem\u00e9lyesen, a sz\u00e1rmaz\u00e1si orsz\u00e1ga, vagy a tart\u00f3zkod\u00e1si helye szerinti orsz\u00e1gban tal\u00e1lhat\u00f3 magyar konzul\u00e1tuson t\u00f6rt\u00e9nik.<\/p><p>Amennyiben a k\u00e9relmez\u0151 v\u00edzummentesen, turistak\u00e9nt beutazott, az els\u0151 k\u00e9relm\u00e9t online, a bev\u00e1ndorl\u00e1si hivatal EnterHungary nev\u0171 honlapj\u00e1n kereszt\u00fcl ig\u00e9nyelheti.<\/p><p>Ha a k\u00e9relmez\u0151 m\u00e1r Magyarorsz\u00e1gon tart\u00f3zkodik \u00e9s meghosszabb\u00edtja az enged\u00e9ly\u00e9t, a hosszabb\u00edt\u00e1si k\u00e9relm\u00e9t online kell beny\u00fajtania. A hosszabb\u00edt\u00e1si k\u00e9relmet legk\u00e9s\u0151bb az \u00e9rv\u00e9nyess\u00e9gi id\u0151 lej\u00e1rata el\u0151tt 30 nappal kell beny\u00fajtani.<\/p><p><strong>A tanulm\u00e1nyi c\u00e9l\u00fa tart\u00f3zkod\u00e1si enged\u00e9ly ir\u00e1nti k\u00e9relem elb\u00edr\u00e1l\u00e1si ideje 15 nap.<\/strong><\/p>\t\t\t\t\t\t\t\t<\/div>\n\t\t\t\t<\/div>\n\t\t\t\t<div class=\"elementor-element elementor-element-99fa79f elementor-widget elementor-widget-heading\" data-id=\"99fa79f\" data-element_type=\"widget\" data-e-type=\"widget\" data-widget_type=\"heading.default\">\n\t\t\t\t<div class=\"elementor-widget-container\">\n\t\t\t\t\t<h3 class=\"elementor-heading-title elementor-size-default\">Munkav\u00e1llal\u00e1s a tanulm\u00e1nyi c\u00e9l\u00fa tart\u00f3zkod\u00e1si enged\u00e9ly birtok\u00e1ban<\/h3>\t\t\t\t<\/div>\n\t\t\t\t<\/div>\n\t\t\t\t<div class=\"elementor-element elementor-element-d11f5a4 elementor-widget elementor-widget-text-editor\" data-id=\"d11f5a4\" data-element_type=\"widget\" data-e-type=\"widget\" data-widget_type=\"text-editor.default\">\n\t\t\t\t<div class=\"elementor-widget-container\">\n\t\t\t\t\t\t\t\t\t<p>Akt\u00edv hallgat\u00f3i jogviszony alapj\u00e1n kiadott tanulm\u00e1nyi c\u00e9l\u00fa tart\u00f3zkod\u00e1si enged\u00e9llyel <strong> van lehet\u0151s\u00e9g munkav\u00e1llal\u00e1sra, <\/strong> <strong> de csak bizonyos korl\u00e1tokkal:<\/strong><\/p><ul><li>Szorgalmi id\u0151szakban hetente legfeljebb 30 \u00f3r\u00e1ban<\/li><li>Teljes munkaid\u0151ben csak szorgalmi id\u0151szakon k\u00edv\u00fcl \u00e9ves szinten legfeljebb 90 napon lehet munk\u00e1t v\u00e9gezni<\/li><li>&#8211; 18 \u00e9v alatt sz\u00fcl\u0151i hozz\u00e1j\u00e1rul\u00e1s is sz\u00fcks\u00e9ges a munkav\u00e1llal\u00e1shoz.<\/li><\/ul>\t\t\t\t\t\t\t\t<\/div>\n\t\t\t\t<\/div>\n\t\t\t\t<div class=\"elementor-element elementor-element-9769e95 elementor-widget elementor-widget-text-editor\" data-id=\"9769e95\" data-element_type=\"widget\" data-e-type=\"widget\" data-widget_type=\"text-editor.default\">\n\t\t\t\t<div class=\"elementor-widget-container\">\n\t\t\t\t\t\t\t\t\t<p>A fenti felt\u00e9telek teljes\u00fcl\u00e9se eset\u00e9n a munkav\u00e1llal\u00e1s k\u00fcl\u00f6n enged\u00e9ly n\u00e9lk\u00fcl lehets\u00e9ges, b\u00e1rmilyen jogviszonyban (pl. munkaszerz\u0151d\u00e9s, k\u00f6lcs\u00f6nz\u00e9s, di\u00e1ksz\u00f6vetkezeten kereszt\u00fcl t\u00f6rt\u00e9n\u0151 foglalkoztat\u00e1s).<\/p>\t\t\t\t\t\t\t\t<\/div>\n\t\t\t\t<\/div>\n\t\t\t\t<div class=\"elementor-element elementor-element-508c367 elementor-widget elementor-widget-heading\" data-id=\"508c367\" data-element_type=\"widget\" data-e-type=\"widget\" data-widget_type=\"heading.default\">\n\t\t\t\t<div class=\"elementor-widget-container\">\n\t\t\t\t\t<h3 class=\"elementor-heading-title elementor-size-default\">Lehet\u0151s\u00e9gek a tanulm\u00e1nyok befejez\u00e9s\u00e9t k\u00f6vet\u0151en<\/h3>\t\t\t\t<\/div>\n\t\t\t\t<\/div>\n\t\t\t\t<div class=\"elementor-element elementor-element-6eb0ad3 elementor-widget elementor-widget-text-editor\" data-id=\"6eb0ad3\" data-element_type=\"widget\" data-e-type=\"widget\" data-widget_type=\"text-editor.default\">\n\t\t\t\t<div class=\"elementor-widget-container\">\n\t\t\t\t\t\t\t\t\t<p>A tanulm\u00e1nyok sikeres befejez\u00e9se ut\u00e1n lehet\u0151s\u00e9g van munkav\u00e1llal\u00e1shoz kapcsol\u00f3d\u00f3, vagy &#8211; amennyiben a k\u00e9relmez\u0151 m\u00e9g nem rendelkezik konkr\u00e9t \u00e1ll\u00e1saj\u00e1nlattal, vagy v\u00e1llalkoz\u00e1st szeretne ind\u00edtani &#8211; \u00e1ll\u00e1skeres\u00e9si vagy v\u00e1llalkoz\u00e1sind\u00edt\u00e1si c\u00e9l\u00fa tart\u00f3zkod\u00e1si enged\u00e9lyt k\u00e9relmezni Magyarorsz\u00e1gon.<\/p><p><strong>Az al\u00e1bbi enged\u00e9lyt\u00edpusok ig\u00e9nyelhet\u0151ek<\/strong> a tanulm\u00e1nyok befejez\u00e9se ut\u00e1n munkav\u00e1llal\u00e1s vagy j\u00f6vedelemszerz\u00e9s c\u00e9lj\u00e1b\u00f3l:<\/p><ul><li>\u00c1ll\u00e1skeres\u00e9si vagy v\u00e1llalkoz\u00e1sind\u00edt\u00e1si c\u00e9l\u00fa tart\u00f3zkod\u00e1si enged\u00e9ly<\/li><li><a href=\"https:\/\/settlers.hu\/hu\/eu-kek-kartya\/\">EU k\u00e9k k\u00e1rtya<\/a><\/li><li><a href=\"https:\/\/settlers.hu\/hu\/magyar-kartya\/\">Magyar k\u00e1rtya<\/a><\/li><li><a href=\"https:\/\/settlers.hu\/hu\/foglalkoztatasi-celu-tartozkodasi-engedely\/\">Foglalkoztat\u00e1si c\u00e9l\u00fa tart\u00f3zkod\u00e1si enged\u00e9ly<\/a><\/li><li>Vend\u00e9g-\u00f6nfoglalkoztat\u00f3i c\u00e9l\u00fa tart\u00f3zkod\u00e1si enged\u00e9ly<\/li><\/ul>\t\t\t\t\t\t\t\t<\/div>\n\t\t\t\t<\/div>\n\t\t\t\t<div class=\"elementor-element elementor-element-058962b elementor-widget elementor-widget-text-editor\" data-id=\"058962b\" data-element_type=\"widget\" data-e-type=\"widget\" data-widget_type=\"text-editor.default\">\n\t\t\t\t<div class=\"elementor-widget-container\">\n\t\t\t\t\t\t\t\t\t<p>A k\u00e9relmez\u0151nek meg kell felelnie a v\u00e1lasztott enged\u00e9ly t\u00edpushoz kapcsol\u00f3d\u00f3 jogszab\u00e1lyi k\u00f6vetelm\u00e9nyeknek minden tekintetben, a Magyarorsz\u00e1gon folytatott tanulm\u00e1nyok nem mentes\u00edtenek ezek al\u00f3l.<\/p>\t\t\t\t\t\t\t\t<\/div>\n\t\t\t\t<\/div>\n\t\t\t\t<div class=\"elementor-element elementor-element-bc4064b elementor-widget elementor-widget-heading\" data-id=\"bc4064b\" data-element_type=\"widget\" data-e-type=\"widget\" data-widget_type=\"heading.default\">\n\t\t\t\t<div class=\"elementor-widget-container\">\n\t\t\t\t\t<h3 class=\"elementor-heading-title elementor-size-default\">Magyarorsz\u00e1gi tanulm\u00e1nyokhoz kapcsol\u00f3d\u00f3 speci\u00e1lis enged\u00e9lyt\u00edpusok<\/h3>\t\t\t\t<\/div>\n\t\t\t\t<\/div>\n\t\t\t\t<div class=\"elementor-element elementor-element-52e6645 elementor-widget elementor-widget-text-editor\" data-id=\"52e6645\" data-element_type=\"widget\" data-e-type=\"widget\" data-widget_type=\"text-editor.default\">\n\t\t\t\t<div class=\"elementor-widget-container\">\n\t\t\t\t\t\t\t\t\t<ul><li><strong><em>K\u00e9pz\u00e9s c\u00e9lj\u00e1b\u00f3l ki\u00e1ll\u00edtott tart\u00f3zkod\u00e1si enged\u00e9ly:<\/em><\/strong> azok sz\u00e1m\u00e1ra, akik a Korm\u00e1ny vagy valamely miniszt\u00e9rium \u00e1ltal biztos\u00edtott \u00f6szt\u00f6nd\u00edjas magyarorsz\u00e1gi k\u00e9pz\u00e9sen vesznek r\u00e9szt<\/li><li><strong><em>Hallgat\u00f3i mobilit\u00e1si tart\u00f3zkod\u00e1si enged\u00e9ly<\/em>:<\/strong> az Eur\u00f3pai Uni\u00f3 m\u00e1sik tag\u00e1llam\u00e1ban \u00e9rv\u00e9nyes tanulm\u00e1nyi c\u00e9l\u00fa tart\u00f3zkod\u00e1si enged\u00e9llyel rendelkez\u0151 hallgat\u00f3k sz\u00e1m\u00e1ra, akik tanulm\u00e1nyaik egy r\u00e9sz\u00e9t magyarorsz\u00e1gi fels\u0151oktat\u00e1si int\u00e9zm\u00e9nyben folytatj\u00e1k.<\/li><\/ul>\t\t\t\t\t\t\t\t<\/div>\n\t\t\t\t<\/div>\n\t\t\t\t<div class=\"elementor-element elementor-element-f14604d elementor-widget elementor-widget-heading\" data-id=\"f14604d\" data-element_type=\"widget\" data-e-type=\"widget\" data-widget_type=\"heading.default\">\n\t\t\t\t<div class=\"elementor-widget-container\">\n\t\t\t\t\t<h3 class=\"elementor-heading-title elementor-size-default\">Huzamos tart\u00f3zkod\u00e1s lehet\u0151s\u00e9ge<\/h3>\t\t\t\t<\/div>\n\t\t\t\t<\/div>\n\t\t\t\t<div class=\"elementor-element elementor-element-799a8b7 elementor-widget elementor-widget-text-editor\" data-id=\"799a8b7\" data-element_type=\"widget\" data-e-type=\"widget\" data-widget_type=\"text-editor.default\">\n\t\t\t\t<div class=\"elementor-widget-container\">\n\t\t\t\t\t\t\t\t\t<p>A tanulm\u00e1nyi c\u00e9l\u00fa tart\u00f3zkod\u00e1si enged\u00e9ly birtokosa Magyarorsz\u00e1gon huzamos tart\u00f3zkod\u00e1si jogosults\u00e1got csak EU tart\u00f3zkod\u00e1si k\u00e1rtya ir\u00e1nti k\u00e9relmez\u00e9si elj\u00e1r\u00e1ssal szerezhet a kapcsol\u00f3d\u00f3 felt\u00e9telek teljes\u00edt\u00e9se eset\u00e9n. Azonban a tanulm\u00e1nyi c\u00e9l\u00fa tart\u00f3zkod\u00e1si enged\u00e9llyel Magyarorsz\u00e1gon t\u00f6lt\u00f6tt \u00e9vek egy k\u00e9s\u0151bbi, nemzeti vagy EU tart\u00f3zkod\u00e1si k\u00e1rtya k\u00e9relem eset\u00e9n belesz\u00e1m\u00edtanak a Magyarorsz\u00e1gon t\u00f6lt\u00f6tt id\u0151be. <\/p>\t\t\t\t\t\t\t\t<\/div>\n\t\t\t\t<\/div>\n\t\t\t\t<div class=\"elementor-element elementor-element-00ff078 elementor-widget elementor-widget-image\" data-id=\"00ff078\" data-element_type=\"widget\" data-e-type=\"widget\" data-widget_type=\"image.default\">\n\t\t\t\t<div class=\"elementor-widget-container\">\n\t\t\t\t\t\t\t\t\t\t\t\t\t\t\t<img decoding=\"async\" width=\"300\" height=\"11\" src=\"https:\/\/settlers.hu\/wp-content\/uploads\/2024\/03\/pottyok-egysor-300x11.png\" class=\"attachment-medium size-medium wp-image-2243\" alt=\"\" srcset=\"https:\/\/settlers.hu\/wp-content\/uploads\/2024\/03\/pottyok-egysor-300x11.png 300w, https:\/\/settlers.hu\/wp-content\/uploads\/2024\/03\/pottyok-egysor.png 683w\" sizes=\"(max-width: 300px) 100vw, 300px\" \/>\t\t\t\t\t\t\t\t\t\t\t\t\t\t\t<\/div>\n\t\t\t\t<\/div>\n\t\t\t\t<div class=\"elementor-element elementor-element-3d286b4 elementor-widget elementor-widget-text-editor\" data-id=\"3d286b4\" data-element_type=\"widget\" data-e-type=\"widget\" data-widget_type=\"text-editor.default\">\n\t\t\t\t<div class=\"elementor-widget-container\">\n\t\t\t\t\t\t\t\t\t<p><strong>Amennyiben seg\u00edts\u00e9gre van sz\u00fcks\u00e9ge<\/strong> a tart\u00f3zkod\u00e1si enged\u00e9ly ig\u00e9nyl\u00e9s\u00e9ben, keresse irod\u00e1nkat a honlapon tal\u00e1lhat\u00f3 el\u00e9rhet\u0151s\u00e9geken.<\/p>\t\t\t\t\t\t\t\t<\/div>\n\t\t\t\t<\/div>\n\t\t\t\t<div class=\"elementor-element elementor-element-3e204f8 elementor-widget-divider--view-line elementor-widget elementor-widget-divider\" data-id=\"3e204f8\" data-element_type=\"widget\" data-e-type=\"widget\" data-widget_type=\"divider.default\">\n\t\t\t\t<div class=\"elementor-widget-container\">\n\t\t\t\t\t\t\t<div class=\"elementor-divider\">\n\t\t\t<span class=\"elementor-divider-separator\">\n\t\t\t\t\t\t<\/span>\n\t\t<\/div>\n\t\t\t\t\t\t<\/div>\n\t\t\t\t<\/div>\n\t\t\t\t<div class=\"elementor-element elementor-element-75c6985 elementor-widget elementor-widget-text-editor\" data-id=\"75c6985\" data-element_type=\"widget\" data-e-type=\"widget\" data-widget_type=\"text-editor.default\">\n\t\t\t\t<div class=\"elementor-widget-container\">\n\t\t\t\t\t\t\t\t\t<div class=\"elementor-element elementor-element-41934246 elementor-widget elementor-widget-text-editor\" data-id=\"41934246\" data-element_type=\"widget\" data-widget_type=\"text-editor.default\"><div class=\"elementor-widget-container\"><p>A k\u00e9relmez\u00e9si folyamatr\u00f3l hivatalos t\u00e1j\u00e9koztat\u00e1s, illetve a sz\u00fcks\u00e9ges formanyomtatv\u00e1nyok megtal\u00e1lhat\u00f3ak az <strong><a href=\"https:\/\/oif.gov.hu\/factsheets\/residence-of-the-student-pupil\" target=\"_blank\" rel=\"noopener\">Orsz\u00e1gos Idegenrend\u00e9szeti F\u0151igazgat\u00f3s\u00e1g honlapj\u00e1n.<\/a><\/strong><\/p><\/div><\/div><div class=\"elementor-element elementor-element-5cf037d0 elementor-widget elementor-widget-text-editor\" data-id=\"5cf037d0\" data-element_type=\"widget\" data-widget_type=\"text-editor.default\"><div class=\"elementor-widget-container\"><p>Az enged\u00e9ly k\u00e9relmek elj\u00e1r\u00e1si d\u00edjair\u00f3l a t\u00e1j\u00e9koztat\u00f3 <strong><a href=\"https:\/\/oif.gov.hu\/tajekoztatok\/eljarasi-dijak\" target=\"_blank\" rel=\"noopener\">itt tal\u00e1lhat\u00f3<\/a><\/strong>.<\/p><\/div><\/div>\t\t\t\t\t\t\t\t<\/div>\n\t\t\t\t<\/div>\n\t\t\t\t<div class=\"elementor-element elementor-element-33be7665 elementor-widget elementor-widget-text-editor\" data-id=\"33be7665\" data-element_type=\"widget\" data-e-type=\"widget\" data-widget_type=\"text-editor.default\">\n\t\t\t\t<div class=\"elementor-widget-container\">\n\t\t\t\t\t\t\t\t\t<p><span style=\"text-decoration: underline;\"><a href=\"#top\"><em>Vissza a tetej\u00e9re<\/em><\/a><\/span><\/p>\t\t\t\t\t\t\t\t<\/div>\n\t\t\t\t<\/div>\n\t\t\t\t<\/div>\n\t\t<div class=\"elementor-element elementor-element-448b80fe e-con-full e-flex e-con e-child\" data-id=\"448b80fe\" data-element_type=\"container\" data-e-type=\"container\" data-settings=\"{&quot;background_background&quot;:&quot;classic&quot;}\">\n\t\t\t\t<div class=\"elementor-element elementor-element-238cdaa0 elementor-widget elementor-widget-heading\" data-id=\"238cdaa0\" data-element_type=\"widget\" data-e-type=\"widget\" data-widget_type=\"heading.default\">\n\t\t\t\t<div class=\"elementor-widget-container\">\n\t\t\t\t\t<h1 class=\"elementor-heading-title elementor-size-default\">Legfrissebb cikkeink<\/h1>\t\t\t\t<\/div>\n\t\t\t\t<\/div>\n\t\t\t\t<\/div>\n\t\t\t\t\t<\/div>\n\t\t\t\t<\/div>\n\t\t\t\t<\/div>\n\t\t","protected":false},"excerpt":{"rendered":"<p>Tanulm\u00e1nyi c\u00e9llal Magyarorsz\u00e1gra \u00e9rkez\u0151 nem EGT-\u00e1llampolg\u00e1roknak 90 napon t\u00fali tart\u00f3zkod\u00e1s eset\u00e9n enged\u00e9lyt kell ig\u00e9nyelni\u00fck. Tudj meg t\u00f6bbet itt. <\/p>\n","protected":false},"author":4,"featured_media":0,"parent":0,"menu_order":0,"comment_status":"closed","ping_status":"closed","template":"","meta":{"footnotes":""},"class_list":["post-4177","page","type-page","status-publish","hentry"],"_links":{"self":[{"href":"https:\/\/settlers.hu\/hu\/wp-json\/wp\/v2\/pages\/4177","targetHints":{"allow":["GET"]}}],"collection":[{"href":"https:\/\/settlers.hu\/hu\/wp-json\/wp\/v2\/pages"}],"about":[{"href":"https:\/\/settlers.hu\/hu\/wp-json\/wp\/v2\/types\/page"}],"author":[{"embeddable":true,"href":"https:\/\/settlers.hu\/hu\/wp-json\/wp\/v2\/users\/4"}],"replies":[{"embeddable":true,"href":"https:\/\/settlers.hu\/hu\/wp-json\/wp\/v2\/comments?post=4177"}],"version-history":[{"count":2,"href":"https:\/\/settlers.hu\/hu\/wp-json\/wp\/v2\/pages\/4177\/revisions"}],"predecessor-version":[{"id":4179,"href":"https:\/\/settlers.hu\/hu\/wp-json\/wp\/v2\/pages\/4177\/revisions\/4179"}],"wp:attachment":[{"href":"https:\/\/settlers.hu\/hu\/wp-json\/wp\/v2\/media?parent=4177"}],"curies":[{"name":"wp","href":"https:\/\/api.w.org\/{rel}","templated":true}]}}