{"id":4134,"date":"2025-06-26T09:13:46","date_gmt":"2025-06-26T09:13:46","guid":{"rendered":"https:\/\/settlers.hu\/tudasbazis\/"},"modified":"2026-01-19T20:18:23","modified_gmt":"2026-01-19T20:18:23","slug":"tudasbazis","status":"publish","type":"page","link":"https:\/\/settlers.hu\/hu\/tudasbazis\/","title":{"rendered":"Tud\u00e1sb\u00e1zis"},"content":{"rendered":"\t\t<div data-elementor-type=\"wp-page\" data-elementor-id=\"4134\" class=\"elementor elementor-4134 elementor-4055\" data-elementor-post-type=\"page\">\n\t\t\t\t\t\t<section class=\"elementor-section elementor-top-section elementor-element elementor-element-192093d elementor-section-boxed elementor-section-height-default elementor-section-height-default\" data-id=\"192093d\" data-element_type=\"section\" data-e-type=\"section\">\n\t\t\t\t\t\t<div class=\"elementor-container elementor-column-gap-default\">\n\t\t\t\t\t<div class=\"elementor-column elementor-col-100 elementor-top-column elementor-element elementor-element-b587d03\" data-id=\"b587d03\" data-element_type=\"column\" data-e-type=\"column\">\n\t\t\t<div class=\"elementor-widget-wrap elementor-element-populated\">\n\t\t\t\t\t\t<div class=\"elementor-element elementor-element-87fccbb elementor-widget elementor-widget-text-editor\" data-id=\"87fccbb\" data-element_type=\"widget\" data-e-type=\"widget\" data-widget_type=\"text-editor.default\">\n\t\t\t\t<div class=\"elementor-widget-container\">\n\t\t\t\t\t\t\t\t\t<p><strong>Ez a tud\u00e1sb\u00e1zis \u00e1ttekint\u00e9st ny\u00fajt a magyarorsz\u00e1gi tart\u00f3zkod\u00e1si enged\u00e9lyekr\u0151l.<\/strong><\/p><p>C\u00e9g\u00fcnk teljes k\u00f6r\u0171 t\u00e1mogat\u00e1st ny\u00fajt minden, a magyar jog \u00e1ltal lehet\u0151v\u00e9 tett tart\u00f3zkod\u00e1si enged\u00e9ly t\u00edpushoz. Ha nem tal\u00e1lja meg az \u00d6n helyzet\u00e9nek legink\u00e1bb megfelel\u0151 enged\u00e9lyt\u00edpust, forduljon hozz\u00e1nk bizalommal szem\u00e9lyre szabott tan\u00e1csad\u00e1s\u00e9rt. <\/p>\t\t\t\t\t\t\t\t<\/div>\n\t\t\t\t<\/div>\n\t\t\t\t\t<\/div>\n\t\t<\/div>\n\t\t\t\t\t<\/div>\n\t\t<\/section>\n\t\t\t\t<section class=\"elementor-section elementor-top-section elementor-element elementor-element-07f5fbc elementor-section-boxed elementor-section-height-default elementor-section-height-default\" data-id=\"07f5fbc\" data-element_type=\"section\" data-e-type=\"section\">\n\t\t\t\t\t\t<div class=\"elementor-container elementor-column-gap-default\">\n\t\t\t\t\t<div class=\"elementor-column elementor-col-100 elementor-top-column elementor-element elementor-element-1a7fca3\" data-id=\"1a7fca3\" data-element_type=\"column\" data-e-type=\"column\">\n\t\t\t<div class=\"elementor-widget-wrap elementor-element-populated\">\n\t\t\t\t\t\t<div class=\"elementor-element elementor-element-185c414 elementor-widget elementor-widget-heading\" data-id=\"185c414\" data-element_type=\"widget\" data-e-type=\"widget\" data-widget_type=\"heading.default\">\n\t\t\t\t<div class=\"elementor-widget-container\">\n\t\t\t\t\t<h2 class=\"elementor-heading-title elementor-size-default\">Munkav\u00e1llal\u00e1s \u00e9s j\u00f6vedelemszerz\u00e9s c\u00e9lj\u00e1b\u00f3l kiadott tart\u00f3zkod\u00e1si enged\u00e9lyek \u2013 nem EGT-\u00e1llampolg\u00e1rok sz\u00e1m\u00e1ra<\/h2>\t\t\t\t<\/div>\n\t\t\t\t<\/div>\n\t\t\t\t\t<\/div>\n\t\t<\/div>\n\t\t\t\t\t<\/div>\n\t\t<\/section>\n\t\t<div class=\"elementor-element elementor-element-dd33e35 e-flex e-con-boxed e-con e-parent\" data-id=\"dd33e35\" data-element_type=\"container\" data-e-type=\"container\">\n\t\t\t\t\t<div class=\"e-con-inner\">\n\t\t<div class=\"elementor-element elementor-element-c99dcc7 e-con-full e-flex e-con e-child\" data-id=\"c99dcc7\" data-element_type=\"container\" data-e-type=\"container\">\n\t\t\t\t<div class=\"elementor-element elementor-element-532b39e elementor-widget elementor-widget-heading\" data-id=\"532b39e\" data-element_type=\"widget\" data-e-type=\"widget\" data-widget_type=\"heading.default\">\n\t\t\t\t<div class=\"elementor-widget-container\">\n\t\t\t\t\t<h5 class=\"elementor-heading-title elementor-size-default\">Magasan k\u00e9pzett munkav\u00e1llal\u00f3k<\/h5>\t\t\t\t<\/div>\n\t\t\t\t<\/div>\n\t\t\t\t<div class=\"elementor-element elementor-element-ede3cc9 elementor-widget elementor-widget-text-editor\" data-id=\"ede3cc9\" data-element_type=\"widget\" data-e-type=\"widget\" data-widget_type=\"text-editor.default\">\n\t\t\t\t<div class=\"elementor-widget-container\">\n\t\t\t\t\t\t\t\t\t<ul><li aria-level=\"1\"><a href=\"https:\/\/settlers.hu\/hu\/eu-kek-kartya\/\">EU k\u00e9k k\u00e1rtya<\/a><\/li><li aria-level=\"1\"><a href=\"https:\/\/settlers.hu\/hu\/magyar-kartya\/\">Magyar k\u00e1rtya<\/a><\/li><li aria-level=\"1\"><a href=\"https:\/\/settlers.hu\/hu\/vba-engedely\/\">V\u00e1llalaton bel\u00fcli \u00e1thelyez\u00e9s c\u00e9l\u00fa tart\u00f3zkod\u00e1si enged\u00e9ly (VB\u00c1)<\/a><\/li><\/ul>\t\t\t\t\t\t\t\t<\/div>\n\t\t\t\t<\/div>\n\t\t\t\t<\/div>\n\t\t<div class=\"elementor-element elementor-element-7e60773 e-con-full e-flex e-con e-child\" data-id=\"7e60773\" data-element_type=\"container\" data-e-type=\"container\">\n\t\t\t\t<div class=\"elementor-element elementor-element-6914a28 elementor-widget elementor-widget-heading\" data-id=\"6914a28\" data-element_type=\"widget\" data-e-type=\"widget\" data-widget_type=\"heading.default\">\n\t\t\t\t<div class=\"elementor-widget-container\">\n\t\t\t\t\t<h5 class=\"elementor-heading-title elementor-size-default\">Vend\u00e9gmunk\u00e1sok<\/h5>\t\t\t\t<\/div>\n\t\t\t\t<\/div>\n\t\t\t\t<div class=\"elementor-element elementor-element-73810ed elementor-widget elementor-widget-text-editor\" data-id=\"73810ed\" data-element_type=\"widget\" data-e-type=\"widget\" data-widget_type=\"text-editor.default\">\n\t\t\t\t<div class=\"elementor-widget-container\">\n\t\t\t\t\t\t\t\t\t<ul><li aria-level=\"1\"><a href=\"https:\/\/settlers.hu\/hu\/foglalkoztatasi-celu-tartozkodasi-engedely\/\">Foglalkoztat\u00e1si c\u00e9l\u00fa tart\u00f3zkod\u00e1si enged\u00e9ly<\/a><\/li><li aria-level=\"1\"><a href=\"https:\/\/settlers.hu\/hu\/vendegmunkas-tartozkodasi-engedely\/\">Vend\u00e9gmunk\u00e1s tart\u00f3zkod\u00e1si enged\u00e9ly<\/a><\/li><li aria-level=\"1\">Szezon\u00e1lis munkav\u00e1llal\u00e1s c\u00e9l\u00fa tart\u00f3zkod\u00e1si enged\u00e9ly<\/li><\/ul>\t\t\t\t\t\t\t\t<\/div>\n\t\t\t\t<\/div>\n\t\t\t\t<\/div>\n\t\t<div class=\"elementor-element elementor-element-acd907d e-con-full e-flex e-con e-child\" data-id=\"acd907d\" data-element_type=\"container\" data-e-type=\"container\">\n\t\t\t\t<div class=\"elementor-element elementor-element-9696ea1 elementor-widget elementor-widget-heading\" data-id=\"9696ea1\" data-element_type=\"widget\" data-e-type=\"widget\" data-widget_type=\"heading.default\">\n\t\t\t\t<div class=\"elementor-widget-container\">\n\t\t\t\t\t<h5 class=\"elementor-heading-title elementor-size-default\">Kelet-eur\u00f3pai \u00e1llampolg\u00e1rok<\/h5>\t\t\t\t<\/div>\n\t\t\t\t<\/div>\n\t\t\t\t<div class=\"elementor-element elementor-element-b42030d elementor-widget elementor-widget-text-editor\" data-id=\"b42030d\" data-element_type=\"widget\" data-e-type=\"widget\" data-widget_type=\"text-editor.default\">\n\t\t\t\t<div class=\"elementor-widget-container\">\n\t\t\t\t\t\t\t\t\t<ul><li aria-level=\"1\"><a href=\"https:\/\/settlers.hu\/hu\/nemzeti-kartya\/\">Nemzeti k\u00e1rtya<\/a><\/li><\/ul>\t\t\t\t\t\t\t\t<\/div>\n\t\t\t\t<\/div>\n\t\t\t\t<\/div>\n\t\t<div class=\"elementor-element elementor-element-0038fcd e-con-full e-flex e-con e-child\" data-id=\"0038fcd\" data-element_type=\"container\" data-e-type=\"container\">\n\t\t\t\t<div class=\"elementor-element elementor-element-b087556 elementor-widget elementor-widget-heading\" data-id=\"b087556\" data-element_type=\"widget\" data-e-type=\"widget\" data-widget_type=\"heading.default\">\n\t\t\t\t<div class=\"elementor-widget-container\">\n\t\t\t\t\t<h5 class=\"elementor-heading-title elementor-size-default\">V\u00e1llalkoz\u00f3k \u00e9s befektet\u0151k<\/h5>\t\t\t\t<\/div>\n\t\t\t\t<\/div>\n\t\t\t\t<div class=\"elementor-element elementor-element-dfe304f elementor-widget elementor-widget-text-editor\" data-id=\"dfe304f\" data-element_type=\"widget\" data-e-type=\"widget\" data-widget_type=\"text-editor.default\">\n\t\t\t\t<div class=\"elementor-widget-container\">\n\t\t\t\t\t\t\t\t\t<ul><li aria-level=\"1\"><a href=\"https:\/\/settlers.hu\/hu\/vendeg-onfoglalkoztato-tartozkodasi-engedely\/\">Vend\u00e9g \u00f6nfoglalkoztat\u00f3 tart\u00f3zkod\u00e1si enged\u00e9ly<\/a><\/li><li aria-level=\"1\"><a href=\"https:\/\/settlers.hu\/hu\/vendegbefektetoi-tartozkodasi-engedely\/\">Vend\u00e9gbefektet\u0151i tart\u00f3zkod\u00e1si enged\u00e9ly<\/a><\/li><\/ul>\t\t\t\t\t\t\t\t<\/div>\n\t\t\t\t<\/div>\n\t\t\t\t<\/div>\n\t\t\t\t\t<\/div>\n\t\t\t\t<\/div>\n\t\t\t\t<section class=\"elementor-section elementor-top-section elementor-element elementor-element-dfd484c elementor-section-boxed elementor-section-height-default elementor-section-height-default\" data-id=\"dfd484c\" data-element_type=\"section\" data-e-type=\"section\">\n\t\t\t\t\t\t<div class=\"elementor-container elementor-column-gap-default\">\n\t\t\t\t\t<div class=\"elementor-column elementor-col-100 elementor-top-column elementor-element elementor-element-9581271\" data-id=\"9581271\" data-element_type=\"column\" data-e-type=\"column\">\n\t\t\t<div class=\"elementor-widget-wrap elementor-element-populated\">\n\t\t\t\t\t\t<div class=\"elementor-element elementor-element-8ed6142 elementor-widget-divider--view-line elementor-widget elementor-widget-divider\" data-id=\"8ed6142\" data-element_type=\"widget\" data-e-type=\"widget\" data-widget_type=\"divider.default\">\n\t\t\t\t<div class=\"elementor-widget-container\">\n\t\t\t\t\t\t\t<div class=\"elementor-divider\">\n\t\t\t<span class=\"elementor-divider-separator\">\n\t\t\t\t\t\t<\/span>\n\t\t<\/div>\n\t\t\t\t\t\t<\/div>\n\t\t\t\t<\/div>\n\t\t\t\t<div class=\"elementor-element elementor-element-1b43df0 elementor-widget elementor-widget-heading\" data-id=\"1b43df0\" data-element_type=\"widget\" data-e-type=\"widget\" data-widget_type=\"heading.default\">\n\t\t\t\t<div class=\"elementor-widget-container\">\n\t\t\t\t\t<h2 class=\"elementor-heading-title elementor-size-default\">Egy\u00e9b enged\u00e9lyek nem EGT \u00e1llampolg\u00e1rok sz\u00e1m\u00e1ra:<\/h2>\t\t\t\t<\/div>\n\t\t\t\t<\/div>\n\t\t\t\t\t<\/div>\n\t\t<\/div>\n\t\t\t\t\t<\/div>\n\t\t<\/section>\n\t\t<div class=\"elementor-element elementor-element-270124d e-flex e-con-boxed e-con e-parent\" data-id=\"270124d\" data-element_type=\"container\" data-e-type=\"container\">\n\t\t\t\t\t<div class=\"e-con-inner\">\n\t\t<div class=\"elementor-element elementor-element-d0b6af8 e-con-full e-flex e-con e-child\" data-id=\"d0b6af8\" data-element_type=\"container\" data-e-type=\"container\">\n\t\t\t\t<div class=\"elementor-element elementor-element-188f014 elementor-widget elementor-widget-heading\" data-id=\"188f014\" data-element_type=\"widget\" data-e-type=\"widget\" data-widget_type=\"heading.default\">\n\t\t\t\t<div class=\"elementor-widget-container\">\n\t\t\t\t\t<h5 class=\"elementor-heading-title elementor-size-default\">Csal\u00e1dtagok<\/h5>\t\t\t\t<\/div>\n\t\t\t\t<\/div>\n\t\t\t\t<div class=\"elementor-element elementor-element-11f4f23 elementor-widget elementor-widget-text-editor\" data-id=\"11f4f23\" data-element_type=\"widget\" data-e-type=\"widget\" data-widget_type=\"text-editor.default\">\n\t\t\t\t<div class=\"elementor-widget-container\">\n\t\t\t\t\t\t\t\t\t<ul><li><a href=\"https:\/\/settlers.hu\/hu\/csaladegyesitesi-celu-tartozkodasi-engedely\/\">Csal\u00e1degyes\u00edt\u00e9si c\u00e9l\u00fa tart\u00f3zkod\u00e1si enged\u00e9ly<\/a><\/li><\/ul>\t\t\t\t\t\t\t\t<\/div>\n\t\t\t\t<\/div>\n\t\t\t\t<\/div>\n\t\t<div class=\"elementor-element elementor-element-4e789cd e-con-full e-flex e-con e-child\" data-id=\"4e789cd\" data-element_type=\"container\" data-e-type=\"container\">\n\t\t\t\t<div class=\"elementor-element elementor-element-21218e0 elementor-widget elementor-widget-heading\" data-id=\"21218e0\" data-element_type=\"widget\" data-e-type=\"widget\" data-widget_type=\"heading.default\">\n\t\t\t\t<div class=\"elementor-widget-container\">\n\t\t\t\t\t<h5 class=\"elementor-heading-title elementor-size-default\">Egy\u00e9b munkav\u00e1llal\u00e1si esetek<\/h5>\t\t\t\t<\/div>\n\t\t\t\t<\/div>\n\t\t\t\t<div class=\"elementor-element elementor-element-6424a8a elementor-widget elementor-widget-text-editor\" data-id=\"6424a8a\" data-element_type=\"widget\" data-e-type=\"widget\" data-widget_type=\"text-editor.default\">\n\t\t\t\t<div class=\"elementor-widget-container\">\n\t\t\t\t\t\t\t\t\t<ul><li><a href=\"https:\/\/settlers.hu\/hu\/feher-kartya\/\">Feh\u00e9r k\u00e1rtya digit\u00e1lis nom\u00e1dok r\u00e9sz\u00e9re<\/a><\/li><li><a title=\"\"Working holiday\" tart\u00f3zkod\u00e1si enged\u00e9ly\" href=\"https:\/\/settlers.hu\/hu\/working-holiday-tartozkodasi-engedely\/\">&#8222;Working holiday&#8221; tart\u00f3zkod\u00e1si enged\u00e9ly<\/a><\/li><\/ul>\t\t\t\t\t\t\t\t<\/div>\n\t\t\t\t<\/div>\n\t\t\t\t<\/div>\n\t\t<div class=\"elementor-element elementor-element-38d493c e-con-full e-flex e-con e-child\" data-id=\"38d493c\" data-element_type=\"container\" data-e-type=\"container\">\n\t\t\t\t<div class=\"elementor-element elementor-element-111778e elementor-widget elementor-widget-heading\" data-id=\"111778e\" data-element_type=\"widget\" data-e-type=\"widget\" data-widget_type=\"heading.default\">\n\t\t\t\t<div class=\"elementor-widget-container\">\n\t\t\t\t\t<h5 class=\"elementor-heading-title elementor-size-default\">Tanul\u00f3k \u00e9s gyakornokok<\/h5>\t\t\t\t<\/div>\n\t\t\t\t<\/div>\n\t\t\t\t<div class=\"elementor-element elementor-element-b372783 elementor-widget elementor-widget-text-editor\" data-id=\"b372783\" data-element_type=\"widget\" data-e-type=\"widget\" data-widget_type=\"text-editor.default\">\n\t\t\t\t<div class=\"elementor-widget-container\">\n\t\t\t\t\t\t\t\t\t<ul><li><a href=\"https:\/\/settlers.hu\/hu\/tanulmanyi-celu-tartozkodasi-engedely\/\">Tanulm\u00e1nyi c\u00e9l\u00fa tart\u00f3zkod\u00e1si enged\u00e9ly<\/a><\/li><li>K\u00e9pz\u00e9s c\u00e9l\u00fa tart\u00f3zkod\u00e1si enged\u00e9ly<\/li><\/ul>\t\t\t\t\t\t\t\t<\/div>\n\t\t\t\t<\/div>\n\t\t\t\t<\/div>\n\t\t\t\t\t<\/div>\n\t\t\t\t<\/div>\n\t\t\t\t<section class=\"elementor-section elementor-top-section elementor-element elementor-element-8fc4186 elementor-section-boxed elementor-section-height-default elementor-section-height-default\" data-id=\"8fc4186\" data-element_type=\"section\" data-e-type=\"section\">\n\t\t\t\t\t\t<div class=\"elementor-container elementor-column-gap-default\">\n\t\t\t\t\t<div class=\"elementor-column elementor-col-100 elementor-top-column elementor-element elementor-element-78c2478\" data-id=\"78c2478\" data-element_type=\"column\" data-e-type=\"column\">\n\t\t\t<div class=\"elementor-widget-wrap elementor-element-populated\">\n\t\t\t\t\t\t<div class=\"elementor-element elementor-element-9cd6144 elementor-widget-divider--view-line elementor-widget elementor-widget-divider\" data-id=\"9cd6144\" data-element_type=\"widget\" data-e-type=\"widget\" data-widget_type=\"divider.default\">\n\t\t\t\t<div class=\"elementor-widget-container\">\n\t\t\t\t\t\t\t<div class=\"elementor-divider\">\n\t\t\t<span class=\"elementor-divider-separator\">\n\t\t\t\t\t\t<\/span>\n\t\t<\/div>\n\t\t\t\t\t\t<\/div>\n\t\t\t\t<\/div>\n\t\t\t\t<div class=\"elementor-element elementor-element-1f74735 elementor-widget elementor-widget-heading\" data-id=\"1f74735\" data-element_type=\"widget\" data-e-type=\"widget\" data-widget_type=\"heading.default\">\n\t\t\t\t<div class=\"elementor-widget-container\">\n\t\t\t\t\t<h2 class=\"elementor-heading-title elementor-size-default\">Enged\u00e9lyek EGT \u00e1llampolg\u00e1rok \u00e9s csal\u00e1djaik sz\u00e1m\u00e1ra:<\/h2>\t\t\t\t<\/div>\n\t\t\t\t<\/div>\n\t\t\t\t\t<\/div>\n\t\t<\/div>\n\t\t\t\t\t<\/div>\n\t\t<\/section>\n\t\t<div class=\"elementor-element elementor-element-8380030 e-flex e-con-boxed e-con e-parent\" data-id=\"8380030\" data-element_type=\"container\" data-e-type=\"container\">\n\t\t\t\t\t<div class=\"e-con-inner\">\n\t\t<div class=\"elementor-element elementor-element-c9145b1 e-con-full e-flex e-con e-child\" data-id=\"c9145b1\" data-element_type=\"container\" data-e-type=\"container\">\n\t\t\t\t<div class=\"elementor-element elementor-element-c1abfce elementor-widget elementor-widget-heading\" data-id=\"c1abfce\" data-element_type=\"widget\" data-e-type=\"widget\" data-widget_type=\"heading.default\">\n\t\t\t\t<div class=\"elementor-widget-container\">\n\t\t\t\t\t<h5 class=\"elementor-heading-title elementor-size-default\">EGT \u00e1llampolg\u00e1rok<\/h5>\t\t\t\t<\/div>\n\t\t\t\t<\/div>\n\t\t\t\t<div class=\"elementor-element elementor-element-e8a68e5 elementor-widget elementor-widget-text-editor\" data-id=\"e8a68e5\" data-element_type=\"widget\" data-e-type=\"widget\" data-widget_type=\"text-editor.default\">\n\t\t\t\t<div class=\"elementor-widget-container\">\n\t\t\t\t\t\t\t\t\t<div id=\"elementor-tab-content-1633\" class=\"elementor-tab-content elementor-clearfix elementor-active\" role=\"region\" data-tab=\"3\" aria-labelledby=\"elementor-tab-title-1633\"><ul><li><a href=\"https:\/\/settlers.hu\/hu\/regisztracios-igazolas\/\">Regisztr\u00e1ci\u00f3s igazol\u00e1s<\/a><\/li><\/ul><\/div>\t\t\t\t\t\t\t\t<\/div>\n\t\t\t\t<\/div>\n\t\t\t\t<\/div>\n\t\t<div class=\"elementor-element elementor-element-3e8973f e-con-full e-flex e-con e-child\" data-id=\"3e8973f\" data-element_type=\"container\" data-e-type=\"container\">\n\t\t\t\t<div class=\"elementor-element elementor-element-c3b7797 elementor-widget elementor-widget-heading\" data-id=\"c3b7797\" data-element_type=\"widget\" data-e-type=\"widget\" data-widget_type=\"heading.default\">\n\t\t\t\t<div class=\"elementor-widget-container\">\n\t\t\t\t\t<h5 class=\"elementor-heading-title elementor-size-default\">Nem EGT-\u00e1llampolg\u00e1rs\u00e1g\u00fa csal\u00e1dtagok<\/h5>\t\t\t\t<\/div>\n\t\t\t\t<\/div>\n\t\t\t\t<div class=\"elementor-element elementor-element-00081c7 elementor-widget elementor-widget-text-editor\" data-id=\"00081c7\" data-element_type=\"widget\" data-e-type=\"widget\" data-widget_type=\"text-editor.default\">\n\t\t\t\t<div class=\"elementor-widget-container\">\n\t\t\t\t\t\t\t\t\t<div id=\"elementor-tab-content-1633\" class=\"elementor-tab-content elementor-clearfix elementor-active\" role=\"region\" data-tab=\"3\" aria-labelledby=\"elementor-tab-title-1633\"><ul><li><a href=\"https:\/\/settlers.hu\/hu\/tartozkodasi-kartya\/\">Tart\u00f3zkod\u00e1si k\u00e1rtya EGT-\u00e1llampolg\u00e1r harmadik orsz\u00e1gbeli csal\u00e1dtagja r\u00e9sz\u00e9re<\/a><\/li><\/ul><\/div>\t\t\t\t\t\t\t\t<\/div>\n\t\t\t\t<\/div>\n\t\t\t\t<\/div>\n\t\t\t\t\t<\/div>\n\t\t\t\t<\/div>\n\t\t\t\t<section class=\"elementor-section elementor-top-section elementor-element elementor-element-65a59c9 elementor-section-boxed elementor-section-height-default elementor-section-height-default\" data-id=\"65a59c9\" data-element_type=\"section\" data-e-type=\"section\">\n\t\t\t\t\t\t<div class=\"elementor-container elementor-column-gap-default\">\n\t\t\t\t\t<div class=\"elementor-column elementor-col-100 elementor-top-column elementor-element elementor-element-8fb9b8d\" data-id=\"8fb9b8d\" data-element_type=\"column\" data-e-type=\"column\">\n\t\t\t<div class=\"elementor-widget-wrap elementor-element-populated\">\n\t\t\t\t\t\t<div class=\"elementor-element elementor-element-fcbc5ea elementor-widget-divider--view-line elementor-widget elementor-widget-divider\" data-id=\"fcbc5ea\" data-element_type=\"widget\" data-e-type=\"widget\" data-widget_type=\"divider.default\">\n\t\t\t\t<div class=\"elementor-widget-container\">\n\t\t\t\t\t\t\t<div class=\"elementor-divider\">\n\t\t\t<span class=\"elementor-divider-separator\">\n\t\t\t\t\t\t<\/span>\n\t\t<\/div>\n\t\t\t\t\t\t<\/div>\n\t\t\t\t<\/div>\n\t\t\t\t<div class=\"elementor-element elementor-element-f687d98 elementor-widget elementor-widget-heading\" data-id=\"f687d98\" data-element_type=\"widget\" data-e-type=\"widget\" data-widget_type=\"heading.default\">\n\t\t\t\t<div class=\"elementor-widget-container\">\n\t\t\t\t\t<h2 class=\"elementor-heading-title elementor-size-default\">Enged\u00e9lyek hossz\u00fa t\u00e1v\u00fa tart\u00f3zkod\u00e1sra<\/h2>\t\t\t\t<\/div>\n\t\t\t\t<\/div>\n\t\t\t\t\t<\/div>\n\t\t<\/div>\n\t\t\t\t\t<\/div>\n\t\t<\/section>\n\t\t<div class=\"elementor-element elementor-element-2484374 e-flex e-con-boxed e-con e-parent\" data-id=\"2484374\" data-element_type=\"container\" data-e-type=\"container\">\n\t\t\t\t\t<div class=\"e-con-inner\">\n\t\t<div class=\"elementor-element elementor-element-a20aa4f e-con-full e-flex e-con e-child\" data-id=\"a20aa4f\" data-element_type=\"container\" data-e-type=\"container\">\n\t\t\t\t<div class=\"elementor-element elementor-element-192efc4 elementor-widget elementor-widget-heading\" data-id=\"192efc4\" data-element_type=\"widget\" data-e-type=\"widget\" data-widget_type=\"heading.default\">\n\t\t\t\t<div class=\"elementor-widget-container\">\n\t\t\t\t\t<h5 class=\"elementor-heading-title elementor-size-default\">EGT \u00e1llampolg\u00e1rok \u00e9s csal\u00e1dtagjaik<\/h5>\t\t\t\t<\/div>\n\t\t\t\t<\/div>\n\t\t\t\t<div class=\"elementor-element elementor-element-e9a814c elementor-widget elementor-widget-text-editor\" data-id=\"e9a814c\" data-element_type=\"widget\" data-e-type=\"widget\" data-widget_type=\"text-editor.default\">\n\t\t\t\t<div class=\"elementor-widget-container\">\n\t\t\t\t\t\t\t\t\t<ul><li id=\"elementor-tab-content-1634\" class=\"elementor-tab-content elementor-clearfix elementor-active\" role=\"region\" data-tab=\"4\" aria-labelledby=\"elementor-tab-title-1634\"><a href=\"https:\/\/settlers.hu\/hu\/allando-tartozkodasi-kartya\/\">\u00c1lland\u00f3 tart\u00f3zkod\u00e1si k\u00e1rtya<\/a><\/li><li role=\"region\" data-tab=\"4\" aria-labelledby=\"elementor-tab-title-1634\"><a href=\"https:\/\/settlers.hu\/hu\/huzamos-tartozkodasi-kartya-egt-allampolgar-harmadik-orszagbeli-csaladtagja-reszere\/\">Huzamos tart\u00f3zkod\u00e1si k\u00e1rtya EGT-\u00e1llampolg\u00e1r harmadik orsz\u00e1gbeli csal\u00e1dtagja r\u00e9sz\u00e9re<\/a><\/li><\/ul>\t\t\t\t\t\t\t\t<\/div>\n\t\t\t\t<\/div>\n\t\t\t\t<\/div>\n\t\t<div class=\"elementor-element elementor-element-31d5f7e e-con-full e-flex e-con e-child\" data-id=\"31d5f7e\" data-element_type=\"container\" data-e-type=\"container\">\n\t\t\t\t<div class=\"elementor-element elementor-element-c26411e elementor-widget elementor-widget-heading\" data-id=\"c26411e\" data-element_type=\"widget\" data-e-type=\"widget\" data-widget_type=\"heading.default\">\n\t\t\t\t<div class=\"elementor-widget-container\">\n\t\t\t\t\t<h5 class=\"elementor-heading-title elementor-size-default\">Nem EGT-\u00e1llampolg\u00e1rok<\/h5>\t\t\t\t<\/div>\n\t\t\t\t<\/div>\n\t\t\t\t<div class=\"elementor-element elementor-element-9914c2b elementor-widget elementor-widget-text-editor\" data-id=\"9914c2b\" data-element_type=\"widget\" data-e-type=\"widget\" data-widget_type=\"text-editor.default\">\n\t\t\t\t<div class=\"elementor-widget-container\">\n\t\t\t\t\t\t\t\t\t<div id=\"elementor-tab-content-1634\" class=\"elementor-tab-content elementor-clearfix elementor-active\" role=\"region\" data-tab=\"4\" aria-labelledby=\"elementor-tab-title-1634\"><ul><li><a href=\"https:\/\/settlers.hu\/hu\/nemzeti-tartozkodasi-kartya\/\">Nemzeti tart\u00f3zkod\u00e1si k\u00e1rtya<\/a><\/li><li><a href=\"https:\/\/settlers.hu\/hu\/eu-tartozkodasi-kartya\/\">EU tart\u00f3zkod\u00e1si k\u00e1rtya<\/a><\/li><li><a href=\"https:\/\/settlers.hu\/hu\/ideiglenes-tartozkodasi-kartya\/\">Ideiglenes tart\u00f3zkod\u00e1si k\u00e1rtya<\/a><\/li><\/ul><\/div>\t\t\t\t\t\t\t\t<\/div>\n\t\t\t\t<\/div>\n\t\t\t\t<\/div>\n\t\t\t\t\t<\/div>\n\t\t\t\t<\/div>\n\t\t<div class=\"elementor-element elementor-element-5f2feab e-flex e-con-boxed e-con e-parent\" data-id=\"5f2feab\" data-element_type=\"container\" data-e-type=\"container\">\n\t\t\t\t\t<div class=\"e-con-inner\">\n\t\t\t\t<div class=\"elementor-element elementor-element-10194ca elementor-widget elementor-widget-spacer\" data-id=\"10194ca\" data-element_type=\"widget\" data-e-type=\"widget\" data-widget_type=\"spacer.default\">\n\t\t\t\t<div class=\"elementor-widget-container\">\n\t\t\t\t\t\t\t<div class=\"elementor-spacer\">\n\t\t\t<div class=\"elementor-spacer-inner\"><\/div>\n\t\t<\/div>\n\t\t\t\t\t\t<\/div>\n\t\t\t\t<\/div>\n\t\t\t\t\t<\/div>\n\t\t\t\t<\/div>\n\t\t\t\t<\/div>\n\t\t","protected":false},"excerpt":{"rendered":"<p>Ez a tud\u00e1sb\u00e1zis \u00e1ttekint\u00e9st ny\u00fajt a magyarorsz\u00e1gi tart\u00f3zkod\u00e1si enged\u00e9lyekr\u0151l.<\/p>\n","protected":false},"author":4,"featured_media":0,"parent":0,"menu_order":0,"comment_status":"closed","ping_status":"closed","template":"","meta":{"footnotes":""},"class_list":["post-4134","page","type-page","status-publish","hentry"],"_links":{"self":[{"href":"https:\/\/settlers.hu\/hu\/wp-json\/wp\/v2\/pages\/4134","targetHints":{"allow":["GET"]}}],"collection":[{"href":"https:\/\/settlers.hu\/hu\/wp-json\/wp\/v2\/pages"}],"about":[{"href":"https:\/\/settlers.hu\/hu\/wp-json\/wp\/v2\/types\/page"}],"author":[{"embeddable":true,"href":"https:\/\/settlers.hu\/hu\/wp-json\/wp\/v2\/users\/4"}],"replies":[{"embeddable":true,"href":"https:\/\/settlers.hu\/hu\/wp-json\/wp\/v2\/comments?post=4134"}],"version-history":[{"count":27,"href":"https:\/\/settlers.hu\/hu\/wp-json\/wp\/v2\/pages\/4134\/revisions"}],"predecessor-version":[{"id":4579,"href":"https:\/\/settlers.hu\/hu\/wp-json\/wp\/v2\/pages\/4134\/revisions\/4579"}],"wp:attachment":[{"href":"https:\/\/settlers.hu\/hu\/wp-json\/wp\/v2\/media?parent=4134"}],"curies":[{"name":"wp","href":"https:\/\/api.w.org\/{rel}","templated":true}]}}