{"id":3436,"date":"2024-10-14T12:37:10","date_gmt":"2024-10-14T12:37:10","guid":{"rendered":"https:\/\/settlers.hu\/nemzeti-tartozkodasi-kartya\/"},"modified":"2025-05-22T09:30:45","modified_gmt":"2025-05-22T09:30:45","slug":"nemzeti-tartozkodasi-kartya","status":"publish","type":"page","link":"https:\/\/settlers.hu\/hu\/nemzeti-tartozkodasi-kartya\/","title":{"rendered":"Nemzeti tart\u00f3zkod\u00e1si k\u00e1rtya"},"content":{"rendered":"\t\t<div data-elementor-type=\"wp-page\" data-elementor-id=\"3436\" class=\"elementor elementor-3436 elementor-3419\" data-elementor-post-type=\"page\">\n\t\t\t\t\t\t<section class=\"elementor-section elementor-top-section elementor-element elementor-element-32aaffb9 elementor-section-boxed elementor-section-height-default elementor-section-height-default\" data-id=\"32aaffb9\" data-element_type=\"section\" data-e-type=\"section\">\n\t\t\t\t\t\t<div class=\"elementor-container elementor-column-gap-default\">\n\t\t\t\t\t<div class=\"elementor-column elementor-col-100 elementor-top-column elementor-element elementor-element-437d153\" data-id=\"437d153\" data-element_type=\"column\" data-e-type=\"column\">\n\t\t\t<div class=\"elementor-widget-wrap elementor-element-populated\">\n\t\t\t\t\t\t<section class=\"elementor-section elementor-inner-section elementor-element elementor-element-3ccb5ee1 elementor-section-boxed elementor-section-height-default elementor-section-height-default\" data-id=\"3ccb5ee1\" data-element_type=\"section\" data-e-type=\"section\">\n\t\t\t\t\t\t<div class=\"elementor-container elementor-column-gap-default\">\n\t\t\t\t\t<div class=\"elementor-column elementor-col-50 elementor-inner-column elementor-element elementor-element-2f3b4e48\" data-id=\"2f3b4e48\" data-element_type=\"column\" data-e-type=\"column\">\n\t\t\t<div class=\"elementor-widget-wrap elementor-element-populated\">\n\t\t\t\t\t\t<div class=\"elementor-element elementor-element-7d0c7434 elementor-toc--minimized-on-tablet elementor-widget elementor-widget-table-of-contents\" data-id=\"7d0c7434\" data-element_type=\"widget\" data-e-type=\"widget\" data-settings=\"{&quot;headings_by_tags&quot;:[&quot;h3&quot;],&quot;exclude_headings_by_selector&quot;:[],&quot;marker_view&quot;:&quot;bullets&quot;,&quot;min_height&quot;:{&quot;unit&quot;:&quot;px&quot;,&quot;size&quot;:0,&quot;sizes&quot;:[]},&quot;no_headings_message&quot;:&quot;No headings were found on this page.&quot;,&quot;icon&quot;:{&quot;value&quot;:&quot;fas fa-circle&quot;,&quot;library&quot;:&quot;fa-solid&quot;},&quot;minimize_box&quot;:&quot;yes&quot;,&quot;minimized_on&quot;:&quot;tablet&quot;,&quot;hierarchical_view&quot;:&quot;yes&quot;,&quot;min_height_widescreen&quot;:{&quot;unit&quot;:&quot;px&quot;,&quot;size&quot;:&quot;&quot;,&quot;sizes&quot;:[]},&quot;min_height_laptop&quot;:{&quot;unit&quot;:&quot;px&quot;,&quot;size&quot;:&quot;&quot;,&quot;sizes&quot;:[]},&quot;min_height_tablet_extra&quot;:{&quot;unit&quot;:&quot;px&quot;,&quot;size&quot;:&quot;&quot;,&quot;sizes&quot;:[]},&quot;min_height_tablet&quot;:{&quot;unit&quot;:&quot;px&quot;,&quot;size&quot;:&quot;&quot;,&quot;sizes&quot;:[]},&quot;min_height_mobile_extra&quot;:{&quot;unit&quot;:&quot;px&quot;,&quot;size&quot;:&quot;&quot;,&quot;sizes&quot;:[]},&quot;min_height_mobile&quot;:{&quot;unit&quot;:&quot;px&quot;,&quot;size&quot;:&quot;&quot;,&quot;sizes&quot;:[]}}\" data-widget_type=\"table-of-contents.default\">\n\t\t\t\t<div class=\"elementor-widget-container\">\n\t\t\t\t\t\t\t\t\t<div class=\"elementor-toc__header\">\n\t\t\t\t\t\t<h4 class=\"elementor-toc__header-title\">\n\t\t\t\tTartalom\t\t\t<\/h4>\n\t\t\t\t\t\t\t\t\t\t<div class=\"elementor-toc__toggle-button elementor-toc__toggle-button--expand\" role=\"button\" tabindex=\"0\" aria-controls=\"elementor-toc__7d0c7434\" aria-expanded=\"true\" aria-label=\"Open table of contents\"><i aria-hidden=\"true\" class=\"fas fa-chevron-down\"><\/i><\/div>\n\t\t\t\t<div class=\"elementor-toc__toggle-button elementor-toc__toggle-button--collapse\" role=\"button\" tabindex=\"0\" aria-controls=\"elementor-toc__7d0c7434\" aria-expanded=\"true\" aria-label=\"Close table of contents\"><i aria-hidden=\"true\" class=\"fas fa-chevron-up\"><\/i><\/div>\n\t\t\t\t\t<\/div>\n\t\t\t\t<div id=\"elementor-toc__7d0c7434\" class=\"elementor-toc__body\">\n\t\t\t<div class=\"elementor-toc__spinner-container\">\n\t\t\t\t<i class=\"elementor-toc__spinner eicon-animation-spin eicon-loading\" aria-hidden=\"true\"><\/i>\t\t\t<\/div>\n\t\t<\/div>\n\t\t\t\t\t\t<\/div>\n\t\t\t\t<\/div>\n\t\t\t\t<div class=\"elementor-element elementor-element-7d404f21 elementor-widget elementor-widget-heading\" data-id=\"7d404f21\" data-element_type=\"widget\" data-e-type=\"widget\" data-widget_type=\"heading.default\">\n\t\t\t\t<div class=\"elementor-widget-container\">\n\t\t\t\t\t<h3 class=\"elementor-heading-title elementor-size-default\">Mi a nemzeti tart\u00f3zkod\u00e1si k\u00e1rtya?<\/h3>\t\t\t\t<\/div>\n\t\t\t\t<\/div>\n\t\t\t\t<div class=\"elementor-element elementor-element-79bc824c elementor-widget elementor-widget-text-editor\" data-id=\"79bc824c\" data-element_type=\"widget\" data-e-type=\"widget\" data-widget_type=\"text-editor.default\">\n\t\t\t\t<div class=\"elementor-widget-container\">\n\t\t\t\t\t\t\t\t\t<p>A nemzeti tart\u00f3zkod\u00e1si k\u00e1rtya <strong>a huzamos tart\u00f3zkod\u00e1sra jogos\u00edt\u00f3 enged\u00e9lyek egyike,<\/strong> mely a kor\u00e1bbi nemzeti leteleped\u00e9si enged\u00e9lynek felel meg. Ezen enged\u00e9ly huzamos tart\u00f3zkod\u00e1si jogot biztos\u00edt, birtokosa hat\u00e1rozatlan ideig jogosult Magyarorsz\u00e1gon tart\u00f3zkodni. <\/p>\n\t\t\t\t\t\t\t\t<\/div>\n\t\t\t\t<\/div>\n\t\t\t\t<div class=\"elementor-element elementor-element-54991698 elementor-widget elementor-widget-heading\" data-id=\"54991698\" data-element_type=\"widget\" data-e-type=\"widget\" data-widget_type=\"heading.default\">\n\t\t\t\t<div class=\"elementor-widget-container\">\n\t\t\t\t\t<h3 class=\"elementor-heading-title elementor-size-default\">Kik k\u00e9relmezhetnek nemzeti tart\u00f3zkod\u00e1si k\u00e1rty\u00e1t?<\/h3>\t\t\t\t<\/div>\n\t\t\t\t<\/div>\n\t\t\t\t<div class=\"elementor-element elementor-element-6348014a elementor-widget elementor-widget-text-editor\" data-id=\"6348014a\" data-element_type=\"widget\" data-e-type=\"widget\" data-widget_type=\"text-editor.default\">\n\t\t\t\t<div class=\"elementor-widget-container\">\n\t\t\t\t\t\t\t\t\t<p>Nemzeti tart\u00f3zkod\u00e1si k\u00e1rty\u00e1t olyan <strong>nem EGT \u00e1llampolg\u00e1rok k\u00e9relmezhetnek, akik m\u00e1r rendelkeznek Magyarorsz\u00e1gon tart\u00f3zkod\u00e1si enged\u00e9llyel<\/strong> \u00e9s az al\u00e1bbi felt\u00e9telek valamelyik\u00e9nek is megfelelnek:<\/p>\n<ul>\n<li>A k\u00e9relmez\u0151 legal\u00e1bb 3 \u00e9ve jogszer\u0171en, megszak\u00edt\u00e1s n\u00e9lk\u00fcl Magyarorsz\u00e1gon tart\u00f3zkodik (r\u00e9szleteket l\u00e1sd lentebb)<\/li>\n<li>Felt\u00e9ve, hogy a h\u00e1zass\u00e1got m\u00e1r legal\u00e1bb 2 \u00e9ve megk\u00f6t\u00f6tt\u00e9k, a k\u00e9relmez\u0151 h\u00e1zast\u00e1rsa\n<ul>\n<li>magyar \u00e1llampolg\u00e1r, vagy<\/li>\n<li>huzamos tart\u00f3zkod\u00e1si joggal rendelkezik vagy<\/li>\n<li>menek\u00fcltk\u00e9nt elismert szem\u00e9ly,<\/li>\n<\/ul>\n<\/li>\n<li>A k\u00e9relmez\u0151 egy huzamos tart\u00f3zkod\u00e1si joggal rendelkez\u0151 vagy menek\u00fcltk\u00e9nt szem\u00e9ly kiskor\u00fa gyermeke<\/li>\n<li>A k\u00e9relmez\u0151 egy huzamos tart\u00f3zkod\u00e1si joggal rendelkez\u0151 vagy menek\u00fcltk\u00e9nt elismert szem\u00e9ly vagy magyar \u00e1llampolg\u00e1r eltartott felmen\u0151je, felt\u00e9ve, hogy legal\u00e1bb 1 \u00e9ve csal\u00e1di \u00e9letk\u00f6z\u00f6ss\u00e9gben \u00e9lnek Magyarorsz\u00e1gon<\/li>\n<\/ul>\n\t\t\t\t\t\t\t\t<\/div>\n\t\t\t\t<\/div>\n\t\t\t\t<div class=\"elementor-element elementor-element-07db74c elementor-widget elementor-widget-text-editor\" data-id=\"07db74c\" data-element_type=\"widget\" data-e-type=\"widget\" data-widget_type=\"text-editor.default\">\n\t\t\t\t<div class=\"elementor-widget-container\">\n\t\t\t\t\t\t\t\t\t<p><strong><strong><u>Nem k\u00e9relmezhetnek<\/u> huzamos tart\u00f3zkod\u00e1sra jogos\u00edt\u00f3 enged\u00e9lyt azon nem EGT \u00e1llampolg\u00e1rok<\/strong><\/strong>, akik az al\u00e1bbi enged\u00e9lyek valamelyik\u00e9vel rendelkeznek:<\/p>\n<ul>\n<li>Vend\u00e9gmunk\u00e1s k\u00f6rbe tartoz\u00f3 enged\u00e9lyek:\n<ul>\n<li>szezon\u00e1lis munkav\u00e1llal\u00e1s c\u00e9l\u00fa tart\u00f3zkod\u00e1si enged\u00e9ly<\/li>\n<li>beruh\u00e1z\u00e1s megval\u00f3s\u00edt\u00e1sa c\u00e9lj\u00e1b\u00f3l ki\u00e1ll\u00edtott munkav\u00e1llal\u00e1si c\u00e9l\u00fa tart\u00f3zkod\u00e1si enged\u00e9ly<\/li>\n<li>foglalkoztat\u00e1si c\u00e9l\u00fa tart\u00f3zkod\u00e1si enged\u00e9ly<\/li>\n<li>vend\u00e9gmunk\u00e1s tart\u00f3zkod\u00e1si enged\u00e9ly<\/li>\n<\/ul>\n<\/li>\n<li>vend\u00e9g-\u00f6nfoglalkoztat\u00e1s c\u00e9l\u00fa tart\u00f3zkod\u00e1si enged\u00e9ly<\/li>\n<li>tanulm\u00e1nyi c\u00e9l\u00fa tart\u00f3zkod\u00e1si enged\u00e9ly<\/li>\n<li>\u00e1ll\u00e1skeres\u00e9st \u00e9s a v\u00e1llalkoz\u00e1sind\u00edt\u00e1s c\u00e9l\u00fa tart\u00f3zkod\u00e1si enged\u00e9ly<\/li>\n<li>Feh\u00e9r K\u00e1rtya<\/li>\n<li>k\u00e9pz\u00e9s c\u00e9l\u00fa tart\u00f3zkod\u00e1si enged\u00e9ly<\/li>\n<li>ideiglenes tart\u00f3zkod\u00e1si enged\u00e9ly<\/li>\n<li>gy\u00f3gykezel\u00e9si c\u00e9l\u00fa tart\u00f3zkod\u00e1si enged\u00e9ly<\/li>\n<li>kik\u00fcldet\u00e9s c\u00e9l\u00fa tart\u00f3zkod\u00e1si enged\u00e9ly<\/li>\n<li>gyakornoki tev\u00e9kenys\u00e9g folytat\u00e1sa c\u00e9l\u00fa tart\u00f3zkod\u00e1si enged\u00e9ly<\/li>\n<li>\u00f6nk\u00e9ntes tev\u00e9kenys\u00e9g folytat\u00e1sa c\u00e9l\u00fa tart\u00f3zkod\u00e1si enged\u00e9ly<\/li>\n<\/ul>\n\t\t\t\t\t\t\t\t<\/div>\n\t\t\t\t<\/div>\n\t\t\t\t<div class=\"elementor-element elementor-element-4a2fe6dc elementor-widget elementor-widget-heading\" data-id=\"4a2fe6dc\" data-element_type=\"widget\" data-e-type=\"widget\" data-widget_type=\"heading.default\">\n\t\t\t\t<div class=\"elementor-widget-container\">\n\t\t\t\t\t<h3 class=\"elementor-heading-title elementor-size-default\">A h\u00e1rom \u00e9v megszak\u00edt\u00e1s n\u00e9lk\u00fcli tart\u00f3zkod\u00e1s sz\u00e1m\u00edt\u00e1sa<\/h3>\t\t\t\t<\/div>\n\t\t\t\t<\/div>\n\t\t\t\t<div class=\"elementor-element elementor-element-51eae1b5 elementor-widget elementor-widget-text-editor\" data-id=\"51eae1b5\" data-element_type=\"widget\" data-e-type=\"widget\" data-widget_type=\"text-editor.default\">\n\t\t\t\t<div class=\"elementor-widget-container\">\n\t\t\t\t\t\t\t\t\t<p><strong>A 3 \u00e9ves jogszer\u0171 \u00e9s megszak\u00edt\u00e1s n\u00e9lk\u00fcli magyarorsz\u00e1gi tart\u00f3zkod\u00e1s akkor tekinthet\u0151 igazoltnak<\/strong>, ha a k\u00e9relmez\u0151:<\/p>\n<ul>\n<li>ezen id\u0151 alatt v\u00e9gig \u00e9rv\u00e9nyes tart\u00f3zkod\u00e1si enged\u00e9llyel rendelkezett,<\/li>\n<li>a 3 \u00e9vben legfeljebb 270 napot t\u00f6lt\u00f6tt Magyarorsz\u00e1g ter\u00fclet\u00e9n k\u00edv\u00fcl, valamint<\/li>\n<li>egybef\u00fcgg\u0151en nem tart\u00f3zkodott 4 h\u00f3napn\u00e1l hosszabb ideig Magyarorsz\u00e1g ter\u00fclet\u00e9n k\u00edv\u00fcl.<\/li>\n<\/ul>\n\t\t\t\t\t\t\t\t<\/div>\n\t\t\t\t<\/div>\n\t\t\t\t<div class=\"elementor-element elementor-element-3b407ae elementor-widget elementor-widget-text-editor\" data-id=\"3b407ae\" data-element_type=\"widget\" data-e-type=\"widget\" data-widget_type=\"text-editor.default\">\n\t\t\t\t<div class=\"elementor-widget-container\">\n\t\t\t\t\t\t\t\t\t<p>Ezen szab\u00e1lyokt\u00f3l csak m\u00e9lt\u00e1nyolhat\u00f3 okb\u00f3l enged\u00e9lyez elt\u00e9r\u00e9st a Hivatal, mint pl.: k\u00fclf\u00f6ldi gy\u00f3gykezel\u00e9s, munkav\u00e9gz\u00e9ssel \u00f6sszef\u00fcgg\u0151 k\u00fclf\u00f6ldi kik\u00fcldet\u00e9s.<\/p>\n\t\t\t\t\t\t\t\t<\/div>\n\t\t\t\t<\/div>\n\t\t\t\t<div class=\"elementor-element elementor-element-35279b20 elementor-widget elementor-widget-heading\" data-id=\"35279b20\" data-element_type=\"widget\" data-e-type=\"widget\" data-widget_type=\"heading.default\">\n\t\t\t\t<div class=\"elementor-widget-container\">\n\t\t\t\t\t<h3 class=\"elementor-heading-title elementor-size-default\">Mire jogos\u00edt a nemzeti tart\u00f3zkod\u00e1si k\u00e1rtya?<\/h3>\t\t\t\t<\/div>\n\t\t\t\t<\/div>\n\t\t\t\t<div class=\"elementor-element elementor-element-18edf547 elementor-widget elementor-widget-text-editor\" data-id=\"18edf547\" data-element_type=\"widget\" data-e-type=\"widget\" data-widget_type=\"text-editor.default\">\n\t\t\t\t<div class=\"elementor-widget-container\">\n\t\t\t\t\t\t\t\t\t<ul>\n<li>A huzamos tart\u00f3zkod\u00e1si jog birtokosa hat\u00e1rozatlan idej\u0171 tart\u00f3zkod\u00e1sra jogosult Magyarorsz\u00e1gon, a st\u00e1tusz csak visszavon\u00e1ssal sz\u0171nik meg.<\/li>\n<li>A nemzeti tart\u00f3zkod\u00e1si k\u00e1rtya mellett ki\u00e1ll\u00edt\u00e1sra ker\u00fcl magyar szem\u00e9lyi igazolv\u00e1ny, illetve plasztik lakc\u00edmk\u00e1rtya is.<\/li>\n<li>A huzamos tart\u00f3zkod\u00e1si jog Magyarorsz\u00e1gon \u00e1lland\u00f3 lak\u00f3helyet biztos\u00edt.<\/li>\n<li>A nemzeti tart\u00f3zkod\u00e1si k\u00e1rtya birtokosa egy\u00e9b jogosults\u00e1gokat is \u00e9lvezhet, mint pl.:<\/li>\n<li>munkav\u00e1llal\u00e1s az EGT \u00e1llampolg\u00e1rokkal azonos felt\u00e9telekkel<\/li>\n<li>munkan\u00e9lk\u00fcli seg\u00e9lyre val\u00f3 jogosults\u00e1g a k\u00e9relmez\u00e9si felt\u00e9teleknek val\u00f3 megfelel\u00e9s eset\u00e9n<\/li>\n<li>r\u00e9szv\u00e9teli jog a helyi \u00f6nkorm\u00e1nyzati v\u00e1laszt\u00e1sokon<\/li>\n<li>banki hitelfelv\u00e9tel lehet\u0151s\u00e9ge<\/li>\n<li>lak\u00f3ingatlan tulajdonjog\u00e1nak enged\u00e9ly n\u00e9lk\u00fcli megszerz\u00e9se<\/li>\n<li>csal\u00e1dt\u00e1mogat\u00e1si konstrukci\u00f3k ig\u00e9nybev\u00e9tele<\/li>\n<\/ul>\n\t\t\t\t\t\t\t\t<\/div>\n\t\t\t\t<\/div>\n\t\t\t\t<div class=\"elementor-element elementor-element-11f2976d elementor-widget elementor-widget-heading\" data-id=\"11f2976d\" data-element_type=\"widget\" data-e-type=\"widget\" data-widget_type=\"heading.default\">\n\t\t\t\t<div class=\"elementor-widget-container\">\n\t\t\t\t\t<h3 class=\"elementor-heading-title elementor-size-default\">Mennyi ideig \u00e9rv\u00e9nyes a nemzeti tart\u00f3zkod\u00e1si k\u00e1rtya?<\/h3>\t\t\t\t<\/div>\n\t\t\t\t<\/div>\n\t\t\t\t<div class=\"elementor-element elementor-element-2b63bd62 elementor-widget elementor-widget-text-editor\" data-id=\"2b63bd62\" data-element_type=\"widget\" data-e-type=\"widget\" data-widget_type=\"text-editor.default\">\n\t\t\t\t<div class=\"elementor-widget-container\">\n\t\t\t\t\t\t\t\t\t<p><strong>A huzamos tart\u00f3zkod\u00e1si st\u00e1tusz hat\u00e1rozatlan idej\u0171, csak visszavon\u00e1ssal sz\u0171nik meg.<\/strong> A nemzeti tart\u00f3zkod\u00e1si k\u00e1rtya okm\u00e1ny \u00e9rv\u00e9nyess\u00e9ge 10 \u00e9v, amely alkalmank\u00e9nt 10 \u00e9vre hosszabb\u00edthat\u00f3.<\/p>\n<p>A nemzeti tart\u00f3zkod\u00e1si k\u00e1rty\u00e1t a hat\u00f3s\u00e1g visszavonhatja, ha:<\/p>\n<ul>\n<li>a nemzeti tart\u00f3zkod\u00e1si k\u00e1rtya birtokosa Magyarorsz\u00e1got hat h\u00f3napn\u00e1l hosszabb id\u0151re elhagyja<\/li>\n<li>a kiad\u00e1s\u00e1t megalapoz\u00f3 k\u00f6r\u00fclm\u00e9nyekben olyan v\u00e1ltoz\u00e1s \u00e1llt be, ami miatt a huzamos tart\u00f3zkod\u00e1si jog m\u00e1r nem megalapozott, mint p\u00e9ld\u00e1ul a csal\u00e1di \u00e9letk\u00f6z\u00f6ss\u00e9g megsz\u0171n\u00e9se.<\/li>\n<\/ul>\n\t\t\t\t\t\t\t\t<\/div>\n\t\t\t\t<\/div>\n\t\t\t\t<div class=\"elementor-element elementor-element-374c9b7a elementor-widget elementor-widget-heading\" data-id=\"374c9b7a\" data-element_type=\"widget\" data-e-type=\"widget\" data-widget_type=\"heading.default\">\n\t\t\t\t<div class=\"elementor-widget-container\">\n\t\t\t\t\t<h3 class=\"elementor-heading-title elementor-size-default\">Csal\u00e1dtagok helyzete<\/h3>\t\t\t\t<\/div>\n\t\t\t\t<\/div>\n\t\t\t\t<div class=\"elementor-element elementor-element-5a3aab91 elementor-widget elementor-widget-text-editor\" data-id=\"5a3aab91\" data-element_type=\"widget\" data-e-type=\"widget\" data-widget_type=\"text-editor.default\">\n\t\t\t\t<div class=\"elementor-widget-container\">\n\t\t\t\t\t\t\t\t\t<p><strong>A huzamos tart\u00f3zkod\u00e1si jog\u00e1ll\u00e1st minden csal\u00e1dtagnak k\u00fcl\u00f6n sz\u00fcks\u00e9ges k\u00e9relmeznie.<\/strong> Abban az esetben, ha a huzamos tart\u00f3zkod\u00e1si jog birtokos\u00e1nak csal\u00e1dtagjai nem rendelkeznek huzamos tart\u00f3zkod\u00e1si joggal, \u0151k a tart\u00f3zkod\u00e1si enged\u00e9ly\u00fckre vonatkoz\u00f3 szab\u00e1lyok szerint tudnak tov\u00e1bb tart\u00f3zkodni Magyarorsz\u00e1gon.<\/p>\n<p>Amennyiben a huzamos tart\u00f3zkod\u00e1si jog birtokos\u00e1nak Magyarorsz\u00e1gon gyermeke sz\u00fcletett, a sz\u00fclet\u00e9s bejelent\u00e9s\u00e9t k\u00f6vet\u0151en a gyermek r\u00e9sz\u00e9re nemzeti tart\u00f3zkod\u00e1si k\u00e1rtya ker\u00fcl ki\u00e1ll\u00edt\u00e1sra.<\/p>\n\t\t\t\t\t\t\t\t<\/div>\n\t\t\t\t<\/div>\n\t\t\t\t<div class=\"elementor-element elementor-element-430e61e8 elementor-widget elementor-widget-heading\" data-id=\"430e61e8\" data-element_type=\"widget\" data-e-type=\"widget\" data-widget_type=\"heading.default\">\n\t\t\t\t<div class=\"elementor-widget-container\">\n\t\t\t\t\t<h3 class=\"elementor-heading-title elementor-size-default\">A k\u00e9relmez\u00e9s folyamata<\/h3>\t\t\t\t<\/div>\n\t\t\t\t<\/div>\n\t\t\t\t<div class=\"elementor-element elementor-element-6885fcdf elementor-widget elementor-widget-text-editor\" data-id=\"6885fcdf\" data-element_type=\"widget\" data-e-type=\"widget\" data-widget_type=\"text-editor.default\">\n\t\t\t\t<div class=\"elementor-widget-container\">\n\t\t\t\t\t\t\t\t\t<p>A nemzeti tart\u00f3zkod\u00e1si k\u00e1rtya ir\u00e1nti k\u00e9relem kiz\u00e1r\u00f3lag online, a bev\u00e1ndorl\u00e1si hivatal EnterHungary nev\u0171 honlapj\u00e1n kereszt\u00fcl ny\u00fajthat\u00f3 be.<\/p><p>A nemzeti tart\u00f3zkod\u00e1si k\u00e1rtya k\u00e9relem elb\u00edr\u00e1l\u00e1si ideje 70 nap, amelybe nem sz\u00e1m\u00edt bele a hi\u00e1nyp\u00f3tl\u00e1s ideje, illetve bizonyos elj\u00e1r\u00e1si l\u00e9p\u00e9sek, mint pl. a nemzetbiztons\u00e1gi ellen\u0151rz\u00e9s ideje. Gyakorlati tapasztalatok alapj\u00e1n a k\u00e9relem teljes elb\u00edr\u00e1l\u00e1si ideje \u00e1ltal\u00e1ban 4-6 h\u00f3nap.<\/p><p>Mivel a huzamos tart\u00f3zkod\u00e1si jog\u00e1ll\u00e1s magas szint\u0171 tart\u00f3zkod\u00e1si jogosults\u00e1got biztos\u00edt birtokos\u00e1nak, a b\u00edr\u00e1lati szempontok \u2013 els\u0151sorban a meg\u00e9lhet\u00e9si k\u00f6r\u00fclm\u00e9nyek tekintet\u00e9ben \u2013 szigor\u00fabbak, mint a tart\u00f3zkod\u00e1si enged\u00e9lyek b\u00edr\u00e1lat\u00e1n\u00e1l.<\/p><p>2025. janu\u00e1rt\u00f3l a nemzeti tart\u00f3zkod\u00e1si k\u00e1rtya k\u00e9relmez\u00e9si folyamat\u00e1nak k\u00f6telez\u0151 r\u00e9sze a kultur\u00e1lis ismereti vizsga, amelyet magyar nyelven, \u00edr\u00e1sban kell teljes\u00edteni. A vizsga sikeres teljes\u00edt\u00e9se felt\u00e9tele a nemzeti tart\u00f3zkod\u00e1si k\u00e1rtya k\u00e9relem beny\u00fajt\u00e1s\u00e1nak.<\/p>\t\t\t\t\t\t\t\t<\/div>\n\t\t\t\t<\/div>\n\t\t\t\t<div class=\"elementor-element elementor-element-678256fe elementor-widget elementor-widget-heading\" data-id=\"678256fe\" data-element_type=\"widget\" data-e-type=\"widget\" data-widget_type=\"heading.default\">\n\t\t\t\t<div class=\"elementor-widget-container\">\n\t\t\t\t\t<h3 class=\"elementor-heading-title elementor-size-default\">Munkav\u00e1llal\u00e1s nemzeti tart\u00f3zkod\u00e1si k\u00e1rty\u00e1val<\/h3>\t\t\t\t<\/div>\n\t\t\t\t<\/div>\n\t\t\t\t<div class=\"elementor-element elementor-element-1e17cf9 elementor-widget elementor-widget-text-editor\" data-id=\"1e17cf9\" data-element_type=\"widget\" data-e-type=\"widget\" data-widget_type=\"text-editor.default\">\n\t\t\t\t<div class=\"elementor-widget-container\">\n\t\t\t\t\t\t\t\t\t<p>A nemzeti tart\u00f3zkod\u00e1si k\u00e1rtya birtokosa <strong>az EGT \u00e1llampolg\u00e1rokkal azonos felt\u00e9telekkel v\u00e1llalhat munk\u00e1t:<\/strong><\/p>\n<ul>\n<li>k\u00fcl\u00f6n enged\u00e9lyeztet\u00e9si elj\u00e1r\u00e1s n\u00e9lk\u00fcl kezdhet dolgozni<\/li>\n<li>hat\u00e1rozatlan id\u0151re is foglalkoztathat\u00f3<\/li>\n<li>szabadon alak\u00edthat\u00f3ak a munkak\u00f6r r\u00e9szletei a Munka T\u00f6rv\u00e9nyk\u00f6nyv\u00e9ben meghat\u00e1rozott k\u00f6telmek figyelembev\u00e9tel\u00e9vel<\/li>\n<\/ul>\n\t\t\t\t\t\t\t\t<\/div>\n\t\t\t\t<\/div>\n\t\t\t\t<div class=\"elementor-element elementor-element-290fd629 elementor-widget elementor-widget-image\" data-id=\"290fd629\" data-element_type=\"widget\" data-e-type=\"widget\" data-widget_type=\"image.default\">\n\t\t\t\t<div class=\"elementor-widget-container\">\n\t\t\t\t\t\t\t\t\t\t\t\t\t\t\t<img decoding=\"async\" width=\"300\" height=\"11\" src=\"https:\/\/settlers.hu\/wp-content\/uploads\/2024\/03\/pottyok-egysor-300x11.png\" class=\"attachment-medium size-medium wp-image-2243\" alt=\"\" srcset=\"https:\/\/settlers.hu\/wp-content\/uploads\/2024\/03\/pottyok-egysor-300x11.png 300w, https:\/\/settlers.hu\/wp-content\/uploads\/2024\/03\/pottyok-egysor.png 683w\" sizes=\"(max-width: 300px) 100vw, 300px\" \/>\t\t\t\t\t\t\t\t\t\t\t\t\t\t\t<\/div>\n\t\t\t\t<\/div>\n\t\t\t\t<div class=\"elementor-element elementor-element-5c363972 elementor-widget elementor-widget-text-editor\" data-id=\"5c363972\" data-element_type=\"widget\" data-e-type=\"widget\" data-widget_type=\"text-editor.default\">\n\t\t\t\t<div class=\"elementor-widget-container\">\n\t\t\t\t\t\t\t\t\t<p><strong>Amennyiben seg\u00edts\u00e9gre van sz\u00fcks\u00e9ge<\/strong> a nemzeti tart\u00f3zkod\u00e1si k\u00e1rtya ig\u00e9nyl\u00e9s\u00e9ben, keresse irod\u00e1nkat a honlapon tal\u00e1lhat\u00f3 el\u00e9rhet\u0151s\u00e9geken.<\/p>\n\t\t\t\t\t\t\t\t<\/div>\n\t\t\t\t<\/div>\n\t\t\t\t<div class=\"elementor-element elementor-element-42e45a01 elementor-widget-divider--view-line elementor-widget elementor-widget-divider\" data-id=\"42e45a01\" data-element_type=\"widget\" data-e-type=\"widget\" data-widget_type=\"divider.default\">\n\t\t\t\t<div class=\"elementor-widget-container\">\n\t\t\t\t\t\t\t<div class=\"elementor-divider\">\n\t\t\t<span class=\"elementor-divider-separator\">\n\t\t\t\t\t\t<\/span>\n\t\t<\/div>\n\t\t\t\t\t\t<\/div>\n\t\t\t\t<\/div>\n\t\t\t\t<div class=\"elementor-element elementor-element-1df3ab10 elementor-widget elementor-widget-text-editor\" data-id=\"1df3ab10\" data-element_type=\"widget\" data-e-type=\"widget\" data-widget_type=\"text-editor.default\">\n\t\t\t\t<div class=\"elementor-widget-container\">\n\t\t\t\t\t\t\t\t\t<p>A k\u00e9relmez\u00e9si folyamatr\u00f3l hivatalos t\u00e1j\u00e9koztat\u00e1s, illetve a sz\u00fcks\u00e9ges formanyomtatv\u00e1nyok megtal\u00e1lhat\u00f3ak az <strong><a href=\"https:\/\/oif.gov.hu\/tajekoztatok\/nemzeti-tartozkodasi-kartya\" target=\"_blank\" rel=\"noopener\">Orsz\u00e1gos Idegenrend\u00e9szeti F\u0151igazgat\u00f3s\u00e1g honlapj\u00e1n.<\/a><\/strong><\/p>\n\t\t\t\t\t\t\t\t<\/div>\n\t\t\t\t<\/div>\n\t\t\t\t<div class=\"elementor-element elementor-element-c795909 elementor-widget elementor-widget-text-editor\" data-id=\"c795909\" data-element_type=\"widget\" data-e-type=\"widget\" data-widget_type=\"text-editor.default\">\n\t\t\t\t<div class=\"elementor-widget-container\">\n\t\t\t\t\t\t\t\t\t<p>Az enged\u00e9ly k\u00e9relmek elj\u00e1r\u00e1si d\u00edjair\u00f3l a t\u00e1j\u00e9koztat\u00f3 <strong><a href=\"https:\/\/oif.gov.hu\/tajekoztatok\/eljarasi-dijak\" target=\"_blank\" rel=\"noopener\">itt tal\u00e1lhat\u00f3<\/a><\/strong>.<\/p>\n\t\t\t\t\t\t\t\t<\/div>\n\t\t\t\t<\/div>\n\t\t\t\t\t<\/div>\n\t\t<\/div>\n\t\t\t\t<div class=\"elementor-column elementor-col-50 elementor-inner-column elementor-element elementor-element-74895a9\" data-id=\"74895a9\" data-element_type=\"column\" data-e-type=\"column\" data-settings=\"{&quot;background_background&quot;:&quot;classic&quot;}\">\n\t\t\t<div class=\"elementor-widget-wrap elementor-element-populated\">\n\t\t\t\t\t<div class=\"elementor-background-overlay\"><\/div>\n\t\t\t\t\t\t<div class=\"elementor-element elementor-element-5ab6f75d elementor-widget elementor-widget-heading\" data-id=\"5ab6f75d\" data-element_type=\"widget\" data-e-type=\"widget\" data-widget_type=\"heading.default\">\n\t\t\t\t<div class=\"elementor-widget-container\">\n\t\t\t\t\t<h2 class=\"elementor-heading-title elementor-size-default\">Legfrissebb cikkeink<\/h2>\t\t\t\t<\/div>\n\t\t\t\t<\/div>\n\t\t\t\t\t<\/div>\n\t\t<\/div>\n\t\t\t\t\t<\/div>\n\t\t<\/section>\n\t\t\t\t\t<\/div>\n\t\t<\/div>\n\t\t\t\t\t<\/div>\n\t\t<\/section>\n\t\t\t\t<\/div>\n\t\t","protected":false},"excerpt":{"rendered":"<p>Tartalom Mi a nemzeti tart\u00f3zkod\u00e1si k\u00e1rtya? A nemzeti tart\u00f3zkod\u00e1si k\u00e1rtya a huzamos tart\u00f3zkod\u00e1sra jogos\u00edt\u00f3 enged\u00e9lyek egyike, mely a kor\u00e1bbi nemzeti leteleped\u00e9si enged\u00e9lynek felel meg. Ezen enged\u00e9ly huzamos tart\u00f3zkod\u00e1si jogot biztos\u00edt, birtokosa hat\u00e1rozatlan ideig jogosult Magyarorsz\u00e1gon tart\u00f3zkodni. Kik k\u00e9relmezhetnek nemzeti tart\u00f3zkod\u00e1si k\u00e1rty\u00e1t? Nemzeti tart\u00f3zkod\u00e1si k\u00e1rty\u00e1t olyan nem EGT \u00e1llampolg\u00e1rok k\u00e9relmezhetnek, akik m\u00e1r rendelkeznek Magyarorsz\u00e1gon tart\u00f3zkod\u00e1si enged\u00e9llyel [&hellip;]<\/p>\n","protected":false},"author":4,"featured_media":0,"parent":0,"menu_order":0,"comment_status":"closed","ping_status":"closed","template":"","meta":{"footnotes":""},"class_list":["post-3436","page","type-page","status-publish","hentry"],"_links":{"self":[{"href":"https:\/\/settlers.hu\/hu\/wp-json\/wp\/v2\/pages\/3436","targetHints":{"allow":["GET"]}}],"collection":[{"href":"https:\/\/settlers.hu\/hu\/wp-json\/wp\/v2\/pages"}],"about":[{"href":"https:\/\/settlers.hu\/hu\/wp-json\/wp\/v2\/types\/page"}],"author":[{"embeddable":true,"href":"https:\/\/settlers.hu\/hu\/wp-json\/wp\/v2\/users\/4"}],"replies":[{"embeddable":true,"href":"https:\/\/settlers.hu\/hu\/wp-json\/wp\/v2\/comments?post=3436"}],"version-history":[{"count":9,"href":"https:\/\/settlers.hu\/hu\/wp-json\/wp\/v2\/pages\/3436\/revisions"}],"predecessor-version":[{"id":3988,"href":"https:\/\/settlers.hu\/hu\/wp-json\/wp\/v2\/pages\/3436\/revisions\/3988"}],"wp:attachment":[{"href":"https:\/\/settlers.hu\/hu\/wp-json\/wp\/v2\/media?parent=3436"}],"curies":[{"name":"wp","href":"https:\/\/api.w.org\/{rel}","templated":true}]}}