{"id":3407,"date":"2024-09-30T09:29:22","date_gmt":"2024-09-30T09:29:22","guid":{"rendered":"https:\/\/settlers.hu\/feher-kartya\/"},"modified":"2026-01-21T14:52:51","modified_gmt":"2026-01-21T14:52:51","slug":"feher-kartya","status":"publish","type":"page","link":"https:\/\/settlers.hu\/hu\/feher-kartya\/","title":{"rendered":"Feh\u00e9r K\u00e1rtya"},"content":{"rendered":"\t\t<div data-elementor-type=\"wp-page\" data-elementor-id=\"3407\" class=\"elementor elementor-3407 elementor-3399\" data-elementor-post-type=\"page\">\n\t\t\t\t\t\t<section class=\"elementor-section elementor-top-section elementor-element elementor-element-288d72a1 elementor-section-boxed elementor-section-height-default elementor-section-height-default\" data-id=\"288d72a1\" data-element_type=\"section\" data-e-type=\"section\">\n\t\t\t\t\t\t<div class=\"elementor-container elementor-column-gap-default\">\n\t\t\t\t\t<div class=\"elementor-column elementor-col-100 elementor-top-column elementor-element elementor-element-1bfb0ca2\" data-id=\"1bfb0ca2\" data-element_type=\"column\" data-e-type=\"column\">\n\t\t\t<div class=\"elementor-widget-wrap elementor-element-populated\">\n\t\t\t\t\t\t<section class=\"elementor-section elementor-inner-section elementor-element elementor-element-9cb1530 elementor-section-boxed elementor-section-height-default elementor-section-height-default\" data-id=\"9cb1530\" data-element_type=\"section\" data-e-type=\"section\">\n\t\t\t\t\t\t<div class=\"elementor-container elementor-column-gap-default\">\n\t\t\t\t\t<div class=\"elementor-column elementor-col-50 elementor-inner-column elementor-element elementor-element-5d74f38e\" data-id=\"5d74f38e\" data-element_type=\"column\" data-e-type=\"column\">\n\t\t\t<div class=\"elementor-widget-wrap elementor-element-populated\">\n\t\t\t\t\t\t<div class=\"elementor-element elementor-element-2f3d036b elementor-toc--minimized-on-tablet elementor-widget elementor-widget-table-of-contents\" data-id=\"2f3d036b\" data-element_type=\"widget\" data-e-type=\"widget\" data-settings=\"{&quot;headings_by_tags&quot;:[&quot;h3&quot;],&quot;exclude_headings_by_selector&quot;:[],&quot;marker_view&quot;:&quot;bullets&quot;,&quot;min_height&quot;:{&quot;unit&quot;:&quot;px&quot;,&quot;size&quot;:0,&quot;sizes&quot;:[]},&quot;no_headings_message&quot;:&quot;No headings were found on this page.&quot;,&quot;icon&quot;:{&quot;value&quot;:&quot;fas fa-circle&quot;,&quot;library&quot;:&quot;fa-solid&quot;},&quot;minimize_box&quot;:&quot;yes&quot;,&quot;minimized_on&quot;:&quot;tablet&quot;,&quot;hierarchical_view&quot;:&quot;yes&quot;,&quot;min_height_widescreen&quot;:{&quot;unit&quot;:&quot;px&quot;,&quot;size&quot;:&quot;&quot;,&quot;sizes&quot;:[]},&quot;min_height_laptop&quot;:{&quot;unit&quot;:&quot;px&quot;,&quot;size&quot;:&quot;&quot;,&quot;sizes&quot;:[]},&quot;min_height_tablet_extra&quot;:{&quot;unit&quot;:&quot;px&quot;,&quot;size&quot;:&quot;&quot;,&quot;sizes&quot;:[]},&quot;min_height_tablet&quot;:{&quot;unit&quot;:&quot;px&quot;,&quot;size&quot;:&quot;&quot;,&quot;sizes&quot;:[]},&quot;min_height_mobile_extra&quot;:{&quot;unit&quot;:&quot;px&quot;,&quot;size&quot;:&quot;&quot;,&quot;sizes&quot;:[]},&quot;min_height_mobile&quot;:{&quot;unit&quot;:&quot;px&quot;,&quot;size&quot;:&quot;&quot;,&quot;sizes&quot;:[]}}\" data-widget_type=\"table-of-contents.default\">\n\t\t\t\t<div class=\"elementor-widget-container\">\n\t\t\t\t\t\t\t\t\t<div class=\"elementor-toc__header\">\n\t\t\t\t\t\t<h4 class=\"elementor-toc__header-title\">\n\t\t\t\tTartalom\t\t\t<\/h4>\n\t\t\t\t\t\t\t\t\t\t<div class=\"elementor-toc__toggle-button elementor-toc__toggle-button--expand\" role=\"button\" tabindex=\"0\" aria-controls=\"elementor-toc__2f3d036b\" aria-expanded=\"true\" aria-label=\"Open table of contents\"><i aria-hidden=\"true\" class=\"fas fa-chevron-down\"><\/i><\/div>\n\t\t\t\t<div class=\"elementor-toc__toggle-button elementor-toc__toggle-button--collapse\" role=\"button\" tabindex=\"0\" aria-controls=\"elementor-toc__2f3d036b\" aria-expanded=\"true\" aria-label=\"Close table of contents\"><i aria-hidden=\"true\" class=\"fas fa-chevron-up\"><\/i><\/div>\n\t\t\t\t\t<\/div>\n\t\t\t\t<div id=\"elementor-toc__2f3d036b\" class=\"elementor-toc__body\">\n\t\t\t<div class=\"elementor-toc__spinner-container\">\n\t\t\t\t<i class=\"elementor-toc__spinner eicon-animation-spin eicon-loading\" aria-hidden=\"true\"><\/i>\t\t\t<\/div>\n\t\t<\/div>\n\t\t\t\t\t\t<\/div>\n\t\t\t\t<\/div>\n\t\t\t\t<div class=\"elementor-element elementor-element-642b53ec elementor-widget elementor-widget-heading\" data-id=\"642b53ec\" data-element_type=\"widget\" data-e-type=\"widget\" data-widget_type=\"heading.default\">\n\t\t\t\t<div class=\"elementor-widget-container\">\n\t\t\t\t\t<h3 class=\"elementor-heading-title elementor-size-default\">Mi a Feh\u00e9r K\u00e1rtya?<\/h3>\t\t\t\t<\/div>\n\t\t\t\t<\/div>\n\t\t\t\t<div class=\"elementor-element elementor-element-206e0218 elementor-widget elementor-widget-text-editor\" data-id=\"206e0218\" data-element_type=\"widget\" data-e-type=\"widget\" data-widget_type=\"text-editor.default\">\n\t\t\t\t<div class=\"elementor-widget-container\">\n\t\t\t\t\t\t\t\t\t<p>Kifejezetten a digit\u00e1lis nom\u00e1dok sz\u00e1m\u00e1ra kibocs\u00e1tott enged\u00e9lyt\u00edpus. Lehet\u0151v\u00e9 teszi, hogy birtokosa Magyarorsz\u00e1gr\u00f3l v\u00e9gezzen munk\u00e1t k\u00fclf\u00f6ldi sz\u00e9khely\u0171 munk\u00e1ltat\u00f3ja vagy v\u00e1llalkoz\u00e1sa r\u00e9sz\u00e9re. <\/p>\t\t\t\t\t\t\t\t<\/div>\n\t\t\t\t<\/div>\n\t\t\t\t<div class=\"elementor-element elementor-element-54eb71e5 elementor-widget elementor-widget-heading\" data-id=\"54eb71e5\" data-element_type=\"widget\" data-e-type=\"widget\" data-widget_type=\"heading.default\">\n\t\t\t\t<div class=\"elementor-widget-container\">\n\t\t\t\t\t<h3 class=\"elementor-heading-title elementor-size-default\">Kik k\u00e9relmezhetnek Feh\u00e9r K\u00e1rty\u00e1t?<\/h3>\t\t\t\t<\/div>\n\t\t\t\t<\/div>\n\t\t\t\t<div class=\"elementor-element elementor-element-5e151339 elementor-widget elementor-widget-text-editor\" data-id=\"5e151339\" data-element_type=\"widget\" data-e-type=\"widget\" data-widget_type=\"text-editor.default\">\n\t\t\t\t<div class=\"elementor-widget-container\">\n\t\t\t\t\t\t\t\t\t<p>Olyan nem EGT-s \u00e1llampolg\u00e1rok, akik:<\/p><ul><li>Magyarorsz\u00e1gon k\u00edv\u00fcli orsz\u00e1gban igazolt foglalkoztat\u00e1sra ir\u00e1nyul\u00f3 jogviszonyban \u00e1llnak, vagy igazolt nyeres\u00e9ggel rendelkez\u0151 v\u00e1llalkoz\u00e1sban tulajdoni r\u00e9szesed\u00e9ssel rendelkeznek, tov\u00e1bb\u00e1 munk\u00e1jukat vagy v\u00e1llalkoz\u00e1suk ir\u00e1ny\u00edt\u00e1s\u00e1t Magyarorsz\u00e1gr\u00f3l online v\u00e9gzik (k\u00fclf\u00f6ld\u00f6n fenn\u00e1ll\u00f3 egy\u00e9ni v\u00e1llalkoz\u00f3i st\u00e1tusz is elfogadhat\u00f3);<\/li><li>Nem \u00e1llnak munkaviszonyban Magyarorsz\u00e1gon, valamint nem rendelkeznek magyarorsz\u00e1gi v\u00e1llalkoz\u00e1sban tulajdoni r\u00e9szesed\u00e9ssel; illetve semmilyen k\u00f6t\u0151d\u00e9s\u00fck nincsen magyarorsz\u00e1gi c\u00e9ghez<\/li><\/ul>\t\t\t\t\t\t\t\t<\/div>\n\t\t\t\t<\/div>\n\t\t\t\t<div class=\"elementor-element elementor-element-44421b93 elementor-widget elementor-widget-heading\" data-id=\"44421b93\" data-element_type=\"widget\" data-e-type=\"widget\" data-widget_type=\"heading.default\">\n\t\t\t\t<div class=\"elementor-widget-container\">\n\t\t\t\t\t<h3 class=\"elementor-heading-title elementor-size-default\">Mire jogos\u00edt a Feh\u00e9r K\u00e1rtya?<\/h3>\t\t\t\t<\/div>\n\t\t\t\t<\/div>\n\t\t\t\t<div class=\"elementor-element elementor-element-7ff65a8a elementor-widget elementor-widget-text-editor\" data-id=\"7ff65a8a\" data-element_type=\"widget\" data-e-type=\"widget\" data-widget_type=\"text-editor.default\">\n\t\t\t\t<div class=\"elementor-widget-container\">\n\t\t\t\t\t\t\t\t\t<p>Az Feh\u00e9r K\u00e1rtya magyarorsz\u00e1gi tart\u00f3zkod\u00e1sra, valamint k\u00fclf\u00f6ldi v\u00e1llalat r\u00e9sz\u00e9re v\u00e9gzend\u0151 t\u00e1vmunk\u00e1ra jogos\u00edt.<\/p><p>Ez az enged\u00e9ly Magyarorsz\u00e1g ter\u00fclet\u00e9n <strong>nem v\u00e1lthat\u00f3 \u00e1t m\u00e1s t\u00edpus\u00fa enged\u00e9lyre<\/strong>, kiv\u00e9ve az <a href=\"https:\/\/settlers.hu\/hu\/eu-kek-kartya\/\">EU K\u00e9k k\u00e1rty\u00e1ra<\/a> v\u00e1lt\u00e1st.<\/p>\t\t\t\t\t\t\t\t<\/div>\n\t\t\t\t<\/div>\n\t\t\t\t<div class=\"elementor-element elementor-element-3df19a66 elementor-widget elementor-widget-heading\" data-id=\"3df19a66\" data-element_type=\"widget\" data-e-type=\"widget\" data-widget_type=\"heading.default\">\n\t\t\t\t<div class=\"elementor-widget-container\">\n\t\t\t\t\t<h3 class=\"elementor-heading-title elementor-size-default\">Mennyi ideig \u00e9rv\u00e9nyes a Feh\u00e9r K\u00e1rtya?<\/h3>\t\t\t\t<\/div>\n\t\t\t\t<\/div>\n\t\t\t\t<div class=\"elementor-element elementor-element-6014178b elementor-widget elementor-widget-text-editor\" data-id=\"6014178b\" data-element_type=\"widget\" data-e-type=\"widget\" data-widget_type=\"text-editor.default\">\n\t\t\t\t<div class=\"elementor-widget-container\">\n\t\t\t\t\t\t\t\t\t<p>Az okm\u00e1ny \u00e9rv\u00e9nyess\u00e9gi ideje legfeljebb 1 \u00e9v, amely kiz\u00e1r\u00f3lag ugyanezen c\u00e9lb\u00f3l, egy alkalommal hosszabb\u00edthat\u00f3 meg, legfeljebb 1 \u00e9vvel.<\/p>\t\t\t\t\t\t\t\t<\/div>\n\t\t\t\t<\/div>\n\t\t\t\t<div class=\"elementor-element elementor-element-7acedeef elementor-widget elementor-widget-heading\" data-id=\"7acedeef\" data-element_type=\"widget\" data-e-type=\"widget\" data-widget_type=\"heading.default\">\n\t\t\t\t<div class=\"elementor-widget-container\">\n\t\t\t\t\t<h3 class=\"elementor-heading-title elementor-size-default\">Csal\u00e1dtagok helyzete<\/h3>\t\t\t\t<\/div>\n\t\t\t\t<\/div>\n\t\t\t\t<div class=\"elementor-element elementor-element-9c0028b elementor-widget elementor-widget-text-editor\" data-id=\"9c0028b\" data-element_type=\"widget\" data-e-type=\"widget\" data-widget_type=\"text-editor.default\">\n\t\t\t\t<div class=\"elementor-widget-container\">\n\t\t\t\t\t\t\t\t\t<p>Az Feh\u00e9r K\u00e1rtya birtokos\u00e1hoz nem csatlakozhatnak Magyarorsz\u00e1gon a csal\u00e1dtajai.<\/p>\t\t\t\t\t\t\t\t<\/div>\n\t\t\t\t<\/div>\n\t\t\t\t<div class=\"elementor-element elementor-element-5b57901c elementor-widget elementor-widget-heading\" data-id=\"5b57901c\" data-element_type=\"widget\" data-e-type=\"widget\" data-widget_type=\"heading.default\">\n\t\t\t\t<div class=\"elementor-widget-container\">\n\t\t\t\t\t<h3 class=\"elementor-heading-title elementor-size-default\">A Feh\u00e9r K\u00e1rtya ig\u00e9nyl\u00e9ssel kapcsolatos speci\u00e1lis k\u00f6vetelm\u00e9nyek<\/h3>\t\t\t\t<\/div>\n\t\t\t\t<\/div>\n\t\t\t\t<div class=\"elementor-element elementor-element-178a3a12 elementor-widget elementor-widget-text-editor\" data-id=\"178a3a12\" data-element_type=\"widget\" data-e-type=\"widget\" data-widget_type=\"text-editor.default\">\n\t\t\t\t<div class=\"elementor-widget-container\">\n\t\t\t\t\t\t\t\t\t<ul><li>Igazolni kell a k\u00fclf\u00f6ldi munkaviszonyt, v\u00e1llalkoz\u00e1s eset\u00e9n tulajdoni r\u00e9szesed\u00e9st<\/li><li>Igazolni kell a beutaz\u00e1st megel\u0151z\u0151 hat h\u00f3napban legal\u00e1bb havi 3000 EUR j\u00f6vedelmet, amellyel a magyarorsz\u00e1gi tart\u00f3zkod\u00e1s alatt mindv\u00e9gig rendelkezni kell<\/li><li>Al\u00e1 kell t\u00e1masztani a sz\u00e1ll\u00e1s, eg\u00e9szs\u00e9gbiztos\u00edt\u00e1s megl\u00e9t\u00e9t.<\/li><\/ul>\t\t\t\t\t\t\t\t<\/div>\n\t\t\t\t<\/div>\n\t\t\t\t<div class=\"elementor-element elementor-element-88b988a elementor-widget elementor-widget-heading\" data-id=\"88b988a\" data-element_type=\"widget\" data-e-type=\"widget\" data-widget_type=\"heading.default\">\n\t\t\t\t<div class=\"elementor-widget-container\">\n\t\t\t\t\t<h3 class=\"elementor-heading-title elementor-size-default\">A k\u00e9relmez\u00e9s folyamata<\/h3>\t\t\t\t<\/div>\n\t\t\t\t<\/div>\n\t\t\t\t<div class=\"elementor-element elementor-element-5cb77a01 elementor-widget elementor-widget-text-editor\" data-id=\"5cb77a01\" data-element_type=\"widget\" data-e-type=\"widget\" data-widget_type=\"text-editor.default\">\n\t\t\t\t<div class=\"elementor-widget-container\">\n\t\t\t\t\t\t\t\t\t<p>Az els\u0151 k\u00e9relem beny\u00fajt\u00e1sa v\u00edzumk\u00f6telezett orsz\u00e1g \u00e1llampolg\u00e1ra eset\u00e9ben szem\u00e9lyesen, a sz\u00e1rmaz\u00e1si orsz\u00e1ga, vagy a tart\u00f3zkod\u00e1si helye szerinti orsz\u00e1gban tal\u00e1lhat\u00f3 magyar konzul\u00e1tuson t\u00f6rt\u00e9nik.<\/p><p>Amennyiben nem v\u00edzumk\u00f6telezett orsz\u00e1g \u00e1llampolg\u00e1ra turistak\u00e9nt beutazott, az els\u0151 k\u00e9relm\u00e9t online, a bev\u00e1ndorl\u00e1si hivatal EnterHungary nev\u0171 honlapj\u00e1n kereszt\u00fcl ig\u00e9nyelheti.<\/p><p>Ha a k\u00e9relmez\u0151 m\u00e1r Magyarorsz\u00e1gon tart\u00f3zkodik \u00e9s meghosszabb\u00edtja az enged\u00e9ly\u00e9t, a hosszabb\u00edt\u00e1si k\u00e9relm\u00e9t online kell beny\u00fajtania. Az enged\u00e9ly hosszabb\u00edt\u00e1si k\u00e9relmet legk\u00e9s\u0151bb az \u00e9rv\u00e9nyess\u00e9gi id\u0151 lej\u00e1rata el\u0151tt 30 nappal kell beny\u00fajtani.<\/p><p>A Feh\u00e9r K\u00e1rtya k\u00e9relem elb\u00edr\u00e1l\u00e1si ideje 21 nap.<\/p>\t\t\t\t\t\t\t\t<\/div>\n\t\t\t\t<\/div>\n\t\t\t\t<div class=\"elementor-element elementor-element-17241baa elementor-widget elementor-widget-heading\" data-id=\"17241baa\" data-element_type=\"widget\" data-e-type=\"widget\" data-widget_type=\"heading.default\">\n\t\t\t\t<div class=\"elementor-widget-container\">\n\t\t\t\t\t<h3 class=\"elementor-heading-title elementor-size-default\">Huzamos tart\u00f3zkod\u00e1s lehet\u0151s\u00e9ge<\/h3>\t\t\t\t<\/div>\n\t\t\t\t<\/div>\n\t\t\t\t<div class=\"elementor-element elementor-element-216e5029 elementor-widget elementor-widget-text-editor\" data-id=\"216e5029\" data-element_type=\"widget\" data-e-type=\"widget\" data-widget_type=\"text-editor.default\">\n\t\t\t\t<div class=\"elementor-widget-container\">\n\t\t\t\t\t\t\t\t\t<p>A huzamos tart\u00f3zkod\u00e1s (leteleped\u00e9s) lehet\u0151s\u00e9g\u00e9t a t\u00f6rv\u00e9ny kiz\u00e1rja Feh\u00e9r K\u00e1rtya eset\u00e9n.<\/p>\t\t\t\t\t\t\t\t<\/div>\n\t\t\t\t<\/div>\n\t\t\t\t<div class=\"elementor-element elementor-element-13d5296c elementor-widget elementor-widget-image\" data-id=\"13d5296c\" data-element_type=\"widget\" data-e-type=\"widget\" data-widget_type=\"image.default\">\n\t\t\t\t<div class=\"elementor-widget-container\">\n\t\t\t\t\t\t\t\t\t\t\t\t\t\t\t<img decoding=\"async\" width=\"300\" height=\"11\" src=\"https:\/\/settlers.hu\/wp-content\/uploads\/2024\/03\/pottyok-egysor-300x11.png\" class=\"attachment-medium size-medium wp-image-2243\" alt=\"\" srcset=\"https:\/\/settlers.hu\/wp-content\/uploads\/2024\/03\/pottyok-egysor-300x11.png 300w, https:\/\/settlers.hu\/wp-content\/uploads\/2024\/03\/pottyok-egysor.png 683w\" sizes=\"(max-width: 300px) 100vw, 300px\" \/>\t\t\t\t\t\t\t\t\t\t\t\t\t\t\t<\/div>\n\t\t\t\t<\/div>\n\t\t\t\t<div class=\"elementor-element elementor-element-5e1fc0aa elementor-widget elementor-widget-text-editor\" data-id=\"5e1fc0aa\" data-element_type=\"widget\" data-e-type=\"widget\" data-widget_type=\"text-editor.default\">\n\t\t\t\t<div class=\"elementor-widget-container\">\n\t\t\t\t\t\t\t\t\t<p>Amennyiben seg\u00edts\u00e9gre van sz\u00fcks\u00e9ge a Feh\u00e9r K\u00e1rtya ig\u00e9nyl\u00e9s\u00e9ben, keresse irod\u00e1nkat a honlapon tal\u00e1lhat\u00f3 el\u00e9rhet\u0151s\u00e9geken.<\/p>\t\t\t\t\t\t\t\t<\/div>\n\t\t\t\t<\/div>\n\t\t\t\t<div class=\"elementor-element elementor-element-56a27e5c elementor-widget-divider--view-line elementor-widget elementor-widget-divider\" data-id=\"56a27e5c\" data-element_type=\"widget\" data-e-type=\"widget\" data-widget_type=\"divider.default\">\n\t\t\t\t<div class=\"elementor-widget-container\">\n\t\t\t\t\t\t\t<div class=\"elementor-divider\">\n\t\t\t<span class=\"elementor-divider-separator\">\n\t\t\t\t\t\t<\/span>\n\t\t<\/div>\n\t\t\t\t\t\t<\/div>\n\t\t\t\t<\/div>\n\t\t\t\t<div class=\"elementor-element elementor-element-64442d00 elementor-widget elementor-widget-text-editor\" data-id=\"64442d00\" data-element_type=\"widget\" data-e-type=\"widget\" data-widget_type=\"text-editor.default\">\n\t\t\t\t<div class=\"elementor-widget-container\">\n\t\t\t\t\t\t\t\t\t<p>A k\u00e9relmez\u00e9si folyamatr\u00f3l hivatalos t\u00e1j\u00e9koztat\u00e1s, illetve a sz\u00fcks\u00e9ges formanyomtatv\u00e1nyok megtal\u00e1lhat\u00f3ak az <strong><a href=\"https:\/\/oif.gov.hu\/factsheets\/white-card-residency-for-digital-nomads\" target=\"_blank\" rel=\"noopener\">Orsz\u00e1gos Idegenrend\u00e9szeti F\u0151igazgat\u00f3s\u00e1g honlapj\u00e1n.<\/a><\/strong><\/p>\t\t\t\t\t\t\t\t<\/div>\n\t\t\t\t<\/div>\n\t\t\t\t<div class=\"elementor-element elementor-element-7a6129f8 elementor-widget elementor-widget-text-editor\" data-id=\"7a6129f8\" data-element_type=\"widget\" data-e-type=\"widget\" data-widget_type=\"text-editor.default\">\n\t\t\t\t<div class=\"elementor-widget-container\">\n\t\t\t\t\t\t\t\t\t<p>Az enged\u00e9ly k\u00e9relmek elj\u00e1r\u00e1si d\u00edjair\u00f3l a t\u00e1j\u00e9koztat\u00f3 <a href=\"https:\/\/oif.gov.hu\/tajekoztatok\/eljarasi-dijak\" target=\"_blank\" rel=\"noopener\"><strong>itt<\/strong><\/a> tal\u00e1lhat\u00f3.<\/p>\t\t\t\t\t\t\t\t<\/div>\n\t\t\t\t<\/div>\n\t\t\t\t\t<\/div>\n\t\t<\/div>\n\t\t\t\t<div class=\"elementor-column elementor-col-50 elementor-inner-column elementor-element elementor-element-47d094b3\" data-id=\"47d094b3\" data-element_type=\"column\" data-e-type=\"column\" data-settings=\"{&quot;background_background&quot;:&quot;classic&quot;}\">\n\t\t\t<div class=\"elementor-widget-wrap elementor-element-populated\">\n\t\t\t\t\t<div class=\"elementor-background-overlay\"><\/div>\n\t\t\t\t\t\t<div class=\"elementor-element elementor-element-7a5c63e1 elementor-widget elementor-widget-heading\" data-id=\"7a5c63e1\" data-element_type=\"widget\" data-e-type=\"widget\" data-widget_type=\"heading.default\">\n\t\t\t\t<div class=\"elementor-widget-container\">\n\t\t\t\t\t<h2 class=\"elementor-heading-title elementor-size-default\">Legfrissebb cikkeink<\/h2>\t\t\t\t<\/div>\n\t\t\t\t<\/div>\n\t\t\t\t\t<\/div>\n\t\t<\/div>\n\t\t\t\t\t<\/div>\n\t\t<\/section>\n\t\t\t\t\t<\/div>\n\t\t<\/div>\n\t\t\t\t\t<\/div>\n\t\t<\/section>\n\t\t\t\t<\/div>\n\t\t","protected":false},"excerpt":{"rendered":"<p>A speci\u00e1lisan a digit\u00e1lis nom\u00e1dok sz\u00e1m\u00e1ra l\u00e9trehozott Feh\u00e9r K\u00e1rty\u00e1t 2022 \u00f3ta lehet k\u00e9rv\u00e9nyezni.<\/p>\n","protected":false},"author":4,"featured_media":0,"parent":0,"menu_order":0,"comment_status":"closed","ping_status":"closed","template":"","meta":{"footnotes":""},"class_list":["post-3407","page","type-page","status-publish","hentry"],"_links":{"self":[{"href":"https:\/\/settlers.hu\/hu\/wp-json\/wp\/v2\/pages\/3407","targetHints":{"allow":["GET"]}}],"collection":[{"href":"https:\/\/settlers.hu\/hu\/wp-json\/wp\/v2\/pages"}],"about":[{"href":"https:\/\/settlers.hu\/hu\/wp-json\/wp\/v2\/types\/page"}],"author":[{"embeddable":true,"href":"https:\/\/settlers.hu\/hu\/wp-json\/wp\/v2\/users\/4"}],"replies":[{"embeddable":true,"href":"https:\/\/settlers.hu\/hu\/wp-json\/wp\/v2\/comments?post=3407"}],"version-history":[{"count":5,"href":"https:\/\/settlers.hu\/hu\/wp-json\/wp\/v2\/pages\/3407\/revisions"}],"predecessor-version":[{"id":4615,"href":"https:\/\/settlers.hu\/hu\/wp-json\/wp\/v2\/pages\/3407\/revisions\/4615"}],"wp:attachment":[{"href":"https:\/\/settlers.hu\/hu\/wp-json\/wp\/v2\/media?parent=3407"}],"curies":[{"name":"wp","href":"https:\/\/api.w.org\/{rel}","templated":true}]}}