{"id":3319,"date":"2024-07-04T13:00:49","date_gmt":"2024-07-04T13:00:49","guid":{"rendered":"https:\/\/settlers.hu\/vba-engedely\/"},"modified":"2025-03-04T15:35:32","modified_gmt":"2025-03-04T15:35:32","slug":"vba-engedely","status":"publish","type":"page","link":"https:\/\/settlers.hu\/hu\/vba-engedely\/","title":{"rendered":"VB\u00c1 enged\u00e9ly \u2013 V\u00e1llalaton bel\u00fcli \u00e1thelyez\u00e9s c\u00e9l\u00fa tart\u00f3zkod\u00e1si enged\u00e9ly"},"content":{"rendered":"\t\t<div data-elementor-type=\"wp-page\" data-elementor-id=\"3319\" class=\"elementor elementor-3319 elementor-3312\" data-elementor-post-type=\"page\">\n\t\t\t\t\t\t<section class=\"elementor-section elementor-top-section elementor-element elementor-element-6489150a elementor-section-boxed elementor-section-height-default elementor-section-height-default\" data-id=\"6489150a\" data-element_type=\"section\" data-e-type=\"section\">\n\t\t\t\t\t\t<div class=\"elementor-container elementor-column-gap-default\">\n\t\t\t\t\t<div class=\"elementor-column elementor-col-100 elementor-top-column elementor-element elementor-element-2599d24e\" data-id=\"2599d24e\" data-element_type=\"column\" data-e-type=\"column\">\n\t\t\t<div class=\"elementor-widget-wrap elementor-element-populated\">\n\t\t\t\t\t\t<section class=\"elementor-section elementor-inner-section elementor-element elementor-element-6bc7d666 elementor-section-boxed elementor-section-height-default elementor-section-height-default\" data-id=\"6bc7d666\" data-element_type=\"section\" data-e-type=\"section\">\n\t\t\t\t\t\t<div class=\"elementor-container elementor-column-gap-default\">\n\t\t\t\t\t<div class=\"elementor-column elementor-col-50 elementor-inner-column elementor-element elementor-element-4a50679\" data-id=\"4a50679\" data-element_type=\"column\" data-e-type=\"column\">\n\t\t\t<div class=\"elementor-widget-wrap elementor-element-populated\">\n\t\t\t\t\t\t<div class=\"elementor-element elementor-element-54e67dd3 elementor-toc--minimized-on-tablet elementor-widget elementor-widget-table-of-contents\" data-id=\"54e67dd3\" data-element_type=\"widget\" data-e-type=\"widget\" data-settings=\"{&quot;headings_by_tags&quot;:[&quot;h3&quot;],&quot;exclude_headings_by_selector&quot;:[],&quot;marker_view&quot;:&quot;bullets&quot;,&quot;min_height&quot;:{&quot;unit&quot;:&quot;px&quot;,&quot;size&quot;:0,&quot;sizes&quot;:[]},&quot;icon&quot;:{&quot;value&quot;:&quot;fas fa-circle&quot;,&quot;library&quot;:&quot;fa-solid&quot;},&quot;no_headings_message&quot;:&quot;No headings were found on this page.&quot;,&quot;minimize_box&quot;:&quot;yes&quot;,&quot;minimized_on&quot;:&quot;tablet&quot;,&quot;hierarchical_view&quot;:&quot;yes&quot;,&quot;min_height_widescreen&quot;:{&quot;unit&quot;:&quot;px&quot;,&quot;size&quot;:&quot;&quot;,&quot;sizes&quot;:[]},&quot;min_height_laptop&quot;:{&quot;unit&quot;:&quot;px&quot;,&quot;size&quot;:&quot;&quot;,&quot;sizes&quot;:[]},&quot;min_height_tablet_extra&quot;:{&quot;unit&quot;:&quot;px&quot;,&quot;size&quot;:&quot;&quot;,&quot;sizes&quot;:[]},&quot;min_height_tablet&quot;:{&quot;unit&quot;:&quot;px&quot;,&quot;size&quot;:&quot;&quot;,&quot;sizes&quot;:[]},&quot;min_height_mobile_extra&quot;:{&quot;unit&quot;:&quot;px&quot;,&quot;size&quot;:&quot;&quot;,&quot;sizes&quot;:[]},&quot;min_height_mobile&quot;:{&quot;unit&quot;:&quot;px&quot;,&quot;size&quot;:&quot;&quot;,&quot;sizes&quot;:[]}}\" data-widget_type=\"table-of-contents.default\">\n\t\t\t\t<div class=\"elementor-widget-container\">\n\t\t\t\t\t\t\t\t\t<div class=\"elementor-toc__header\">\n\t\t\t\t\t\t<h4 class=\"elementor-toc__header-title\">\n\t\t\t\tTartalom\t\t\t<\/h4>\n\t\t\t\t\t\t\t\t\t\t<div class=\"elementor-toc__toggle-button elementor-toc__toggle-button--expand\" role=\"button\" tabindex=\"0\" aria-controls=\"elementor-toc__54e67dd3\" aria-expanded=\"true\" aria-label=\"Open table of contents\"><i aria-hidden=\"true\" class=\"fas fa-chevron-down\"><\/i><\/div>\n\t\t\t\t<div class=\"elementor-toc__toggle-button elementor-toc__toggle-button--collapse\" role=\"button\" tabindex=\"0\" aria-controls=\"elementor-toc__54e67dd3\" aria-expanded=\"true\" aria-label=\"Close table of contents\"><i aria-hidden=\"true\" class=\"fas fa-chevron-up\"><\/i><\/div>\n\t\t\t\t\t<\/div>\n\t\t\t\t<div id=\"elementor-toc__54e67dd3\" class=\"elementor-toc__body\">\n\t\t\t<div class=\"elementor-toc__spinner-container\">\n\t\t\t\t<i class=\"elementor-toc__spinner eicon-animation-spin eicon-loading\" aria-hidden=\"true\"><\/i>\t\t\t<\/div>\n\t\t<\/div>\n\t\t\t\t\t\t<\/div>\n\t\t\t\t<\/div>\n\t\t\t\t<div class=\"elementor-element elementor-element-2d5d8e92 elementor-widget elementor-widget-heading\" data-id=\"2d5d8e92\" data-element_type=\"widget\" data-e-type=\"widget\" data-widget_type=\"heading.default\">\n\t\t\t\t<div class=\"elementor-widget-container\">\n\t\t\t\t\t<h3 class=\"elementor-heading-title elementor-size-default\">Mi a VB\u00c1 enged\u00e9ly?<\/h3>\t\t\t\t<\/div>\n\t\t\t\t<\/div>\n\t\t\t\t<div class=\"elementor-element elementor-element-7eadbba6 elementor-widget elementor-widget-text-editor\" data-id=\"7eadbba6\" data-element_type=\"widget\" data-e-type=\"widget\" data-widget_type=\"text-editor.default\">\n\t\t\t\t<div class=\"elementor-widget-container\">\n\t\t\t\t\t\t\t\t\t<p>A hossz\u00fa t\u00e1v\u00fa (90 napn\u00e1l hosszabb) munkav\u00e1llal\u00e1s c\u00e9lj\u00e1b\u00f3l Magyarorsz\u00e1gra \u00e9rkez\u0151knek a munkaviszony megkezd\u00e9s\u00e9hez rendelkezni\u00fck kell a megfelel\u0151 enged\u00e9llyel. Ennek egyik form\u00e1ja a VB\u00c1 enged\u00e9ly, azaz a v\u00e1llalaton bel\u00fcli \u00e1thelyez\u00e9s c\u00e9l\u00fa tart\u00f3zkod\u00e1si enged\u00e9ly.<\/p>\n<p>A VB\u00c1 enged\u00e9ly kifejezetten a magasan k\u00e9pzett munkav\u00e1llal\u00f3k \u00e1ltal k\u00e9relmezhet\u0151, speci\u00e1lis enged\u00e9ly t\u00edpus, amely a c\u00e9gcsoporton bel\u00fcli kirendel\u00e9s eset\u00e9n alkalmazand\u00f3.<\/p>\n<p>Az enged\u00e9ly t\u00edpus az \u00f6sszevont enged\u00e9lyez\u00e9si elj\u00e1r\u00e1s al\u00e1 tartoz\u00f3 enged\u00e9lyfajt\u00e1k egyike, mely egyszerre biztos\u00edtja a jogot tart\u00f3zkod\u00e1sra \u00e9s munkav\u00e1llal\u00e1sra.<\/p>\n\t\t\t\t\t\t\t\t<\/div>\n\t\t\t\t<\/div>\n\t\t\t\t<div class=\"elementor-element elementor-element-1281b5c7 elementor-widget elementor-widget-heading\" data-id=\"1281b5c7\" data-element_type=\"widget\" data-e-type=\"widget\" data-widget_type=\"heading.default\">\n\t\t\t\t<div class=\"elementor-widget-container\">\n\t\t\t\t\t<h3 class=\"elementor-heading-title elementor-size-default\">Kik k\u00e9relmezhetnek VB\u00c1 enged\u00e9lyt?<\/h3>\t\t\t\t<\/div>\n\t\t\t\t<\/div>\n\t\t\t\t<div class=\"elementor-element elementor-element-502b3df0 elementor-widget elementor-widget-text-editor\" data-id=\"502b3df0\" data-element_type=\"widget\" data-e-type=\"widget\" data-widget_type=\"text-editor.default\">\n\t\t\t\t<div class=\"elementor-widget-container\">\n\t\t\t\t\t\t\t\t\t<p>A VB\u00c1 enged\u00e9lyt olyan nem EGT \u00e1llampolg\u00e1rok k\u00e9relmezhetik, akik<\/p>\n<ul>\n<li>magas szint\u0171 v\u00e9gzetts\u00e9ggel rendelkeznek, \u00e9s<\/li>\n<li>EGT-n k\u00edv\u00fcli c\u00e9gn\u00e9l \u00e1llnak munkaviszonyban \u00e9s<\/li>\n<li>munk\u00e1ltat\u00f3juk azonos c\u00e9gcsoporton bel\u00fcli, magyar c\u00e9ghez k\u00fcldik \u0151ket \u00e1tmenetileg munk\u00e1t v\u00e9gezni \u00e9s<\/li>\n<li>magas kompetenci\u00e1t ig\u00e9nyl\u0151, vezet\u0151, szak\u00e9rt\u0151 vagy gyakornok munkak\u00f6rben dolgoznak.<\/li>\n<\/ul>\n\t\t\t\t\t\t\t\t<\/div>\n\t\t\t\t<\/div>\n\t\t\t\t<div class=\"elementor-element elementor-element-799ae92f elementor-widget elementor-widget-heading\" data-id=\"799ae92f\" data-element_type=\"widget\" data-e-type=\"widget\" data-widget_type=\"heading.default\">\n\t\t\t\t<div class=\"elementor-widget-container\">\n\t\t\t\t\t<h3 class=\"elementor-heading-title elementor-size-default\">Milyen foglalkoztat\u00e1si esetekre k\u00e9rhet\u0151 VB\u00c1 enged\u00e9ly?<\/h3>\t\t\t\t<\/div>\n\t\t\t\t<\/div>\n\t\t\t\t<div class=\"elementor-element elementor-element-541570b3 elementor-widget elementor-widget-text-editor\" data-id=\"541570b3\" data-element_type=\"widget\" data-e-type=\"widget\" data-widget_type=\"text-editor.default\">\n\t\t\t\t<div class=\"elementor-widget-container\">\n\t\t\t\t\t\t\t\t\t<p>A v\u00e1llalaton bel\u00fcli \u00e1thelyez\u00e9s c\u00e9l\u00fa tart\u00f3zkod\u00e1si enged\u00e9ly (VB\u00c1) kiz\u00e1r\u00f3lag c\u00e9gcsoporton bel\u00fcli kirendel\u00e9s eset\u00e9n k\u00e9relmezhet\u0151.<\/p>\n<p>A kirendel\u00e9s legfontosabb krit\u00e9riumai:<\/p>\n<ul>\n<li>a munkav\u00e1llal\u00f3t a kirendel\u00e9s teljes id\u0151tartama alatt munkaszerz\u0151d\u00e9s k\u00f6ti a k\u00fcld\u0151 c\u00e9ghez, amely az EGT-n k\u00edv\u00fcli c\u00e9g<\/li>\n<li>a kirendel\u00e9st megel\u0151z\u0151en legal\u00e1bb 3 h\u00f3napja a kirendel\u0151 c\u00e9gn\u00e9l munkaviszonyban \u00e1ll a munkav\u00e1llal\u00f3<\/li>\n<li>a munk\u00e1ltat\u00f3i jogok gyakorl\u00f3ja a k\u00fcld\u0151 c\u00e9g<\/li>\n<li>a munkav\u00e1llal\u00f3 fizet\u00e9s\u00e9t a kirendel\u0151 c\u00e9gt\u0151l kapja<\/li>\n<li>a t\u00e1rsadalombiztos\u00edt\u00e1s \u00e9s a j\u00e1rul\u00e9kfizet\u00e9si k\u00f6telezetts\u00e9g a k\u00fcld\u0151 orsz\u00e1gban marad<\/li>\n<\/ul>\n\t\t\t\t\t\t\t\t<\/div>\n\t\t\t\t<\/div>\n\t\t\t\t<div class=\"elementor-element elementor-element-384ce88 elementor-widget elementor-widget-text-editor\" data-id=\"384ce88\" data-element_type=\"widget\" data-e-type=\"widget\" data-widget_type=\"text-editor.default\">\n\t\t\t\t<div class=\"elementor-widget-container\">\n\t\t\t\t\t\t\t\t\t<p>Munkaer\u0151-k\u00f6lcs\u00f6nz\u00e9s nem enged\u00e9lyezett.<\/p>\n\t\t\t\t\t\t\t\t<\/div>\n\t\t\t\t<\/div>\n\t\t\t\t<div class=\"elementor-element elementor-element-5060fb65 elementor-widget elementor-widget-heading\" data-id=\"5060fb65\" data-element_type=\"widget\" data-e-type=\"widget\" data-widget_type=\"heading.default\">\n\t\t\t\t<div class=\"elementor-widget-container\">\n\t\t\t\t\t<h3 class=\"elementor-heading-title elementor-size-default\">Mire jogos\u00edt a VB\u00c1 enged\u00e9ly?<\/h3>\t\t\t\t<\/div>\n\t\t\t\t<\/div>\n\t\t\t\t<div class=\"elementor-element elementor-element-4b508e34 elementor-widget elementor-widget-text-editor\" data-id=\"4b508e34\" data-element_type=\"widget\" data-e-type=\"widget\" data-widget_type=\"text-editor.default\">\n\t\t\t\t<div class=\"elementor-widget-container\">\n\t\t\t\t\t\t\t\t\t<p>A VB\u00c1 enged\u00e9ly meghat\u00e1rozott foglalkoztat\u00f3n\u00e1l, munkav\u00e9gz\u00e9si helyen \u00e9s poz\u00edci\u00f3ban t\u00f6rt\u00e9n\u0151 munkav\u00e9gz\u00e9sre, valamint az enged\u00e9ly \u00e9rv\u00e9nyess\u00e9gi ideje alatti magyarorsz\u00e1gi tart\u00f3zkod\u00e1sra jogos\u00edt.<\/p>\n\t\t\t\t\t\t\t\t<\/div>\n\t\t\t\t<\/div>\n\t\t\t\t<div class=\"elementor-element elementor-element-2a9f0d98 elementor-widget elementor-widget-heading\" data-id=\"2a9f0d98\" data-element_type=\"widget\" data-e-type=\"widget\" data-widget_type=\"heading.default\">\n\t\t\t\t<div class=\"elementor-widget-container\">\n\t\t\t\t\t<h3 class=\"elementor-heading-title elementor-size-default\">Mennyi ideig \u00e9rv\u00e9nyes a VB\u00c1 enged\u00e9ly?<\/h3>\t\t\t\t<\/div>\n\t\t\t\t<\/div>\n\t\t\t\t<div class=\"elementor-element elementor-element-2460aeee elementor-widget elementor-widget-text-editor\" data-id=\"2460aeee\" data-element_type=\"widget\" data-e-type=\"widget\" data-widget_type=\"text-editor.default\">\n\t\t\t\t<div class=\"elementor-widget-container\">\n\t\t\t\t\t\t\t\t\t<p>A VB\u00c1 enged\u00e9llyel a maxim\u00e1lis magyarorsz\u00e1gi tart\u00f3zkod\u00e1s vezet\u0151 \u00e1ll\u00e1s\u00fa \u00e9s szak\u00e9rt\u0151 munkav\u00e1llal\u00f3k eset\u00e9n legfeljebb 3 \u00e9v, gyakornok munkav\u00e1llal\u00f3k eset\u00e9n legfeljebb 1 \u00e9v. A kiadott enged\u00e9ly \u00e9rv\u00e9nyess\u00e9g\u00e9t a hivatal a munkaviszony tervezett hossza alapj\u00e1n hat\u00e1rozza meg. A VB\u00c1 enged\u00e9ly belf\u00f6ld\u00f6n legfeljebb a maxim\u00e1lis tart\u00f3zkod\u00e1si id\u0151 erej\u00e9ig hosszabb\u00edthat\u00f3.<\/p>\n<p>Az 1-3 \u00e9v eltelte ut\u00e1n a VB\u00c1 enged\u00e9ly belf\u00f6ld\u00f6n nem hosszabb\u00edthat\u00f3.<\/p>\n<p>Az enged\u00e9ly \u00e9rv\u00e9nyess\u00e9g\u00e9t a fentieken t\u00fal a k\u00e9relmez\u0151 \u00fatlevele is befoly\u00e1solja: a VB\u00c1 enged\u00e9ly \u00e9rv\u00e9nyess\u00e9g\u00e9t \u00fagy kell meghat\u00e1rozni, hogy az enged\u00e9ly lej\u00e1rata ut\u00e1n az \u00fatlev\u00e9l m\u00e9g legal\u00e1bb h\u00e1rom h\u00f3napig \u00e9rv\u00e9nyes legyen.<\/p>\n<p>Az enged\u00e9ly k\u00e9relem elb\u00edr\u00e1l\u00e1sa sor\u00e1n a hivatal jogosult az enged\u00e9lyt a k\u00e9relmezett id\u0151n\u00e9l r\u00f6videbb id\u0151re korl\u00e1tozni, ha valamilyen k\u00f6r\u00fclm\u00e9ny alapj\u00e1n ezt indokoltnak l\u00e1tja (pl. eg\u00e9szs\u00e9gbiztos\u00edt\u00e1s, lakhat\u00e1s).<\/p>\n\t\t\t\t\t\t\t\t<\/div>\n\t\t\t\t<\/div>\n\t\t\t\t<div class=\"elementor-element elementor-element-5c00c672 elementor-widget elementor-widget-heading\" data-id=\"5c00c672\" data-element_type=\"widget\" data-e-type=\"widget\" data-widget_type=\"heading.default\">\n\t\t\t\t<div class=\"elementor-widget-container\">\n\t\t\t\t\t<h3 class=\"elementor-heading-title elementor-size-default\">Csal\u00e1dtagok helyzete<\/h3>\t\t\t\t<\/div>\n\t\t\t\t<\/div>\n\t\t\t\t<div class=\"elementor-element elementor-element-523a7d7d elementor-widget elementor-widget-text-editor\" data-id=\"523a7d7d\" data-element_type=\"widget\" data-e-type=\"widget\" data-widget_type=\"text-editor.default\">\n\t\t\t\t<div class=\"elementor-widget-container\">\n\t\t\t\t\t\t\t\t\t<p>A VB\u00c1 enged\u00e9ly birtokos\u00e1hoz csatlakozhatnak Magyarorsz\u00e1gon a csal\u00e1dtagok is, r\u00e9sz\u00fckre csal\u00e1degyes\u00edt\u00e9si c\u00e9l\u00fa tart\u00f3zkod\u00e1si enged\u00e9lyt \u00e1ll\u00edt ki a hivatal a munkav\u00e1llal\u00f3 (eltart\u00f3) VB\u00c1 enged\u00e9lye alapj\u00e1n.<\/p>\n<p>Magyarorsz\u00e1gon a VB\u00c1 enged\u00e9ly birtokos\u00e1nak csal\u00e1dtagja csak \u00e9rv\u00e9nyes, munkav\u00e1llal\u00e1sra jogos\u00edt\u00f3 enged\u00e9ly birtok\u00e1ban dolgozhat.<\/p>\n\t\t\t\t\t\t\t\t<\/div>\n\t\t\t\t<\/div>\n\t\t\t\t<div class=\"elementor-element elementor-element-27dc7c4 elementor-widget elementor-widget-heading\" data-id=\"27dc7c4\" data-element_type=\"widget\" data-e-type=\"widget\" data-widget_type=\"heading.default\">\n\t\t\t\t<div class=\"elementor-widget-container\">\n\t\t\t\t\t<h3 class=\"elementor-heading-title elementor-size-default\">Az VB\u00c1 enged\u00e9ly ig\u00e9nyl\u00e9ssel kapcsolatos speci\u00e1lis k\u00f6vetelm\u00e9nyek<\/h3>\t\t\t\t<\/div>\n\t\t\t\t<\/div>\n\t\t\t\t<div class=\"elementor-element elementor-element-e9cbf7a elementor-widget elementor-widget-text-editor\" data-id=\"e9cbf7a\" data-element_type=\"widget\" data-e-type=\"widget\" data-widget_type=\"text-editor.default\">\n\t\t\t\t<div class=\"elementor-widget-container\">\n\t\t\t\t\t\t\t\t\t<p>A VB\u00c1 enged\u00e9ly ig\u00e9nyl\u00e9se sor\u00e1n a munk\u00e1ltat\u00f3 \u00e1ltal meghat\u00e1rozott munkak\u00f6rnek minden r\u00e9szlet\u00e9ben meg kell felelnie a jogszab\u00e1lyi el\u0151\u00edr\u00e1soknak:<\/p>\n<ul>\n<li>A VB\u00c1 enged\u00e9ly csak vezet\u0151, szak\u00e9rt\u0151 vagy gyakornok munkak\u00f6r\u00f6kben k\u00e9rhet\u0151<\/li>\n<li>A munkav\u00e1llal\u00f3 a munkak\u00f6rh\u00f6z relev\u00e1ns, magas szint\u0171 szakmai v\u00e9gzetts\u00e9ggel kell rendelkezzen (bizonyos esetekben kiv\u00e1lthat\u00f3 igazolt szakmai tapasztalattal)<\/li>\n<\/ul>\n\t\t\t\t\t\t\t\t<\/div>\n\t\t\t\t<\/div>\n\t\t\t\t<div class=\"elementor-element elementor-element-5bfac2e elementor-widget elementor-widget-text-editor\" data-id=\"5bfac2e\" data-element_type=\"widget\" data-e-type=\"widget\" data-widget_type=\"text-editor.default\">\n\t\t\t\t<div class=\"elementor-widget-container\">\n\t\t\t\t\t\t\t\t\t<p>Fentieken k\u00edv\u00fcl a munkab\u00e9r meg kell feleljen a munkak\u00f6r eset\u00e9n \u00e1ltal\u00e1nosan \u00e9rv\u00e9nyes b\u00e9rminimumnak (FEOR sz\u00e1m alapj\u00e1n).<\/p>\n\t\t\t\t\t\t\t\t<\/div>\n\t\t\t\t<\/div>\n\t\t\t\t<div class=\"elementor-element elementor-element-78accaf4 elementor-widget elementor-widget-heading\" data-id=\"78accaf4\" data-element_type=\"widget\" data-e-type=\"widget\" data-widget_type=\"heading.default\">\n\t\t\t\t<div class=\"elementor-widget-container\">\n\t\t\t\t\t<h3 class=\"elementor-heading-title elementor-size-default\">A k\u00e9relmez\u00e9s folyamata<\/h3>\t\t\t\t<\/div>\n\t\t\t\t<\/div>\n\t\t\t\t<div class=\"elementor-element elementor-element-235e45e0 elementor-widget elementor-widget-text-editor\" data-id=\"235e45e0\" data-element_type=\"widget\" data-e-type=\"widget\" data-widget_type=\"text-editor.default\">\n\t\t\t\t<div class=\"elementor-widget-container\">\n\t\t\t\t\t\t\t\t\t<p>Az VB\u00c1 enged\u00e9ly ir\u00e1nti k\u00e9relem meghat\u00e1rozott foglalkoztat\u00f3ra, munkav\u00e9gz\u00e9si helyre \u00e9s poz\u00edci\u00f3ra sz\u00f3l\u00f3 kirendel\u0151 lev\u00e9l birtok\u00e1ban ny\u00fajthat\u00f3 be.<\/p>\n<p>Az els\u0151 k\u00e9relem beny\u00fajt\u00e1sa v\u00edzumk\u00f6telezett orsz\u00e1g \u00e1llampolg\u00e1ra eset\u00e9ben szem\u00e9lyesen, a sz\u00e1rmaz\u00e1si orsz\u00e1ga, vagy a tart\u00f3zkod\u00e1si helye szerinti orsz\u00e1gban tal\u00e1lhat\u00f3 magyar konzul\u00e1tuson t\u00f6rt\u00e9nik.<\/p>\n<p>Amennyiben nem v\u00edzumk\u00f6telezett orsz\u00e1g \u00e1llampolg\u00e1ra turistak\u00e9nt beutazott, az els\u0151 k\u00e9relm\u00e9t online, a bev\u00e1ndorl\u00e1si hivatal EnterHungary nev\u0171 honlapj\u00e1n kereszt\u00fcl ig\u00e9nyelheti.<\/p>\n<p>Ha a k\u00e9relmez\u0151 m\u00e1r Magyarorsz\u00e1gon tart\u00f3zkodik \u00e9s meghosszabb\u00edtja az enged\u00e9ly\u00e9t, a hosszabb\u00edt\u00e1si k\u00e9relm\u00e9t online kell beny\u00fajtania. Az enged\u00e9ly hosszabb\u00edt\u00e1si k\u00e9relmet legk\u00e9s\u0151bb az \u00e9rv\u00e9nyess\u00e9gi id\u0151 lej\u00e1rata el\u0151tt 30 nappal kell beny\u00fajtani.<\/p>\n<p>A VB\u00c1 enged\u00e9ly ir\u00e1nti k\u00e9relem beny\u00fajthat\u00f3 foglalkoztat\u00f3 \u00e1ltal is a k\u00e9relmez\u0151 szem\u00e9lyes jelenl\u00e9te n\u00e9lk\u00fcl, ebben az esetben a k\u00e9relmet a bev\u00e1ndorl\u00e1si hivatal EnterHungary nev\u0171 honlapj\u00e1n kereszt\u00fcl kell beny\u00fajtani.<\/p>\n<p>A VB\u00c1 enged\u00e9ly k\u00e9relem elb\u00edr\u00e1l\u00e1si ideje 70 nap.<\/p>\n\t\t\t\t\t\t\t\t<\/div>\n\t\t\t\t<\/div>\n\t\t\t\t<div class=\"elementor-element elementor-element-7517991 elementor-widget elementor-widget-heading\" data-id=\"7517991\" data-element_type=\"widget\" data-e-type=\"widget\" data-widget_type=\"heading.default\">\n\t\t\t\t<div class=\"elementor-widget-container\">\n\t\t\t\t\t<h3 class=\"elementor-heading-title elementor-size-default\">Munkahelyv\u00e1lt\u00e1s<\/h3>\t\t\t\t<\/div>\n\t\t\t\t<\/div>\n\t\t\t\t<div class=\"elementor-element elementor-element-71fa6c3c elementor-widget elementor-widget-text-editor\" data-id=\"71fa6c3c\" data-element_type=\"widget\" data-e-type=\"widget\" data-widget_type=\"text-editor.default\">\n\t\t\t\t<div class=\"elementor-widget-container\">\n\t\t\t\t\t\t\t\t\t<p>Amennyiben v\u00e1ltoz\u00e1s \u00e1ll be a foglalkoztat\u00e1si adatokban (poz\u00edci\u00f3, munkav\u00e9gz\u00e9si hely) \u00faj VB\u00c1 enged\u00e9lyt sz\u00fcks\u00e9ges k\u00e9relmeznie a munkav\u00e1llal\u00f3nak.<\/p>\n<p>Amennyiben munkahelyv\u00e1lt\u00e1sra ker\u00fcl sor, a foglalkoztat\u00e1si jogviszonynak megfelel\u0151 \u00faj enged\u00e9lyt sz\u00fcks\u00e9ges k\u00e9relmeznie a munkav\u00e1llal\u00f3nak, amely lehet b\u00e1rmilyen t\u00edpus\u00fa, munkav\u00e1llal\u00e1sra jogos\u00edt\u00f3 enged\u00e9ly. Csak az OIF enged\u00e9lyez\u0151 d\u00f6nt\u00e9s kiad\u00e1sa ut\u00e1n kezdheti meg a munk\u00e1t az \u00faj foglalkoztat\u00e1si felt\u00e9telekkel, illetve \u00faj munk\u00e1ltat\u00f3n\u00e1l. <\/p>\n<p>A VB\u00c1 enged\u00e9ly birtokosa jogosult belf\u00f6ld\u00f6n m\u00e1s enged\u00e9ly t\u00edpusra v\u00e1ltani.<\/p>\n\t\t\t\t\t\t\t\t<\/div>\n\t\t\t\t<\/div>\n\t\t\t\t<div class=\"elementor-element elementor-element-4630659c elementor-widget elementor-widget-heading\" data-id=\"4630659c\" data-element_type=\"widget\" data-e-type=\"widget\" data-widget_type=\"heading.default\">\n\t\t\t\t<div class=\"elementor-widget-container\">\n\t\t\t\t\t<h3 class=\"elementor-heading-title elementor-size-default\">Huzamos tart\u00f3zkod\u00e1s lehet\u0151s\u00e9ge<\/h3>\t\t\t\t<\/div>\n\t\t\t\t<\/div>\n\t\t\t\t<div class=\"elementor-element elementor-element-39a859e6 elementor-widget elementor-widget-text-editor\" data-id=\"39a859e6\" data-element_type=\"widget\" data-e-type=\"widget\" data-widget_type=\"text-editor.default\">\n\t\t\t\t<div class=\"elementor-widget-container\">\n\t\t\t\t\t\t\t\t\t<p>A VB\u00c1 enged\u00e9ly birtokosai \u00e9s csal\u00e1dtagjaik k\u00e9relmezhetnek huzamos tart\u00f3zkod\u00e1si jogosults\u00e1got Magyarorsz\u00e1gon (<a href=\"https:\/\/settlers.hu\/hu\/nemzeti-tartozkodasi-kartya\/\">Nemzeti tart\u00f3zkod\u00e1si k\u00e1rtya<\/a>, <a href=\"https:\/\/settlers.hu\/hu\/eu-tartozkodasi-kartya\/\">EU tart\u00f3zkod\u00e1si k\u00e1rtya<\/a>) a kapcsol\u00f3d\u00f3 felt\u00e9telek teljes\u00edt\u00e9se eset\u00e9n.<\/p>\n\t\t\t\t\t\t\t\t<\/div>\n\t\t\t\t<\/div>\n\t\t\t\t<div class=\"elementor-element elementor-element-77645f11 elementor-widget elementor-widget-image\" data-id=\"77645f11\" data-element_type=\"widget\" data-e-type=\"widget\" data-widget_type=\"image.default\">\n\t\t\t\t<div class=\"elementor-widget-container\">\n\t\t\t\t\t\t\t\t\t\t\t\t\t\t\t<img decoding=\"async\" width=\"300\" height=\"11\" src=\"https:\/\/settlers.hu\/wp-content\/uploads\/2024\/03\/pottyok-egysor-300x11.png\" class=\"attachment-medium size-medium wp-image-2243\" alt=\"\" srcset=\"https:\/\/settlers.hu\/wp-content\/uploads\/2024\/03\/pottyok-egysor-300x11.png 300w, https:\/\/settlers.hu\/wp-content\/uploads\/2024\/03\/pottyok-egysor.png 683w\" sizes=\"(max-width: 300px) 100vw, 300px\" \/>\t\t\t\t\t\t\t\t\t\t\t\t\t\t\t<\/div>\n\t\t\t\t<\/div>\n\t\t\t\t<div class=\"elementor-element elementor-element-1efd75df elementor-widget elementor-widget-text-editor\" data-id=\"1efd75df\" data-element_type=\"widget\" data-e-type=\"widget\" data-widget_type=\"text-editor.default\">\n\t\t\t\t<div class=\"elementor-widget-container\">\n\t\t\t\t\t\t\t\t\t<p>Amennyiben seg\u00edts\u00e9gre van sz\u00fcks\u00e9ge a VB\u00c1 enged\u00e9ly ig\u00e9nyl\u00e9s\u00e9ben, keresse irod\u00e1nkat a honlapon tal\u00e1lhat\u00f3 el\u00e9rhet\u0151s\u00e9geken.<\/p>\n\t\t\t\t\t\t\t\t<\/div>\n\t\t\t\t<\/div>\n\t\t\t\t<div class=\"elementor-element elementor-element-4294d6cb elementor-widget-divider--view-line elementor-widget elementor-widget-divider\" data-id=\"4294d6cb\" data-element_type=\"widget\" data-e-type=\"widget\" data-widget_type=\"divider.default\">\n\t\t\t\t<div class=\"elementor-widget-container\">\n\t\t\t\t\t\t\t<div class=\"elementor-divider\">\n\t\t\t<span class=\"elementor-divider-separator\">\n\t\t\t\t\t\t<\/span>\n\t\t<\/div>\n\t\t\t\t\t\t<\/div>\n\t\t\t\t<\/div>\n\t\t\t\t<div class=\"elementor-element elementor-element-580f5740 elementor-widget elementor-widget-text-editor\" data-id=\"580f5740\" data-element_type=\"widget\" data-e-type=\"widget\" data-widget_type=\"text-editor.default\">\n\t\t\t\t<div class=\"elementor-widget-container\">\n\t\t\t\t\t\t\t\t\t<p>A k\u00e9relmez\u00e9si folyamatr\u00f3l hivatalos t\u00e1j\u00e9koztat\u00e1s, illetve a sz\u00fcks\u00e9ges formanyomtatv\u00e1nyok megtal\u00e1lhat\u00f3ak az <strong><a href=\"https:\/\/oif.gov.hu\/factsheets\/residence-permit-for-the-purpose-of-intra-corporate-transfer-and-permit-for-long-term-mobility\" target=\"_blank\" rel=\"noopener\">Orsz\u00e1gos Idegenrend\u00e9szeti F\u0151igazgat\u00f3s\u00e1g honlapj\u00e1n.<\/a><\/strong><\/p>\n\t\t\t\t\t\t\t\t<\/div>\n\t\t\t\t<\/div>\n\t\t\t\t<div class=\"elementor-element elementor-element-54edf15 elementor-widget elementor-widget-text-editor\" data-id=\"54edf15\" data-element_type=\"widget\" data-e-type=\"widget\" data-widget_type=\"text-editor.default\">\n\t\t\t\t<div class=\"elementor-widget-container\">\n\t\t\t\t\t\t\t\t\t<p>Az enged\u00e9ly k\u00e9relmek elj\u00e1r\u00e1si d\u00edjair\u00f3l a t\u00e1j\u00e9koztat\u00f3 <strong><a href=\"https:\/\/oif.gov.hu\/tajekoztatok\/eljarasi-dijak\" target=\"_blank\" rel=\"noopener\">itt tal\u00e1lhat\u00f3<\/a><\/strong>.<\/p>\n\t\t\t\t\t\t\t\t<\/div>\n\t\t\t\t<\/div>\n\t\t\t\t\t<\/div>\n\t\t<\/div>\n\t\t\t\t<div class=\"elementor-column elementor-col-50 elementor-inner-column elementor-element elementor-element-3317fd98\" data-id=\"3317fd98\" data-element_type=\"column\" data-e-type=\"column\" data-settings=\"{&quot;background_background&quot;:&quot;classic&quot;}\">\n\t\t\t<div class=\"elementor-widget-wrap elementor-element-populated\">\n\t\t\t\t\t<div class=\"elementor-background-overlay\"><\/div>\n\t\t\t\t\t\t<div class=\"elementor-element elementor-element-f2a0fb8 elementor-widget elementor-widget-heading\" data-id=\"f2a0fb8\" data-element_type=\"widget\" data-e-type=\"widget\" data-widget_type=\"heading.default\">\n\t\t\t\t<div class=\"elementor-widget-container\">\n\t\t\t\t\t<h2 class=\"elementor-heading-title elementor-size-default\">Legfrissebb cikkeink<\/h2>\t\t\t\t<\/div>\n\t\t\t\t<\/div>\n\t\t\t\t\t<\/div>\n\t\t<\/div>\n\t\t\t\t\t<\/div>\n\t\t<\/section>\n\t\t\t\t\t<\/div>\n\t\t<\/div>\n\t\t\t\t\t<\/div>\n\t\t<\/section>\n\t\t\t\t<\/div>\n\t\t","protected":false},"excerpt":{"rendered":"<p>A VB\u00c1 enged\u00e9ly kifejezetten a magasan k\u00e9pzett munkav\u00e1llal\u00f3k \u00e1ltal k\u00e9relmezhet\u0151, speci\u00e1lis enged\u00e9ly t\u00edpus, amely a c\u00e9gcsoporton bel\u00fcli kirendel\u00e9s eset\u00e9n alkalmazand\u00f3. <\/p>\n","protected":false},"author":4,"featured_media":0,"parent":0,"menu_order":0,"comment_status":"closed","ping_status":"closed","template":"","meta":{"footnotes":""},"class_list":["post-3319","page","type-page","status-publish","hentry"],"_links":{"self":[{"href":"https:\/\/settlers.hu\/hu\/wp-json\/wp\/v2\/pages\/3319","targetHints":{"allow":["GET"]}}],"collection":[{"href":"https:\/\/settlers.hu\/hu\/wp-json\/wp\/v2\/pages"}],"about":[{"href":"https:\/\/settlers.hu\/hu\/wp-json\/wp\/v2\/types\/page"}],"author":[{"embeddable":true,"href":"https:\/\/settlers.hu\/hu\/wp-json\/wp\/v2\/users\/4"}],"replies":[{"embeddable":true,"href":"https:\/\/settlers.hu\/hu\/wp-json\/wp\/v2\/comments?post=3319"}],"version-history":[{"count":14,"href":"https:\/\/settlers.hu\/hu\/wp-json\/wp\/v2\/pages\/3319\/revisions"}],"predecessor-version":[{"id":3941,"href":"https:\/\/settlers.hu\/hu\/wp-json\/wp\/v2\/pages\/3319\/revisions\/3941"}],"wp:attachment":[{"href":"https:\/\/settlers.hu\/hu\/wp-json\/wp\/v2\/media?parent=3319"}],"curies":[{"name":"wp","href":"https:\/\/api.w.org\/{rel}","templated":true}]}}