{"id":3013,"date":"2024-05-31T12:30:53","date_gmt":"2024-05-31T12:30:53","guid":{"rendered":"https:\/\/settlers.hu\/magyar-kartya\/"},"modified":"2025-08-07T12:28:18","modified_gmt":"2025-08-07T12:28:18","slug":"magyar-kartya","status":"publish","type":"page","link":"https:\/\/settlers.hu\/hu\/magyar-kartya\/","title":{"rendered":"Magyar k\u00e1rtya"},"content":{"rendered":"\t\t<div data-elementor-type=\"wp-page\" data-elementor-id=\"3013\" class=\"elementor elementor-3013 elementor-2992\" data-elementor-post-type=\"page\">\n\t\t\t\t\t\t<section class=\"elementor-section elementor-top-section elementor-element elementor-element-330582f1 elementor-section-boxed elementor-section-height-default elementor-section-height-default\" data-id=\"330582f1\" data-element_type=\"section\" data-e-type=\"section\">\n\t\t\t\t\t\t<div class=\"elementor-container elementor-column-gap-default\">\n\t\t\t\t\t<div class=\"elementor-column elementor-col-100 elementor-top-column elementor-element elementor-element-25f95f39\" data-id=\"25f95f39\" data-element_type=\"column\" data-e-type=\"column\">\n\t\t\t<div class=\"elementor-widget-wrap elementor-element-populated\">\n\t\t\t\t\t\t<section class=\"elementor-section elementor-inner-section elementor-element elementor-element-3767f31f elementor-section-boxed elementor-section-height-default elementor-section-height-default\" data-id=\"3767f31f\" data-element_type=\"section\" data-e-type=\"section\">\n\t\t\t\t\t\t<div class=\"elementor-container elementor-column-gap-default\">\n\t\t\t\t\t<div class=\"elementor-column elementor-col-50 elementor-inner-column elementor-element elementor-element-36006d4f\" data-id=\"36006d4f\" data-element_type=\"column\" data-e-type=\"column\">\n\t\t\t<div class=\"elementor-widget-wrap elementor-element-populated\">\n\t\t\t\t\t\t<div class=\"elementor-element elementor-element-846459f elementor-widget elementor-widget-text-editor\" data-id=\"846459f\" data-element_type=\"widget\" data-e-type=\"widget\" data-widget_type=\"text-editor.default\">\n\t\t\t\t<div class=\"elementor-widget-container\">\n\t\t\t\t\t\t\t\t\t<p><a href=\"https:\/\/settlers.hu\/hu\/tudasbazis\/\">Tud\u00e1sb\u00e1zis<\/a> \u00bb Magyar K\u00e1rtya<\/p>\t\t\t\t\t\t\t\t<\/div>\n\t\t\t\t<\/div>\n\t\t\t\t<div class=\"elementor-element elementor-element-f0ac758 elementor-toc--minimized-on-tablet elementor-widget elementor-widget-table-of-contents\" data-id=\"f0ac758\" data-element_type=\"widget\" data-e-type=\"widget\" data-settings=\"{&quot;headings_by_tags&quot;:[&quot;h3&quot;,&quot;h4&quot;],&quot;exclude_headings_by_selector&quot;:[],&quot;marker_view&quot;:&quot;bullets&quot;,&quot;no_headings_message&quot;:&quot;No headings were found on this page.&quot;,&quot;icon&quot;:{&quot;value&quot;:&quot;fas fa-circle&quot;,&quot;library&quot;:&quot;fa-solid&quot;},&quot;minimize_box&quot;:&quot;yes&quot;,&quot;minimized_on&quot;:&quot;tablet&quot;,&quot;hierarchical_view&quot;:&quot;yes&quot;,&quot;min_height&quot;:{&quot;unit&quot;:&quot;px&quot;,&quot;size&quot;:&quot;&quot;,&quot;sizes&quot;:[]},&quot;min_height_widescreen&quot;:{&quot;unit&quot;:&quot;px&quot;,&quot;size&quot;:&quot;&quot;,&quot;sizes&quot;:[]},&quot;min_height_laptop&quot;:{&quot;unit&quot;:&quot;px&quot;,&quot;size&quot;:&quot;&quot;,&quot;sizes&quot;:[]},&quot;min_height_tablet_extra&quot;:{&quot;unit&quot;:&quot;px&quot;,&quot;size&quot;:&quot;&quot;,&quot;sizes&quot;:[]},&quot;min_height_tablet&quot;:{&quot;unit&quot;:&quot;px&quot;,&quot;size&quot;:&quot;&quot;,&quot;sizes&quot;:[]},&quot;min_height_mobile_extra&quot;:{&quot;unit&quot;:&quot;px&quot;,&quot;size&quot;:&quot;&quot;,&quot;sizes&quot;:[]},&quot;min_height_mobile&quot;:{&quot;unit&quot;:&quot;px&quot;,&quot;size&quot;:&quot;&quot;,&quot;sizes&quot;:[]}}\" data-widget_type=\"table-of-contents.default\">\n\t\t\t\t<div class=\"elementor-widget-container\">\n\t\t\t\t\t\t\t\t\t<div class=\"elementor-toc__header\">\n\t\t\t\t\t\t<h3 class=\"elementor-toc__header-title\">\n\t\t\t\tTartalom\t\t\t<\/h3>\n\t\t\t\t\t\t\t\t\t\t<div class=\"elementor-toc__toggle-button elementor-toc__toggle-button--expand\" role=\"button\" tabindex=\"0\" aria-controls=\"elementor-toc__f0ac758\" aria-expanded=\"true\" aria-label=\"Open table of contents\"><i aria-hidden=\"true\" class=\"fas fa-chevron-down\"><\/i><\/div>\n\t\t\t\t<div class=\"elementor-toc__toggle-button elementor-toc__toggle-button--collapse\" role=\"button\" tabindex=\"0\" aria-controls=\"elementor-toc__f0ac758\" aria-expanded=\"true\" aria-label=\"Close table of contents\"><i aria-hidden=\"true\" class=\"fas fa-chevron-up\"><\/i><\/div>\n\t\t\t\t\t<\/div>\n\t\t\t\t<div id=\"elementor-toc__f0ac758\" class=\"elementor-toc__body\">\n\t\t\t<div class=\"elementor-toc__spinner-container\">\n\t\t\t\t<i class=\"elementor-toc__spinner eicon-animation-spin eicon-loading\" aria-hidden=\"true\"><\/i>\t\t\t<\/div>\n\t\t<\/div>\n\t\t\t\t\t\t<\/div>\n\t\t\t\t<\/div>\n\t\t\t\t<div class=\"elementor-element elementor-element-70d24ab4 elementor-widget elementor-widget-heading\" data-id=\"70d24ab4\" data-element_type=\"widget\" data-e-type=\"widget\" data-widget_type=\"heading.default\">\n\t\t\t\t<div class=\"elementor-widget-container\">\n\t\t\t\t\t<h3 class=\"elementor-heading-title elementor-size-default\">Mi a Magyar K\u00e1rtya?<\/h3>\t\t\t\t<\/div>\n\t\t\t\t<\/div>\n\t\t\t\t<div class=\"elementor-element elementor-element-3dbfe34 elementor-widget elementor-widget-text-editor\" data-id=\"3dbfe34\" data-element_type=\"widget\" data-e-type=\"widget\" data-widget_type=\"text-editor.default\">\n\t\t\t\t<div class=\"elementor-widget-container\">\n\t\t\t\t\t\t\t\t\t<p>A hossz\u00fa t\u00e1v\u00fa (90 napn\u00e1l hosszabb) munkav\u00e1llal\u00e1s c\u00e9lj\u00e1b\u00f3l Magyarorsz\u00e1gra \u00e9rkez\u0151knek a munkaviszony megkezd\u00e9s\u00e9hez rendelkezni\u00fck kell a megfelel\u0151 enged\u00e9llyel. Ennek egyik form\u00e1ja a Magyar K\u00e1rtya, mely magasan k\u00e9pzett munkav\u00e1llal\u00f3k, illetve sportok\u00f3k, el\u0151ad\u00f3m\u0171v\u00e9szek \u00e9s filmgy\u00e1rt\u00e1sban dolgoz\u00f3k \u00e1ltal k\u00e9relmezhet\u0151 enged\u00e9ly fajta. Az enged\u00e9ly t\u00edpus az \u00f6sszevont enged\u00e9lyez\u00e9si elj\u00e1r\u00e1s al\u00e1 tartoz\u00f3 enged\u00e9lyfajt\u00e1k egyike, mely egyszerre biztos\u00edtja a jogot tart\u00f3zkod\u00e1sra \u00e9s munkav\u00e1llal\u00e1sra.<\/p><p>Az enged\u00e9ly t\u00edpust a 2024-t\u0151l \u00e9rv\u00e9nyes idegenrend\u00e9szeti t\u00f6rv\u00e9ny vezette be, mint a magas kompetenci\u00e1val rendelkez\u0151k egyik \u00faj enged\u00e9ly t\u00edpus\u00e1t.<\/p>\t\t\t\t\t\t\t\t<\/div>\n\t\t\t\t<\/div>\n\t\t\t\t<div class=\"elementor-element elementor-element-407b4a5f elementor-widget elementor-widget-heading\" data-id=\"407b4a5f\" data-element_type=\"widget\" data-e-type=\"widget\" data-widget_type=\"heading.default\">\n\t\t\t\t<div class=\"elementor-widget-container\">\n\t\t\t\t\t<h3 class=\"elementor-heading-title elementor-size-default\">Kik k\u00e9relmezhetik ezt az enged\u00e9lyt\u00edpust?<\/h3>\t\t\t\t<\/div>\n\t\t\t\t<\/div>\n\t\t\t\t<div class=\"elementor-element elementor-element-509846cb elementor-widget elementor-widget-text-editor\" data-id=\"509846cb\" data-element_type=\"widget\" data-e-type=\"widget\" data-widget_type=\"text-editor.default\">\n\t\t\t\t<div class=\"elementor-widget-container\">\n\t\t\t\t\t\t\t\t\t<p>Nem EGT-s \u00e1llampolg\u00e1rok, akik teljes\u00edtik az al\u00e1bbi speci\u00e1lis el\u0151\u00edr\u00e1sokat:<\/p><ul><li>Magas k\u00e9pzetts\u00e9get ig\u00e9nyl\u0151 munkak\u00f6rben dolgoznak<\/li><li>Az al\u00e1bbi felt\u00e9telek egyike igaz r\u00e1juk<ul><li>o Informatikai, m\u0171szaki, term\u00e9szettudom\u00e1nyi ter\u00fcleten szerzett fels\u0151fok\u00fa v\u00e9gzetts\u00e9ggel vagy zenei, n\u00e9pikult\u00fara szakos tan\u00e1r v\u00e9gzetts\u00e9ggel rendelkeznek. <strong>Az NGM \u00faj (2024. j\u00falius) \u00e1ll\u00e1sfoglal\u00e1sa \u00e9rtelm\u00e9ben csak a k\u00fclf\u00f6ld\u00f6n szerzett k\u00e9pes\u00edt\u00e9sek fogadhat\u00f3ak el ehhez az enged\u00e9lyhez<\/strong><\/li><li>o Hivat\u00e1sos sportol\u00f3k, edz\u0151k, el\u0151ad\u00f3m\u0171v\u00e9szek, filmgy\u00e1rt\u00e1sban dolgoz\u00f3k.<\/li><\/ul><\/li><\/ul>\t\t\t\t\t\t\t\t<\/div>\n\t\t\t\t<\/div>\n\t\t\t\t<div class=\"elementor-element elementor-element-1f71e791 elementor-widget elementor-widget-heading\" data-id=\"1f71e791\" data-element_type=\"widget\" data-e-type=\"widget\" data-widget_type=\"heading.default\">\n\t\t\t\t<div class=\"elementor-widget-container\">\n\t\t\t\t\t<h3 class=\"elementor-heading-title elementor-size-default\">Milyen foglalkoztat\u00e1si esetekre k\u00e9rhet\u0151 Magyar K\u00e1rtya?<\/h3>\t\t\t\t<\/div>\n\t\t\t\t<\/div>\n\t\t\t\t<div class=\"elementor-element elementor-element-2ab42318 elementor-widget elementor-widget-text-editor\" data-id=\"2ab42318\" data-element_type=\"widget\" data-e-type=\"widget\" data-widget_type=\"text-editor.default\">\n\t\t\t\t<div class=\"elementor-widget-container\">\n\t\t\t\t\t\t\t\t\t<p>A Magyar K\u00e1rtya az al\u00e1bbi esetekben k\u00e9rhet\u0151:<\/p><ul><li>Belf\u00f6ldi foglalkoztat\u00f3val fenn\u00e1ll\u00f3 helyi munkaszerz\u0151d\u00e9ses jogviszonyra<\/li><li>C\u00e9g vezet\u0151je, tulajdonosa \u00e1ltal, amennyiben e tiszts\u00e9ge mellett t\u00e9nylegesen munk\u00e1t is v\u00e9gez a c\u00e9gben<\/li><li>Akinek magyarorsz\u00e1gi foglalkoztat\u00e1s\u00e1ra belf\u00f6ldi foglalkoztat\u00f3val k\u00f6t\u00f6tt meg\u00e1llapod\u00e1s teljes\u00edt\u00e9se \u00e9rdek\u00e9ben, harmadik orsz\u00e1gban letelepedett munk\u00e1ltat\u00f3val fenn\u00e1ll\u00f3 munkaviszonya alapj\u00e1n ker\u00fcl sor<\/li><\/ul>\t\t\t\t\t\t\t\t<\/div>\n\t\t\t\t<\/div>\n\t\t\t\t<div class=\"elementor-element elementor-element-44288875 elementor-widget elementor-widget-heading\" data-id=\"44288875\" data-element_type=\"widget\" data-e-type=\"widget\" data-widget_type=\"heading.default\">\n\t\t\t\t<div class=\"elementor-widget-container\">\n\t\t\t\t\t<h3 class=\"elementor-heading-title elementor-size-default\">Mire jogos\u00edt a Magyar K\u00e1rtya?<\/h3>\t\t\t\t<\/div>\n\t\t\t\t<\/div>\n\t\t\t\t<div class=\"elementor-element elementor-element-266379fb elementor-widget elementor-widget-text-editor\" data-id=\"266379fb\" data-element_type=\"widget\" data-e-type=\"widget\" data-widget_type=\"text-editor.default\">\n\t\t\t\t<div class=\"elementor-widget-container\">\n\t\t\t\t\t\t\t\t\t<p>A Magyar K\u00e1rtya meghat\u00e1rozott foglalkoztat\u00f3n\u00e1l, munkav\u00e9gz\u00e9si helyen \u00e9s poz\u00edci\u00f3ban t\u00f6rt\u00e9n\u0151 munkav\u00e9gz\u00e9sre, valamint az enged\u00e9ly \u00e9rv\u00e9nyess\u00e9gi ideje alatti magyarorsz\u00e1gi tart\u00f3zkod\u00e1sra jogos\u00edtja birtokos\u00e1t.<\/p>\t\t\t\t\t\t\t\t<\/div>\n\t\t\t\t<\/div>\n\t\t\t\t<div class=\"elementor-element elementor-element-26a3ad3b elementor-widget elementor-widget-heading\" data-id=\"26a3ad3b\" data-element_type=\"widget\" data-e-type=\"widget\" data-widget_type=\"heading.default\">\n\t\t\t\t<div class=\"elementor-widget-container\">\n\t\t\t\t\t<h3 class=\"elementor-heading-title elementor-size-default\">Mennyi ideig \u00e9rv\u00e9nyes a Magyar K\u00e1rtya?<\/h3>\t\t\t\t<\/div>\n\t\t\t\t<\/div>\n\t\t\t\t<div class=\"elementor-element elementor-element-5050f869 elementor-widget elementor-widget-text-editor\" data-id=\"5050f869\" data-element_type=\"widget\" data-e-type=\"widget\" data-widget_type=\"text-editor.default\">\n\t\t\t\t<div class=\"elementor-widget-container\">\n\t\t\t\t\t\t\t\t\t<p>A Magyar K\u00e1rtya legfeljebb 3 \u00e9vre k\u00e9rhet\u0151 meg \u00e9s alkalmank\u00e9nt legfeljebb 3 \u00e9vvel hosszabb\u00edthat\u00f3. A kiadott enged\u00e9ly \u00e9rv\u00e9nyess\u00e9g\u00e9t a hivatal a munkaviszony tervezett hossza alapj\u00e1n hat\u00e1rozza meg.<\/p><p>Az enged\u00e9ly \u00e9rv\u00e9nyess\u00e9g\u00e9t a fentieken t\u00fal a k\u00e9relmez\u0151 \u00fatlevele is befoly\u00e1solja: a Magyar K\u00e1rtya \u00e9rv\u00e9nyess\u00e9g\u00e9t \u00fagy kell meghat\u00e1rozni, hogy az enged\u00e9ly lej\u00e1rata ut\u00e1n az \u00fatlev\u00e9l m\u00e9g legal\u00e1bb h\u00e1rom h\u00f3napig \u00e9rv\u00e9nyes legyen.<\/p><p>Az enged\u00e9ly k\u00e9relem elb\u00edr\u00e1l\u00e1sa sor\u00e1n a hivatal jogosult az enged\u00e9lyt a k\u00e9relmezett id\u0151n\u00e9l r\u00f6videbb id\u0151re korl\u00e1tozni, ha valamilyen k\u00f6r\u00fclm\u00e9ny alapj\u00e1n ezt indokoltnak l\u00e1tja (pl. eg\u00e9szs\u00e9gbiztos\u00edt\u00e1s, lakhat\u00e1s).<\/p>\t\t\t\t\t\t\t\t<\/div>\n\t\t\t\t<\/div>\n\t\t\t\t<div class=\"elementor-element elementor-element-16ad08a2 elementor-widget elementor-widget-heading\" data-id=\"16ad08a2\" data-element_type=\"widget\" data-e-type=\"widget\" data-widget_type=\"heading.default\">\n\t\t\t\t<div class=\"elementor-widget-container\">\n\t\t\t\t\t<h3 class=\"elementor-heading-title elementor-size-default\">Csal\u00e1dtagok helyzete<\/h3>\t\t\t\t<\/div>\n\t\t\t\t<\/div>\n\t\t\t\t<div class=\"elementor-element elementor-element-7b6044a7 elementor-widget elementor-widget-text-editor\" data-id=\"7b6044a7\" data-element_type=\"widget\" data-e-type=\"widget\" data-widget_type=\"text-editor.default\">\n\t\t\t\t<div class=\"elementor-widget-container\">\n\t\t\t\t\t\t\t\t\t<p>A Magyar K\u00e1rtya birtokos\u00e1hoz csatlakozhatnak Magyarorsz\u00e1gon a csal\u00e1dtajaik is, r\u00e9sz\u00fckre csal\u00e1degyes\u00edt\u00e9si c\u00e9l\u00fa tart\u00f3zkod\u00e1si enged\u00e9lyt \u00e1ll\u00edt ki a hivatal a munkav\u00e1llal\u00f3 (eltart\u00f3) Magyar K\u00e1rty\u00e1ja alapj\u00e1n.<\/p><p>Magyarorsz\u00e1gon a Magyar K\u00e1rtya birtokos\u00e1nak csal\u00e1dtagja csak \u00e9rv\u00e9nyes, munkav\u00e1llal\u00e1sra jogos\u00edt\u00f3 enged\u00e9ly birtok\u00e1ban dolgozhat.<\/p>\t\t\t\t\t\t\t\t<\/div>\n\t\t\t\t<\/div>\n\t\t\t\t<div class=\"elementor-element elementor-element-4a672b03 elementor-widget elementor-widget-heading\" data-id=\"4a672b03\" data-element_type=\"widget\" data-e-type=\"widget\" data-widget_type=\"heading.default\">\n\t\t\t\t<div class=\"elementor-widget-container\">\n\t\t\t\t\t<h3 class=\"elementor-heading-title elementor-size-default\">A Magyar K\u00e1rtya ig\u00e9nyl\u00e9ssel kapcsolatos speci\u00e1lis k\u00f6vetelm\u00e9nyek<\/h3>\t\t\t\t<\/div>\n\t\t\t\t<\/div>\n\t\t\t\t<div class=\"elementor-element elementor-element-11a41840 elementor-widget elementor-widget-text-editor\" data-id=\"11a41840\" data-element_type=\"widget\" data-e-type=\"widget\" data-widget_type=\"text-editor.default\">\n\t\t\t\t<div class=\"elementor-widget-container\">\n\t\t\t\t\t\t\t\t\t<p>A Magyar K\u00e1rtya ig\u00e9nyl\u00e9se sor\u00e1n a munk\u00e1ltat\u00f3 \u00e1ltal meghat\u00e1rozott munkak\u00f6rnek minden r\u00e9szlet\u00e9ben meg kell felelnie a jogszab\u00e1lyi el\u0151\u00edr\u00e1soknak:<\/p><ul><li>A Magyar K\u00e1rtya kiz\u00e1r\u00f3lag az 1-es \u00e9s 2-es FEOR f\u0151csoportban szerepl\u0151 munkak\u00f6r\u00f6kben ig\u00e9nyelhet\u0151<\/li><li>A munkav\u00e1llal\u00f3 fels\u0151fok\u00fa szakmai v\u00e9gzetts\u00e9ggel kell rendelkezzen informatikai, m\u0171szaki vagy term\u00e9szettudom\u00e1nyi ter\u00fcleten vagy tan\u00e1r v\u00e9gzetts\u00e9ggel zenei vagy n\u00e9pikult\u00fara szakon<\/li><li>Nem k\u00f6telez\u0151, hogy a munkak\u00f6r is ezekhez a szakmai ter\u00fclethez kapcsol\u00f3djon, az 1-es \u00e9s 2-es FEOR f\u0151csoportb\u00f3l szabadon v\u00e1laszthat\u00f3 munkak\u00f6r<\/li><li>Amennyiben a munkak\u00f6r bet\u00f6lt\u00e9s\u00e9hez speci\u00e1lis szakmai k\u00e9pes\u00edt\u00e9s az el\u0151\u00edr\u00e1s, a munkav\u00e1llal\u00f3nak azzal is rendelkeznie kell<\/li><\/ul>\t\t\t\t\t\t\t\t<\/div>\n\t\t\t\t<\/div>\n\t\t\t\t<div class=\"elementor-element elementor-element-5d722b4 elementor-widget elementor-widget-text-editor\" data-id=\"5d722b4\" data-element_type=\"widget\" data-e-type=\"widget\" data-widget_type=\"text-editor.default\">\n\t\t\t\t<div class=\"elementor-widget-container\">\n\t\t\t\t\t\t\t\t\t<p>A jogszab\u00e1ly egyes foglalkoz\u00e1si ter\u00fcleteken felment\u00e9st ad a fenti korl\u00e1toz\u00e1sok al\u00f3l. Ennek megfelel\u0151en Magyar K\u00e1rty\u00e1t k\u00e9rhet a:<\/p><ul><li>hivat\u00e1sos sportol\u00f3 vagy hivat\u00e1sos edz\u0151,<\/li><li>el\u0151ad\u00f3m\u0171v\u00e9sz<\/li><li>aki nyilv\u00e1ntart\u00e1sba vett filmgy\u00e1rt\u00f3 v\u00e1llalkoz\u00e1sn\u00e1l dolgozik<\/li><\/ul><p>Ezekben az esetekben a Magyar K\u00e1rtya 3-as FEOR f\u0151csoportban szerepl\u0151 munkak\u00f6r\u00f6kben ig\u00e9nyelhet\u0151.<\/p>\t\t\t\t\t\t\t\t<\/div>\n\t\t\t\t<\/div>\n\t\t\t\t<div class=\"elementor-element elementor-element-5ad11dd elementor-widget elementor-widget-text-editor\" data-id=\"5ad11dd\" data-element_type=\"widget\" data-e-type=\"widget\" data-widget_type=\"text-editor.default\">\n\t\t\t\t<div class=\"elementor-widget-container\">\n\t\t\t\t\t\t\t\t\t<p>Fentieken k\u00edv\u00fcl a munkab\u00e9r meg kell feleljen a munkak\u00f6r eset\u00e9n \u00e1ltal\u00e1nosan \u00e9rv\u00e9nyes b\u00e9rminimumnak (FEOR sz\u00e1m alapj\u00e1n).<\/p>\t\t\t\t\t\t\t\t<\/div>\n\t\t\t\t<\/div>\n\t\t\t\t<div class=\"elementor-element elementor-element-2d6b50e6 elementor-widget elementor-widget-heading\" data-id=\"2d6b50e6\" data-element_type=\"widget\" data-e-type=\"widget\" data-widget_type=\"heading.default\">\n\t\t\t\t<div class=\"elementor-widget-container\">\n\t\t\t\t\t<h3 class=\"elementor-heading-title elementor-size-default\">A k\u00e9relmez\u00e9s folyamata<\/h3>\t\t\t\t<\/div>\n\t\t\t\t<\/div>\n\t\t\t\t<div class=\"elementor-element elementor-element-7dc3bb2c elementor-widget elementor-widget-text-editor\" data-id=\"7dc3bb2c\" data-element_type=\"widget\" data-e-type=\"widget\" data-widget_type=\"text-editor.default\">\n\t\t\t\t<div class=\"elementor-widget-container\">\n\t\t\t\t\t\t\t\t\t<p>A Magyar K\u00e1rtya ir\u00e1nti k\u00e9relem konkr\u00e9t \u00e1ll\u00e1saj\u00e1nlat birtok\u00e1ban, meghat\u00e1rozott foglalkoztat\u00f3ra, munkav\u00e9gz\u00e9si helyre \u00e9s poz\u00edci\u00f3ra sz\u00f3l\u00f3 el\u0151zetes meg\u00e1llapod\u00e1s birtok\u00e1ban ny\u00fajthat\u00f3 be.<\/p><p>Az els\u0151 k\u00e9relem beny\u00fajt\u00e1sa v\u00edzumk\u00f6telezett orsz\u00e1g \u00e1llampolg\u00e1ra eset\u00e9ben szem\u00e9lyesen, a sz\u00e1rmaz\u00e1si orsz\u00e1ga, vagy a tart\u00f3zkod\u00e1si helye szerinti orsz\u00e1gban tal\u00e1lhat\u00f3 magyar konzul\u00e1tuson t\u00f6rt\u00e9nik.<\/p><p>Amennyiben nem v\u00edzumk\u00f6telezett orsz\u00e1g \u00e1llampolg\u00e1ra turistak\u00e9nt beutazott, az els\u0151 k\u00e9relm\u00e9t online, a bev\u00e1ndorl\u00e1si hivatal EnterHungary nev\u0171 honlapj\u00e1n kereszt\u00fcl ig\u00e9nyelheti.<\/p><p>Ha a k\u00e9relmez\u0151 m\u00e1r Magyarorsz\u00e1gon tart\u00f3zkodik \u00e9s meghosszabb\u00edtja az enged\u00e9ly\u00e9t, a hosszabb\u00edt\u00e1si k\u00e9relm\u00e9t online kell beny\u00fajtania. A hosszabb\u00edt\u00e1si k\u00e9relmet legk\u00e9s\u0151bb az \u00e9rv\u00e9nyess\u00e9gi id\u0151 lej\u00e1rata el\u0151tt 40 nappal kell beny\u00fajtani. <\/p><p>A Magyar K\u00e1rtya k\u00e9relem elb\u00edr\u00e1l\u00e1si ideje 70 nap.<\/p>\t\t\t\t\t\t\t\t<\/div>\n\t\t\t\t<\/div>\n\t\t\t\t<div class=\"elementor-element elementor-element-6935bbea elementor-widget elementor-widget-heading\" data-id=\"6935bbea\" data-element_type=\"widget\" data-e-type=\"widget\" data-widget_type=\"heading.default\">\n\t\t\t\t<div class=\"elementor-widget-container\">\n\t\t\t\t\t<h3 class=\"elementor-heading-title elementor-size-default\">Munkahelyv\u00e1lt\u00e1s<\/h3>\t\t\t\t<\/div>\n\t\t\t\t<\/div>\n\t\t\t\t<div class=\"elementor-element elementor-element-31132396 elementor-widget elementor-widget-text-editor\" data-id=\"31132396\" data-element_type=\"widget\" data-e-type=\"widget\" data-widget_type=\"text-editor.default\">\n\t\t\t\t<div class=\"elementor-widget-container\">\n\t\t\t\t\t\t\t\t\t<p>Amennyiben v\u00e1ltoz\u00e1s \u00e1ll be a foglalkoztat\u00e1si adatokban (poz\u00edci\u00f3, munkav\u00e9gz\u00e9si hely), vagy munkahelyv\u00e1lt\u00e1sra ker\u00fcl sor, \u00faj enged\u00e9lyt sz\u00fcks\u00e9ges k\u00e9relmeznie a munkav\u00e1llal\u00f3nak, amely lehet b\u00e1rmilyen t\u00edpus\u00fa, munkav\u00e1llal\u00e1sra jogos\u00edt\u00f3 enged\u00e9ly. Csak az OIF enged\u00e9lyez\u0151 d\u00f6nt\u00e9s kiad\u00e1sa ut\u00e1n kezdheti meg a munk\u00e1t az \u00faj foglalkoztat\u00e1si felt\u00e9telekkel, illetve \u00faj munk\u00e1ltat\u00f3n\u00e1l.<\/p><p>A Magyar K\u00e1rtya birtokosa jogosult belf\u00f6ld\u00f6n m\u00e1s enged\u00e9ly t\u00edpusra v\u00e1ltani.<\/p>\t\t\t\t\t\t\t\t<\/div>\n\t\t\t\t<\/div>\n\t\t\t\t<div class=\"elementor-element elementor-element-4f473937 elementor-widget elementor-widget-heading\" data-id=\"4f473937\" data-element_type=\"widget\" data-e-type=\"widget\" data-widget_type=\"heading.default\">\n\t\t\t\t<div class=\"elementor-widget-container\">\n\t\t\t\t\t<h3 class=\"elementor-heading-title elementor-size-default\">Huzamos tart\u00f3zkod\u00e1s lehet\u0151s\u00e9ge<\/h3>\t\t\t\t<\/div>\n\t\t\t\t<\/div>\n\t\t\t\t<div class=\"elementor-element elementor-element-5650c002 elementor-widget elementor-widget-text-editor\" data-id=\"5650c002\" data-element_type=\"widget\" data-e-type=\"widget\" data-widget_type=\"text-editor.default\">\n\t\t\t\t<div class=\"elementor-widget-container\">\n\t\t\t\t\t\t\t\t\t<p>A Magyar K\u00e1rtya birtokosai \u00e9s csal\u00e1dtagjaik k\u00e9relmezhetnek huzamos tart\u00f3zkod\u00e1si jogosults\u00e1gok Magyarorsz\u00e1gon a kapcsol\u00f3d\u00f3 felt\u00e9telek teljes\u00edt\u00e9se eset\u00e9n.<\/p>\t\t\t\t\t\t\t\t<\/div>\n\t\t\t\t<\/div>\n\t\t\t\t<div class=\"elementor-element elementor-element-3c552cc4 elementor-widget elementor-widget-image\" data-id=\"3c552cc4\" data-element_type=\"widget\" data-e-type=\"widget\" data-widget_type=\"image.default\">\n\t\t\t\t<div class=\"elementor-widget-container\">\n\t\t\t\t\t\t\t\t\t\t\t\t\t\t\t<img decoding=\"async\" width=\"300\" height=\"11\" src=\"https:\/\/settlers.hu\/wp-content\/uploads\/2024\/03\/pottyok-egysor-300x11.png\" class=\"attachment-medium size-medium wp-image-2243\" alt=\"\" srcset=\"https:\/\/settlers.hu\/wp-content\/uploads\/2024\/03\/pottyok-egysor-300x11.png 300w, https:\/\/settlers.hu\/wp-content\/uploads\/2024\/03\/pottyok-egysor.png 683w\" sizes=\"(max-width: 300px) 100vw, 300px\" \/>\t\t\t\t\t\t\t\t\t\t\t\t\t\t\t<\/div>\n\t\t\t\t<\/div>\n\t\t\t\t<div class=\"elementor-element elementor-element-2971de83 elementor-widget elementor-widget-text-editor\" data-id=\"2971de83\" data-element_type=\"widget\" data-e-type=\"widget\" data-widget_type=\"text-editor.default\">\n\t\t\t\t<div class=\"elementor-widget-container\">\n\t\t\t\t\t\t\t\t\t<p>Amennyiben seg\u00edts\u00e9gre van sz\u00fcks\u00e9ge a Magyar K\u00e1rtya ig\u00e9nyl\u00e9s\u00e9ben, keresse irod\u00e1nkat a honlapon tal\u00e1lhat\u00f3 el\u00e9rhet\u0151s\u00e9geken.<\/p>\t\t\t\t\t\t\t\t<\/div>\n\t\t\t\t<\/div>\n\t\t\t\t<div class=\"elementor-element elementor-element-2f141c7b elementor-widget-divider--view-line elementor-widget elementor-widget-divider\" data-id=\"2f141c7b\" data-element_type=\"widget\" data-e-type=\"widget\" data-widget_type=\"divider.default\">\n\t\t\t\t<div class=\"elementor-widget-container\">\n\t\t\t\t\t\t\t<div class=\"elementor-divider\">\n\t\t\t<span class=\"elementor-divider-separator\">\n\t\t\t\t\t\t<\/span>\n\t\t<\/div>\n\t\t\t\t\t\t<\/div>\n\t\t\t\t<\/div>\n\t\t\t\t<div class=\"elementor-element elementor-element-3132ecf2 elementor-widget elementor-widget-text-editor\" data-id=\"3132ecf2\" data-element_type=\"widget\" data-e-type=\"widget\" data-widget_type=\"text-editor.default\">\n\t\t\t\t<div class=\"elementor-widget-container\">\n\t\t\t\t\t\t\t\t\t<p>A k\u00e9relmez\u00e9si folyamatr\u00f3l hivatalos t\u00e1j\u00e9koztat\u00e1s, illetve a sz\u00fcks\u00e9ges formanyomtatv\u00e1nyok megtal\u00e1lhat\u00f3ak az <strong><a href=\"https:\/\/oif.gov.hu\/factsheets\/residence-permit-for-hungarian-card\" target=\"_blank\" rel=\"noopener\">Orsz\u00e1gos Idegenrend\u00e9szeti F\u0151igazgat\u00f3s\u00e1g honlapj\u00e1n.<\/a><\/strong><\/p>\t\t\t\t\t\t\t\t<\/div>\n\t\t\t\t<\/div>\n\t\t\t\t<div class=\"elementor-element elementor-element-799b2a69 elementor-widget elementor-widget-text-editor\" data-id=\"799b2a69\" data-element_type=\"widget\" data-e-type=\"widget\" data-widget_type=\"text-editor.default\">\n\t\t\t\t<div class=\"elementor-widget-container\">\n\t\t\t\t\t\t\t\t\t<p>Az enged\u00e9ly k\u00e9relmek elj\u00e1r\u00e1si d\u00edjair\u00f3l a t\u00e1j\u00e9koztat\u00f3 <a href=\"https:\/\/oif.gov.hu\/tajekoztatok\/eljarasi-dijak\" target=\"_blank\" rel=\"noopener\"><strong>itt<\/strong><\/a> tal\u00e1lhat\u00f3.<\/p>\t\t\t\t\t\t\t\t<\/div>\n\t\t\t\t<\/div>\n\t\t\t\t\t<\/div>\n\t\t<\/div>\n\t\t\t\t<div class=\"elementor-column elementor-col-50 elementor-inner-column elementor-element elementor-element-18eb6374\" data-id=\"18eb6374\" data-element_type=\"column\" data-e-type=\"column\" data-settings=\"{&quot;background_background&quot;:&quot;classic&quot;}\">\n\t\t\t<div class=\"elementor-widget-wrap elementor-element-populated\">\n\t\t\t\t\t<div class=\"elementor-background-overlay\"><\/div>\n\t\t\t\t\t\t<div class=\"elementor-element elementor-element-614f8c2b elementor-widget elementor-widget-heading\" data-id=\"614f8c2b\" data-element_type=\"widget\" data-e-type=\"widget\" data-widget_type=\"heading.default\">\n\t\t\t\t<div class=\"elementor-widget-container\">\n\t\t\t\t\t<h2 class=\"elementor-heading-title elementor-size-default\">Legfrissebb cikkeink<\/h2>\t\t\t\t<\/div>\n\t\t\t\t<\/div>\n\t\t\t\t\t<\/div>\n\t\t<\/div>\n\t\t\t\t\t<\/div>\n\t\t<\/section>\n\t\t\t\t\t<\/div>\n\t\t<\/div>\n\t\t\t\t\t<\/div>\n\t\t<\/section>\n\t\t\t\t<\/div>\n\t\t","protected":false},"excerpt":{"rendered":"<p>A Magyar K\u00e1rtya magasan k\u00e9pzett munkav\u00e1llal\u00f3k, illetve sportok\u00f3k, el\u0151ad\u00f3m\u0171v\u00e9szek \u00e9s filmgy\u00e1rt\u00e1sban dolgoz\u00f3k \u00e1ltal k\u00e9relmezhet\u0151 enged\u00e9ly fajta.<\/p>\n","protected":false},"author":4,"featured_media":0,"parent":0,"menu_order":0,"comment_status":"closed","ping_status":"closed","template":"","meta":{"footnotes":""},"class_list":["post-3013","page","type-page","status-publish","hentry"],"_links":{"self":[{"href":"https:\/\/settlers.hu\/hu\/wp-json\/wp\/v2\/pages\/3013","targetHints":{"allow":["GET"]}}],"collection":[{"href":"https:\/\/settlers.hu\/hu\/wp-json\/wp\/v2\/pages"}],"about":[{"href":"https:\/\/settlers.hu\/hu\/wp-json\/wp\/v2\/types\/page"}],"author":[{"embeddable":true,"href":"https:\/\/settlers.hu\/hu\/wp-json\/wp\/v2\/users\/4"}],"replies":[{"embeddable":true,"href":"https:\/\/settlers.hu\/hu\/wp-json\/wp\/v2\/comments?post=3013"}],"version-history":[{"count":11,"href":"https:\/\/settlers.hu\/hu\/wp-json\/wp\/v2\/pages\/3013\/revisions"}],"predecessor-version":[{"id":4295,"href":"https:\/\/settlers.hu\/hu\/wp-json\/wp\/v2\/pages\/3013\/revisions\/4295"}],"wp:attachment":[{"href":"https:\/\/settlers.hu\/hu\/wp-json\/wp\/v2\/media?parent=3013"}],"curies":[{"name":"wp","href":"https:\/\/api.w.org\/{rel}","templated":true}]}}