{"id":1186,"date":"2023-06-07T10:12:26","date_gmt":"2023-06-07T10:12:26","guid":{"rendered":"https:\/\/settlers.features3.hu\/talaljon-megbizhato-partnert-hr-szakertokent\/"},"modified":"2026-03-13T12:49:25","modified_gmt":"2026-03-13T12:49:25","slug":"talaljon-megbizhato-partnert-hr-szakertokent","status":"publish","type":"page","link":"https:\/\/settlers.hu\/hu\/talaljon-megbizhato-partnert-hr-szakertokent\/","title":{"rendered":"Tal\u00e1ljon megb\u00edzhat\u00f3 partnert HR-szak\u00e9rt\u0151k\u00e9nt"},"content":{"rendered":"\t\t<div data-elementor-type=\"wp-page\" data-elementor-id=\"1186\" class=\"elementor elementor-1186 elementor-1179\" data-elementor-post-type=\"page\">\n\t\t\t\t\t\t<section class=\"elementor-section elementor-top-section elementor-element elementor-element-f5d147f elementor-section-boxed elementor-section-height-default elementor-section-height-default\" data-id=\"f5d147f\" data-element_type=\"section\" data-e-type=\"section\">\n\t\t\t\t\t\t<div class=\"elementor-container elementor-column-gap-default\">\n\t\t\t\t\t<div class=\"elementor-column elementor-col-100 elementor-top-column elementor-element elementor-element-8e6b79d\" data-id=\"8e6b79d\" data-element_type=\"column\" data-e-type=\"column\">\n\t\t\t<div class=\"elementor-widget-wrap elementor-element-populated\">\n\t\t\t\t\t\t<div class=\"elementor-element elementor-element-178cbcd elementor-widget elementor-widget-heading\" data-id=\"178cbcd\" data-element_type=\"widget\" data-e-type=\"widget\" data-widget_type=\"heading.default\">\n\t\t\t\t<div class=\"elementor-widget-container\">\n\t\t\t\t\t<h2 class=\"elementor-heading-title elementor-size-default\">HR-szak\u00e9rt\u0151k\u00e9nt megb\u00edzhat\u00f3 partnert keres?\n<\/h2>\t\t\t\t<\/div>\n\t\t\t\t<\/div>\n\t\t\t\t<div class=\"elementor-element elementor-element-50e43d9 elementor-widget elementor-widget-text-editor\" data-id=\"50e43d9\" data-element_type=\"widget\" data-e-type=\"widget\" data-widget_type=\"text-editor.default\">\n\t\t\t\t<div class=\"elementor-widget-container\">\n\t\t\t\t\t\t\t\t\t<p>\u00c1tfog\u00f3 \u00e9s professzion\u00e1lis szolg\u00e1ltat\u00e1saink z\u00f6kken\u0151mentess\u00e9 teszik a k\u00fclf\u00f6ldi koll\u00e9g\u00e1k bel\u00e9ptet\u00e9s\u00e9t mind a munkat\u00e1rsak, mind a HR partnerek sz\u00e1m\u00e1ra. Megk\u00edm\u00e9lj\u00fck \u00d6nt a jogszab\u00e1lyok tanulm\u00e1nyoz\u00e1s\u00e1t\u00f3l \u00e9s a v\u00e1ltoz\u00e1sok nyomon k\u00f6vet\u00e9s\u00e9t\u0151l. Az \u00fcgyeket \u00fagy int\u00e9zz\u00fck, hogy az \u00d6nnek a lehet\u0151 legkisebb f\u00e1rads\u00e1ggal j\u00e1rjon.<\/p><p>Ha k\u00fclf\u00f6ldi koll\u00e9g\u00e1k felv\u00e9tel\u00e9t fontolgatja, c\u00e9g\u00fcnk <strong>az els\u0151 l\u00e9p\u00e9sekt\u0151l fogva t\u00e1mogatja \u00d6nt, a teljes foglalkoztat\u00e1si id\u0151szakon kereszt\u00fcl.<\/strong><\/p><p>C\u00e9g\u00fcnk az elm\u00falt \u00e9vtizedekben v\u00e1llalatok sz\u00e9les k\u00f6r\u00e9t seg\u00edtette, k\u00f6zt\u00fck multinacion\u00e1lis nagyv\u00e1llalatokat \u00e9s helyi kisv\u00e1llalkoz\u00e1sokat is, v\u00e1ltozatos profillal \u00e9s h\u00e1tt\u00e9rrel.<\/p><p><strong>Mit adunk hozz\u00e1 a folyamathoz?<\/strong><\/p><ul><li>Minden esetet egyedileg vizsg\u00e1lunk, \u00edgy azonos\u00edtani tudjuk a sz\u00fcks\u00e9ges enged\u00e9lyeket, biztos\u00edtani tudjuk a jogszab\u00e1lyi el\u0151\u00edr\u00e1sok betart\u00e1s\u00e1t \u00e9s elker\u00fclj\u00fck a felesleges k\u00f6lts\u00e9geket.<\/li><li>Naprak\u00e9szen k\u00f6vetj\u00fck a vonatkoz\u00f3 jogszab\u00e1lyi v\u00e1ltoz\u00e1sokat \u00e9s t\u00e1j\u00e9koztatjuk \u00d6nt a k\u00fclf\u00f6ldi munkav\u00e1llal\u00f3it \u00e9rint\u0151 h\u00edrekr\u0151l.<\/li><li>\u00dcgyviteli szoftver\u00fcnk rendelkezik egy partnerfel\u00fclettel, ahol nyomon k\u00f6vetheti a legfontosabb r\u00e9szleteket<\/li><li>Monitoring rendszer\u00fcnkben minden hat\u00e1rid\u0151h\u00f6z k\u00f6t\u00f6tt esetet regisztr\u00e1lunk, \u00edgy biztos\u00edtva, hogy \u00fcgyfeleink kell\u0151 id\u0151ben \u00e9rtes\u00fcljenek a lej\u00e1ratokr\u00f3l.<\/li><li>Riport\u00e1l\u00e1s az \u00d6n ig\u00e9nyei szerint.<\/li><li>\u00dcgyfeleinket a teljes \u00fcgyint\u00e9z\u00e9si folyamat sor\u00e1n seg\u00edtj\u00fck, biztos\u00edtjuk a sz\u00fcks\u00e9ges inform\u00e1ci\u00f3kat a folyamat k\u00f6zben, elk\u00e9sz\u00edtj\u00fck \u00e9s \u00f6sszegy\u0171jtj\u00fck az \u00fcgyekhez sz\u00fcks\u00e9ges dokumentumokat<\/li><li>Sz\u00e9lesk\u00f6r\u0171 szolg\u00e1ltat\u00e1sainkkal megk\u00f6nny\u00edtj\u00fck k\u00fclf\u00f6ldi koll\u00e9g\u00e1i \u00e9s csal\u00e1djaik relok\u00e1ci\u00f3s folyamat\u00e1t \u2013 ez pedig nagy k\u00f6nnyebbs\u00e9g \u00d6nnek is.<\/li><li>K\u00fclf\u00f6ldi koll\u00e9g\u00e1i k\u00f6zvetlen\u00fcl kapcsolatba l\u00e9phetnek vel\u00fcnk.<\/li><\/ul><div>\u00a0<\/div><p><strong>Tudta, hogy egy k\u00fclf\u00f6ldi koll\u00e9ga felv\u00e9tele minden esetben plusz adminisztr\u00e1ci\u00f3s feladatokat jelent?<\/strong><\/p><p>M\u00e9g abban az esetben is sz\u00fcks\u00e9ges tov\u00e1bbi (a magyar munkav\u00e1llal\u00f3khoz k\u00e9pest) adminisztr\u00e1ci\u00f3s tev\u00e9kenys\u00e9g, ha k\u00fclf\u00f6ldi koll\u00e9g\u00e1ja k\u00fcl\u00f6n enged\u00e9ly n\u00e9lk\u00fcl foglalkoztathat\u00f3. Ha minket b\u00edz meg ezen \u00fcgyeknek int\u00e9z\u00e9s\u00e9vel, v\u00e9gigvezetj\u00fck a jogszab\u00e1lyoknak val\u00f3 megfelel\u00e9s biztos\u00edt\u00e1s\u00e1hoz sz\u00fcks\u00e9ges l\u00e9p\u00e9seken.<\/p><p>Sz\u00e1mos multinacion\u00e1lis c\u00e9g HR szakemberei igazolhatj\u00e1k hozz\u00e1\u00e9rt\u00e9s\u00fcnket, ahogyan err\u0151l a Referenci\u00e1kban is meggy\u0151z\u0151dhet.<\/p>\t\t\t\t\t\t\t\t<\/div>\n\t\t\t\t<\/div>\n\t\t\t\t\t<\/div>\n\t\t<\/div>\n\t\t\t\t\t<\/div>\n\t\t<\/section>\n\t\t\t\t<section class=\"elementor-section elementor-top-section elementor-element elementor-element-c9aba50 elementor-section-boxed elementor-section-height-default elementor-section-height-default\" data-id=\"c9aba50\" data-element_type=\"section\" data-e-type=\"section\" data-settings=\"{&quot;background_background&quot;:&quot;classic&quot;}\">\n\t\t\t\t\t\t<div class=\"elementor-container elementor-column-gap-default\">\n\t\t\t\t\t<div class=\"elementor-column elementor-col-100 elementor-top-column elementor-element elementor-element-2230bbe\" data-id=\"2230bbe\" data-element_type=\"column\" data-e-type=\"column\">\n\t\t\t<div class=\"elementor-widget-wrap elementor-element-populated\">\n\t\t\t\t\t\t<div class=\"elementor-element elementor-element-a60afe9 elementor-widget elementor-widget-heading\" data-id=\"a60afe9\" data-element_type=\"widget\" data-e-type=\"widget\" data-widget_type=\"heading.default\">\n\t\t\t\t<div class=\"elementor-widget-container\">\n\t\t\t\t\t<h4 class=\"elementor-heading-title elementor-size-default\">L\u00e9pjen vel\u00fcnk kapcsolatba!<\/h4>\t\t\t\t<\/div>\n\t\t\t\t<\/div>\n\t\t\t\t<div class=\"elementor-element elementor-element-58fa7db elementor-align-center elementor-mobile-align-center elementor-icon-list--layout-traditional elementor-list-item-link-full_width elementor-widget elementor-widget-icon-list\" data-id=\"58fa7db\" data-element_type=\"widget\" data-e-type=\"widget\" data-widget_type=\"icon-list.default\">\n\t\t\t\t<div class=\"elementor-widget-container\">\n\t\t\t\t\t\t\t<ul class=\"elementor-icon-list-items\">\n\t\t\t\t\t\t\t<li class=\"elementor-icon-list-item\">\n\t\t\t\t\t\t\t\t\t\t\t<a href=\"tel:%20+3612125017\">\n\n\t\t\t\t\t\t\t\t\t\t\t\t<span class=\"elementor-icon-list-icon\">\n\t\t\t\t\t\t\t<i aria-hidden=\"true\" class=\"fas fa-phone-alt\"><\/i>\t\t\t\t\t\t<\/span>\n\t\t\t\t\t\t\t\t\t\t<span class=\"elementor-icon-list-text\">  +36 1 212 5017<\/span>\n\t\t\t\t\t\t\t\t\t\t\t<\/a>\n\t\t\t\t\t\t\t\t\t<\/li>\n\t\t\t\t\t\t\t\t<li class=\"elementor-icon-list-item\">\n\t\t\t\t\t\t\t\t\t\t\t<a href=\"mailto:%20offer@settlers.hu\">\n\n\t\t\t\t\t\t\t\t\t\t\t\t<span class=\"elementor-icon-list-icon\">\n\t\t\t\t\t\t\t<i aria-hidden=\"true\" class=\"fas fa-envelope\"><\/i>\t\t\t\t\t\t<\/span>\n\t\t\t\t\t\t\t\t\t\t<span class=\"elementor-icon-list-text\">offer@settlers.hu<\/span>\n\t\t\t\t\t\t\t\t\t\t\t<\/a>\n\t\t\t\t\t\t\t\t\t<\/li>\n\t\t\t\t\t\t<\/ul>\n\t\t\t\t\t\t<\/div>\n\t\t\t\t<\/div>\n\t\t\t\t<div class=\"elementor-element elementor-element-904409b elementor-button-align-stretch elementor-widget elementor-widget-form\" data-id=\"904409b\" data-element_type=\"widget\" data-e-type=\"widget\" data-settings=\"{&quot;step_next_label&quot;:&quot;K\\u00f6vetkez\\u0151&quot;,&quot;step_previous_label&quot;:&quot;El\\u0151z\\u0151&quot;,&quot;button_width&quot;:&quot;100&quot;,&quot;step_type&quot;:&quot;number_text&quot;,&quot;step_icon_shape&quot;:&quot;circle&quot;}\" data-widget_type=\"form.default\">\n\t\t\t\t<div class=\"elementor-widget-container\">\n\t\t\t\t\t\t\t<form class=\"elementor-form\" method=\"post\" name=\"Kapcsolati \u0171rlap\" aria-label=\"Kapcsolati \u0171rlap\">\n\t\t\t<input type=\"hidden\" name=\"post_id\" value=\"1186\"\/>\n\t\t\t<input type=\"hidden\" name=\"form_id\" value=\"904409b\"\/>\n\t\t\t<input type=\"hidden\" name=\"referer_title\" value=\"Tal\u00e1ljon megb\u00edzhat\u00f3 partnert HR-szak\u00e9rt\u0151k\u00e9nt - Settlers Relocation\" \/>\n\n\t\t\t\t\t\t\t<input type=\"hidden\" name=\"queried_id\" value=\"1186\"\/>\n\t\t\t\n\t\t\t<div class=\"elementor-form-fields-wrapper elementor-labels-above\">\n\t\t\t\t\t\t\t\t<div class=\"elementor-field-type-text elementor-field-group elementor-column elementor-field-group-name elementor-col-100 elementor-field-required\">\n\t\t\t\t\t\t\t\t\t\t\t\t<label for=\"form-field-name\" class=\"elementor-field-label\">\n\t\t\t\t\t\t\t\tN\u00e9v\t\t\t\t\t\t\t<\/label>\n\t\t\t\t\t\t\t\t\t\t\t\t\t\t<input size=\"1\" type=\"text\" name=\"form_fields[name]\" id=\"form-field-name\" class=\"elementor-field elementor-size-sm  elementor-field-textual\" placeholder=\"N\u00e9v\" required=\"required\">\n\t\t\t\t\t\t\t\t\t\t\t<\/div>\n\t\t\t\t\t\t\t\t<div class=\"elementor-field-type-email elementor-field-group elementor-column elementor-field-group-email elementor-col-100 elementor-field-required\">\n\t\t\t\t\t\t\t\t\t\t\t\t<label for=\"form-field-email\" class=\"elementor-field-label\">\n\t\t\t\t\t\t\t\tEmail\t\t\t\t\t\t\t<\/label>\n\t\t\t\t\t\t\t\t\t\t\t\t\t\t<input size=\"1\" type=\"email\" name=\"form_fields[email]\" id=\"form-field-email\" class=\"elementor-field elementor-size-sm  elementor-field-textual\" placeholder=\"Email\" required=\"required\">\n\t\t\t\t\t\t\t\t\t\t\t<\/div>\n\t\t\t\t\t\t\t\t<div class=\"elementor-field-type-textarea elementor-field-group elementor-column elementor-field-group-message elementor-col-100\">\n\t\t\t\t\t\t\t\t\t\t\t\t<label for=\"form-field-message\" class=\"elementor-field-label\">\n\t\t\t\t\t\t\t\t\u00dczenet\t\t\t\t\t\t\t<\/label>\n\t\t\t\t\t\t<textarea class=\"elementor-field-textual elementor-field  elementor-size-sm\" name=\"form_fields[message]\" id=\"form-field-message\" rows=\"4\" placeholder=\"\u00dczenet\"><\/textarea>\t\t\t\t<\/div>\n\t\t\t\t\t\t\t\t<div class=\"elementor-field-group elementor-column elementor-field-type-submit elementor-col-100 e-form__buttons\">\n\t\t\t\t\t<button class=\"elementor-button elementor-size-sm\" type=\"submit\">\n\t\t\t\t\t\t<span class=\"elementor-button-content-wrapper\">\n\t\t\t\t\t\t\t\t\t\t\t\t\t\t\t\t\t\t\t\t\t\t<span class=\"elementor-button-text\">K\u00fcld\u00e9s<\/span>\n\t\t\t\t\t\t\t\t\t\t\t\t\t<\/span>\n\t\t\t\t\t<\/button>\n\t\t\t\t<\/div>\n\t\t\t<\/div>\n\t\t<\/form>\n\t\t\t\t\t\t<\/div>\n\t\t\t\t<\/div>\n\t\t\t\t\t<\/div>\n\t\t<\/div>\n\t\t\t\t\t<\/div>\n\t\t<\/section>\n\t\t\t\t<\/div>\n\t\t","protected":false},"excerpt":{"rendered":"<p>HR-szak\u00e9rt\u0151k\u00e9nt megb\u00edzhat\u00f3 partnert keres? \u00c1tfog\u00f3 \u00e9s professzion\u00e1lis szolg\u00e1ltat\u00e1saink z\u00f6kken\u0151mentess\u00e9 teszik a k\u00fclf\u00f6ldi koll\u00e9g\u00e1k bel\u00e9ptet\u00e9s\u00e9t mind a munkat\u00e1rsak, mind a HR partnerek sz\u00e1m\u00e1ra. Megk\u00edm\u00e9lj\u00fck \u00d6nt a jogszab\u00e1lyok tanulm\u00e1nyoz\u00e1s\u00e1t\u00f3l \u00e9s a v\u00e1ltoz\u00e1sok nyomon k\u00f6vet\u00e9s\u00e9t\u0151l. Az \u00fcgyeket \u00fagy int\u00e9zz\u00fck, hogy az \u00d6nnek a lehet\u0151 legkisebb f\u00e1rads\u00e1ggal j\u00e1rjon. Ha k\u00fclf\u00f6ldi koll\u00e9g\u00e1k felv\u00e9tel\u00e9t fontolgatja, c\u00e9g\u00fcnk az els\u0151 l\u00e9p\u00e9sekt\u0151l fogva t\u00e1mogatja [&hellip;]<\/p>\n","protected":false},"author":1,"featured_media":0,"parent":0,"menu_order":0,"comment_status":"closed","ping_status":"closed","template":"elementor_header_footer","meta":{"footnotes":""},"class_list":["post-1186","page","type-page","status-publish","hentry"],"_links":{"self":[{"href":"https:\/\/settlers.hu\/hu\/wp-json\/wp\/v2\/pages\/1186","targetHints":{"allow":["GET"]}}],"collection":[{"href":"https:\/\/settlers.hu\/hu\/wp-json\/wp\/v2\/pages"}],"about":[{"href":"https:\/\/settlers.hu\/hu\/wp-json\/wp\/v2\/types\/page"}],"author":[{"embeddable":true,"href":"https:\/\/settlers.hu\/hu\/wp-json\/wp\/v2\/users\/1"}],"replies":[{"embeddable":true,"href":"https:\/\/settlers.hu\/hu\/wp-json\/wp\/v2\/comments?post=1186"}],"version-history":[{"count":12,"href":"https:\/\/settlers.hu\/hu\/wp-json\/wp\/v2\/pages\/1186\/revisions"}],"predecessor-version":[{"id":4907,"href":"https:\/\/settlers.hu\/hu\/wp-json\/wp\/v2\/pages\/1186\/revisions\/4907"}],"wp:attachment":[{"href":"https:\/\/settlers.hu\/hu\/wp-json\/wp\/v2\/media?parent=1186"}],"curies":[{"name":"wp","href":"https:\/\/api.w.org\/{rel}","templated":true}]}}