{"id":1177,"date":"2023-06-07T09:58:58","date_gmt":"2023-06-07T09:58:58","guid":{"rendered":"https:\/\/settlers.features3.hu\/kerulje-a-burokraciat\/"},"modified":"2026-03-13T12:52:26","modified_gmt":"2026-03-13T12:52:26","slug":"kerulje-a-burokraciat","status":"publish","type":"page","link":"https:\/\/settlers.hu\/hu\/kerulje-a-burokraciat\/","title":{"rendered":"B\u00edzza r\u00e1nk a hivatalos teend\u0151ket!"},"content":{"rendered":"\t\t<div data-elementor-type=\"wp-page\" data-elementor-id=\"1177\" class=\"elementor elementor-1177 elementor-1158\" data-elementor-post-type=\"page\">\n\t\t\t\t\t\t<section class=\"elementor-section elementor-top-section elementor-element elementor-element-22e6611 elementor-section-boxed elementor-section-height-default elementor-section-height-default\" data-id=\"22e6611\" data-element_type=\"section\" data-e-type=\"section\">\n\t\t\t\t\t\t<div class=\"elementor-container elementor-column-gap-default\">\n\t\t\t\t\t<div class=\"elementor-column elementor-col-100 elementor-top-column elementor-element elementor-element-7954380\" data-id=\"7954380\" data-element_type=\"column\" data-e-type=\"column\">\n\t\t\t<div class=\"elementor-widget-wrap elementor-element-populated\">\n\t\t\t\t\t\t<div class=\"elementor-element elementor-element-eaeb259 elementor-widget elementor-widget-heading\" data-id=\"eaeb259\" data-element_type=\"widget\" data-e-type=\"widget\" data-widget_type=\"heading.default\">\n\t\t\t\t<div class=\"elementor-widget-container\">\n\t\t\t\t\t<h2 class=\"elementor-heading-title elementor-size-default\">Ne vesszen el a b\u00fcrokr\u00e1cia \u00fatveszt\u0151iben!\n<\/h2>\t\t\t\t<\/div>\n\t\t\t\t<\/div>\n\t\t\t\t<div class=\"elementor-element elementor-element-636ffa6 elementor-widget elementor-widget-text-editor\" data-id=\"636ffa6\" data-element_type=\"widget\" data-e-type=\"widget\" data-widget_type=\"text-editor.default\">\n\t\t\t\t<div class=\"elementor-widget-container\">\n\t\t\t\t\t\t\t\t\t<p>Seg\u00edt\u00fcnk \u00d6nnek eligazodni a bev\u00e1ndorl\u00e1si \u00e9s egy\u00e9b hat\u00f3s\u00e1gi \u00fcgyekben, megk\u00edm\u00e9lve \u00d6nt \u00edgy a stresszt\u0151l \u00e9s er\u0151fesz\u00edt\u00e9st\u0151l.<\/p><ul><li>Teljesk\u00f6r\u0171 t\u00e1mogat\u00e1st ny\u00fajtunk a <strong>tart\u00f3zkod\u00e1si, \u00e9s egy\u00e9b hat\u00f3s\u00e1gi \u00fcgyekben<\/strong>, mint p\u00e9ld\u00e1ul lakc\u00edmbejegyz\u00e9s, t\u00e1rsadalombiztos\u00edt\u00e1si \u00fcgyek, ad\u00f3hat\u00f3s\u00e1gi \u00fcgyek, g\u00e9pj\u00e1rm\u0171- \u00e9s jogos\u00edtv\u00e1ny \u00fcgyint\u00e9z\u00e9s, okiratok honos\u00edt\u00e1sa (sz\u00fclet\u00e9si \u00e9s h\u00e1zass\u00e1gi anyak\u00f6nyvi kivonatok, stb.). Szolg\u00e1ltat\u00e1saink r\u00e9szletes list\u00e1j\u00e1t megtal\u00e1lja a &#8222;Szolg\u00e1ltat\u00e1saink&#8221; men\u00fcpontban.<\/li><li>Az \u00e1ltalunk teljesk\u00f6r\u0171en kidolgoztt k\u00e9relem anyagokat \u00fcgyv\u00e9deink ellen\u0151rzik benyjt\u00e1s el\u0151tt.<\/li><li>A hossz\u00fa v\u00e1rakoz\u00e1s elker\u00fcl\u00e9se \u00e9rdek\u00e9ben el\u0151zetesen foglalt id\u0151pontban k\u00eds\u00e9rj\u00fck el \u00fcgyfeleinket a hivatalokba (Magyarorsz\u00e1gon), illetve meghatalmaz\u00e1s alapj\u00e1n k\u00e9pviselj\u00fck \u0151ket t\u00e1voll\u00e9t\u00fckben<\/li><li>Minden hat\u00e1rid\u0151h\u00f6z k\u00f6t\u00f6tt \u00fcgyet regisztr\u00e1lunk a monitoring rendszer\u00fcnkben, \u00edgy biztos\u00edtva, hogy \u00fcgyfeleink kell\u0151 id\u0151ben \u00e9rtes\u00edthess\u00fck a lej\u00e1rat el\u0151tt<\/li><li>Leteleped\u00e9si \u00e9s \u00e1llampolg\u00e1rs\u00e1gi \u00fcgyekben a k\u00f6r\u00fclm\u00e9nyek r\u00e9szletes ismerete alapj\u00e1n tan\u00e1csad\u00e1st illetve teljesk\u00f6r\u0171 \u00fcgyint\u00e9z\u00e9st biztos\u00edtunk.<\/li><li>\u00a0<\/li><\/ul><p>Sz\u00e9les k\u00f6r\u0171 szolg\u00e1ltat\u00e1saink seg\u00edtik \u00d6nt, hogy a Magyarorsz\u00e1gra k\u00f6lt\u00f6z\u00e9s ne legyen kih\u00edv\u00e1s.<\/p><ul><li><strong>Orient\u00e1ci\u00f3s t\u00far\u00e1ink<\/strong> az orsz\u00e1g b\u00e1rmely r\u00e9sz\u00e9ben rendelkez\u00e9sre \u00e1llnak, hogy m\u00e9g a k\u00f6lt\u00f6z\u00e9s el\u0151tt megismerhesse \u00faj lakhely\u00e9t. A programot szem\u00e9lyre szabottan, \u00dcgyfeleink \u00e9rdekl\u0151d\u00e9se alapj\u00e1n \u00e1ll\u00edtjuk \u00f6ssze.<\/li><li>Seg\u00edt\u00fcnk a gyermek\u00e9nek megfelel\u0151 <strong>\u00f3voda \u00e9s iskola keres\u00e9s<\/strong>\u00e9ben, a kiv\u00e1lasztott int\u00e9zm\u00e9nyekbe l\u00e1togat\u00e1st szervez\u00fcnk.<\/li><li>Az ide\u00e1lis lak\u00f3hely megtal\u00e1l\u00e1sa elengedhetetlen ahhoz, hogy otthon \u00e9rezze mag\u00e1t Magyarorsz\u00e1gon, ez\u00e9rt a lehet\u0151 legnagyobb figyelemmel seg\u00edtj\u00fck \u00fcgyfeleinket a keres\u00e9sben. A <strong>lak\u00e1skeres\u00e9s<\/strong> mag\u00e1ban foglalhatja aj\u00e1nlatok \u00f6sszegy\u0171jt\u00e9s\u00e9t, megtekint\u00e9sek szervez\u00e9s\u00e9t \u00e9s k\u00eds\u00e9retet, t\u00e1rgyal\u00e1st, szerz\u0151d\u00e9sk\u00e9sz\u00edt\u00e9st, valamint az ingatlan \u00e1tad\u00e1s-\u00e1tv\u00e9tel megszervez\u00e9s\u00e9t.<\/li><li>Az \u00d6n ig\u00e9nyeire szabott <strong>k\u00f6lt\u00f6ztet\u00e9s<\/strong>i megold\u00e1sokban is tudunk seg\u00edteni.<\/li><li>\u00dcgyfeleinket m\u00e9g sz\u00e1mos m\u00e1s, helysz\u00edni szolg\u00e1ltat\u00e1ssal t\u00e1mogatjuk, mint p\u00e9ld\u00e1ul k\u00f6zm\u0171 \u00e9s internet \u00fcgyint\u00e9z\u00e9s, g\u00e9pj\u00e1rm\u0171 \u00fcgyint\u00e9z\u00e9s, parkol\u00e1si enged\u00e9lyek, biztos\u00edt\u00e1sok, eg\u00e9szs\u00e9g\u00fcgyi seg\u00edts\u00e9gny\u00fajt\u00e1s, banki \u00fcgyint\u00e9z\u00e9s. A r\u00e9szletes list\u00e1t a \u201eSzolg\u00e1ltat\u00e1saink\u201d men\u00fcpontban tal\u00e1lja. Szolg\u00e1ltat\u00e1saink r\u00e9szletes list\u00e1j\u00e1t megtal\u00e1lja a &#8222;Szolg\u00e1ltat\u00e1saink&#8221; men\u00fcpontban.<\/li><\/ul>\t\t\t\t\t\t\t\t<\/div>\n\t\t\t\t<\/div>\n\t\t\t\t\t<\/div>\n\t\t<\/div>\n\t\t\t\t\t<\/div>\n\t\t<\/section>\n\t\t\t\t<section class=\"elementor-section elementor-top-section elementor-element elementor-element-b0930a9 elementor-section-boxed elementor-section-height-default elementor-section-height-default\" data-id=\"b0930a9\" data-element_type=\"section\" data-e-type=\"section\" data-settings=\"{&quot;background_background&quot;:&quot;classic&quot;}\">\n\t\t\t\t\t\t<div class=\"elementor-container elementor-column-gap-default\">\n\t\t\t\t\t<div class=\"elementor-column elementor-col-100 elementor-top-column elementor-element elementor-element-6ee9da3\" data-id=\"6ee9da3\" data-element_type=\"column\" data-e-type=\"column\">\n\t\t\t<div class=\"elementor-widget-wrap elementor-element-populated\">\n\t\t\t\t\t\t<div class=\"elementor-element elementor-element-1ada4d9 elementor-widget elementor-widget-heading\" data-id=\"1ada4d9\" data-element_type=\"widget\" data-e-type=\"widget\" data-widget_type=\"heading.default\">\n\t\t\t\t<div class=\"elementor-widget-container\">\n\t\t\t\t\t<h4 class=\"elementor-heading-title elementor-size-default\">L\u00e9pjen vel\u00fcnk kapcsolatba!<\/h4>\t\t\t\t<\/div>\n\t\t\t\t<\/div>\n\t\t\t\t<div class=\"elementor-element elementor-element-085d4a0 elementor-align-center elementor-mobile-align-center elementor-icon-list--layout-traditional elementor-list-item-link-full_width elementor-widget elementor-widget-icon-list\" data-id=\"085d4a0\" data-element_type=\"widget\" data-e-type=\"widget\" data-widget_type=\"icon-list.default\">\n\t\t\t\t<div class=\"elementor-widget-container\">\n\t\t\t\t\t\t\t<ul class=\"elementor-icon-list-items\">\n\t\t\t\t\t\t\t<li class=\"elementor-icon-list-item\">\n\t\t\t\t\t\t\t\t\t\t\t<a href=\"tel:%20+3612125017\">\n\n\t\t\t\t\t\t\t\t\t\t\t\t<span class=\"elementor-icon-list-icon\">\n\t\t\t\t\t\t\t<i aria-hidden=\"true\" class=\"fas fa-phone-alt\"><\/i>\t\t\t\t\t\t<\/span>\n\t\t\t\t\t\t\t\t\t\t<span class=\"elementor-icon-list-text\">  +36 1 212 5017<\/span>\n\t\t\t\t\t\t\t\t\t\t\t<\/a>\n\t\t\t\t\t\t\t\t\t<\/li>\n\t\t\t\t\t\t\t\t<li class=\"elementor-icon-list-item\">\n\t\t\t\t\t\t\t\t\t\t\t<a href=\"mailto:offer@settlers.hu\">\n\n\t\t\t\t\t\t\t\t\t\t\t\t<span class=\"elementor-icon-list-icon\">\n\t\t\t\t\t\t\t<i aria-hidden=\"true\" class=\"fas fa-envelope\"><\/i>\t\t\t\t\t\t<\/span>\n\t\t\t\t\t\t\t\t\t\t<span class=\"elementor-icon-list-text\">offer@settlers.hu<\/span>\n\t\t\t\t\t\t\t\t\t\t\t<\/a>\n\t\t\t\t\t\t\t\t\t<\/li>\n\t\t\t\t\t\t<\/ul>\n\t\t\t\t\t\t<\/div>\n\t\t\t\t<\/div>\n\t\t\t\t<div class=\"elementor-element elementor-element-8070d39 elementor-button-align-stretch elementor-widget elementor-widget-form\" data-id=\"8070d39\" data-element_type=\"widget\" data-e-type=\"widget\" data-settings=\"{&quot;step_next_label&quot;:&quot;K\\u00f6vetkez\\u0151&quot;,&quot;step_previous_label&quot;:&quot;El\\u0151z\\u0151&quot;,&quot;button_width&quot;:&quot;100&quot;,&quot;step_type&quot;:&quot;number_text&quot;,&quot;step_icon_shape&quot;:&quot;circle&quot;}\" data-widget_type=\"form.default\">\n\t\t\t\t<div class=\"elementor-widget-container\">\n\t\t\t\t\t\t\t<form class=\"elementor-form\" method=\"post\" name=\"Kapcsolati \u0171rlap\" aria-label=\"Kapcsolati \u0171rlap\">\n\t\t\t<input type=\"hidden\" name=\"post_id\" value=\"1177\"\/>\n\t\t\t<input type=\"hidden\" name=\"form_id\" value=\"8070d39\"\/>\n\t\t\t<input type=\"hidden\" name=\"referer_title\" value=\"B\u00edzza r\u00e1nk a hivatalos teend\u0151ket! - Settlers Relocation\" \/>\n\n\t\t\t\t\t\t\t<input type=\"hidden\" name=\"queried_id\" value=\"1177\"\/>\n\t\t\t\n\t\t\t<div class=\"elementor-form-fields-wrapper elementor-labels-above\">\n\t\t\t\t\t\t\t\t<div class=\"elementor-field-type-text elementor-field-group elementor-column elementor-field-group-name elementor-col-100 elementor-field-required\">\n\t\t\t\t\t\t\t\t\t\t\t\t<label for=\"form-field-name\" class=\"elementor-field-label\">\n\t\t\t\t\t\t\t\tN\u00e9v\t\t\t\t\t\t\t<\/label>\n\t\t\t\t\t\t\t\t\t\t\t\t\t\t<input size=\"1\" type=\"text\" name=\"form_fields[name]\" id=\"form-field-name\" class=\"elementor-field elementor-size-sm  elementor-field-textual\" placeholder=\"N\u00e9v\" required=\"required\">\n\t\t\t\t\t\t\t\t\t\t\t<\/div>\n\t\t\t\t\t\t\t\t<div class=\"elementor-field-type-email elementor-field-group elementor-column elementor-field-group-email elementor-col-100 elementor-field-required\">\n\t\t\t\t\t\t\t\t\t\t\t\t<label for=\"form-field-email\" class=\"elementor-field-label\">\n\t\t\t\t\t\t\t\tEmail\t\t\t\t\t\t\t<\/label>\n\t\t\t\t\t\t\t\t\t\t\t\t\t\t<input size=\"1\" type=\"email\" name=\"form_fields[email]\" id=\"form-field-email\" class=\"elementor-field elementor-size-sm  elementor-field-textual\" placeholder=\"Email\" required=\"required\">\n\t\t\t\t\t\t\t\t\t\t\t<\/div>\n\t\t\t\t\t\t\t\t<div class=\"elementor-field-type-textarea elementor-field-group elementor-column elementor-field-group-message elementor-col-100\">\n\t\t\t\t\t\t\t\t\t\t\t\t<label for=\"form-field-message\" class=\"elementor-field-label\">\n\t\t\t\t\t\t\t\t\u00dczenet\t\t\t\t\t\t\t<\/label>\n\t\t\t\t\t\t<textarea class=\"elementor-field-textual elementor-field  elementor-size-sm\" name=\"form_fields[message]\" id=\"form-field-message\" rows=\"4\" placeholder=\"\u00dczenet\"><\/textarea>\t\t\t\t<\/div>\n\t\t\t\t\t\t\t\t<div class=\"elementor-field-group elementor-column elementor-field-type-submit elementor-col-100 e-form__buttons\">\n\t\t\t\t\t<button class=\"elementor-button elementor-size-sm\" type=\"submit\">\n\t\t\t\t\t\t<span class=\"elementor-button-content-wrapper\">\n\t\t\t\t\t\t\t\t\t\t\t\t\t\t\t\t\t\t\t\t\t\t<span class=\"elementor-button-text\">K\u00fcld\u00e9s<\/span>\n\t\t\t\t\t\t\t\t\t\t\t\t\t<\/span>\n\t\t\t\t\t<\/button>\n\t\t\t\t<\/div>\n\t\t\t<\/div>\n\t\t<\/form>\n\t\t\t\t\t\t<\/div>\n\t\t\t\t<\/div>\n\t\t\t\t\t<\/div>\n\t\t<\/div>\n\t\t\t\t\t<\/div>\n\t\t<\/section>\n\t\t\t\t<\/div>\n\t\t","protected":false},"excerpt":{"rendered":"<p>Ne vesszen el a b\u00fcrokr\u00e1cia \u00fatveszt\u0151iben! Seg\u00edt\u00fcnk \u00d6nnek eligazodni a bev\u00e1ndorl\u00e1si \u00e9s egy\u00e9b hat\u00f3s\u00e1gi \u00fcgyekben, megk\u00edm\u00e9lve \u00d6nt \u00edgy a stresszt\u0151l \u00e9s er\u0151fesz\u00edt\u00e9st\u0151l. Teljesk\u00f6r\u0171 t\u00e1mogat\u00e1st ny\u00fajtunk a tart\u00f3zkod\u00e1si, \u00e9s egy\u00e9b hat\u00f3s\u00e1gi \u00fcgyekben, mint p\u00e9ld\u00e1ul lakc\u00edmbejegyz\u00e9s, t\u00e1rsadalombiztos\u00edt\u00e1si \u00fcgyek, ad\u00f3hat\u00f3s\u00e1gi \u00fcgyek, g\u00e9pj\u00e1rm\u0171- \u00e9s jogos\u00edtv\u00e1ny \u00fcgyint\u00e9z\u00e9s, okiratok honos\u00edt\u00e1sa (sz\u00fclet\u00e9si \u00e9s h\u00e1zass\u00e1gi anyak\u00f6nyvi kivonatok, stb.). Szolg\u00e1ltat\u00e1saink r\u00e9szletes list\u00e1j\u00e1t megtal\u00e1lja a [&hellip;]<\/p>\n","protected":false},"author":1,"featured_media":0,"parent":0,"menu_order":0,"comment_status":"closed","ping_status":"closed","template":"elementor_header_footer","meta":{"footnotes":""},"class_list":["post-1177","page","type-page","status-publish","hentry"],"_links":{"self":[{"href":"https:\/\/settlers.hu\/hu\/wp-json\/wp\/v2\/pages\/1177","targetHints":{"allow":["GET"]}}],"collection":[{"href":"https:\/\/settlers.hu\/hu\/wp-json\/wp\/v2\/pages"}],"about":[{"href":"https:\/\/settlers.hu\/hu\/wp-json\/wp\/v2\/types\/page"}],"author":[{"embeddable":true,"href":"https:\/\/settlers.hu\/hu\/wp-json\/wp\/v2\/users\/1"}],"replies":[{"embeddable":true,"href":"https:\/\/settlers.hu\/hu\/wp-json\/wp\/v2\/comments?post=1177"}],"version-history":[{"count":15,"href":"https:\/\/settlers.hu\/hu\/wp-json\/wp\/v2\/pages\/1177\/revisions"}],"predecessor-version":[{"id":4913,"href":"https:\/\/settlers.hu\/hu\/wp-json\/wp\/v2\/pages\/1177\/revisions\/4913"}],"wp:attachment":[{"href":"https:\/\/settlers.hu\/hu\/wp-json\/wp\/v2\/media?parent=1177"}],"curies":[{"name":"wp","href":"https:\/\/api.w.org\/{rel}","templated":true}]}}