{"id":1071,"date":"2022-10-16T15:40:40","date_gmt":"2022-10-16T15:40:40","guid":{"rendered":"https:\/\/settlers.features3.hu\/hivatali-ugyintezes\/"},"modified":"2023-09-04T15:03:12","modified_gmt":"2023-09-04T15:03:12","slug":"hivatali-ugyintezes","status":"publish","type":"page","link":"https:\/\/settlers.hu\/hu\/hivatali-ugyintezes\/","title":{"rendered":"Hivatali \u00dcgyint\u00e9z\u00e9s"},"content":{"rendered":"\t\t<div data-elementor-type=\"wp-page\" data-elementor-id=\"1071\" class=\"elementor elementor-1071 elementor-30\" data-elementor-post-type=\"page\">\n\t\t\t\t\t\t<section class=\"elementor-section elementor-top-section elementor-element elementor-element-c0b97fd elementor-section-boxed elementor-section-height-default elementor-section-height-default\" data-id=\"c0b97fd\" data-element_type=\"section\" data-e-type=\"section\">\n\t\t\t\t\t\t<div class=\"elementor-container elementor-column-gap-default\">\n\t\t\t\t\t<div class=\"elementor-column elementor-col-50 elementor-top-column elementor-element elementor-element-47f9e47\" data-id=\"47f9e47\" data-element_type=\"column\" data-e-type=\"column\">\n\t\t\t<div class=\"elementor-widget-wrap elementor-element-populated\">\n\t\t\t\t\t\t<div class=\"elementor-element elementor-element-719673e elementor-widget elementor-widget-image\" data-id=\"719673e\" data-element_type=\"widget\" data-e-type=\"widget\" data-widget_type=\"image.default\">\n\t\t\t\t<div class=\"elementor-widget-container\">\n\t\t\t\t\t\t\t\t\t\t\t\t\t\t\t<img fetchpriority=\"high\" decoding=\"async\" width=\"1920\" height=\"1280\" src=\"https:\/\/settlers.hu\/wp-content\/uploads\/2023\/05\/settlers-33.jpg\" class=\"attachment-full size-full wp-image-1017\" alt=\"\" srcset=\"https:\/\/settlers.hu\/wp-content\/uploads\/2023\/05\/settlers-33.jpg 1920w, https:\/\/settlers.hu\/wp-content\/uploads\/2023\/05\/settlers-33-300x200.jpg 300w, https:\/\/settlers.hu\/wp-content\/uploads\/2023\/05\/settlers-33-1024x683.jpg 1024w, https:\/\/settlers.hu\/wp-content\/uploads\/2023\/05\/settlers-33-768x512.jpg 768w, https:\/\/settlers.hu\/wp-content\/uploads\/2023\/05\/settlers-33-1536x1024.jpg 1536w\" sizes=\"(max-width: 1920px) 100vw, 1920px\" \/>\t\t\t\t\t\t\t\t\t\t\t\t\t\t\t<\/div>\n\t\t\t\t<\/div>\n\t\t\t\t\t<\/div>\n\t\t<\/div>\n\t\t\t\t<div class=\"elementor-column elementor-col-50 elementor-top-column elementor-element elementor-element-4cc7caf\" data-id=\"4cc7caf\" data-element_type=\"column\" data-e-type=\"column\">\n\t\t\t<div class=\"elementor-widget-wrap elementor-element-populated\">\n\t\t\t\t\t\t<div class=\"elementor-element elementor-element-29df273 elementor-widget elementor-widget-heading\" data-id=\"29df273\" data-element_type=\"widget\" data-e-type=\"widget\" data-widget_type=\"heading.default\">\n\t\t\t\t<div class=\"elementor-widget-container\">\n\t\t\t\t\t<h2 class=\"elementor-heading-title elementor-size-default\">Hivatali \u00dcgyint\u00e9z\u00e9s<\/h2>\t\t\t\t<\/div>\n\t\t\t\t<\/div>\n\t\t\t\t<div class=\"elementor-element elementor-element-e5e7106 elementor-widget elementor-widget-text-editor\" data-id=\"e5e7106\" data-element_type=\"widget\" data-e-type=\"widget\" data-widget_type=\"text-editor.default\">\n\t\t\t\t<div class=\"elementor-widget-container\">\n\t\t\t\t\t\t\t\t\t<p>A Settlers Relocation Kft. minden relok\u00e1ci\u00f3val \u00f6sszef\u00fcgg\u0151 hat\u00f3s\u00e1gi \u00fcgyben seg\u00edts\u00e9get tud ny\u00fajtani, ami a k\u00fclf\u00f6ldi \u00e1llampolg\u00e1rok leg\u00e1lis magyarorsz\u00e1gi tart\u00f3zkod\u00e1s\u00e1hoz \u00e9s munkav\u00e1llal\u00e1s\u00e1hoz kapcsol\u00f3dik. Az \u00fcgyeket meghatalmaz\u00e1ssal int\u00e9zz\u00fck, \u00edgy \u00fcgyfeleinknek csak akkor kell felkeresni\u00fck a hat\u00f3s\u00e1got, ha ez felt\u00e9tlen\u00fcl sz\u00fcks\u00e9ges.<br><\/p>\n<p>Az al\u00e1bbiakban \u00f6sszefoglaljuk azokat a leggyakoribb hat\u00f3s\u00e1gi \u00fcgyeket, amelyekben t\u00e1mogat\u00e1st ny\u00fajtunk. Ha egy\u00e9b relok\u00e1ci\u00f3s k\u00e9rd\u00e9sben seg\u00edts\u00e9gre van sz\u00fcks\u00e9ge, k\u00e9rj\u00fck, l\u00e9pjen vel\u00fcnk kapcsolatba!<\/p>\t\t\t\t\t\t\t\t<\/div>\n\t\t\t\t<\/div>\n\t\t\t\t\t<\/div>\n\t\t<\/div>\n\t\t\t\t\t<\/div>\n\t\t<\/section>\n\t\t\t\t<section class=\"elementor-section elementor-top-section elementor-element elementor-element-b1861d1 elementor-section-boxed elementor-section-height-default elementor-section-height-default\" data-id=\"b1861d1\" data-element_type=\"section\" data-e-type=\"section\" data-settings=\"{&quot;background_background&quot;:&quot;classic&quot;}\">\n\t\t\t\t\t\t\t<div class=\"elementor-background-overlay\"><\/div>\n\t\t\t\t\t\t\t<div class=\"elementor-container elementor-column-gap-default\">\n\t\t\t\t\t<div class=\"elementor-column elementor-col-50 elementor-top-column elementor-element elementor-element-756f5df\" data-id=\"756f5df\" data-element_type=\"column\" data-e-type=\"column\">\n\t\t\t<div class=\"elementor-widget-wrap elementor-element-populated\">\n\t\t\t\t\t\t<div class=\"elementor-element elementor-element-c4bb8c0 elementor-widget elementor-widget-accordion\" data-id=\"c4bb8c0\" data-element_type=\"widget\" data-e-type=\"widget\" data-widget_type=\"accordion.default\">\n\t\t\t\t<div class=\"elementor-widget-container\">\n\t\t\t\t\t\t\t<div class=\"elementor-accordion\">\n\t\t\t\t\t\t\t<div class=\"elementor-accordion-item\">\n\t\t\t\t\t<div id=\"elementor-tab-title-2061\" class=\"elementor-tab-title\" data-tab=\"1\" role=\"button\" aria-controls=\"elementor-tab-content-2061\" aria-expanded=\"false\">\n\t\t\t\t\t\t\t\t\t\t\t\t\t<span class=\"elementor-accordion-icon elementor-accordion-icon-left\" aria-hidden=\"true\">\n\t\t\t\t\t\t\t\t\t\t\t\t\t\t\t<span class=\"elementor-accordion-icon-closed\"><i class=\"fas fa-plus\"><\/i><\/span>\n\t\t\t\t\t\t\t\t<span class=\"elementor-accordion-icon-opened\"><i class=\"fas fa-minus\"><\/i><\/span>\n\t\t\t\t\t\t\t\t\t\t\t\t\t\t<\/span>\n\t\t\t\t\t\t\t\t\t\t\t\t<a class=\"elementor-accordion-title\" tabindex=\"0\">T\u00e1rsadalombiztos\u00edt\u00e1si \u00fcgyek: <\/a>\n\t\t\t\t\t<\/div>\n\t\t\t\t\t<div id=\"elementor-tab-content-2061\" class=\"elementor-tab-content elementor-clearfix\" data-tab=\"1\" role=\"region\" aria-labelledby=\"elementor-tab-title-2061\"><p><span style=\"font-weight: 400;\">A t\u00e1rsadalombiztos\u00edt\u00e1si sz\u00e1m (TAJ) a magyar t\u00e1rsadalombiztos\u00edt\u00e1si rendszerbe val\u00f3 beiratkoz\u00e1shoz sz\u00fcks\u00e9ges. A k\u00f6zeg\u00e9szs\u00e9g\u00fcgyi ell\u00e1t\u00e1sra val\u00f3 jogosults\u00e1ghoz a TAJ-sz\u00e1mot t\u00e1rsadalombiztos\u00edt\u00e1si j\u00e1rul\u00e9kfizet\u00e9ssel aktiv\u00e1lni kell. . <\/span><\/p>\n<ul>\n<li><span style=\"font-weight: 400;\">TAJ sz\u00e1m: a magyar t\u00e1rsadalombiztos\u00edt\u00e1si rendszerbe val\u00f3 megjelen\u00e9shez sz\u00fcks\u00e9ges, a sz\u00e1m kiad\u00e1s ut\u00e1n v\u00e1ltozatlan marad <\/span><\/li>\n<li><span style=\"font-weight: 400;\">TAJ k\u00e1rtya: az \u00e9rv\u00e9nyes t\u00e1rsadalombiztos\u00edt\u00e1si fedezet igazol\u00e1s\u00e1ra szolg\u00e1l, orvosi seg\u00edts\u00e9gny\u00fajt\u00e1s c\u00e9lj\u00e1b\u00f3l be kell mutatni<\/span><\/li>\n<li><span style=\"font-weight: 400;\">Eur\u00f3pai T\u00e1rsadalombiztos\u00edt\u00e1si k\u00e1rtya (EHIC): jogosultt\u00e1 tesz az EGT-n bel\u00fcli orvosi kezel\u00e9sre. Csak az EGT \u00e1lland\u00f3 lakosai jogosultak erre a k\u00e1rty\u00e1ra, amennyiben rendelkeznek t\u00e1rsadalombiztos\u00edt\u00e1si fedezettel<\/span><\/li>\n<li><span style=\"font-weight: 400;\">A1 bizony\u00edtv\u00e1ny: az EGT-ben kirendelt munkav\u00e1llal\u00f3k sz\u00e1m\u00e1ra sz\u00fcks\u00e9ges, igazolni kell a k\u00fcld\u0151 orsz\u00e1g t\u00e1rsadalombiztos\u00edt\u00e1si fedezet\u00e9t<\/span><\/li>\n<li style=\"list-style-type: none;\"> <\/li>\n<\/ul>\n<\/div>\n\t\t\t\t<\/div>\n\t\t\t\t\t\t\t<div class=\"elementor-accordion-item\">\n\t\t\t\t\t<div id=\"elementor-tab-title-2062\" class=\"elementor-tab-title\" data-tab=\"2\" role=\"button\" aria-controls=\"elementor-tab-content-2062\" aria-expanded=\"false\">\n\t\t\t\t\t\t\t\t\t\t\t\t\t<span class=\"elementor-accordion-icon elementor-accordion-icon-left\" aria-hidden=\"true\">\n\t\t\t\t\t\t\t\t\t\t\t\t\t\t\t<span class=\"elementor-accordion-icon-closed\"><i class=\"fas fa-plus\"><\/i><\/span>\n\t\t\t\t\t\t\t\t<span class=\"elementor-accordion-icon-opened\"><i class=\"fas fa-minus\"><\/i><\/span>\n\t\t\t\t\t\t\t\t\t\t\t\t\t\t<\/span>\n\t\t\t\t\t\t\t\t\t\t\t\t<a class=\"elementor-accordion-title\" tabindex=\"0\">Ad\u00f3z\u00e1si \u00fcgyek:<\/a>\n\t\t\t\t\t<\/div>\n\t\t\t\t\t<div id=\"elementor-tab-content-2062\" class=\"elementor-tab-content elementor-clearfix\" data-tab=\"2\" role=\"region\" aria-labelledby=\"elementor-tab-title-2062\"><p><span style=\"font-weight: 400;\">A magyarorsz\u00e1gi ad\u00f3z\u00e1shoz regisztr\u00e1lni kell az ad\u00f3hat\u00f3s\u00e1gn\u00e1l, regisztr\u00e1ci\u00f3t k\u00f6vet\u0151en gener\u00e1lj\u00e1k az ad\u00f3azonos\u00edt\u00f3t, ez beker\u00fcl az ad\u00f3hivatali rendszerbe, amely a foglalkoztat\u00e1s megkezd\u00e9s\u00e9hez sz\u00fcks\u00e9ges. .<\/span><\/p>\n<ul>\n<li><span style=\"font-weight: 400;\">Ad\u00f3sz\u00e1m \u00e9s ad\u00f3k\u00e1rtya: mag\u00e1nszem\u00e9lyeknek a j\u00f6vedelemad\u00f3 bevall\u00e1s\u00e1hoz \u00e9s befizet\u00e9s\u00e9hez sz\u00fcks\u00e9ges. Amennyiben a sz\u00fcl\u0151k csal\u00e1di ad\u00f3kedvezm\u00e9nyben r\u00e9szes\u00fclnek, a gyermekek ut\u00e1n is ad\u00f3azonos\u00edt\u00f3 ig\u00e9nyl\u00e9se sz\u00fcks\u00e9ges.<\/span><\/li>\n<li><span style=\"font-weight: 400;\">VPID sz\u00e1m: v\u00e1melj\u00e1r\u00e1shoz sz\u00fcks\u00e9ges, p\u00e9ld\u00e1ul h\u00e1ztart\u00e1si cikkek sz\u00e1ll\u00edt\u00e1s\u00e1hoz vagy aut\u00f3 Magyarorsz\u00e1gra sz\u00e1ll\u00edt\u00e1s\u00e1hoz<\/span><\/li>\n<li><span style=\"font-weight: 400;\">Ad\u00f3igazol\u00e1s: igazolja az ad\u00f3z\u00f3 j\u00f6vedelm\u00e9t, a befizetett ad\u00f3 \u00f6sszeg\u00e9t, tartoz\u00e1s\u00e1t, vagy azt, hogy nincs tartoz\u00e1s a hat\u00f3s\u00e1g fel\u00e9<\/span><\/li>\n<li style=\"list-style-type: none;\"> <\/li>\n<\/ul>\n<\/div>\n\t\t\t\t<\/div>\n\t\t\t\t\t\t\t<div class=\"elementor-accordion-item\">\n\t\t\t\t\t<div id=\"elementor-tab-title-2063\" class=\"elementor-tab-title\" data-tab=\"3\" role=\"button\" aria-controls=\"elementor-tab-content-2063\" aria-expanded=\"false\">\n\t\t\t\t\t\t\t\t\t\t\t\t\t<span class=\"elementor-accordion-icon elementor-accordion-icon-left\" aria-hidden=\"true\">\n\t\t\t\t\t\t\t\t\t\t\t\t\t\t\t<span class=\"elementor-accordion-icon-closed\"><i class=\"fas fa-plus\"><\/i><\/span>\n\t\t\t\t\t\t\t\t<span class=\"elementor-accordion-icon-opened\"><i class=\"fas fa-minus\"><\/i><\/span>\n\t\t\t\t\t\t\t\t\t\t\t\t\t\t<\/span>\n\t\t\t\t\t\t\t\t\t\t\t\t<a class=\"elementor-accordion-title\" tabindex=\"0\">A munk\u00e1ltat\u00f3k bejelent\u00e9si k\u00f6telezetts\u00e9ge:<\/a>\n\t\t\t\t\t<\/div>\n\t\t\t\t\t<div id=\"elementor-tab-content-2063\" class=\"elementor-tab-content elementor-clearfix\" data-tab=\"3\" role=\"region\" aria-labelledby=\"elementor-tab-title-2063\"><p><span style=\"font-weight: 400;\">A munk\u00e1ltat\u00f3nak minden munkaviszony kezdet\u00e9t \u00e9s v\u00e9g\u00e9t jelentenie kell a hat\u00f3s\u00e1gok fel\u00e9 \u2013 m\u00e9g akkor is, ha nincs sz\u00fcks\u00e9g enged\u00e9lyre. A Settlers Relocation Kft. teljesk\u00f6r\u0171en \u00e1tv\u00e1llalja a bejelent\u00e9si k\u00f6telezetts\u00e9get a munk\u00e1ltat\u00f3 nev\u00e9ben.<\/span><\/p>\n<ul>\n<li style=\"font-weight: 400;\" aria-level=\"1\"><span style=\"font-weight: 400;\">Munkaviszony kezdet\u00e9nek\/v\u00e9g\u00e9nek bejelent\u00e9se a Munka\u00fcgyi Hivatal fel\u00e9: Az enged\u00e9lymentesen dolgoz\u00f3 munkav\u00e1llal\u00f3k sz\u00e1m\u00e1ra k\u00f6telez\u0151.<\/span><\/li>\n<li style=\"font-weight: 400;\" aria-level=\"1\"><span style=\"font-weight: 400;\">A foglalkoztat\u00e1s kezdet\u00e9nek\/v\u00e9g\u00e9nek bejelent\u00e9se a Bev\u00e1ndorl\u00e1si Hivatal fel\u00e9: tart\u00f3zkod\u00e1si enged\u00e9llyel rendelkez\u0151k \u00e9s regisztr\u00e1lt EGT \u00e1llampolg\u00e1rok sz\u00e1m\u00e1ra k\u00f6telez\u0151<\/span><\/li>\n<li style=\"font-weight: 400;\" aria-level=\"1\"><span style=\"font-weight: 400;\">Kik\u00fcldet\u00e9s jelent\u00e9se: az egyik EGT-orsz\u00e1gb\u00f3l egy m\u00e1sikba munkav\u00e9gz\u00e9s c\u00e9lj\u00e1b\u00f3l kik\u00fcld\u00f6tt munkav\u00e1llal\u00f3k eset\u00e9ben sz\u00fcks\u00e9ges. A kik\u00fcldet\u00e9s t\u00e9ny\u00e9t jelenteni kell a fogad\u00f3 orsz\u00e1g illet\u00e9kes hat\u00f3s\u00e1g\u00e1nak. A Settlers Relocation Kft. nem csak Magyarorsz\u00e1gon, hanem minden EGT-orsz\u00e1gban t\u00e1mogatja \u00dcgyfeleit a kik\u00fcldet\u00e9sek jelent\u00e9s\u00e9ben.<\/span><\/li>\n<\/ul>\n<\/div>\n\t\t\t\t<\/div>\n\t\t\t\t\t\t\t<div class=\"elementor-accordion-item\">\n\t\t\t\t\t<div id=\"elementor-tab-title-2064\" class=\"elementor-tab-title\" data-tab=\"4\" role=\"button\" aria-controls=\"elementor-tab-content-2064\" aria-expanded=\"false\">\n\t\t\t\t\t\t\t\t\t\t\t\t\t<span class=\"elementor-accordion-icon elementor-accordion-icon-left\" aria-hidden=\"true\">\n\t\t\t\t\t\t\t\t\t\t\t\t\t\t\t<span class=\"elementor-accordion-icon-closed\"><i class=\"fas fa-plus\"><\/i><\/span>\n\t\t\t\t\t\t\t\t<span class=\"elementor-accordion-icon-opened\"><i class=\"fas fa-minus\"><\/i><\/span>\n\t\t\t\t\t\t\t\t\t\t\t\t\t\t<\/span>\n\t\t\t\t\t\t\t\t\t\t\t\t<a class=\"elementor-accordion-title\" tabindex=\"0\">Egy\u00e9b hivatali \u00fcgyek <\/a>\n\t\t\t\t\t<\/div>\n\t\t\t\t\t<div id=\"elementor-tab-content-2064\" class=\"elementor-tab-content elementor-clearfix\" data-tab=\"4\" role=\"region\" aria-labelledby=\"elementor-tab-title-2064\"><p><span style=\"font-weight: 400;\">A Settlers Relocation Kft. m\u00e1s adminisztrat\u00edv \u00fcgyekben is t\u00e1mogatja \u00fcgyfeleit, mint p\u00e9ld\u00e1ul: <\/span><\/p>\n<ul>\n<li style=\"font-weight: 400;\" aria-level=\"1\"><span style=\"font-weight: 400;\">Erk\u00f6lcsi bizony\u00edtv\u00e1ny: Az igazol\u00e1s a magyar b\u0171n\u00fcgyi nyilv\u00e1ntart\u00e1si rendszerben kezelt adatok alapj\u00e1n, k\u00e9r\u00e9sre ker\u00fcl ki\u00e1ll\u00edt\u00e1sra.<\/span><\/li>\n<li style=\"font-weight: 400;\" aria-level=\"1\"><span style=\"font-weight: 400;\">Csal\u00e1di p\u00f3tl\u00e9k ig\u00e9nyl\u00e9se: Megvizsg\u00e1ljuk, hogy milyen t\u00e1mogat\u00e1sra jogosult, \u00e9s int\u00e9zz\u00fck az az ig\u00e9nyl\u00e9st.<\/span><\/li>\n<li style=\"font-weight: 400;\" aria-level=\"1\"><span style=\"font-weight: 400;\">\u00dcgyf\u00e9lkapu regisztr\u00e1ci\u00f3: T\u00e1mogat\u00e1st ny\u00fajtunk az e-\u00fcgyint\u00e9z\u0151 rendszerbe t\u00f6rt\u00e9n\u0151 regisztr\u00e1ci\u00f3ba.<\/span><\/li>\n<li style=\"font-weight: 400;\" aria-level=\"1\"><span style=\"font-weight: 400;\">Vezet\u0151i enged\u00e9ly honos\u00edt\u00e1sa: A t\u00f6rv\u00e9nyi el\u0151\u00edr\u00e1sok szerint a k\u00fclf\u00f6ldi jogos\u00edtv\u00e1ny korl\u00e1tozott ideig haszn\u00e1lhat\u00f3 Magyarorsz\u00e1gon, ut\u00e1na honos\u00edtani kell. A jogos\u00edtv\u00e1ny sz\u00e1rmaz\u00e1si orsz\u00e1g\u00e1t\u00f3l f\u00fcgg\u0151en el\u0151fordulhat, hogy vezet\u0151i vizsg\u00e1t is kell tenni. A Settlers a folyamat kezdet\u00e9t\u0151l, az enged\u00e9ly megszerz\u00e9s\u00e9ig ny\u00fajt t\u00e1mogat\u00e1st.<\/span><\/li>\n<\/ul>\n<\/div>\n\t\t\t\t<\/div>\n\t\t\t\t\t\t\t\t<\/div>\n\t\t\t\t\t\t<\/div>\n\t\t\t\t<\/div>\n\t\t\t\t\t<\/div>\n\t\t<\/div>\n\t\t\t\t<div class=\"elementor-column elementor-col-50 elementor-top-column elementor-element elementor-element-cdf398f\" data-id=\"cdf398f\" data-element_type=\"column\" data-e-type=\"column\">\n\t\t\t<div class=\"elementor-widget-wrap\">\n\t\t\t\t\t\t\t<\/div>\n\t\t<\/div>\n\t\t\t\t\t<\/div>\n\t\t<\/section>\n\t\t\t\t<\/div>\n\t\t","protected":false},"excerpt":{"rendered":"<p>Hivatali \u00dcgyint\u00e9z\u00e9s A Settlers Relocation Kft. minden relok\u00e1ci\u00f3val \u00f6sszef\u00fcgg\u0151 hat\u00f3s\u00e1gi \u00fcgyben seg\u00edts\u00e9get tud ny\u00fajtani, ami a k\u00fclf\u00f6ldi \u00e1llampolg\u00e1rok leg\u00e1lis magyarorsz\u00e1gi tart\u00f3zkod\u00e1s\u00e1hoz \u00e9s munkav\u00e1llal\u00e1s\u00e1hoz kapcsol\u00f3dik. Az \u00fcgyeket meghatalmaz\u00e1ssal int\u00e9zz\u00fck, \u00edgy \u00fcgyfeleinknek csak akkor kell felkeresni\u00fck a hat\u00f3s\u00e1got, ha ez felt\u00e9tlen\u00fcl sz\u00fcks\u00e9ges. Az al\u00e1bbiakban \u00f6sszefoglaljuk azokat a leggyakoribb hat\u00f3s\u00e1gi \u00fcgyeket, amelyekben t\u00e1mogat\u00e1st ny\u00fajtunk. Ha egy\u00e9b relok\u00e1ci\u00f3s k\u00e9rd\u00e9sben [&hellip;]<\/p>\n","protected":false},"author":1,"featured_media":0,"parent":0,"menu_order":0,"comment_status":"closed","ping_status":"closed","template":"elementor_header_footer","meta":{"footnotes":""},"class_list":["post-1071","page","type-page","status-publish","hentry"],"_links":{"self":[{"href":"https:\/\/settlers.hu\/hu\/wp-json\/wp\/v2\/pages\/1071","targetHints":{"allow":["GET"]}}],"collection":[{"href":"https:\/\/settlers.hu\/hu\/wp-json\/wp\/v2\/pages"}],"about":[{"href":"https:\/\/settlers.hu\/hu\/wp-json\/wp\/v2\/types\/page"}],"author":[{"embeddable":true,"href":"https:\/\/settlers.hu\/hu\/wp-json\/wp\/v2\/users\/1"}],"replies":[{"embeddable":true,"href":"https:\/\/settlers.hu\/hu\/wp-json\/wp\/v2\/comments?post=1071"}],"version-history":[{"count":2,"href":"https:\/\/settlers.hu\/hu\/wp-json\/wp\/v2\/pages\/1071\/revisions"}],"predecessor-version":[{"id":1345,"href":"https:\/\/settlers.hu\/hu\/wp-json\/wp\/v2\/pages\/1071\/revisions\/1345"}],"wp:attachment":[{"href":"https:\/\/settlers.hu\/hu\/wp-json\/wp\/v2\/media?parent=1071"}],"curies":[{"name":"wp","href":"https:\/\/api.w.org\/{rel}","templated":true}]}}