{"id":1069,"date":"2022-10-16T15:40:30","date_gmt":"2022-10-16T15:40:30","guid":{"rendered":"https:\/\/settlers.features3.hu\/koltoztetes\/"},"modified":"2023-05-19T09:38:49","modified_gmt":"2023-05-19T09:38:49","slug":"koltoztetes","status":"publish","type":"page","link":"https:\/\/settlers.hu\/hu\/koltoztetes\/","title":{"rendered":"K\u00f6lt\u00f6ztet\u00e9s"},"content":{"rendered":"\t\t<div data-elementor-type=\"wp-page\" data-elementor-id=\"1069\" class=\"elementor elementor-1069 elementor-28\" data-elementor-post-type=\"page\">\n\t\t\t\t\t\t<section class=\"elementor-section elementor-top-section elementor-element elementor-element-7a5ed69 elementor-section-boxed elementor-section-height-default elementor-section-height-default\" data-id=\"7a5ed69\" data-element_type=\"section\" data-e-type=\"section\">\n\t\t\t\t\t\t<div class=\"elementor-container elementor-column-gap-default\">\n\t\t\t\t\t<div class=\"elementor-column elementor-col-50 elementor-top-column elementor-element elementor-element-7a8b03b\" data-id=\"7a8b03b\" data-element_type=\"column\" data-e-type=\"column\">\n\t\t\t<div class=\"elementor-widget-wrap elementor-element-populated\">\n\t\t\t\t\t\t<div class=\"elementor-element elementor-element-bd27537 elementor-widget elementor-widget-image\" data-id=\"bd27537\" data-element_type=\"widget\" data-e-type=\"widget\" data-widget_type=\"image.default\">\n\t\t\t\t<div class=\"elementor-widget-container\">\n\t\t\t\t\t\t\t\t\t\t\t\t\t\t\t<img fetchpriority=\"high\" decoding=\"async\" width=\"1920\" height=\"1239\" src=\"https:\/\/settlers.hu\/wp-content\/uploads\/2022\/10\/moving-a-young-couple-2021-10-21-03-48-12-utc.jpg\" class=\"attachment-full size-full wp-image-982\" alt=\"\" srcset=\"https:\/\/settlers.hu\/wp-content\/uploads\/2022\/10\/moving-a-young-couple-2021-10-21-03-48-12-utc.jpg 1920w, https:\/\/settlers.hu\/wp-content\/uploads\/2022\/10\/moving-a-young-couple-2021-10-21-03-48-12-utc-300x194.jpg 300w, https:\/\/settlers.hu\/wp-content\/uploads\/2022\/10\/moving-a-young-couple-2021-10-21-03-48-12-utc-1024x661.jpg 1024w, https:\/\/settlers.hu\/wp-content\/uploads\/2022\/10\/moving-a-young-couple-2021-10-21-03-48-12-utc-768x496.jpg 768w, https:\/\/settlers.hu\/wp-content\/uploads\/2022\/10\/moving-a-young-couple-2021-10-21-03-48-12-utc-1536x991.jpg 1536w\" sizes=\"(max-width: 1920px) 100vw, 1920px\" \/>\t\t\t\t\t\t\t\t\t\t\t\t\t\t\t<\/div>\n\t\t\t\t<\/div>\n\t\t\t\t\t<\/div>\n\t\t<\/div>\n\t\t\t\t<div class=\"elementor-column elementor-col-50 elementor-top-column elementor-element elementor-element-3e2ddff\" data-id=\"3e2ddff\" data-element_type=\"column\" data-e-type=\"column\">\n\t\t\t<div class=\"elementor-widget-wrap elementor-element-populated\">\n\t\t\t\t\t\t<div class=\"elementor-element elementor-element-5067df4 elementor-widget elementor-widget-heading\" data-id=\"5067df4\" data-element_type=\"widget\" data-e-type=\"widget\" data-widget_type=\"heading.default\">\n\t\t\t\t<div class=\"elementor-widget-container\">\n\t\t\t\t\t<h2 class=\"elementor-heading-title elementor-size-default\">K\u00f6lt\u00f6ztet\u00e9s<\/h2>\t\t\t\t<\/div>\n\t\t\t\t<\/div>\n\t\t\t\t<div class=\"elementor-element elementor-element-a1459c7 elementor-widget elementor-widget-text-editor\" data-id=\"a1459c7\" data-element_type=\"widget\" data-e-type=\"widget\" data-widget_type=\"text-editor.default\">\n\t\t\t\t<div class=\"elementor-widget-container\">\n\t\t\t\t\t\t\t\t\t<p>Amikor az \u00e9let\u00e9t dobozokba csomagja, fontos, hogy ki gondoskodik r\u00f3la. a r\u00e1nk b\u00edzza k\u00f6lt\u00f6ztet\u00e9s\u00e9t, biztos lehet benne, hogy csapatunk gondosan fel\u00fcgyeli a folyamatot \u00e9s a r\u00e1nk b\u00edzott csomagokat.<\/p>\n<p>Mindent megtesz\u00fcnk annak \u00e9rdek\u00e9ben, hogy szem\u00e9lyes t\u00e1rgyai j\u00f3 kezekben legyenek. \u00c1tfog\u00f3 k\u00f6lt\u00f6ztet\u00e9si megold\u00e1sokat k\u00edn\u00e1lunk \u00fcgyfeleink ig\u00e9nyeire szabva.<\/p>\n<p>K\u00f6lt\u00f6ztet\u00e9si szolg\u00e1ltat\u00e1saink Magyarorsz\u00e1gr\u00f3l, Magyarorsz\u00e1gra \u00e9s Magyarorsz\u00e1gon bel\u00fcl \u00e9rhet\u0151k el, bele\u00e9rtve a csomagol\u00e1st, rakod\u00e1st, sz\u00e1ll\u00edt\u00e1st, b\u00fatorok \u00f6sszeszerel\u00e9s\u00e9t, t\u00e1rol\u00e1s\u00e1t, v\u00e1mkezel\u00e9st, sz\u00e1ll\u00edt\u00e1st, kicsomagol\u00e1st \u00e9s a csomagol\u00e1si hullad\u00e9k elsz\u00e1ll\u00edt\u00e1s\u00e1t. K\u00f6lt\u00f6ztet\u00e9si tan\u00e1csad\u00f3nk az \u00d6n ig\u00e9nyei alapj\u00e1n, a k\u00f6lt\u00f6z\u00e9s el\u0151tt felm\u00e9r\u00e9st k\u00e9sz\u00edt, ez alapj\u00e1n \u00e1raj\u00e1nlatot k\u00fcld\u00fcnk \u00d6nnek, \u00e9s megtervezz\u00fck a k\u00f6lt\u00f6ztet\u00e9s \u00fctemez\u00e9s\u00e9t.<\/p>\n\t\t\t\t\t\t\t\t<\/div>\n\t\t\t\t<\/div>\n\t\t\t\t\t<\/div>\n\t\t<\/div>\n\t\t\t\t\t<\/div>\n\t\t<\/section>\n\t\t\t\t<section class=\"elementor-section elementor-top-section elementor-element elementor-element-b33bcdf elementor-section-boxed elementor-section-height-default elementor-section-height-default\" data-id=\"b33bcdf\" data-element_type=\"section\" data-e-type=\"section\" data-settings=\"{&quot;background_background&quot;:&quot;classic&quot;}\">\n\t\t\t\t\t\t\t<div class=\"elementor-background-overlay\"><\/div>\n\t\t\t\t\t\t\t<div class=\"elementor-container elementor-column-gap-default\">\n\t\t\t\t\t<div class=\"elementor-column elementor-col-50 elementor-top-column elementor-element elementor-element-aaa2d52\" data-id=\"aaa2d52\" data-element_type=\"column\" data-e-type=\"column\">\n\t\t\t<div class=\"elementor-widget-wrap elementor-element-populated\">\n\t\t\t\t\t\t<div class=\"elementor-element elementor-element-2db0058 elementor-widget elementor-widget-accordion\" data-id=\"2db0058\" data-element_type=\"widget\" data-e-type=\"widget\" data-widget_type=\"accordion.default\">\n\t\t\t\t<div class=\"elementor-widget-container\">\n\t\t\t\t\t\t\t<div class=\"elementor-accordion\">\n\t\t\t\t\t\t\t<div class=\"elementor-accordion-item\">\n\t\t\t\t\t<div id=\"elementor-tab-title-4791\" class=\"elementor-tab-title\" data-tab=\"1\" role=\"button\" aria-controls=\"elementor-tab-content-4791\" aria-expanded=\"false\">\n\t\t\t\t\t\t\t\t\t\t\t\t\t<span class=\"elementor-accordion-icon elementor-accordion-icon-left\" aria-hidden=\"true\">\n\t\t\t\t\t\t\t\t\t\t\t\t\t\t\t<span class=\"elementor-accordion-icon-closed\"><i class=\"fas fa-plus\"><\/i><\/span>\n\t\t\t\t\t\t\t\t<span class=\"elementor-accordion-icon-opened\"><i class=\"fas fa-minus\"><\/i><\/span>\n\t\t\t\t\t\t\t\t\t\t\t\t\t\t<\/span>\n\t\t\t\t\t\t\t\t\t\t\t\t<a class=\"elementor-accordion-title\" tabindex=\"0\">K\u00f6lt\u00f6ztet\u00e9si szolg\u00e1ltat\u00e1saink:<\/a>\n\t\t\t\t\t<\/div>\n\t\t\t\t\t<div id=\"elementor-tab-content-4791\" class=\"elementor-tab-content elementor-clearfix\" data-tab=\"1\" role=\"region\" aria-labelledby=\"elementor-tab-title-4791\"><ul>\n<li style=\"font-weight: 400;\" aria-level=\"1\"><b>Nemzetk\u00f6zi k\u00f6lt\u00f6ztet\u00e9s:<\/b><span style=\"font-weight: 400;\">A rendeltet\u00e9si helyt\u0151l \u00e9s a sz\u00e1ll\u00edtott t\u00e1rgyakt\u00f3l f\u00fcgg\u0151en k\u00fcl\u00f6nb\u00f6z\u0151 sz\u00e1ll\u00edt\u00e1si m\u00f3dok \u00e1llnak rendelkez\u00e9sre. A sz\u00e1ll\u00edt\u00e1si id\u0151 a sz\u00e1ll\u00edt\u00e1si m\u00f3dt\u00f3l \u00e9s a v\u00e1melj\u00e1r\u00e1sokt\u00f3l f\u00fcgg.<\/span><\/li>\n<li style=\"font-weight: 400;\" aria-level=\"1\"><b>Belf\u00f6ldi k\u00f6lt\u00f6ztet\u00e9s: <\/b><span style=\"font-weight: 400;\"> Ez esetben k\u00f6z\u00fati sz\u00e1ll\u00edt\u00e1s lehets\u00e9ges, v\u00e1melj\u00e1r\u00e1s nem sz\u00fcks\u00e9ges.<\/span><\/li>\n<li style=\"font-weight: 400;\" aria-level=\"1\"><b>Kis\u00e1llat k\u00f6lt\u00f6ztet\u00e9s: <\/b><span>Ez a szolg\u00e1ltat\u00e1s mag\u00e1ban foglalja a kis\u00e1llatok \u00fatlevel\u00e9t, a rep\u00fcl\u00e9s el\u0151tti id\u0151szakot, az orvosi vizsg\u00e1latokat, a v\u00e9rvizsg\u00e1latot \u00e9s a sz\u00fcks\u00e9ges olt\u00e1sokat, a besz\u00e1ll\u00e1si \u00e9s karant\u00e9nszolg\u00e1ltat\u00e1sokat, az export- \u00e9s importokm\u00e1nyokat, a nemzetk\u00f6zi sz\u00e1ll\u00edt\u00e1si eszk\u00f6zt, a biztos\u00edt\u00e1st stb.<\/span><\/li>\n<\/ul>\n<\/div>\n\t\t\t\t<\/div>\n\t\t\t\t\t\t\t<div class=\"elementor-accordion-item\">\n\t\t\t\t\t<div id=\"elementor-tab-title-4792\" class=\"elementor-tab-title\" data-tab=\"2\" role=\"button\" aria-controls=\"elementor-tab-content-4792\" aria-expanded=\"false\">\n\t\t\t\t\t\t\t\t\t\t\t\t\t<span class=\"elementor-accordion-icon elementor-accordion-icon-left\" aria-hidden=\"true\">\n\t\t\t\t\t\t\t\t\t\t\t\t\t\t\t<span class=\"elementor-accordion-icon-closed\"><i class=\"fas fa-plus\"><\/i><\/span>\n\t\t\t\t\t\t\t\t<span class=\"elementor-accordion-icon-opened\"><i class=\"fas fa-minus\"><\/i><\/span>\n\t\t\t\t\t\t\t\t\t\t\t\t\t\t<\/span>\n\t\t\t\t\t\t\t\t\t\t\t\t<a class=\"elementor-accordion-title\" tabindex=\"0\">Egy\u00e9b k\u00f6lt\u00f6ztet\u00e9si szolg\u00e1ltat\u00e1saink: <\/a>\n\t\t\t\t\t<\/div>\n\t\t\t\t\t<div id=\"elementor-tab-content-4792\" class=\"elementor-tab-content elementor-clearfix\" data-tab=\"2\" role=\"region\" aria-labelledby=\"elementor-tab-title-4792\"><ul>\n<li style=\"font-weight: 400;\" aria-level=\"1\"><b>Rakt\u00e1r:<\/b><span style=\"font-weight: 400;\"> A mag\u00e1n \u00e9s kereskedelmi \u00e1ruk t\u00e1rol\u00e1sa r\u00f6vid \u00e9s hossz\u00fa t\u00e1von egyar\u00e1nt megoldhat\u00f3. A t\u00e1rol\u00f3helyek alkalmasak h\u00e1ztart\u00e1si cikkek, szem\u00e9lyes t\u00e1rgyak, ideiglenesen nem haszn\u00e1lt t\u00e1rgyak, p\u00e9ld\u00e1ul aut\u00f3gumik \u00e9s kerti felszerel\u00e9sek, b\u00fatorok, speci\u00e1lis sporteszk\u00f6z\u00f6k stb. t\u00e1rol\u00e1s\u00e1ra.<\/span><\/li>\n<li style=\"font-weight: 400;\" aria-level=\"1\"><b>J\u00e1rm\u0171sz\u00e1ll\u00edt\u00e1s:<\/b><span style=\"font-weight: 400;\">Ez a szolg\u00e1ltat\u00e1s mag\u00e1ban foglalja a j\u00e1rm\u0171 \u00e1tv\u00e9tel\u00e9t \u00e9s lesz\u00e1ll\u00edt\u00e1s\u00e1t a megadott c\u00edmre, a sz\u00fcks\u00e9ges export-import el\u0151k\u00e9sz\u00fcleteket, v\u00e1mkezel\u00e9st stb. A sz\u00e1ll\u00edt\u00e1st 20 vagy 40 l\u00e1b hossz\u00fa ac\u00e9lkont\u00e9nerekben t\u00f6rt\u00e9nik, szem\u00e9lyes t\u00e1rgyakkal egy\u00fcttesen. A motorker\u00e9kp\u00e1rok sz\u00e1ll\u00edthat\u00f3k m\u00e9retre igaz\u00edtott l\u00e1d\u00e1kban vagy p\u00e1ntolva \u00e9s biztons\u00e1gosan r\u00f6gz\u00edtve \u00e1llv\u00e1nyokon.<\/span><\/li>\n<li style=\"font-weight: 400;\" aria-level=\"1\"><b>V\u00e1mkezel\u00e9s: <\/b><span> Tan\u00e1csad\u00e1s a sz\u00fcks\u00e9ges dokumentumokr\u00f3l \u00e9s a fontos v\u00e1mad\u00f3-szab\u00e1lyoz\u00e1sokr\u00f3l.<\/span><\/li>\n<\/ul>\n<\/div>\n\t\t\t\t<\/div>\n\t\t\t\t\t\t\t\t<\/div>\n\t\t\t\t\t\t<\/div>\n\t\t\t\t<\/div>\n\t\t\t\t\t<\/div>\n\t\t<\/div>\n\t\t\t\t<div class=\"elementor-column elementor-col-50 elementor-top-column elementor-element elementor-element-c15af93\" data-id=\"c15af93\" data-element_type=\"column\" data-e-type=\"column\">\n\t\t\t<div class=\"elementor-widget-wrap\">\n\t\t\t\t\t\t\t<\/div>\n\t\t<\/div>\n\t\t\t\t\t<\/div>\n\t\t<\/section>\n\t\t\t\t<\/div>\n\t\t","protected":false},"excerpt":{"rendered":"<p>K\u00f6lt\u00f6ztet\u00e9s Amikor az \u00e9let\u00e9t dobozokba csomagja, fontos, hogy ki gondoskodik r\u00f3la. a r\u00e1nk b\u00edzza k\u00f6lt\u00f6ztet\u00e9s\u00e9t, biztos lehet benne, hogy csapatunk gondosan fel\u00fcgyeli a folyamatot \u00e9s a r\u00e1nk b\u00edzott csomagokat. Mindent megtesz\u00fcnk annak \u00e9rdek\u00e9ben, hogy szem\u00e9lyes t\u00e1rgyai j\u00f3 kezekben legyenek. \u00c1tfog\u00f3 k\u00f6lt\u00f6ztet\u00e9si megold\u00e1sokat k\u00edn\u00e1lunk \u00fcgyfeleink ig\u00e9nyeire szabva. K\u00f6lt\u00f6ztet\u00e9si szolg\u00e1ltat\u00e1saink Magyarorsz\u00e1gr\u00f3l, Magyarorsz\u00e1gra \u00e9s Magyarorsz\u00e1gon bel\u00fcl \u00e9rhet\u0151k el, [&hellip;]<\/p>\n","protected":false},"author":1,"featured_media":0,"parent":0,"menu_order":0,"comment_status":"closed","ping_status":"closed","template":"elementor_header_footer","meta":{"footnotes":""},"class_list":["post-1069","page","type-page","status-publish","hentry"],"_links":{"self":[{"href":"https:\/\/settlers.hu\/hu\/wp-json\/wp\/v2\/pages\/1069","targetHints":{"allow":["GET"]}}],"collection":[{"href":"https:\/\/settlers.hu\/hu\/wp-json\/wp\/v2\/pages"}],"about":[{"href":"https:\/\/settlers.hu\/hu\/wp-json\/wp\/v2\/types\/page"}],"author":[{"embeddable":true,"href":"https:\/\/settlers.hu\/hu\/wp-json\/wp\/v2\/users\/1"}],"replies":[{"embeddable":true,"href":"https:\/\/settlers.hu\/hu\/wp-json\/wp\/v2\/comments?post=1069"}],"version-history":[{"count":1,"href":"https:\/\/settlers.hu\/hu\/wp-json\/wp\/v2\/pages\/1069\/revisions"}],"predecessor-version":[{"id":1070,"href":"https:\/\/settlers.hu\/hu\/wp-json\/wp\/v2\/pages\/1069\/revisions\/1070"}],"wp:attachment":[{"href":"https:\/\/settlers.hu\/hu\/wp-json\/wp\/v2\/media?parent=1069"}],"curies":[{"name":"wp","href":"https:\/\/api.w.org\/{rel}","templated":true}]}}