{"id":1065,"date":"2022-10-16T15:40:19","date_gmt":"2022-10-16T15:40:19","guid":{"rendered":"https:\/\/settlers.features3.hu\/desztinacios-szolgaltatasok\/"},"modified":"2023-05-19T08:58:59","modified_gmt":"2023-05-19T08:58:59","slug":"desztinacios-szolgaltatasok","status":"publish","type":"page","link":"https:\/\/settlers.hu\/hu\/desztinacios-szolgaltatasok\/","title":{"rendered":"Desztin\u00e1ci\u00f3s szolg\u00e1ltat\u00e1sok"},"content":{"rendered":"\t\t<div data-elementor-type=\"wp-page\" data-elementor-id=\"1065\" class=\"elementor elementor-1065 elementor-26\" data-elementor-post-type=\"page\">\n\t\t\t\t\t\t<section class=\"elementor-section elementor-top-section elementor-element elementor-element-fca6214 elementor-section-boxed elementor-section-height-default elementor-section-height-default\" data-id=\"fca6214\" data-element_type=\"section\" data-e-type=\"section\">\n\t\t\t\t\t\t<div class=\"elementor-container elementor-column-gap-default\">\n\t\t\t\t\t<div class=\"elementor-column elementor-col-50 elementor-top-column elementor-element elementor-element-04454d2\" data-id=\"04454d2\" data-element_type=\"column\" data-e-type=\"column\">\n\t\t\t<div class=\"elementor-widget-wrap elementor-element-populated\">\n\t\t\t\t\t\t<div class=\"elementor-element elementor-element-fb3b820 elementor-widget elementor-widget-image\" data-id=\"fb3b820\" data-element_type=\"widget\" data-e-type=\"widget\" data-widget_type=\"image.default\">\n\t\t\t\t<div class=\"elementor-widget-container\">\n\t\t\t\t\t\t\t\t\t\t\t\t\t\t\t<img fetchpriority=\"high\" decoding=\"async\" width=\"1000\" height=\"667\" src=\"https:\/\/settlers.hu\/wp-content\/uploads\/2023\/03\/giving-passport-and-papers-to-specialist-2022-05-19-14-43-13-utc.jpg\" class=\"attachment-full size-full wp-image-986\" alt=\"\" srcset=\"https:\/\/settlers.hu\/wp-content\/uploads\/2023\/03\/giving-passport-and-papers-to-specialist-2022-05-19-14-43-13-utc.jpg 1000w, https:\/\/settlers.hu\/wp-content\/uploads\/2023\/03\/giving-passport-and-papers-to-specialist-2022-05-19-14-43-13-utc-300x200.jpg 300w, https:\/\/settlers.hu\/wp-content\/uploads\/2023\/03\/giving-passport-and-papers-to-specialist-2022-05-19-14-43-13-utc-768x512.jpg 768w\" sizes=\"(max-width: 1000px) 100vw, 1000px\" \/>\t\t\t\t\t\t\t\t\t\t\t\t\t\t\t<\/div>\n\t\t\t\t<\/div>\n\t\t\t\t\t<\/div>\n\t\t<\/div>\n\t\t\t\t<div class=\"elementor-column elementor-col-50 elementor-top-column elementor-element elementor-element-7feea10\" data-id=\"7feea10\" data-element_type=\"column\" data-e-type=\"column\">\n\t\t\t<div class=\"elementor-widget-wrap elementor-element-populated\">\n\t\t\t\t\t\t<div class=\"elementor-element elementor-element-d0b4704 elementor-widget elementor-widget-heading\" data-id=\"d0b4704\" data-element_type=\"widget\" data-e-type=\"widget\" data-widget_type=\"heading.default\">\n\t\t\t\t<div class=\"elementor-widget-container\">\n\t\t\t\t\t<h2 class=\"elementor-heading-title elementor-size-default\">Desztin\u00e1ci\u00f3s szolg\u00e1ltat\u00e1sok<\/h2>\t\t\t\t<\/div>\n\t\t\t\t<\/div>\n\t\t\t\t<div class=\"elementor-element elementor-element-b16bd9d elementor-widget elementor-widget-text-editor\" data-id=\"b16bd9d\" data-element_type=\"widget\" data-e-type=\"widget\" data-widget_type=\"text-editor.default\">\n\t\t\t\t<div class=\"elementor-widget-container\">\n\t\t\t\t\t\t\t\t\t<p>Levessz\u00fck \u00fcgyfeleink v\u00e1ll\u00e1r\u00f3l a terhet, \u00e9s biztos\u00edtjuk a z\u00f6kken\u0151mentes \u00e1tk\u00f6lt\u00f6z\u00e9st az expatok \u00e9s csal\u00e1djaik sz\u00e1m\u00e1ra. Desztin\u00e1ci\u00f3s szolg\u00e1ltat\u00e1saink nagy el\u0151nyt jelentenek a munkav\u00e1llal\u00f3k \u00e9s c\u00e9gek sz\u00e1m\u00e1ra egyar\u00e1nt. T\u00f6bb \u00e9ves tapasztalattal rendelkez\u00fcnk mind az ingatlan b\u00e9rl\u00e9ssel kapcsolatos, mind m\u00e1s az \u00e1ttelep\u00fcl\u00e9ssel \u00e9s hossz\u00fa t\u00e1v\u00fa magyarorsz\u00e1gi tart\u00f3zkod\u00e1ssal kapcsolatban felmer\u00fcl\u0151 egy\u00e9b \u00fcgyint\u00e9z\u00e9sben.<\/p>\n<p>Sok\u00e9ves tapasztalatunk alapj\u00e1n tudjuk, hogy a csal\u00e1dok, a p\u00e1rok \u00e9s egyed\u00fcl\u00e1ll\u00f3k ig\u00e9nyei elt\u00e9r\u0151ek. Ez\u00e9rt desztin\u00e1ci\u00f3s szolg\u00e1ltat\u00e1sainkat \u00fcgyfeleink el\u0151zetes ig\u00e9nyei alapj\u00e1n tervezz\u00fck \u00e9s szervezz\u00fck meg.<\/p>\n\t\t\t\t\t\t\t\t<\/div>\n\t\t\t\t<\/div>\n\t\t\t\t\t<\/div>\n\t\t<\/div>\n\t\t\t\t\t<\/div>\n\t\t<\/section>\n\t\t\t\t<section class=\"elementor-section elementor-top-section elementor-element elementor-element-f0ef10a elementor-section-boxed elementor-section-height-default elementor-section-height-default\" data-id=\"f0ef10a\" data-element_type=\"section\" data-e-type=\"section\" data-settings=\"{&quot;background_background&quot;:&quot;classic&quot;}\">\n\t\t\t\t\t\t\t<div class=\"elementor-background-overlay\"><\/div>\n\t\t\t\t\t\t\t<div class=\"elementor-container elementor-column-gap-default\">\n\t\t\t\t\t<div class=\"elementor-column elementor-col-50 elementor-top-column elementor-element elementor-element-3d9fcce\" data-id=\"3d9fcce\" data-element_type=\"column\" data-e-type=\"column\">\n\t\t\t<div class=\"elementor-widget-wrap elementor-element-populated\">\n\t\t\t\t\t\t<div class=\"elementor-element elementor-element-f191da1 elementor-widget elementor-widget-accordion\" data-id=\"f191da1\" data-element_type=\"widget\" data-e-type=\"widget\" data-widget_type=\"accordion.default\">\n\t\t\t\t<div class=\"elementor-widget-container\">\n\t\t\t\t\t\t\t<div class=\"elementor-accordion\">\n\t\t\t\t\t\t\t<div class=\"elementor-accordion-item\">\n\t\t\t\t\t<div id=\"elementor-tab-title-2531\" class=\"elementor-tab-title\" data-tab=\"1\" role=\"button\" aria-controls=\"elementor-tab-content-2531\" aria-expanded=\"false\">\n\t\t\t\t\t\t\t\t\t\t\t\t\t<span class=\"elementor-accordion-icon elementor-accordion-icon-left\" aria-hidden=\"true\">\n\t\t\t\t\t\t\t\t\t\t\t\t\t\t\t<span class=\"elementor-accordion-icon-closed\"><i class=\"fas fa-plus\"><\/i><\/span>\n\t\t\t\t\t\t\t\t<span class=\"elementor-accordion-icon-opened\"><i class=\"fas fa-minus\"><\/i><\/span>\n\t\t\t\t\t\t\t\t\t\t\t\t\t\t<\/span>\n\t\t\t\t\t\t\t\t\t\t\t\t<a class=\"elementor-accordion-title\" tabindex=\"0\">Orient\u00e1ci\u00f3s szolg\u00e1ltat\u00e1sok <\/a>\n\t\t\t\t\t<\/div>\n\t\t\t\t\t<div id=\"elementor-tab-content-2531\" class=\"elementor-tab-content elementor-clearfix\" data-tab=\"1\" role=\"region\" aria-labelledby=\"elementor-tab-title-2531\"><p><span style=\"font-weight: 400;\">A vezetett orient\u00e1ci\u00f3s s\u00e9ta sor\u00e1n<\/span> <span style=\"font-weight: 400;\">\u00fcgyfeleink<\/span> <span style=\"font-weight: 400;\">hasznos<\/span> <span style=\"font-weight: 400;\">inform\u00e1ci\u00f3kat<\/span> <span style=\"font-weight: 400;\">kapnak<\/span> Magyarorsz\u00e1gr\u00f3l, a magyar kult\u00far\u00e1r\u00f3l \u00e9s a helyi szok\u00e1sokr\u00f3l, lak\u00f3- \u00e9s turisztikai \u00f6vezeteket egyar\u00e1nt megtekint\u00fcnk. Minden programot a k\u00fclf\u00f6ldi munkav\u00e1llal\u00f3kkal \u00e9s csal\u00e1djaikkal el\u0151zetesen egyeztetett ig\u00e9nyek szerint szervez\u00fcnk.<\/p>\n<ul>\n<li style=\"font-weight: 400;\" aria-level=\"1\"><b>Orient\u00e1ci\u00f3 \u00e9s otthonkeres\u00e9s:<\/b> <span style=\"font-weight: 400;\">A s\u00e9ta<\/span> <span style=\"font-weight: 400;\">sor\u00e1n<\/span> bemutatjuk a lak\u00f3\u00f6vezeteket \u00e9s a lehets\u00e9ges b\u00e9rlem\u00e9nyeket. <span style=\"font-weight: 400;\">Tov\u00e1bb\u00e1 megtekint\u00fcnk n\u00e9h\u00e1ny eg\u00e9szs\u00e9g\u00fcgyi int\u00e9zm\u00e9nyt,<\/span><span style=\"font-weight: 400;\">szabadid\u0151s \u00e9s sportl\u00e9tes\u00edtm\u00e9nyt, v\u00e1s\u00e1rl\u00e1si lehet\u0151s\u00e9geket (piacok, bev\u00e1s\u00e1rl\u00f3k\u00f6zpontok) stb.<\/span><\/li>\n<li style=\"font-weight: 400;\" aria-level=\"1\"><b>\u00d3voda- \u00e9s iskolakeres\u00e9s:<\/b><span style=\"font-weight: 400;\">Az el\u0151re kiv\u00e1lasztott<\/span><span style=\"font-weight: 400;\">int\u00e9zm\u00e9nyekben <\/span><span style=\"font-weight: 400;\">l\u00e1togat\u00e1st tesz\u00fcnk <\/span><span style=\"font-weight: 400;\">\u00e9s k\u00e9s\u0151bb seg\u00edts\u00e9get ny\u00fajtunk a beiskol\u00e1z\u00e1sban.<\/span><\/li>\n<li style=\"font-weight: 400;\" aria-level=\"1\"><b>Tematikus t\u00far\u00e1k: <\/b><span style=\"font-weight: 400;\">S\u00e9t\u00e1nk sor\u00e1n <\/span><span style=\"font-weight: 400;\">v\u00e9gig vezetj\u00fck \u00fcgyfeleinket<\/span><span style=\"font-weight: 400;\">a f\u0151bb turisztikai l\u00e1tv\u00e1nyoss\u00e1gokon, v\u00e1s\u00e1rcsarnokokban egy\u00e9b nevezetes helyeken stb.<\/span><\/li>\n<\/ul>\n<\/div>\n\t\t\t\t<\/div>\n\t\t\t\t\t\t\t<div class=\"elementor-accordion-item\">\n\t\t\t\t\t<div id=\"elementor-tab-title-2532\" class=\"elementor-tab-title\" data-tab=\"2\" role=\"button\" aria-controls=\"elementor-tab-content-2532\" aria-expanded=\"false\">\n\t\t\t\t\t\t\t\t\t\t\t\t\t<span class=\"elementor-accordion-icon elementor-accordion-icon-left\" aria-hidden=\"true\">\n\t\t\t\t\t\t\t\t\t\t\t\t\t\t\t<span class=\"elementor-accordion-icon-closed\"><i class=\"fas fa-plus\"><\/i><\/span>\n\t\t\t\t\t\t\t\t<span class=\"elementor-accordion-icon-opened\"><i class=\"fas fa-minus\"><\/i><\/span>\n\t\t\t\t\t\t\t\t\t\t\t\t\t\t<\/span>\n\t\t\t\t\t\t\t\t\t\t\t\t<a class=\"elementor-accordion-title\" tabindex=\"0\">Leteleped\u00e9si szolg\u00e1ltat\u00e1sok<\/a>\n\t\t\t\t\t<\/div>\n\t\t\t\t\t<div id=\"elementor-tab-content-2532\" class=\"elementor-tab-content elementor-clearfix\" data-tab=\"2\" role=\"region\" aria-labelledby=\"elementor-tab-title-2532\"><p><span style=\"font-weight: 400;\">Legyen sz\u00f3 r\u00f6vid vagy hossz\u00fa t\u00e1v\u00fa b\u00e9rl\u00e9si id\u0151szakr\u00f3l, szem\u00e9lyre szabott \u00e9s hat\u00e9kony seg\u00edts\u00e9get ny\u00fajtunk \u00fcgyfeleink sz\u00e1m\u00e1ra.<\/span><span style=\"font-weight: 400;\">Preferenci\u00e1ik alapj\u00e1n list\u00e1zzuk az aktu\u00e1lisan el\u00e9rhet\u0151 b\u00e9rlem\u00e9nyeket, valamint folyamatos t\u00e1mogat\u00e1st ny\u00fajtunk a b\u00e9rleti id\u0151szak alatt is.<\/span><\/p>\n<ul>\n<li style=\"font-weight: 400;\" aria-level=\"1\"><b>Hossz\u00fa-r\u00f6vid t\u00e1v\u00fa b\u00e9rlem\u00e9ny:<\/b><span style=\"font-weight: 400;\"> Az ingatlanok el\u0151zetes kiv\u00e1laszt\u00e1s\u00e1t k\u00f6vet\u0151en t\u00e1mogat\u00e1st ny\u00fajtunk az \u00e1rt\u00e1rgyal\u00e1sban, a szerz\u0151d\u00e9s el\u0151k\u00e9sz\u00edt\u00e9s\u00e9ben, az ingatlan ellen\u0151rz\u00e9s\u00e9ben,<\/span><span style=\"font-weight: 400;\">a lelt\u00e1r fel\u00fclvizsg\u00e1lat\u00e1ban \u00e9s az \u00e1tad\u00e1si folyamatban. <\/span> <\/li>\n<li style=\"font-weight: 400;\" aria-level=\"1\"><b>B\u00e9rlem\u00e9ny kezel\u00e9se:<\/b><span style=\"font-weight: 400;\"> Folyamatos t\u00e1mogat\u00e1st ny\u00fajtunk a b\u00e9rbead\u00f3val val\u00f3 kapcsolattart\u00e1sban, valamint a b\u00e9rleti szerz\u0151d\u00e9s meghosszabb\u00edt\u00e1s\u00e1ban, m\u00f3dos\u00edt\u00e1s\u00e1ban \u00e9s felmond\u00e1s\u00e1ban. <\/span> <\/li>\n<li style=\"font-weight: 400;\" aria-level=\"1\"><b>K\u00f6zm\u0171csatlakoz\u00e1s:<\/b><span style=\"font-weight: 400;\">\u00dcgyfeleink meghatalmaz\u00e1s\u00e1val teljes k\u00f6r\u0171 szolg\u00e1ltat\u00e1st ny\u00fajtunk a k\u00f6zm\u0171h\u00e1l\u00f3zati regisztr\u00e1ci\u00f3ban.<\/span><\/li>\n<li style=\"font-weight: 400;\" aria-level=\"1\"><b>Parkol\u00e1si enged\u00e9ly:<\/b><span style=\"font-weight: 400;\"> \u00dcgyfeleink meghatalmaz\u00e1s\u00e1val teljesk\u00f6r\u0171en elint\u00e9zz\u00fck a parkol\u00e1si enged\u00e9lyeket.<\/span><\/li>\n<li style=\"font-weight: 400;\" aria-level=\"1\"><b>M\u00e9diacsatlakoz\u00e1s:<\/b><span style=\"font-weight: 400;\">\u00dcgyfeleink meghatalmaz\u00e1s\u00e1val int\u00e9zz\u00fck <\/span> <span style=\"font-weight: 400;\">a csatlakoz\u00e1st a m\u00e9dia szolg\u00e1ltat\u00f3kn\u00e1l, internet, k\u00e1bel TV, telefon, mobiltelefon, m\u0171holdas TV stb. Tov\u00e1bb\u00e1 t\u00e1mogat\u00e1st ny\u00fajtunk riaszt\u00f3rendszerek megrendel\u00e9s\u00e9ben is.<\/span><\/li>\n<li style=\"font-weight: 400;\" aria-level=\"1\"><b>H\u00e1ztart\u00e1si seg\u00edt\u0151k keres\u00e9se:<\/b><span style=\"font-weight: 400;\">Seg\u00edts\u00e9get ny\u00fajtunk<\/span><span style=\"font-weight: 400;\">h\u00e1ztart\u00e1si szem\u00e9lyzetet keres\u00e9s\u00e9ben, <\/span><span style=\"font-weight: 400;\">p\u00e9ld\u00e1ul takar\u00edt\u00f3n\u0151t, b\u00e9biszittert, kert\u00e9szt stb.<\/span><\/li>\n<\/ul>\n<\/div>\n\t\t\t\t<\/div>\n\t\t\t\t\t\t\t<div class=\"elementor-accordion-item\">\n\t\t\t\t\t<div id=\"elementor-tab-title-2533\" class=\"elementor-tab-title\" data-tab=\"3\" role=\"button\" aria-controls=\"elementor-tab-content-2533\" aria-expanded=\"false\">\n\t\t\t\t\t\t\t\t\t\t\t\t\t<span class=\"elementor-accordion-icon elementor-accordion-icon-left\" aria-hidden=\"true\">\n\t\t\t\t\t\t\t\t\t\t\t\t\t\t\t<span class=\"elementor-accordion-icon-closed\"><i class=\"fas fa-plus\"><\/i><\/span>\n\t\t\t\t\t\t\t\t<span class=\"elementor-accordion-icon-opened\"><i class=\"fas fa-minus\"><\/i><\/span>\n\t\t\t\t\t\t\t\t\t\t\t\t\t\t<\/span>\n\t\t\t\t\t\t\t\t\t\t\t\t<a class=\"elementor-accordion-title\" tabindex=\"0\">Folyamatos t\u00e1mogat\u00e1s: <\/a>\n\t\t\t\t\t<\/div>\n\t\t\t\t\t<div id=\"elementor-tab-content-2533\" class=\"elementor-tab-content elementor-clearfix\" data-tab=\"3\" role=\"region\" aria-labelledby=\"elementor-tab-title-2533\"><ul>\n<li style=\"font-weight: 400;\" aria-level=\"1\">\n<p><span style=\"font-weight: 400;\">Folyamatos t\u00e1mogat\u00e1st ny\u00fajtunk \u00fcgyfeleink mindennapjainak megk\u00f6nny\u00edt\u00e9s\u00e9ben. Az al\u00e1bbiakban megtal\u00e1lja a lehets\u00e9ges szolg\u00e1ltat\u00e1sok list\u00e1j\u00e1t, keressen bizalommal \u00e9s vegye fel vel\u00fcnk a kapcsolatot. <\/span><\/p>\n<ul>\n<li style=\"font-weight: 400;\" aria-level=\"1\"><b>Eg\u00e9szs\u00e9g\u00fcgyi<\/b> <span style=\"font-weight: 400;\">t\u00e1mogat\u00e1s:<\/span><span style=\"font-weight: 400;\">T\u00e1j\u00e9koztat\u00e1st ny\u00fajtunk a lehets\u00e9ges eg\u00e9szs\u00e9gbiztos\u00edt\u00e1sokr\u00f3l, int\u00e9zm\u00e9nyekr\u0151l, tov\u00e1bb\u00e1 seg\u00edt\u00fcnk szakorvost tal\u00e1lni, id\u0151pontot egyeztetni \u00e9s az int\u00e9zm\u00e9nyben az esetleges nyelvi neh\u00e9zs\u00e9gek \u00e1thidal\u00e1s\u00e1ban.<\/span><\/li>\n<li style=\"font-weight: 400;\" aria-level=\"1\"><b>Biztos\u00edt\u00e1sk\u00f6t\u00e9s<\/b>: <b>T\u00e1mogat\u00e1st<\/b> <span style=\"font-weight: 400;\">ny\u00fajtunk j\u00e1rm\u0171re, ingatlanra, szem\u00e9lyes t\u00e1rgyakra stb. k\u00f6t\u00f6tt biztos\u00edt\u00e1s megk\u00f6t\u00e9s\u00e9ben.<\/span><\/li>\n<li style=\"font-weight: 400;\" aria-level=\"1\"><b>Banki \u00fcgyint\u00e9z\u00e9s<\/b><span style=\"font-weight: 400;\">T\u00e1mogat\u00e1st<\/span> <span style=\"font-weight: 400;\">ny\u00fajtunk banksz\u00e1ml\u00e1k vagy &#8222;SZ\u00c9P&#8221; k\u00e1rtya nyit\u00e1s\u00e1nak \u00e9s z\u00e1r\u00e1s\u00e1nak \u00fcgyint\u00e9z\u00e9s\u00e9ben.<\/span><\/li>\n<li style=\"font-weight: 400;\" aria-level=\"1\"><b>Rend\u0151rs\u00e9gi \u00fcgyint\u00e9z\u00e9s:<\/b><span style=\"font-weight: 400;\">Nyelvi t\u00e1mogat\u00e1st<\/span> <span style=\"font-weight: 400;\">ny\u00fajtunk elveszett dokumentumok, lop\u00e1sok, aut\u00f3balesetek stb. bejelent\u00e9s\u00e9ben.<\/span><\/li>\n<li style=\"font-weight: 400;\" aria-level=\"1\"><b>Nyelvtanfolyam keres\u00e9s:<\/b><span style=\"font-weight: 400;\">Seg\u00edt\u00fcnk<\/span> <span style=\"font-weight: 400;\">a nyelvtanfolyamokra val\u00f3 beiratkoz\u00e1sban.<\/span><\/li>\n<li style=\"font-weight: 400;\" aria-level=\"1\"><b>Postai \u00e1tir\u00e1ny\u00edt\u00e1s:<\/b><span style=\"font-weight: 400;\">Teljesk\u00f6r\u0171en<\/span><span style=\"font-weight: 400;\">\u00e1tv\u00e1llaljuk a postai \u00e1tir\u00e1ny\u00edt\u00e1s int\u00e9z\u00e9s\u00e9t.<\/span><\/li>\n<\/ul>\n<\/li>\n<\/ul>\n<\/div>\n\t\t\t\t<\/div>\n\t\t\t\t\t\t\t<div class=\"elementor-accordion-item\">\n\t\t\t\t\t<div id=\"elementor-tab-title-2534\" class=\"elementor-tab-title\" data-tab=\"4\" role=\"button\" aria-controls=\"elementor-tab-content-2534\" aria-expanded=\"false\">\n\t\t\t\t\t\t\t\t\t\t\t\t\t<span class=\"elementor-accordion-icon elementor-accordion-icon-left\" aria-hidden=\"true\">\n\t\t\t\t\t\t\t\t\t\t\t\t\t\t\t<span class=\"elementor-accordion-icon-closed\"><i class=\"fas fa-plus\"><\/i><\/span>\n\t\t\t\t\t\t\t\t<span class=\"elementor-accordion-icon-opened\"><i class=\"fas fa-minus\"><\/i><\/span>\n\t\t\t\t\t\t\t\t\t\t\t\t\t\t<\/span>\n\t\t\t\t\t\t\t\t\t\t\t\t<a class=\"elementor-accordion-title\" tabindex=\"0\">J\u00e1rm\u0171 adminisztr\u00e1ci\u00f3:<\/a>\n\t\t\t\t\t<\/div>\n\t\t\t\t\t<div id=\"elementor-tab-content-2534\" class=\"elementor-tab-content elementor-clearfix\" data-tab=\"4\" role=\"region\" aria-labelledby=\"elementor-tab-title-2534\"><p><span style=\"font-weight: 400;\">Magyarorsz\u00e1gon sz\u00e1mos k\u00f6telezetts\u00e9gnek kell megfelelni a j\u00e1rm\u0171 \u00fczemeltet\u00e9s\u00e9vel kapcsolatban. A Settlers Relocation Kft. az el\u0151\u00edr\u00e1soknak megfelel\u0151en seg\u00edti az adminisztr\u00e1ci\u00f3s folyamatokat. .<\/span><\/p>\n<ul>\n<li style=\"font-weight: 400;\" aria-level=\"1\"><b>J\u00e1rm\u0171 regisztr\u00e1ci\u00f3ja:<\/b><span style=\"font-weight: 400;\"> Azon szem\u00e9lyek, akik h\u00e1rom h\u00f3napn\u00e1l hosszabb id\u0151re k\u00f6lt\u00f6znek Magyarorsz\u00e1gra, \u00e9s k\u00fclf\u00f6ldi rendsz\u00e1m\u00fa aut\u00f3jukat haszn\u00e1lni k\u00edv\u00e1nj\u00e1k, regisztr\u00e1ltatni kell a g\u00e9pj\u00e1rm\u0171vet, \u00e9s befizetni a vonatkoz\u00f3 ad\u00f3kat.<\/span><\/li>\n<li style=\"font-weight: 400;\" aria-level=\"1\"><b>G\u00e9pj\u00e1rm\u0171 m\u0171szaki vizsga:<\/b><span style=\"font-weight: 400;\"> T\u00e1mogat\u00e1st ny\u00fajtunk a j\u00e1rm\u0171 m\u0171szaki vizsg\u00e1j\u00e1nak rendszeres meg\u00faj\u00edt\u00e1s\u00e1ban. <\/span><\/li>\n<li style=\"font-weight: 400;\" aria-level=\"1\"><b>Tov\u00e1bbi t\u00e1mogat\u00e1s:<\/b><span style=\"font-weight: 400;\">Haszn\u00e1lt j\u00e1rm\u0171vek<\/span> <span style=\"font-weight: 400;\">v\u00e1s\u00e1rl\u00e1sa \u00e9s elad\u00e1sa;<\/span> <span style=\"font-weight: 400;\">g\u00e9pj\u00e1rm\u0171biztos\u00edt\u00e1s; behozatali dokumentumok, rendsz\u00e1mok \u00fcgyint\u00e9z\u00e9se stb.<\/span><\/li>\n<\/ul>\n<\/div>\n\t\t\t\t<\/div>\n\t\t\t\t\t\t\t\t<\/div>\n\t\t\t\t\t\t<\/div>\n\t\t\t\t<\/div>\n\t\t\t\t\t<\/div>\n\t\t<\/div>\n\t\t\t\t<div class=\"elementor-column elementor-col-50 elementor-top-column elementor-element elementor-element-d29489b\" data-id=\"d29489b\" data-element_type=\"column\" data-e-type=\"column\">\n\t\t\t<div class=\"elementor-widget-wrap\">\n\t\t\t\t\t\t\t<\/div>\n\t\t<\/div>\n\t\t\t\t\t<\/div>\n\t\t<\/section>\n\t\t\t\t<\/div>\n\t\t","protected":false},"excerpt":{"rendered":"<p>Desztin\u00e1ci\u00f3s szolg\u00e1ltat\u00e1sok Levessz\u00fck \u00fcgyfeleink v\u00e1ll\u00e1r\u00f3l a terhet, \u00e9s biztos\u00edtjuk a z\u00f6kken\u0151mentes \u00e1tk\u00f6lt\u00f6z\u00e9st az expatok \u00e9s csal\u00e1djaik sz\u00e1m\u00e1ra. Desztin\u00e1ci\u00f3s szolg\u00e1ltat\u00e1saink nagy el\u0151nyt jelentenek a munkav\u00e1llal\u00f3k \u00e9s c\u00e9gek sz\u00e1m\u00e1ra egyar\u00e1nt. T\u00f6bb \u00e9ves tapasztalattal rendelkez\u00fcnk mind az ingatlan b\u00e9rl\u00e9ssel kapcsolatos, mind m\u00e1s az \u00e1ttelep\u00fcl\u00e9ssel \u00e9s hossz\u00fa t\u00e1v\u00fa magyarorsz\u00e1gi tart\u00f3zkod\u00e1ssal kapcsolatban felmer\u00fcl\u0151 egy\u00e9b \u00fcgyint\u00e9z\u00e9sben. Sok\u00e9ves tapasztalatunk alapj\u00e1n tudjuk, hogy [&hellip;]<\/p>\n","protected":false},"author":1,"featured_media":0,"parent":0,"menu_order":0,"comment_status":"closed","ping_status":"closed","template":"elementor_header_footer","meta":{"footnotes":""},"class_list":["post-1065","page","type-page","status-publish","hentry"],"_links":{"self":[{"href":"https:\/\/settlers.hu\/hu\/wp-json\/wp\/v2\/pages\/1065","targetHints":{"allow":["GET"]}}],"collection":[{"href":"https:\/\/settlers.hu\/hu\/wp-json\/wp\/v2\/pages"}],"about":[{"href":"https:\/\/settlers.hu\/hu\/wp-json\/wp\/v2\/types\/page"}],"author":[{"embeddable":true,"href":"https:\/\/settlers.hu\/hu\/wp-json\/wp\/v2\/users\/1"}],"replies":[{"embeddable":true,"href":"https:\/\/settlers.hu\/hu\/wp-json\/wp\/v2\/comments?post=1065"}],"version-history":[{"count":1,"href":"https:\/\/settlers.hu\/hu\/wp-json\/wp\/v2\/pages\/1065\/revisions"}],"predecessor-version":[{"id":1066,"href":"https:\/\/settlers.hu\/hu\/wp-json\/wp\/v2\/pages\/1065\/revisions\/1066"}],"wp:attachment":[{"href":"https:\/\/settlers.hu\/hu\/wp-json\/wp\/v2\/media?parent=1065"}],"curies":[{"name":"wp","href":"https:\/\/api.w.org\/{rel}","templated":true}]}}